{"id":4044,"date":"2025-02-26T10:54:00","date_gmt":"2025-02-26T02:54:00","guid":{"rendered":"https:\/\/www.purecook.com\/?post_type=product&#038;p=4044"},"modified":"2025-07-23T18:33:16","modified_gmt":"2025-07-23T10:33:16","slug":"wholesale-3-tier-stainless-steel-steamer-pots","status":"publish","type":"product","link":"https:\/\/www.purecook.com\/pt\/product\/wholesale-3-tier-stainless-steel-steamer-pots\/","title":{"rendered":"Panelas para cozer a vapor de 3 camadas por atacado - Material SUS304 de qualidade alimentar"},"content":{"rendered":"<div class=\"wp-block-columns is-layout-flex wp-container-core-columns-is-layout-9d6595d7 wp-block-columns-is-layout-flex\">\n<div class=\"wp-block-column is-layout-flow wp-block-column-is-layout-flow\">\n<h3 class=\"wp-block-heading\">Par\u00e2metros da panela de vapor de 3 camadas<\/h3>\n\n\n\n<p><strong>Material:<\/strong> A\u00e7o inoxid\u00e1vel 304<br><strong>Espessura normal:<\/strong> 2,2 mm<br><strong>Tamanho:<\/strong> 32 cm<br><strong>capacidade: <\/strong>\/<br><strong>Peso:<\/strong> &gt;1,50kg<br><strong>Log\u00f3tipo:<\/strong> Grava\u00e7\u00e3o a laser\/carimbo em relevo<br><strong>MOQ: <\/strong>500 unidades<\/p>\n<\/div>\n\n\n\n<div class=\"wp-block-column is-layout-flow wp-block-column-is-layout-flow\">\n<h3 class=\"wp-block-heading\">Op\u00e7\u00f5es personalizadas para a panela a vapor<\/h3>\n\n\n\n<p><strong>Log\u00f3tipo: <\/strong>Personalize o log\u00f3tipo da sua marca<br><strong>Material: <\/strong>A\u00e7o inoxid\u00e1vel triplo \/ SUS304 \/ SUS201 \/ SUS316<br><strong>Espessura do material: <\/strong>2,0\/2,3\/2,5\/2,8 mm<br><strong>Material da tampa: <\/strong> Estilo \/ Material<br><strong>Material do cabo:<\/strong> Estilo \/ Material<br><strong>Tratamento de superf\u00edcie de contacto:<\/strong> Revestimento n\u00e3o revestido\/n\u00e3o aderente<br><strong>Embalagem:<\/strong> caixa\/caixa de cor, etc<br><a href=\"https:\/\/www.purecook.com\/pt\/custom-solution\/\" target=\"_blank\" rel=\"noopener\"><u>Solu\u00e7\u00f5es personalizadas para panelas a vapor OEM e ODM<\/u><\/a><\/p>\n<\/div>\n<\/div>\n\n\n\n<div class=\"wp-block-columns is-layout-flex wp-container-core-columns-is-layout-9d6595d7 wp-block-columns-is-layout-flex\">\n<div class=\"wp-block-column is-layout-flow wp-block-column-is-layout-flow\"><div class=\"wp-block-image\">\n<figure class=\"aligncenter size-full\"><img decoding=\"async\" width=\"800\" height=\"800\" src=\"https:\/\/www.purecook.com\/wp-content\/uploads\/2025\/07\/304-triple-stainless-steel-steamer-pot-5.webp\" alt=\"Panela para cozer a vapor tripla de a\u00e7o inoxid\u00e1vel 304\" class=\"wp-image-4043\" srcset=\"https:\/\/www.purecook.com\/wp-content\/uploads\/2025\/07\/304-triple-stainless-steel-steamer-pot-5.webp 800w, https:\/\/www.purecook.com\/wp-content\/uploads\/2025\/07\/304-triple-stainless-steel-steamer-pot-5-300x300.webp 300w, https:\/\/www.purecook.com\/wp-content\/uploads\/2025\/07\/304-triple-stainless-steel-steamer-pot-5-150x150.webp 150w, https:\/\/www.purecook.com\/wp-content\/uploads\/2025\/07\/304-triple-stainless-steel-steamer-pot-5-768x768.webp 768w, https:\/\/www.purecook.com\/wp-content\/uploads\/2025\/07\/304-triple-stainless-steel-steamer-pot-5-12x12.webp 12w, https:\/\/www.purecook.com\/wp-content\/uploads\/2025\/07\/304-triple-stainless-steel-steamer-pot-5-600x600.webp 600w, https:\/\/www.purecook.com\/wp-content\/uploads\/2025\/07\/304-triple-stainless-steel-steamer-pot-5-100x100.webp 100w\" sizes=\"(max-width: 800px) 100vw, 800px\" \/><figcaption class=\"wp-element-caption\">Panela para cozer a vapor tripla de a\u00e7o inoxid\u00e1vel 304<\/figcaption><\/figure>\n<\/div><\/div>\n\n\n\n<div class=\"wp-block-column is-layout-flow wp-block-column-is-layout-flow\"><div class=\"wp-block-image\">\n<figure class=\"aligncenter size-full\"><img decoding=\"async\" width=\"1600\" height=\"1600\" src=\"https:\/\/www.purecook.com\/wp-content\/uploads\/2025\/07\/304-triple-stainless-steel-steamer-pot-4.webp\" alt=\"Panela para cozer a vapor tripla de a\u00e7o inoxid\u00e1vel 304\" class=\"wp-image-4042\" srcset=\"https:\/\/www.purecook.com\/wp-content\/uploads\/2025\/07\/304-triple-stainless-steel-steamer-pot-4.webp 1600w, https:\/\/www.purecook.com\/wp-content\/uploads\/2025\/07\/304-triple-stainless-steel-steamer-pot-4-300x300.webp 300w, https:\/\/www.purecook.com\/wp-content\/uploads\/2025\/07\/304-triple-stainless-steel-steamer-pot-4-150x150.webp 150w, https:\/\/www.purecook.com\/wp-content\/uploads\/2025\/07\/304-triple-stainless-steel-steamer-pot-4-768x768.webp 768w, https:\/\/www.purecook.com\/wp-content\/uploads\/2025\/07\/304-triple-stainless-steel-steamer-pot-4-12x12.webp 12w, https:\/\/www.purecook.com\/wp-content\/uploads\/2025\/07\/304-triple-stainless-steel-steamer-pot-4-600x600.webp 600w, https:\/\/www.purecook.com\/wp-content\/uploads\/2025\/07\/304-triple-stainless-steel-steamer-pot-4-100x100.webp 100w\" sizes=\"(max-width: 1600px) 100vw, 1600px\" \/><figcaption class=\"wp-element-caption\">Panela para cozer a vapor tripla de a\u00e7o inoxid\u00e1vel 304<\/figcaption><\/figure>\n<\/div><\/div>\n<\/div>","protected":false},"excerpt":{"rendered":"<p>Panelas para cozer a vapor de 3 camadas em a\u00e7o inoxid\u00e1vel por grosso. Fabricadas em a\u00e7o inoxid\u00e1vel 304 de qualidade alimentar, com tampa patenteada de arco alto e pegas ergon\u00f3micas. Permite uma cozedura eficiente em v\u00e1rios n\u00edveis. Contacte-nos para um or\u00e7amento.<\/p>\n<h2><strong><b>Carater\u00edsticas do recipiente para vapor de 3 camadas<\/b><\/strong><\/h2>\n<p><strong>Sistema de vaporiza\u00e7\u00e3o modular de tr\u00eas n\u00edveis:<\/strong> A panela para vapor \u00e9 feita de a\u00e7o inoxid\u00e1vel SUS304 de qualidade alimentar e cont\u00e9m tr\u00eas suportes para vapor amov\u00edveis que podem ser empilhados para uma capacidade m\u00e1xima de vaporiza\u00e7\u00e3o.<\/p>\n<p><strong>Tampa de arco alto:<\/strong> A panela de cozedura a vapor tem 20% mais espa\u00e7o do que uma panela de cozedura a vapor normal, permitindo cozer a vapor alimentos grandes ou altos.<\/p>\n<p><strong>Pega ergon\u00f3mica:<\/strong> Com um design de cabo curvo em forma de \"orelha\", \u00e9 ergon\u00f3mico, permite poupar trabalho e aumenta a seguran\u00e7a.<\/p>\n<p><strong>Servi\u00e7o grossista de utens\u00edlios de cozinha:<\/strong> Fornecemos-lhe solu\u00e7\u00f5es de utens\u00edlios de cozinha por atacado a pre\u00e7os de f\u00e1brica para o ajudar a obter mais lucros, adequadas para distribuidores, retalhistas e grossistas.<\/p>\n<p><a href=\"https:\/\/www.purecook.com\/pt\/custom-solution\/\"><u>A Purecook oferece servi\u00e7os personalizados OEM e ODM<\/u><u> utens\u00edlios de cozinha<\/u><u>\u00a0solu\u00e7\u00e3o<\/u><u>t\u00f5es.<\/u><\/a><\/p>","protected":false},"featured_media":4040,"comment_status":"closed","ping_status":"closed","template":"","meta":{"_acf_changed":false},"product_brand":[],"product_cat":[24,70,79],"product_tag":[98],"class_list":{"0":"post-4044","1":"product","2":"type-product","3":"status-publish","4":"has-post-thumbnail","6":"product_cat-cookware","7":"product_cat-soup-and-stock-pots","8":"product_cat-steamer-pot","9":"product_tag-wholesale-home-cookware","11":"first","12":"instock","13":"shipping-taxable","14":"product-type-simple"},"acf":[],"_links":{"self":[{"href":"https:\/\/www.purecook.com\/pt\/wp-json\/wp\/v2\/product\/4044","targetHints":{"allow":["GET"]}}],"collection":[{"href":"https:\/\/www.purecook.com\/pt\/wp-json\/wp\/v2\/product"}],"about":[{"href":"https:\/\/www.purecook.com\/pt\/wp-json\/wp\/v2\/types\/product"}],"replies":[{"embeddable":true,"href":"https:\/\/www.purecook.com\/pt\/wp-json\/wp\/v2\/comments?post=4044"}],"wp:featuredmedia":[{"embeddable":true,"href":"https:\/\/www.purecook.com\/pt\/wp-json\/wp\/v2\/media\/4040"}],"wp:attachment":[{"href":"https:\/\/www.purecook.com\/pt\/wp-json\/wp\/v2\/media?parent=4044"}],"wp:term":[{"taxonomy":"product_brand","embeddable":true,"href":"https:\/\/www.purecook.com\/pt\/wp-json\/wp\/v2\/product_brand?post=4044"},{"taxonomy":"product_cat","embeddable":true,"href":"https:\/\/www.purecook.com\/pt\/wp-json\/wp\/v2\/product_cat?post=4044"},{"taxonomy":"product_tag","embeddable":true,"href":"https:\/\/www.purecook.com\/pt\/wp-json\/wp\/v2\/product_tag?post=4044"}],"curies":[{"name":"wp","href":"https:\/\/api.w.org\/{rel}","templated":true}]}}