{"id":4074,"date":"2025-07-09T16:55:07","date_gmt":"2025-07-07T08:31:04","guid":{"rendered":"https:\/\/www.purecook.com\/?post_type=product&#038;p=4074"},"modified":"2025-07-09T17:28:06","modified_gmt":"2025-07-09T09:28:06","slug":"wholesale-stainless-steel-kneading-boards","status":"publish","type":"product","link":"https:\/\/www.purecook.com\/pt\/product\/wholesale-stainless-steel-kneading-boards\/","title":{"rendered":"T\u00e1buas de amassar de a\u00e7o inoxid\u00e1vel 304 por atacado"},"content":{"rendered":"<div class=\"wp-block-columns is-layout-flex wp-container-core-columns-is-layout-9d6595d7 wp-block-columns-is-layout-flex\">\n<div class=\"wp-block-column is-layout-flow wp-block-column-is-layout-flow\">\n<h3 class=\"wp-block-heading\">Par\u00e2metros da t\u00e1bua de amassar em a\u00e7o inoxid\u00e1vel<\/h3>\n\n\n\n<p><strong>Material:<\/strong> A\u00e7o inoxid\u00e1vel 304<br><strong>Espessura normal:<\/strong> 0,5 mm<br><strong>Tamanho: <\/strong>50cm X40cm\/70cm X40cm<br><strong>capacidade:<\/strong> \/<br><strong>Peso:<\/strong> &gt;1,50kg<br><strong>Log\u00f3tipo: <\/strong>Grava\u00e7\u00e3o a laser\/carimbo em relevo<br><strong>MOQ:<\/strong> 500 unidades<\/p>\n<\/div>\n\n\n\n<div class=\"wp-block-column is-layout-flow wp-block-column-is-layout-flow\">\n<h3 class=\"wp-block-heading\">Placa de amassar em a\u00e7o personalizada Op\u00e7\u00f5es<\/h3>\n\n\n\n<p><strong>Log\u00f3tipo:<\/strong> Personalize o log\u00f3tipo da sua marca<br><strong>Material:<\/strong> A\u00e7o inoxid\u00e1vel SUS304\/SUS201\/SUS\/316<br><strong>Espessura do material:<\/strong> 0,5 mm<br><strong>Material da tampa:<\/strong> Estilo\/Material<br><strong>Material do cabo: <\/strong>Estilo\/Material<br><strong>Tratamento de superf\u00edcie de contacto:<\/strong> Revestimento n\u00e3o revestido\/n\u00e3o aderente<br><strong>Embalagem:<\/strong> caixa\/caixa de cor, etc<br><a href=\"https:\/\/www.purecook.com\/pt\/custom-solution\/\" target=\"_blank\" rel=\"noopener\"><u>Solu\u00e7\u00f5es personalizadas OEM e ODM para placas de amassar em a\u00e7o<\/u><\/a><\/p>\n<\/div>\n<\/div>\n\n\n\n<div class=\"wp-block-columns is-layout-flex wp-container-core-columns-is-layout-9d6595d7 wp-block-columns-is-layout-flex\">\n<div class=\"wp-block-column is-layout-flow wp-block-column-is-layout-flow\">\n<figure class=\"wp-block-image size-full\"><img decoding=\"async\" width=\"800\" height=\"800\" src=\"https:\/\/www.purecook.com\/wp-content\/uploads\/2025\/07\/304-stainless-steel-kneading-board-2.webp\" alt=\"\" class=\"wp-image-4075\" srcset=\"https:\/\/www.purecook.com\/wp-content\/uploads\/2025\/07\/304-stainless-steel-kneading-board-2.webp 800w, https:\/\/www.purecook.com\/wp-content\/uploads\/2025\/07\/304-stainless-steel-kneading-board-2-300x300.webp 300w, https:\/\/www.purecook.com\/wp-content\/uploads\/2025\/07\/304-stainless-steel-kneading-board-2-150x150.webp 150w, https:\/\/www.purecook.com\/wp-content\/uploads\/2025\/07\/304-stainless-steel-kneading-board-2-768x768.webp 768w, https:\/\/www.purecook.com\/wp-content\/uploads\/2025\/07\/304-stainless-steel-kneading-board-2-12x12.webp 12w, https:\/\/www.purecook.com\/wp-content\/uploads\/2025\/07\/304-stainless-steel-kneading-board-2-600x600.webp 600w, https:\/\/www.purecook.com\/wp-content\/uploads\/2025\/07\/304-stainless-steel-kneading-board-2-100x100.webp 100w\" sizes=\"(max-width: 800px) 100vw, 800px\" \/><figcaption class=\"wp-element-caption\">T\u00e1bua de amassar em a\u00e7o inoxid\u00e1vel 304<\/figcaption><\/figure>\n<\/div>\n\n\n\n<div class=\"wp-block-column is-layout-flow wp-block-column-is-layout-flow\">\n<figure class=\"wp-block-image size-full\"><img decoding=\"async\" width=\"800\" height=\"800\" src=\"https:\/\/www.purecook.com\/wp-content\/uploads\/2025\/07\/304-stainless-steel-kneading-board-5.webp\" alt=\"\" class=\"wp-image-4076\" srcset=\"https:\/\/www.purecook.com\/wp-content\/uploads\/2025\/07\/304-stainless-steel-kneading-board-5.webp 800w, https:\/\/www.purecook.com\/wp-content\/uploads\/2025\/07\/304-stainless-steel-kneading-board-5-300x300.webp 300w, https:\/\/www.purecook.com\/wp-content\/uploads\/2025\/07\/304-stainless-steel-kneading-board-5-150x150.webp 150w, https:\/\/www.purecook.com\/wp-content\/uploads\/2025\/07\/304-stainless-steel-kneading-board-5-768x768.webp 768w, https:\/\/www.purecook.com\/wp-content\/uploads\/2025\/07\/304-stainless-steel-kneading-board-5-12x12.webp 12w, https:\/\/www.purecook.com\/wp-content\/uploads\/2025\/07\/304-stainless-steel-kneading-board-5-600x600.webp 600w, https:\/\/www.purecook.com\/wp-content\/uploads\/2025\/07\/304-stainless-steel-kneading-board-5-100x100.webp 100w\" sizes=\"(max-width: 800px) 100vw, 800px\" \/><figcaption class=\"wp-element-caption\">T\u00e1bua de amassar em a\u00e7o inoxid\u00e1vel 304<\/figcaption><\/figure>\n<\/div>\n<\/div>","protected":false},"excerpt":{"rendered":"<p>As t\u00e1buas de amassar em a\u00e7o inoxid\u00e1vel 304 por grosso combinam funcionalidade e divers\u00e3o, com bonitos padr\u00f5es de caras de urso, material seguro para beb\u00e9s, bordos antiderrapantes e marca\u00e7\u00f5es precisas na escala. A t\u00e1bua de amassar em a\u00e7o inoxid\u00e1vel 304 \u00e9 uma ferramenta dur\u00e1vel e vers\u00e1til indispens\u00e1vel para cozer, amassar ou cortar, adequada para cozinhas modernas e cozinhas infantis.<\/p>\n<h2>Carater\u00edsticas da t\u00e1bua de amassar em a\u00e7o inoxid\u00e1vel<\/h2>\n<p><strong>Material de qualidade alimentar:<\/strong> A placa de a\u00e7o inoxid\u00e1vel \u00e9 feita de a\u00e7o inoxid\u00e1vel 304 de alta qualidade, que tem boa resist\u00eancia \u00e0 corros\u00e3o e \u00e0 ferrugem, e \u00e9 segura para o contacto di\u00e1rio com os alimentos.<\/p>\n<p><strong>Design \u00fanico e divertido:<\/strong> A t\u00e1bua de a\u00e7o inoxid\u00e1vel tem um contorno de um bonito rosto de urso, que aumenta a divers\u00e3o na cozinha, inspira a criatividade e acrescenta calor \u00e0 sua experi\u00eancia de cozinhar e assar, especialmente adequado para fam\u00edlias com crian\u00e7as.<\/p>\n<p><strong>Medi\u00e7\u00e3o de precis\u00e3o:<\/strong> A t\u00e1bua de a\u00e7o inoxid\u00e1vel tem um bom sistema de escala e o anel de medi\u00e7\u00e3o circular integrado ajuda a moldar e dimensionar a massa com precis\u00e3o; a r\u00e9gua de medi\u00e7\u00e3o reta incorporada em baixo \u00e9 perfeita para medir o comprimento das fatias ou dos bolos.<\/p>\n<p><strong>Manuten\u00e7\u00e3o f\u00e1cil:<\/strong> O desempenho antiaderente facilita o manuseamento da massa e a limpeza, e basta enxaguar ou passar um pano ap\u00f3s a utiliza\u00e7\u00e3o, tornando a limpeza f\u00e1cil.<\/p>\n<p><strong>Vasta gama de utiliza\u00e7\u00f5es na cozinha:<\/strong> A t\u00e1bua de a\u00e7o inoxid\u00e1vel \u00e9 perfeita para amassar, preparar a cozedura, moldar a massa, cortar, etc.<\/p>\n<p><a href=\"https:\/\/www.purecook.com\/pt\/custom-solution\/\"><u>A Purecook oferece servi\u00e7os personalizados OEM e ODM<\/u><u> t\u00e1bua de amassar <\/u><u>solu\u00e7\u00e3o<\/u><u>t\u00f5es.<\/u><\/a><\/p>","protected":false},"featured_media":4082,"comment_status":"closed","ping_status":"closed","template":"","meta":{"_acf_changed":false},"product_brand":[],"product_cat":[52,67],"product_tag":[98],"class_list":{"0":"post-4074","1":"product","2":"type-product","3":"status-publish","4":"has-post-thumbnail","6":"product_cat-kitchen-utensils","7":"product_cat-cutting-board","8":"product_tag-wholesale-home-cookware","10":"first","11":"instock","12":"shipping-taxable","13":"product-type-simple"},"acf":[],"_links":{"self":[{"href":"https:\/\/www.purecook.com\/pt\/wp-json\/wp\/v2\/product\/4074","targetHints":{"allow":["GET"]}}],"collection":[{"href":"https:\/\/www.purecook.com\/pt\/wp-json\/wp\/v2\/product"}],"about":[{"href":"https:\/\/www.purecook.com\/pt\/wp-json\/wp\/v2\/types\/product"}],"replies":[{"embeddable":true,"href":"https:\/\/www.purecook.com\/pt\/wp-json\/wp\/v2\/comments?post=4074"}],"wp:featuredmedia":[{"embeddable":true,"href":"https:\/\/www.purecook.com\/pt\/wp-json\/wp\/v2\/media\/4082"}],"wp:attachment":[{"href":"https:\/\/www.purecook.com\/pt\/wp-json\/wp\/v2\/media?parent=4074"}],"wp:term":[{"taxonomy":"product_brand","embeddable":true,"href":"https:\/\/www.purecook.com\/pt\/wp-json\/wp\/v2\/product_brand?post=4074"},{"taxonomy":"product_cat","embeddable":true,"href":"https:\/\/www.purecook.com\/pt\/wp-json\/wp\/v2\/product_cat?post=4074"},{"taxonomy":"product_tag","embeddable":true,"href":"https:\/\/www.purecook.com\/pt\/wp-json\/wp\/v2\/product_tag?post=4074"}],"curies":[{"name":"wp","href":"https:\/\/api.w.org\/{rel}","templated":true}]}}