{"id":4083,"date":"2025-07-09T10:06:21","date_gmt":"2025-07-07T09:29:21","guid":{"rendered":"https:\/\/www.purecook.com\/?post_type=product&#038;p=4083"},"modified":"2025-07-09T10:49:02","modified_gmt":"2025-07-09T02:49:02","slug":"wholesale-stainless-steel-cold-water-kettle","status":"publish","type":"product","link":"https:\/\/www.purecook.com\/pt\/product\/wholesale-stainless-steel-cold-water-kettle\/","title":{"rendered":"Chaleira de \u00e1gua fria de a\u00e7o inoxid\u00e1vel 201 por atacado"},"content":{"rendered":"<div class=\"wp-block-columns is-layout-flex wp-container-core-columns-is-layout-9d6595d7 wp-block-columns-is-layout-flex\">\n<div class=\"wp-block-column is-layout-flow wp-block-column-is-layout-flow\">\n<h3 class=\"wp-block-heading\">Par\u00e2metros da chaleira de a\u00e7o para \u00e1gua fria<\/h3>\n\n\n\n<p><strong>Material: <\/strong>a\u00e7o inoxid\u00e1vel 201<br><strong>Espessura normal: <\/strong>0,5 mm<br><strong>Tamanho:<\/strong> 1.6L<br><strong>capacidade:<\/strong> \/<br><strong>Peso:<\/strong> &gt;1,50kg<br><strong>Log\u00f3tipo:<\/strong> Grava\u00e7\u00e3o a laser\/carimbo em relevo<br><strong>MOQ:<\/strong> 500 unidades<\/p>\n<\/div>\n\n\n\n<div class=\"wp-block-column is-layout-flow wp-block-column-is-layout-flow\">\n<h3 class=\"wp-block-heading\">Chaleira de \u00e1gua fria em a\u00e7o personalizada<\/h3>\n\n\n\n<p><strong>Log\u00f3tipo:<\/strong> personalizar o log\u00f3tipo da sua marca<br><strong>Material:<\/strong> A\u00e7o inoxid\u00e1vel SUS201<br><strong>Espessura do material:<\/strong> 0,5 mm<br><strong>Material da tampa:<\/strong> Estilo\/Material<br><strong>Material do cabo:<\/strong> Estilo\/Material<br><strong>Tratamento de superf\u00edcie de contacto:<\/strong> Revestimento n\u00e3o revestido\/n\u00e3o aderente<br><strong>Embalagem:<\/strong> caixa\/caixa de cor, etc<br><a href=\"https:\/\/www.purecook.com\/pt\/custom-solution\/\" target=\"_blank\" rel=\"noopener\"><u>Solu\u00e7\u00f5es de chaleira de \u00e1gua fria em a\u00e7o inoxid\u00e1vel personalizadas OEM e ODM<\/u><\/a><\/p>\n<\/div>\n<\/div>\n\n\n\n<div class=\"wp-block-columns is-layout-flex wp-container-core-columns-is-layout-9d6595d7 wp-block-columns-is-layout-flex\">\n<div class=\"wp-block-column is-layout-flow wp-block-column-is-layout-flow\">\n<figure class=\"wp-block-image size-full\"><img decoding=\"async\" width=\"2643\" height=\"2643\" src=\"https:\/\/www.purecook.com\/wp-content\/uploads\/2025\/07\/201-Stainless-Steel-Cold-Water-Kettle-2.webp\" alt=\"\" class=\"wp-image-4084\" srcset=\"https:\/\/www.purecook.com\/wp-content\/uploads\/2025\/07\/201-Stainless-Steel-Cold-Water-Kettle-2.webp 2643w, https:\/\/www.purecook.com\/wp-content\/uploads\/2025\/07\/201-Stainless-Steel-Cold-Water-Kettle-2-300x300.webp 300w, https:\/\/www.purecook.com\/wp-content\/uploads\/2025\/07\/201-Stainless-Steel-Cold-Water-Kettle-2-150x150.webp 150w, https:\/\/www.purecook.com\/wp-content\/uploads\/2025\/07\/201-Stainless-Steel-Cold-Water-Kettle-2-768x768.webp 768w, https:\/\/www.purecook.com\/wp-content\/uploads\/2025\/07\/201-Stainless-Steel-Cold-Water-Kettle-2-12x12.webp 12w, https:\/\/www.purecook.com\/wp-content\/uploads\/2025\/07\/201-Stainless-Steel-Cold-Water-Kettle-2-600x600.webp 600w, https:\/\/www.purecook.com\/wp-content\/uploads\/2025\/07\/201-Stainless-Steel-Cold-Water-Kettle-2-100x100.webp 100w\" sizes=\"(max-width: 2643px) 100vw, 2643px\" \/><figcaption class=\"wp-element-caption\">Chaleira de \u00e1gua fria em a\u00e7o inoxid\u00e1vel 304<\/figcaption><\/figure>\n<\/div>\n\n\n\n<div class=\"wp-block-column is-layout-flow wp-block-column-is-layout-flow\">\n<figure class=\"wp-block-image size-full\"><img decoding=\"async\" width=\"3060\" height=\"3060\" src=\"https:\/\/www.purecook.com\/wp-content\/uploads\/2025\/07\/201-Stainless-Steel-Cold-Water-Kettle-1.webp\" alt=\"\" class=\"wp-image-4085\" srcset=\"https:\/\/www.purecook.com\/wp-content\/uploads\/2025\/07\/201-Stainless-Steel-Cold-Water-Kettle-1.webp 3060w, https:\/\/www.purecook.com\/wp-content\/uploads\/2025\/07\/201-Stainless-Steel-Cold-Water-Kettle-1-300x300.webp 300w, https:\/\/www.purecook.com\/wp-content\/uploads\/2025\/07\/201-Stainless-Steel-Cold-Water-Kettle-1-150x150.webp 150w, https:\/\/www.purecook.com\/wp-content\/uploads\/2025\/07\/201-Stainless-Steel-Cold-Water-Kettle-1-768x768.webp 768w, https:\/\/www.purecook.com\/wp-content\/uploads\/2025\/07\/201-Stainless-Steel-Cold-Water-Kettle-1-12x12.webp 12w, https:\/\/www.purecook.com\/wp-content\/uploads\/2025\/07\/201-Stainless-Steel-Cold-Water-Kettle-1-600x600.webp 600w, https:\/\/www.purecook.com\/wp-content\/uploads\/2025\/07\/201-Stainless-Steel-Cold-Water-Kettle-1-100x100.webp 100w\" sizes=\"(max-width: 3060px) 100vw, 3060px\" \/><figcaption class=\"wp-element-caption\">Chaleira de \u00e1gua fria em a\u00e7o inoxid\u00e1vel 304<\/figcaption><\/figure>\n<\/div>\n<\/div>","protected":false},"excerpt":{"rendered":"<p>Esta garrafa de \u00e1gua fria de 1,6L \u00e9 feita de a\u00e7o inoxid\u00e1vel 201, com uma pega f\u00e1cil de agarrar, uma tampa de um toque f\u00e1cil de abrir e um selo de silicone para evitar derrames. Pode ser usado para armazenar \u00e1gua, ch\u00e1, caf\u00e9, etc. Contacte-nos para obter um or\u00e7amento de f\u00e1brica por grosso.<\/p>\n<h2>Carater\u00edsticas da chaleira de \u00e1gua fria<\/h2>\n<p><strong>Constru\u00e7\u00e3o em a\u00e7o inoxid\u00e1vel 201 dur\u00e1vel:<\/strong> A chaleira de \u00e1gua fria \u00e9 feita de a\u00e7o inoxid\u00e1vel SUS201 de qualidade alimentar, que \u00e9 resistente \u00e0 corros\u00e3o e forte a um pre\u00e7o muito competitivo.<\/p>\n<p><strong>Grande capacidade:<\/strong> A chaleira de \u00e1gua fria tem capacidade suficiente e uma estrutura robusta para a \u00e1gua fria di\u00e1ria ou para armazenar bebidas frias e quentes.<\/p>\n<p><strong>Marca personaliz\u00e1vel:<\/strong> Suporta grava\u00e7\u00e3o a laser ou grava\u00e7\u00e3o em relevo de log\u00f3tipos, o que \u00e9 perfeito para estabelecer a sua pr\u00f3pria identidade de marca no produto.<\/p>\n<p><strong>Fornecimento por grosso e a granel:<\/strong> Com uma quantidade m\u00ednima de encomenda de 500 pe\u00e7as, \u00e9 ideal para distribuidores de utens\u00edlios de cozinha, retalhistas e fornecedores de produtos promocionais que procuram um fabrico B2B fi\u00e1vel.<\/p>\n<p><a href=\"https:\/\/www.purecook.com\/pt\/custom-solution\/\"><u>A Purecook oferece servi\u00e7os personalizados OEM e ODM<\/u><u>\u00a0chaleira de \u00e1gua fria <\/u><u>solu\u00e7\u00e3o<\/u><u>t\u00f5es.<\/u><\/a><\/p>","protected":false},"featured_media":4086,"comment_status":"closed","ping_status":"closed","template":"","meta":{"_acf_changed":false},"product_brand":[],"product_cat":[26,52],"product_tag":[98],"class_list":{"0":"post-4083","1":"product","2":"type-product","3":"status-publish","4":"has-post-thumbnail","6":"product_cat-kettle","7":"product_cat-kitchen-utensils","8":"product_tag-wholesale-home-cookware","10":"first","11":"instock","12":"shipping-taxable","13":"product-type-simple"},"acf":[],"_links":{"self":[{"href":"https:\/\/www.purecook.com\/pt\/wp-json\/wp\/v2\/product\/4083","targetHints":{"allow":["GET"]}}],"collection":[{"href":"https:\/\/www.purecook.com\/pt\/wp-json\/wp\/v2\/product"}],"about":[{"href":"https:\/\/www.purecook.com\/pt\/wp-json\/wp\/v2\/types\/product"}],"replies":[{"embeddable":true,"href":"https:\/\/www.purecook.com\/pt\/wp-json\/wp\/v2\/comments?post=4083"}],"wp:featuredmedia":[{"embeddable":true,"href":"https:\/\/www.purecook.com\/pt\/wp-json\/wp\/v2\/media\/4086"}],"wp:attachment":[{"href":"https:\/\/www.purecook.com\/pt\/wp-json\/wp\/v2\/media?parent=4083"}],"wp:term":[{"taxonomy":"product_brand","embeddable":true,"href":"https:\/\/www.purecook.com\/pt\/wp-json\/wp\/v2\/product_brand?post=4083"},{"taxonomy":"product_cat","embeddable":true,"href":"https:\/\/www.purecook.com\/pt\/wp-json\/wp\/v2\/product_cat?post=4083"},{"taxonomy":"product_tag","embeddable":true,"href":"https:\/\/www.purecook.com\/pt\/wp-json\/wp\/v2\/product_tag?post=4083"}],"curies":[{"name":"wp","href":"https:\/\/api.w.org\/{rel}","templated":true}]}}