{"id":4165,"date":"2025-07-22T14:14:26","date_gmt":"2025-07-22T06:14:26","guid":{"rendered":"https:\/\/www.purecook.com\/?post_type=product&#038;p=4165"},"modified":"2025-07-22T14:53:20","modified_gmt":"2025-07-22T06:53:20","slug":"wholesale-304-stainless-steel-salad-bowls","status":"publish","type":"product","link":"https:\/\/www.purecook.com\/pt\/product\/wholesale-304-stainless-steel-salad-bowls\/","title":{"rendered":"Saladeiras de a\u00e7o inoxid\u00e1vel por atacado, 4 tamanhos dispon\u00edveis"},"content":{"rendered":"<div class=\"wp-block-columns is-layout-flex wp-container-core-columns-is-layout-9d6595d7 wp-block-columns-is-layout-flex\">\n<div class=\"wp-block-column is-layout-flow wp-block-column-is-layout-flow\">\n<h3 class=\"wp-block-heading\">Par\u00e2metros das saladeiras de a\u00e7o inoxid\u00e1vel<\/h3>\n\n\n\n<p><strong>Material:<\/strong> A\u00e7o inoxid\u00e1vel 304<br><strong>Espessura normal:<\/strong> 0,6 mm<br><strong>Tamanho:<\/strong> 19\/22\/24\/26cm<br><strong>Forma:<\/strong> Redondo<br><strong>MOQ:<\/strong> 1000 unidades<br><strong>Peso bruto: <\/strong>Menos de 1kg\/pcs<\/p>\n<\/div>\n\n\n\n<div class=\"wp-block-column is-layout-flow wp-block-column-is-layout-flow\">\n<h3 class=\"wp-block-heading\">Op\u00e7\u00f5es de escorredores de lou\u00e7a personalizados<\/h3>\n\n\n\n<p><strong>Material:<\/strong> A\u00e7o inoxid\u00e1vel<br><strong>Log\u00f3tipo:<\/strong> Personaliz\u00e1vel com o log\u00f3tipo da sua marca<br><strong>Embalagem:<\/strong> Caixa de cor, cart\u00e3o ou outras op\u00e7\u00f5es<br><strong>MOQ:<\/strong> 1000 unidades<br><a href=\"https:\/\/www.purecook.com\/pt\/custom-solution\/\" target=\"_blank\" rel=\"noopener\"><u>Solu\u00e7\u00f5es de utens\u00edlios de cozinha personalizados OEM e ODM<\/u><\/a><\/p>\n<\/div>\n<\/div>\n\n\n\n<div class=\"wp-block-columns is-layout-flex wp-container-core-columns-is-layout-9d6595d7 wp-block-columns-is-layout-flex\">\n<div class=\"wp-block-column is-layout-flow wp-block-column-is-layout-flow\">\n<figure class=\"wp-block-image size-full\"><img decoding=\"async\" width=\"800\" height=\"800\" src=\"https:\/\/www.purecook.com\/wp-content\/uploads\/2025\/07\/wholesale-stainless-steel-salad-bowls-6.webp\" alt=\"ta\u00e7as de salada em a\u00e7o inoxid\u00e1vel por atacado (6)\" class=\"wp-image-4171\" srcset=\"https:\/\/www.purecook.com\/wp-content\/uploads\/2025\/07\/wholesale-stainless-steel-salad-bowls-6.webp 800w, https:\/\/www.purecook.com\/wp-content\/uploads\/2025\/07\/wholesale-stainless-steel-salad-bowls-6-300x300.webp 300w, https:\/\/www.purecook.com\/wp-content\/uploads\/2025\/07\/wholesale-stainless-steel-salad-bowls-6-150x150.webp 150w, https:\/\/www.purecook.com\/wp-content\/uploads\/2025\/07\/wholesale-stainless-steel-salad-bowls-6-768x768.webp 768w, https:\/\/www.purecook.com\/wp-content\/uploads\/2025\/07\/wholesale-stainless-steel-salad-bowls-6-12x12.webp 12w, https:\/\/www.purecook.com\/wp-content\/uploads\/2025\/07\/wholesale-stainless-steel-salad-bowls-6-600x600.webp 600w, https:\/\/www.purecook.com\/wp-content\/uploads\/2025\/07\/wholesale-stainless-steel-salad-bowls-6-100x100.webp 100w\" sizes=\"(max-width: 800px) 100vw, 800px\" \/><\/figure>\n<\/div>\n\n\n\n<div class=\"wp-block-column is-layout-flow wp-block-column-is-layout-flow\">\n<figure class=\"wp-block-image size-full\"><img decoding=\"async\" width=\"800\" height=\"800\" src=\"https:\/\/www.purecook.com\/wp-content\/uploads\/2025\/07\/wholesale-stainless-steel-salad-bowls-7.webp\" alt=\"ta\u00e7as de salada em a\u00e7o inoxid\u00e1vel por atacado (7)\" class=\"wp-image-4172\" srcset=\"https:\/\/www.purecook.com\/wp-content\/uploads\/2025\/07\/wholesale-stainless-steel-salad-bowls-7.webp 800w, https:\/\/www.purecook.com\/wp-content\/uploads\/2025\/07\/wholesale-stainless-steel-salad-bowls-7-300x300.webp 300w, https:\/\/www.purecook.com\/wp-content\/uploads\/2025\/07\/wholesale-stainless-steel-salad-bowls-7-150x150.webp 150w, https:\/\/www.purecook.com\/wp-content\/uploads\/2025\/07\/wholesale-stainless-steel-salad-bowls-7-768x768.webp 768w, https:\/\/www.purecook.com\/wp-content\/uploads\/2025\/07\/wholesale-stainless-steel-salad-bowls-7-12x12.webp 12w, https:\/\/www.purecook.com\/wp-content\/uploads\/2025\/07\/wholesale-stainless-steel-salad-bowls-7-600x600.webp 600w, https:\/\/www.purecook.com\/wp-content\/uploads\/2025\/07\/wholesale-stainless-steel-salad-bowls-7-100x100.webp 100w\" sizes=\"(max-width: 800px) 100vw, 800px\" \/><\/figure>\n<\/div>\n<\/div>","protected":false},"excerpt":{"rendered":"<p>Ta\u00e7as de salada por grosso. Fabricadas em a\u00e7o inoxid\u00e1vel 304 de qualidade alimentar, estas saladeiras s\u00e3o duradouras e seguras, com uma base de silicone antiderrapante para uma variedade de tarefas na cozinha, desde misturar a servir. Dispon\u00edvel em quatro tamanhos, a encomenda m\u00ednima por grosso \u00e9 de 1.000 unidades. Contacte a Purecook para obter a melhor cota\u00e7\u00e3o do fabricante profissional de utens\u00edlios de cozinha.<\/p>\n<h2><strong><b>Carater\u00edsticas das Saladeiras em a\u00e7o inoxid\u00e1vel<\/b><\/strong><\/h2>\n<p><strong>Materiais seguros e de alta qualidade:<\/strong> Estas saladeiras s\u00e3o feitas de a\u00e7o inoxid\u00e1vel 304 de qualidade alimentar, que cumpre as rigorosas normas de higiene dos utens\u00edlios de cozinha, \u00e9 resistente \u00e0 corros\u00e3o, ao calor e n\u00e3o cont\u00e9m subst\u00e2ncias nocivas.<\/p>\n<p><strong>V\u00e1rias op\u00e7\u00f5es de tamanho:<\/strong> Esta ta\u00e7a est\u00e1 dispon\u00edvel em quatro tamanhos (19 cm, 22 cm, 24 cm e 26 cm), que podem ser utilizados para uma variedade de tarefas na cozinha, incluindo preparar ingredientes, misturar massa, servir salada, etc.<\/p>\n<p><strong>Design pr\u00e1tico e f\u00e1cil de utilizar:<\/strong> Estas saladeiras t\u00eam uma superf\u00edcie interior lisa e podem ser facilmente limpas ap\u00f3s cada utiliza\u00e7\u00e3o; o design redondo \u00e9 conveniente para mexer e misturar, e a base de silicone antiderrapante proporciona estabilidade para evitar deslizamentos acidentais durante a utiliza\u00e7\u00e3o.<\/p>\n<p><strong>Fornecimento grossista de ta\u00e7as para saladas:<\/strong> Esta saladeira em a\u00e7o inoxid\u00e1vel tem uma quantidade m\u00ednima de encomenda de 1.000 e oferece pre\u00e7os de f\u00e1brica, tornando-a ideal para encomendas a granel, neg\u00f3cios por grosso e marcas personalizadas.<\/p>\n<p><a href=\"https:\/\/www.purecook.com\/pt\/custom-solution\/\"><u>A Purecook oferece utens\u00edlios de cozinha personalizados OEM e ODM <\/u><u>solu\u00e7\u00f5es<\/u><u>.<\/u><\/a><\/p>","protected":false},"featured_media":4166,"comment_status":"closed","ping_status":"closed","template":"","meta":{"_acf_changed":false},"product_brand":[],"product_cat":[52,90],"product_tag":[],"class_list":{"0":"post-4165","1":"product","2":"type-product","3":"status-publish","4":"has-post-thumbnail","6":"product_cat-kitchen-utensils","7":"product_cat-mixing-bowl","9":"first","10":"instock","11":"shipping-taxable","12":"product-type-simple"},"acf":[],"_links":{"self":[{"href":"https:\/\/www.purecook.com\/pt\/wp-json\/wp\/v2\/product\/4165","targetHints":{"allow":["GET"]}}],"collection":[{"href":"https:\/\/www.purecook.com\/pt\/wp-json\/wp\/v2\/product"}],"about":[{"href":"https:\/\/www.purecook.com\/pt\/wp-json\/wp\/v2\/types\/product"}],"replies":[{"embeddable":true,"href":"https:\/\/www.purecook.com\/pt\/wp-json\/wp\/v2\/comments?post=4165"}],"wp:featuredmedia":[{"embeddable":true,"href":"https:\/\/www.purecook.com\/pt\/wp-json\/wp\/v2\/media\/4166"}],"wp:attachment":[{"href":"https:\/\/www.purecook.com\/pt\/wp-json\/wp\/v2\/media?parent=4165"}],"wp:term":[{"taxonomy":"product_brand","embeddable":true,"href":"https:\/\/www.purecook.com\/pt\/wp-json\/wp\/v2\/product_brand?post=4165"},{"taxonomy":"product_cat","embeddable":true,"href":"https:\/\/www.purecook.com\/pt\/wp-json\/wp\/v2\/product_cat?post=4165"},{"taxonomy":"product_tag","embeddable":true,"href":"https:\/\/www.purecook.com\/pt\/wp-json\/wp\/v2\/product_tag?post=4165"}],"curies":[{"name":"wp","href":"https:\/\/api.w.org\/{rel}","templated":true}]}}