{"id":4275,"date":"2025-08-02T12:17:40","date_gmt":"2025-08-02T04:17:40","guid":{"rendered":"https:\/\/www.purecook.com\/?post_type=product&#038;p=4275"},"modified":"2025-08-14T16:53:53","modified_gmt":"2025-08-14T08:53:53","slug":"wholesale-3-compartment-lunch-boxes","status":"publish","type":"product","link":"https:\/\/www.purecook.com\/pt\/product\/wholesale-3-compartment-lunch-boxes\/","title":{"rendered":"Lancheira de a\u00e7o inoxid\u00e1vel por atacado - Lancheira com 3 compartimentos, Lancheira para crian\u00e7as bonitas"},"content":{"rendered":"<div class=\"wp-block-columns is-layout-flex wp-container-core-columns-is-layout-9d6595d7 wp-block-columns-is-layout-flex\">\n<div class=\"wp-block-column is-layout-flow wp-block-column-is-layout-flow\">\n<h3 class=\"wp-block-heading\">Par\u00e2metros das lancheiras de a\u00e7o inoxid\u00e1vel<\/h3>\n\n\n\n<p><strong>Material: <\/strong>SS304+PP<br><strong>Cor:<\/strong> Verde\/Rosa<br><strong>Forma: <\/strong>Retangular<br><strong>Capacidade: <\/strong>960ml<br><strong>Peso bruto: <\/strong>Menos de 1 kg por pe\u00e7a<br><br><\/p>\n<\/div>\n\n\n\n<div class=\"wp-block-column is-layout-flow wp-block-column-is-layout-flow\">\n<h3 class=\"wp-block-heading\">Op\u00e7\u00f5es de lancheiras personalizadas<\/h3>\n\n\n\n<p><strong>Log\u00f3tipo:<\/strong> Personaliz\u00e1vel com o log\u00f3tipo da sua marca<br><strong>Cor:<\/strong> Personaliz\u00e1vel<br><strong>Embalagem:<\/strong>\u00a0Caixa de cor\/caixa de cart\u00e3o, etc<\/p>\n<\/div>\n<\/div>\n\n\n\n<div class=\"wp-block-columns is-layout-flex wp-container-core-columns-is-layout-9d6595d7 wp-block-columns-is-layout-flex\">\n<div class=\"wp-block-column is-layout-flow wp-block-column-is-layout-flow\">\n<figure class=\"wp-block-image size-full\"><img decoding=\"async\" width=\"800\" height=\"800\" src=\"https:\/\/www.purecook.com\/wp-content\/uploads\/2025\/08\/wholesale-stainless-steel-lunch-boxes-4.webp\" alt=\"lancheiras de a\u00e7o inoxid\u00e1vel por atacado (4)\" class=\"wp-image-4279\" srcset=\"https:\/\/www.purecook.com\/wp-content\/uploads\/2025\/08\/wholesale-stainless-steel-lunch-boxes-4.webp 800w, https:\/\/www.purecook.com\/wp-content\/uploads\/2025\/08\/wholesale-stainless-steel-lunch-boxes-4-300x300.webp 300w, https:\/\/www.purecook.com\/wp-content\/uploads\/2025\/08\/wholesale-stainless-steel-lunch-boxes-4-150x150.webp 150w, https:\/\/www.purecook.com\/wp-content\/uploads\/2025\/08\/wholesale-stainless-steel-lunch-boxes-4-768x768.webp 768w, https:\/\/www.purecook.com\/wp-content\/uploads\/2025\/08\/wholesale-stainless-steel-lunch-boxes-4-12x12.webp 12w, https:\/\/www.purecook.com\/wp-content\/uploads\/2025\/08\/wholesale-stainless-steel-lunch-boxes-4-600x600.webp 600w, https:\/\/www.purecook.com\/wp-content\/uploads\/2025\/08\/wholesale-stainless-steel-lunch-boxes-4-100x100.webp 100w\" sizes=\"(max-width: 800px) 100vw, 800px\" \/><\/figure>\n<\/div>\n\n\n\n<div class=\"wp-block-column is-layout-flow wp-block-column-is-layout-flow\">\n<figure class=\"wp-block-image size-full\"><img decoding=\"async\" width=\"800\" height=\"800\" src=\"https:\/\/www.purecook.com\/wp-content\/uploads\/2025\/08\/wholesale-stainless-steel-lunch-boxes-6.webp\" alt=\"lancheiras de a\u00e7o inoxid\u00e1vel por atacado (6)\" class=\"wp-image-4281\" srcset=\"https:\/\/www.purecook.com\/wp-content\/uploads\/2025\/08\/wholesale-stainless-steel-lunch-boxes-6.webp 800w, https:\/\/www.purecook.com\/wp-content\/uploads\/2025\/08\/wholesale-stainless-steel-lunch-boxes-6-300x300.webp 300w, https:\/\/www.purecook.com\/wp-content\/uploads\/2025\/08\/wholesale-stainless-steel-lunch-boxes-6-150x150.webp 150w, https:\/\/www.purecook.com\/wp-content\/uploads\/2025\/08\/wholesale-stainless-steel-lunch-boxes-6-768x768.webp 768w, https:\/\/www.purecook.com\/wp-content\/uploads\/2025\/08\/wholesale-stainless-steel-lunch-boxes-6-12x12.webp 12w, https:\/\/www.purecook.com\/wp-content\/uploads\/2025\/08\/wholesale-stainless-steel-lunch-boxes-6-600x600.webp 600w, https:\/\/www.purecook.com\/wp-content\/uploads\/2025\/08\/wholesale-stainless-steel-lunch-boxes-6-100x100.webp 100w\" sizes=\"(max-width: 800px) 100vw, 800px\" \/><\/figure>\n<\/div>\n<\/div>\n\n\n\n<div class=\"wp-block-columns is-layout-flex wp-container-core-columns-is-layout-9d6595d7 wp-block-columns-is-layout-flex\">\n<div class=\"wp-block-column is-layout-flow wp-block-column-is-layout-flow\"><\/div>\n\n\n\n<div class=\"wp-block-column is-layout-flow wp-block-column-is-layout-flow\"><\/div>\n<\/div>","protected":false},"excerpt":{"rendered":"<p>Lancheiras de a\u00e7o inoxid\u00e1vel por grosso. Estas lancheiras s\u00e3o feitas de a\u00e7o inoxid\u00e1vel de qualidade alimentar, garantindo a seguran\u00e7a quotidiana. Os seus bonitos desenhos animados acrescentam um toque de divers\u00e3o e brincadeira \u00e0 hora das refei\u00e7\u00f5es. A Purecook oferece pre\u00e7os de f\u00e1brica e personaliza\u00e7\u00e3o OEM. Contacte-nos para obter a melhor cota\u00e7\u00e3o de um fabricante de lancheiras fi\u00e1vel.<\/p>\n<h2>Carater\u00edsticas e vantagens das lancheiras de a\u00e7o inoxid\u00e1vel<\/h2>\n<p><strong>Design l\u00fadico para estimular o apetite:<\/strong> Esta lancheira divertida apresenta um bonito padr\u00e3o de dinossauro que cativa as crian\u00e7as e d\u00e1 um toque de brincadeira \u00e0 hora das refei\u00e7\u00f5es.<\/p>\n<p><strong>Duas op\u00e7\u00f5es:<\/strong> A lancheira em a\u00e7o inoxid\u00e1vel est\u00e1 dispon\u00edvel em duas op\u00e7\u00f5es de design: uma op\u00e7\u00e3o verde com um alegre padr\u00e3o de dinossauro a brincar na \u00e1gua e uma op\u00e7\u00e3o cor-de-rosa com uma cena de dinossauro comovente, para satisfazer as diferentes prefer\u00eancias das crian\u00e7as.<\/p>\n<p><strong>Design com tr\u00eas compartimentos:<\/strong> Os compartimentos cientificamente concebidos impedem a mistura de diferentes alimentos; o espa\u00e7o amplo acomoda diferentes tipos de alimentos, promovendo uma nutri\u00e7\u00e3o equilibrada.<\/p>\n<p><strong>Port\u00e1til, seguro e atencioso:<\/strong> Esta lancheira \u00e9 feita de pl\u00e1stico leve com cantos arredondados para uma ader\u00eancia f\u00e1cil e um manuseamento seguro, reduzindo o risco de cortes ou desconforto durante a utiliza\u00e7\u00e3o.<\/p>\n<p><strong>F\u00e1cil de limpar:<\/strong> O compartimento interior em a\u00e7o inoxid\u00e1vel \u00e9 amov\u00edvel para uma limpeza f\u00e1cil. O material duradouro garante que a lancheira \u00e9 resistente a n\u00f3doas e odores, mantendo o seu aspeto limpo mesmo ap\u00f3s uma utiliza\u00e7\u00e3o prolongada.<\/p>\n<p><strong>Servi\u00e7o grossista de lancheiras:<\/strong> Como fabricante de lancheira de a\u00e7o inoxid\u00e1vel, fornecemos servi\u00e7os de lancheira de a\u00e7o inoxid\u00e1vel por atacado a pre\u00e7os de f\u00e1brica, apoiamos servi\u00e7os OEM e ODM e fornecemos op\u00e7\u00f5es de personaliza\u00e7\u00e3o ricas para atender \u00e0s suas prefer\u00eancias de marca e mercado.<\/p>","protected":false},"featured_media":4276,"comment_status":"closed","ping_status":"closed","template":"","meta":{"_acf_changed":false},"product_brand":[],"product_cat":[102],"product_tag":[],"class_list":{"0":"post-4275","1":"product","2":"type-product","3":"status-publish","4":"has-post-thumbnail","6":"product_cat-lunch-boxes","8":"first","9":"instock","10":"shipping-taxable","11":"product-type-simple"},"acf":[],"_links":{"self":[{"href":"https:\/\/www.purecook.com\/pt\/wp-json\/wp\/v2\/product\/4275","targetHints":{"allow":["GET"]}}],"collection":[{"href":"https:\/\/www.purecook.com\/pt\/wp-json\/wp\/v2\/product"}],"about":[{"href":"https:\/\/www.purecook.com\/pt\/wp-json\/wp\/v2\/types\/product"}],"replies":[{"embeddable":true,"href":"https:\/\/www.purecook.com\/pt\/wp-json\/wp\/v2\/comments?post=4275"}],"wp:featuredmedia":[{"embeddable":true,"href":"https:\/\/www.purecook.com\/pt\/wp-json\/wp\/v2\/media\/4276"}],"wp:attachment":[{"href":"https:\/\/www.purecook.com\/pt\/wp-json\/wp\/v2\/media?parent=4275"}],"wp:term":[{"taxonomy":"product_brand","embeddable":true,"href":"https:\/\/www.purecook.com\/pt\/wp-json\/wp\/v2\/product_brand?post=4275"},{"taxonomy":"product_cat","embeddable":true,"href":"https:\/\/www.purecook.com\/pt\/wp-json\/wp\/v2\/product_cat?post=4275"},{"taxonomy":"product_tag","embeddable":true,"href":"https:\/\/www.purecook.com\/pt\/wp-json\/wp\/v2\/product_tag?post=4275"}],"curies":[{"name":"wp","href":"https:\/\/api.w.org\/{rel}","templated":true}]}}