{"id":4282,"date":"2025-08-04T11:55:59","date_gmt":"2025-08-04T03:55:59","guid":{"rendered":"https:\/\/www.purecook.com\/?post_type=product&#038;p=4282"},"modified":"2025-08-14T16:53:43","modified_gmt":"2025-08-14T08:53:43","slug":"bulk-stainless-steel-lunch-boxes-for-sale","status":"publish","type":"product","link":"https:\/\/www.purecook.com\/pt\/product\/bulk-stainless-steel-lunch-boxes-for-sale\/","title":{"rendered":"Lancheira de a\u00e7o inoxid\u00e1vel 304 a granel - Design de divis\u00f3ria e veda\u00e7\u00e3o \u00e0 prova de fugas"},"content":{"rendered":"<div class=\"wp-block-columns is-layout-flex wp-container-core-columns-is-layout-9d6595d7 wp-block-columns-is-layout-flex\">\n<div class=\"wp-block-column is-layout-flow wp-block-column-is-layout-flow\">\n<h3 class=\"wp-block-heading\">Par\u00e2metros das lancheiras de a\u00e7o inoxid\u00e1vel<\/h3>\n\n\n\n<p><strong>Material: <\/strong>SS304+PP<br><strong>Cor:<\/strong> Rosa\/verde\/amarelo\/roxo<br><strong>Forma: <\/strong>Retangular<br><strong>Capacidade: <\/strong>960ml<br><strong>Peso bruto: <\/strong>Menos de 1 kg por pe\u00e7a<br><br><\/p>\n<\/div>\n\n\n\n<div class=\"wp-block-column is-layout-flow wp-block-column-is-layout-flow\">\n<h3 class=\"wp-block-heading\">Op\u00e7\u00f5es de lancheiras personalizadas<\/h3>\n\n\n\n<p><strong>Log\u00f3tipo:<\/strong> Personaliz\u00e1vel com o log\u00f3tipo da sua marca<br><strong>Cor:<\/strong> Personaliz\u00e1vel<br><strong>Embalagem:<\/strong>&nbsp;Caixa de cor\/caixa de cart\u00e3o, etc<\/p>\n<\/div>\n<\/div>\n\n\n\n<div class=\"wp-block-columns is-layout-flex wp-container-core-columns-is-layout-9d6595d7 wp-block-columns-is-layout-flex\">\n<div class=\"wp-block-column is-layout-flow wp-block-column-is-layout-flow\">\n<figure class=\"wp-block-image size-full\"><img decoding=\"async\" width=\"800\" height=\"800\" src=\"https:\/\/www.purecook.com\/wp-content\/uploads\/2025\/08\/bulk-food-storage-lunch-box-.webp\" alt=\"lancheira de armazenamento de alimentos a granel\" class=\"wp-image-4288\" srcset=\"https:\/\/www.purecook.com\/wp-content\/uploads\/2025\/08\/bulk-food-storage-lunch-box-.webp 800w, https:\/\/www.purecook.com\/wp-content\/uploads\/2025\/08\/bulk-food-storage-lunch-box--300x300.webp 300w, https:\/\/www.purecook.com\/wp-content\/uploads\/2025\/08\/bulk-food-storage-lunch-box--150x150.webp 150w, https:\/\/www.purecook.com\/wp-content\/uploads\/2025\/08\/bulk-food-storage-lunch-box--768x768.webp 768w, https:\/\/www.purecook.com\/wp-content\/uploads\/2025\/08\/bulk-food-storage-lunch-box--12x12.webp 12w, https:\/\/www.purecook.com\/wp-content\/uploads\/2025\/08\/bulk-food-storage-lunch-box--600x600.webp 600w, https:\/\/www.purecook.com\/wp-content\/uploads\/2025\/08\/bulk-food-storage-lunch-box--100x100.webp 100w\" sizes=\"(max-width: 800px) 100vw, 800px\" \/><\/figure>\n<\/div>\n\n\n\n<div class=\"wp-block-column is-layout-flow wp-block-column-is-layout-flow\">\n<figure class=\"wp-block-image size-full\"><img decoding=\"async\" width=\"800\" height=\"800\" src=\"https:\/\/www.purecook.com\/wp-content\/uploads\/2025\/08\/bulk-food-storage-lunch-box-6.webp\" alt=\"lancheira de armazenamento de alimentos a granel (6)\" class=\"wp-image-4287\" srcset=\"https:\/\/www.purecook.com\/wp-content\/uploads\/2025\/08\/bulk-food-storage-lunch-box-6.webp 800w, https:\/\/www.purecook.com\/wp-content\/uploads\/2025\/08\/bulk-food-storage-lunch-box-6-300x300.webp 300w, https:\/\/www.purecook.com\/wp-content\/uploads\/2025\/08\/bulk-food-storage-lunch-box-6-150x150.webp 150w, https:\/\/www.purecook.com\/wp-content\/uploads\/2025\/08\/bulk-food-storage-lunch-box-6-768x768.webp 768w, https:\/\/www.purecook.com\/wp-content\/uploads\/2025\/08\/bulk-food-storage-lunch-box-6-12x12.webp 12w, https:\/\/www.purecook.com\/wp-content\/uploads\/2025\/08\/bulk-food-storage-lunch-box-6-600x600.webp 600w, https:\/\/www.purecook.com\/wp-content\/uploads\/2025\/08\/bulk-food-storage-lunch-box-6-100x100.webp 100w\" sizes=\"(max-width: 800px) 100vw, 800px\" \/><\/figure>\n<\/div>\n<\/div>\n\n\n\n<div class=\"wp-block-columns is-layout-flex wp-container-core-columns-is-layout-9d6595d7 wp-block-columns-is-layout-flex\">\n<div class=\"wp-block-column is-layout-flow wp-block-column-is-layout-flow\"><\/div>\n\n\n\n<div class=\"wp-block-column is-layout-flow wp-block-column-is-layout-flow\"><\/div>\n<\/div>","protected":false},"excerpt":{"rendered":"<p>Lancheiras de a\u00e7o inoxid\u00e1vel a granel para venda. As nossas lancheiras est\u00e3o dispon\u00edveis numa variedade de cores ador\u00e1veis e apresentam um design divertido. Cada caixa \u00e9 lindamente embalada numa caixa de oferta premium, perfeita para oferecer. Os m\u00faltiplos compartimentos e o design amov\u00edvel tornam a prepara\u00e7\u00e3o das refei\u00e7\u00f5es e a limpeza mais convenientes. <\/p>\n<p>Como um fabricante profissional de lancheira, n\u00f3s fornecemos cota\u00e7\u00f5es de f\u00e1brica, entre em contato conosco.<\/p>\n<h2>Carater\u00edsticas e vantagens das lancheiras em a\u00e7o inoxid\u00e1vel<\/h2>\n<p data-pm-slice=\"1 1 []\"><strong>Material de qualidade alimentar:<\/strong> Fabricado em a\u00e7o inoxid\u00e1vel 304, \u00e9 resistente \u00e0 corros\u00e3o. Assegura uma boa conserva\u00e7\u00e3o dos alimentos.<\/p>\n<p><strong>Capacidade perfeita:<\/strong> Permite que os clientes ajustem as suas refei\u00e7\u00f5es a diferentes objectivos de refei\u00e7\u00e3o.<\/p>\n<p>Design com v\u00e1rias sec\u00e7\u00f5es: Dentro de uma divis\u00f3ria interior, os sabores de cada alimento n\u00e3o se misturam, o que pode proporcionar uma m\u00e1 experi\u00eancia gastron\u00f3mica.<\/p>\n<p><strong>Vedantes \u00e0 prova de fugas:<\/strong> Os selos de silicone ajudam a fixar os alimentos na sua posi\u00e7\u00e3o, o que protege a lancheira e os utilizadores<\/p>\n<p><strong>F\u00e1cil de limpar:<\/strong> O compartimento interior em a\u00e7o inoxid\u00e1vel \u00e9 amov\u00edvel para uma limpeza f\u00e1cil. O material duradouro garante que a lancheira \u00e9 resistente a n\u00f3doas e odores, mantendo o seu aspeto limpo mesmo ap\u00f3s uma utiliza\u00e7\u00e3o prolongada.<\/p>\n<p><strong>Servi\u00e7o grossista de lancheiras:<\/strong> Como fabricante de lancheira de a\u00e7o inoxid\u00e1vel, fornecemos servi\u00e7os de lancheira de a\u00e7o inoxid\u00e1vel por atacado a pre\u00e7os de f\u00e1brica, apoiamos servi\u00e7os OEM e ODM e fornecemos op\u00e7\u00f5es de personaliza\u00e7\u00e3o ricas para atender \u00e0s suas prefer\u00eancias de marca e mercado.<\/p>","protected":false},"featured_media":4285,"comment_status":"closed","ping_status":"closed","template":"","meta":{"_acf_changed":false},"product_brand":[],"product_cat":[102],"product_tag":[],"class_list":{"0":"post-4282","1":"product","2":"type-product","3":"status-publish","4":"has-post-thumbnail","6":"product_cat-lunch-boxes","8":"first","9":"instock","10":"shipping-taxable","11":"product-type-simple"},"acf":[],"_links":{"self":[{"href":"https:\/\/www.purecook.com\/pt\/wp-json\/wp\/v2\/product\/4282","targetHints":{"allow":["GET"]}}],"collection":[{"href":"https:\/\/www.purecook.com\/pt\/wp-json\/wp\/v2\/product"}],"about":[{"href":"https:\/\/www.purecook.com\/pt\/wp-json\/wp\/v2\/types\/product"}],"replies":[{"embeddable":true,"href":"https:\/\/www.purecook.com\/pt\/wp-json\/wp\/v2\/comments?post=4282"}],"wp:featuredmedia":[{"embeddable":true,"href":"https:\/\/www.purecook.com\/pt\/wp-json\/wp\/v2\/media\/4285"}],"wp:attachment":[{"href":"https:\/\/www.purecook.com\/pt\/wp-json\/wp\/v2\/media?parent=4282"}],"wp:term":[{"taxonomy":"product_brand","embeddable":true,"href":"https:\/\/www.purecook.com\/pt\/wp-json\/wp\/v2\/product_brand?post=4282"},{"taxonomy":"product_cat","embeddable":true,"href":"https:\/\/www.purecook.com\/pt\/wp-json\/wp\/v2\/product_cat?post=4282"},{"taxonomy":"product_tag","embeddable":true,"href":"https:\/\/www.purecook.com\/pt\/wp-json\/wp\/v2\/product_tag?post=4282"}],"curies":[{"name":"wp","href":"https:\/\/api.w.org\/{rel}","templated":true}]}}