{"id":4302,"date":"2025-08-04T12:31:39","date_gmt":"2025-08-04T04:31:39","guid":{"rendered":"https:\/\/www.purecook.com\/?post_type=product&#038;p=4302"},"modified":"2025-08-04T12:34:00","modified_gmt":"2025-08-04T04:34:00","slug":"wholesale-food-grade-pp-cutting-boards","status":"publish","type":"product","link":"https:\/\/www.purecook.com\/pt\/product\/wholesale-food-grade-pp-cutting-boards\/","title":{"rendered":"T\u00e1buas de corte de PP de qualidade alimentar por atacado - Orif\u00edcio para pendurar, op\u00e7\u00f5es multicoloridas e f\u00e1cil armazenamento"},"content":{"rendered":"<div class=\"wp-block-columns is-layout-flex wp-container-core-columns-is-layout-9d6595d7 wp-block-columns-is-layout-flex\">\n<div class=\"wp-block-column is-layout-flow wp-block-column-is-layout-flow\">\n<h3 class=\"wp-block-heading\">Par\u00e2metros da t\u00e1bua de cortar PP de qualidade alimentar<\/h3>\n\n\n\n<p><strong>Material: <\/strong>PP<br><strong>Cor:<\/strong> Azul claro \/ Amarelo \/ Rosa \/ Creme \/ Azul celeste \/ Amarelo lim\u00e3o<br><strong>Forma: <\/strong>Retangular<br><strong>Tamanho:<\/strong> <em>20\u00d730\u00d71.2cm\/34\u00d724\u00d71.5cm\/<br>38\u00d726\u00d71.5cm\/42\u00d730\u00d71.8cm<\/em><br><strong>Peso bruto: <\/strong>Menos de 1 kg por pe\u00e7a<br><br><\/p>\n<\/div>\n\n\n\n<div class=\"wp-block-column is-layout-flow wp-block-column-is-layout-flow\">\n<h3 class=\"wp-block-heading\">Op\u00e7\u00f5es de t\u00e1buas de corte personalizadas<\/h3>\n\n\n\n<p><strong>Log\u00f3tipo:<\/strong> Personaliz\u00e1vel com o log\u00f3tipo da sua marca<br><strong>Cor:<\/strong> Personaliz\u00e1vel<br><strong>Embalagem:<\/strong>\u00a0Caixa de cor\/caixa de cart\u00e3o, etc<\/p>\n\n\n\n<p><strong><a href=\"https:\/\/www.purecook.com\/pt\/custom-solution\/\" target=\"_blank\" rel=\"noreferrer noopener\">Solu\u00e7\u00f5es de utens\u00edlios de cozinha personalizadas OEM e ODM<\/a><\/strong><\/p>\n<\/div>\n<\/div>\n\n\n\n<div class=\"wp-block-columns is-layout-flex wp-container-core-columns-is-layout-9d6595d7 wp-block-columns-is-layout-flex\">\n<div class=\"wp-block-column is-layout-flow wp-block-column-is-layout-flow\">\n<figure class=\"wp-block-image size-full\"><img decoding=\"async\" width=\"800\" height=\"800\" src=\"https:\/\/www.purecook.com\/wp-content\/uploads\/2025\/08\/wholesale-cutting-board-6.webp\" alt=\"t\u00e1bua de cortar por atacado (6)\" class=\"wp-image-4307\" srcset=\"https:\/\/www.purecook.com\/wp-content\/uploads\/2025\/08\/wholesale-cutting-board-6.webp 800w, https:\/\/www.purecook.com\/wp-content\/uploads\/2025\/08\/wholesale-cutting-board-6-300x300.webp 300w, https:\/\/www.purecook.com\/wp-content\/uploads\/2025\/08\/wholesale-cutting-board-6-150x150.webp 150w, https:\/\/www.purecook.com\/wp-content\/uploads\/2025\/08\/wholesale-cutting-board-6-768x768.webp 768w, https:\/\/www.purecook.com\/wp-content\/uploads\/2025\/08\/wholesale-cutting-board-6-12x12.webp 12w, https:\/\/www.purecook.com\/wp-content\/uploads\/2025\/08\/wholesale-cutting-board-6-600x600.webp 600w, https:\/\/www.purecook.com\/wp-content\/uploads\/2025\/08\/wholesale-cutting-board-6-100x100.webp 100w\" sizes=\"(max-width: 800px) 100vw, 800px\" \/><\/figure>\n<\/div>\n\n\n\n<div class=\"wp-block-column is-layout-flow wp-block-column-is-layout-flow\">\n<figure class=\"wp-block-image size-full\"><img decoding=\"async\" width=\"800\" height=\"800\" src=\"https:\/\/www.purecook.com\/wp-content\/uploads\/2025\/08\/wholesale-cutting-board-4.webp\" alt=\"t\u00e1bua de cortar por atacado (4)\" class=\"wp-image-4305\" srcset=\"https:\/\/www.purecook.com\/wp-content\/uploads\/2025\/08\/wholesale-cutting-board-4.webp 800w, https:\/\/www.purecook.com\/wp-content\/uploads\/2025\/08\/wholesale-cutting-board-4-300x300.webp 300w, https:\/\/www.purecook.com\/wp-content\/uploads\/2025\/08\/wholesale-cutting-board-4-150x150.webp 150w, https:\/\/www.purecook.com\/wp-content\/uploads\/2025\/08\/wholesale-cutting-board-4-768x768.webp 768w, https:\/\/www.purecook.com\/wp-content\/uploads\/2025\/08\/wholesale-cutting-board-4-12x12.webp 12w, https:\/\/www.purecook.com\/wp-content\/uploads\/2025\/08\/wholesale-cutting-board-4-600x600.webp 600w, https:\/\/www.purecook.com\/wp-content\/uploads\/2025\/08\/wholesale-cutting-board-4-100x100.webp 100w\" sizes=\"(max-width: 800px) 100vw, 800px\" \/><\/figure>\n<\/div>\n<\/div>\n\n\n\n<div class=\"wp-block-columns is-layout-flex wp-container-core-columns-is-layout-9d6595d7 wp-block-columns-is-layout-flex\">\n<div class=\"wp-block-column is-layout-flow wp-block-column-is-layout-flow\"><\/div>\n\n\n\n<div class=\"wp-block-column is-layout-flow wp-block-column-is-layout-flow\"><\/div>\n<\/div>","protected":false},"excerpt":{"rendered":"<p>T\u00e1buas de corte por grosso. 4 tamanhos dispon\u00edveis. A t\u00e1bua de corte PP de qualidade alimentar foi concebida para seguran\u00e7a e comodidade. Existem v\u00e1rias cores dispon\u00edveis. S\u00e3o suaves e dur\u00e1veis, tornando o corte uma experi\u00eancia agrad\u00e1vel. Al\u00e9m disso, o orif\u00edcio para pendurar facilita a coloca\u00e7\u00e3o e a arruma\u00e7\u00e3o. Uma vasta gama de op\u00e7\u00f5es de cores torna-a adequada para quase todos os estilos de decora\u00e7\u00e3o de cozinha.<\/p>\n<p>A Purecook oferece pre\u00e7os de f\u00e1brica e personaliza\u00e7\u00e3o OEM. Contacte-nos para obter o melhor or\u00e7amento de uma empresa de confian\u00e7a <a href=\"https:\/\/www.purecook.com\/pt\/\" target=\"_blank\" rel=\"noopener\"><strong>fabricante de utens\u00edlios de cozinha<\/strong><\/a>.<\/p>\n<h2>Carater\u00edsticas e vantagens da t\u00e1bua de corte em PP de qualidade alimentar<\/h2>\n<p data-pm-slice=\"1 1 []\"><strong>Material dur\u00e1vel e seguro para alimentos:<\/strong> Esta t\u00e1bua de corte por atacado \u00e9 feita de material PP de qualidade alimentar, n\u00e3o t\u00f3xico, inodoro e atende aos padr\u00f5es alimentares. n\u00e3o importa quais s\u00e3o os ingredientes, \u00e9 seguro para voc\u00ea trabalhar em sua refei\u00e7\u00e3o nisso.<\/p>\n<p><strong>Cores vers\u00e1teis:<\/strong> estas cores nascem para aumentar a popularidade desta t\u00e1bua de cortar, adaptando-se a quase todos os estilos de decora\u00e7\u00e3o de cozinha.<\/p>\n<p><strong>Durabilidade:<\/strong> O material PP \u00e9 resistente ao envelhecimento; independentemente de cortar frutas, legumes ou carne, \u00e9 a sua escolha duradoura. Gra\u00e7as \u00e0 sua superf\u00edcie lisa, n\u00e3o h\u00e1 hip\u00f3tese de a \u00e1gua penetrar nela.<\/p>\n<p><strong>F\u00e1cil de limpar:<\/strong> O material duradouro garante que a t\u00e1bua de cortar \u00e9 resistente a manchas e odores, mantendo o seu aspeto limpo mesmo ap\u00f3s uma utiliza\u00e7\u00e3o prolongada.<\/p>\n<p><strong>Servi\u00e7o grossista de lancheiras:<\/strong> Como um fabricante de utens\u00edlios de cozinha, fornecemos muitos tipos de servi\u00e7os de utens\u00edlios de cozinha por atacado a pre\u00e7os de f\u00e1brica, apoiamos servi\u00e7os OEM e ODM e fornecemos op\u00e7\u00f5es de personaliza\u00e7\u00e3o ricas para atender \u00e0s suas prefer\u00eancias de marca e mercado.<\/p>","protected":false},"featured_media":4308,"comment_status":"closed","ping_status":"closed","template":"","meta":{"_acf_changed":false},"product_brand":[],"product_cat":[67],"product_tag":[],"class_list":{"0":"post-4302","1":"product","2":"type-product","3":"status-publish","4":"has-post-thumbnail","6":"product_cat-cutting-board","8":"first","9":"instock","10":"shipping-taxable","11":"product-type-simple"},"acf":[],"_links":{"self":[{"href":"https:\/\/www.purecook.com\/pt\/wp-json\/wp\/v2\/product\/4302","targetHints":{"allow":["GET"]}}],"collection":[{"href":"https:\/\/www.purecook.com\/pt\/wp-json\/wp\/v2\/product"}],"about":[{"href":"https:\/\/www.purecook.com\/pt\/wp-json\/wp\/v2\/types\/product"}],"replies":[{"embeddable":true,"href":"https:\/\/www.purecook.com\/pt\/wp-json\/wp\/v2\/comments?post=4302"}],"wp:featuredmedia":[{"embeddable":true,"href":"https:\/\/www.purecook.com\/pt\/wp-json\/wp\/v2\/media\/4308"}],"wp:attachment":[{"href":"https:\/\/www.purecook.com\/pt\/wp-json\/wp\/v2\/media?parent=4302"}],"wp:term":[{"taxonomy":"product_brand","embeddable":true,"href":"https:\/\/www.purecook.com\/pt\/wp-json\/wp\/v2\/product_brand?post=4302"},{"taxonomy":"product_cat","embeddable":true,"href":"https:\/\/www.purecook.com\/pt\/wp-json\/wp\/v2\/product_cat?post=4302"},{"taxonomy":"product_tag","embeddable":true,"href":"https:\/\/www.purecook.com\/pt\/wp-json\/wp\/v2\/product_tag?post=4302"}],"curies":[{"name":"wp","href":"https:\/\/api.w.org\/{rel}","templated":true}]}}