{"id":4309,"date":"2025-08-04T12:17:23","date_gmt":"2025-08-04T04:17:23","guid":{"rendered":"https:\/\/www.purecook.com\/?post_type=product&#038;p=4309"},"modified":"2025-08-04T12:17:24","modified_gmt":"2025-08-04T04:17:24","slug":"wholesale-stainless-steel-food-containers","status":"publish","type":"product","link":"https:\/\/www.purecook.com\/pt\/product\/wholesale-stainless-steel-food-containers\/","title":{"rendered":"Recipiente para alimentos em a\u00e7o inoxid\u00e1vel por atacado com tampa transparente - 8 capacidades \u00e0 escolha"},"content":{"rendered":"<div class=\"wp-block-columns is-layout-flex wp-container-core-columns-is-layout-9d6595d7 wp-block-columns-is-layout-flex\">\n<div class=\"wp-block-column is-layout-flow wp-block-column-is-layout-flow\">\n<h3 class=\"wp-block-heading\">Par\u00e2metros do recipiente de a\u00e7o inoxid\u00e1vel para armazenagem de alimentos<\/h3>\n\n\n\n<p><strong>Material: <\/strong>SS304+PP<br><strong>Cor:<\/strong> Fita<br><strong>Forma: <\/strong>Retangular<br><strong>Capacidade: <\/strong>1400ML\/1900ML\/2400ML\/<br>2800ML\/3800ML\/4600ML\/<br>5500ML\/6600ML<br><strong>Peso bruto: <\/strong>Menos de 1 kg por pe\u00e7a<\/p>\n<\/div>\n\n\n\n<div class=\"wp-block-column is-layout-flow wp-block-column-is-layout-flow\">\n<h3 class=\"wp-block-heading\">Op\u00e7\u00f5es de recipientes de armazenamento de alimentos personalizados<\/h3>\n\n\n\n<p><strong>Log\u00f3tipo:<\/strong> Personaliz\u00e1vel com o log\u00f3tipo da sua marca<br><strong>Cor:<\/strong> Personaliz\u00e1vel<br><strong>Embalagem:<\/strong>&nbsp;Caixa de cor\/caixa de cart\u00e3o, etc<\/p>\n<\/div>\n<\/div>\n\n\n\n<div class=\"wp-block-columns is-layout-flex wp-container-core-columns-is-layout-9d6595d7 wp-block-columns-is-layout-flex\">\n<div class=\"wp-block-column is-layout-flow wp-block-column-is-layout-flow\">\n<figure class=\"wp-block-image size-full\"><img decoding=\"async\" width=\"800\" height=\"800\" src=\"https:\/\/www.purecook.com\/wp-content\/uploads\/2025\/08\/wholesale-stainless-steel-food-containers5.webp\" alt=\"recipientes para alimentos em a\u00e7o inoxid\u00e1vel por atacado(5)\" class=\"wp-image-4342\" srcset=\"https:\/\/www.purecook.com\/wp-content\/uploads\/2025\/08\/wholesale-stainless-steel-food-containers5.webp 800w, https:\/\/www.purecook.com\/wp-content\/uploads\/2025\/08\/wholesale-stainless-steel-food-containers5-300x300.webp 300w, https:\/\/www.purecook.com\/wp-content\/uploads\/2025\/08\/wholesale-stainless-steel-food-containers5-150x150.webp 150w, https:\/\/www.purecook.com\/wp-content\/uploads\/2025\/08\/wholesale-stainless-steel-food-containers5-768x768.webp 768w, https:\/\/www.purecook.com\/wp-content\/uploads\/2025\/08\/wholesale-stainless-steel-food-containers5-12x12.webp 12w, https:\/\/www.purecook.com\/wp-content\/uploads\/2025\/08\/wholesale-stainless-steel-food-containers5-600x600.webp 600w, https:\/\/www.purecook.com\/wp-content\/uploads\/2025\/08\/wholesale-stainless-steel-food-containers5-100x100.webp 100w\" sizes=\"(max-width: 800px) 100vw, 800px\" \/><\/figure>\n<\/div>\n\n\n\n<div class=\"wp-block-column is-layout-flow wp-block-column-is-layout-flow\">\n<figure class=\"wp-block-image size-full\"><img decoding=\"async\" width=\"800\" height=\"800\" src=\"https:\/\/www.purecook.com\/wp-content\/uploads\/2025\/08\/wholesale-stainless-steel-food-containers6.webp\" alt=\"recipientes para alimentos em a\u00e7o inoxid\u00e1vel por atacado(6)\" class=\"wp-image-4343\" srcset=\"https:\/\/www.purecook.com\/wp-content\/uploads\/2025\/08\/wholesale-stainless-steel-food-containers6.webp 800w, https:\/\/www.purecook.com\/wp-content\/uploads\/2025\/08\/wholesale-stainless-steel-food-containers6-300x300.webp 300w, https:\/\/www.purecook.com\/wp-content\/uploads\/2025\/08\/wholesale-stainless-steel-food-containers6-150x150.webp 150w, https:\/\/www.purecook.com\/wp-content\/uploads\/2025\/08\/wholesale-stainless-steel-food-containers6-768x768.webp 768w, https:\/\/www.purecook.com\/wp-content\/uploads\/2025\/08\/wholesale-stainless-steel-food-containers6-12x12.webp 12w, https:\/\/www.purecook.com\/wp-content\/uploads\/2025\/08\/wholesale-stainless-steel-food-containers6-600x600.webp 600w, https:\/\/www.purecook.com\/wp-content\/uploads\/2025\/08\/wholesale-stainless-steel-food-containers6-100x100.webp 100w\" sizes=\"(max-width: 800px) 100vw, 800px\" \/><\/figure>\n<\/div>\n<\/div>\n\n\n\n<div class=\"wp-block-columns is-layout-flex wp-container-core-columns-is-layout-9d6595d7 wp-block-columns-is-layout-flex\">\n<div class=\"wp-block-column is-layout-flow wp-block-column-is-layout-flow\"><\/div>\n\n\n\n<div class=\"wp-block-column is-layout-flow wp-block-column-is-layout-flow\"><\/div>\n<\/div>","protected":false},"excerpt":{"rendered":"<p>Recipientes para alimentos em a\u00e7o inoxid\u00e1vel por grosso. Estes recipientes de armazenamento de alimentos em a\u00e7o inoxid\u00e1vel combinam um design elegante com uma capacidade pr\u00e1tica. As tampas transparentes facilitam a visualiza\u00e7\u00e3o do conte\u00fado e o selo \u00e0 prova de fugas garante a frescura. O design quadrado compacto permite uma arruma\u00e7\u00e3o eficiente. S\u00e3o ideais para manter os alimentos frescos e seguros em casa ou em viagem.<\/p>\n<p>O fabricante de recipientes para alimentos Purecook oferece pre\u00e7os de f\u00e1brica e servi\u00e7os de personaliza\u00e7\u00e3o OEM. Contacte-nos para obter um cat\u00e1logo e o melhor or\u00e7amento.<\/p>\n<h2>Carater\u00edsticas e vantagens do recipiente de armazenamento de alimentos em a\u00e7o inoxid\u00e1vel<\/h2>\n<p data-pm-slice=\"1 1 []\"><strong>Material de qualidade alimentar:<\/strong> Este recipiente personalizado de armazenamento de alimentos em a\u00e7o inoxid\u00e1vel \u00e9 feito de a\u00e7o inoxid\u00e1vel de qualidade alimentar, que \u00e9 totalmente n\u00e3o-t\u00f3xico, dur\u00e1vel e fi\u00e1vel. Ideal para armazenar alimentos \u00e1cidos ou perec\u00edveis, este recipiente pode ser utilizado no micro-ondas para curtos per\u00edodos de aquecimento e n\u00e3o se deforma com a utiliza\u00e7\u00e3o regular.<\/p>\n<p data-pm-slice=\"1 1 []\"><strong>Conveni\u00eancia:<\/strong> a tampa transparente ajuda-o a ver o conte\u00fado do interior sem o abrir. Por um lado, pode proteger os alimentos de serem polu\u00eddos, mas tamb\u00e9m permite verific\u00e1-los rapidamente.<\/p>\n<p><strong>Conce\u00e7\u00e3o da junta:<\/strong> Este design impede eficazmente a entrada de ar e humidade; por conseguinte, a frescura dos seus alimentos \u00e9 preservada. Mesmo com alimentos de base l\u00edquida, como guisados ou molhos, este recipiente evita fugas, tornando-o uma excelente op\u00e7\u00e3o para transportar sopas ou ingredientes h\u00famidos.<\/p>\n<p><strong>Design empilh\u00e1vel que poupa espa\u00e7o:<\/strong> Os contentores t\u00eam uma forma quadrada normalizada que lhes permite serem empilhados de forma organizada para poupar espa\u00e7o. O design compacto resolve os problemas de espa\u00e7o frequentemente enfrentados pelos contentores redondos, proporcionando um armazenamento eficiente e conveniente.<\/p>\n<p><strong>Servi\u00e7o grossista de recipientes para armazenamento de alimentos:<\/strong> Como um fabricante de recipiente de armazenamento de alimentos em a\u00e7o inoxid\u00e1vel, n\u00f3s fornecemos servi\u00e7os de recipiente de armazenamento de alimentos em a\u00e7o inoxid\u00e1vel por atacado a pre\u00e7os de f\u00e1brica, suporte a servi\u00e7os de OEM e ODM e fornecemos op\u00e7\u00f5es de personaliza\u00e7\u00e3o ricas para atender \u00e0s suas prefer\u00eancias de marca e mercado.<\/p>","protected":false},"featured_media":4338,"comment_status":"closed","ping_status":"closed","template":"","meta":{"_acf_changed":false},"product_brand":[],"product_cat":[25],"product_tag":[],"class_list":{"0":"post-4309","1":"product","2":"type-product","3":"status-publish","4":"has-post-thumbnail","6":"product_cat-food-storage","8":"first","9":"instock","10":"shipping-taxable","11":"product-type-simple"},"acf":[],"_links":{"self":[{"href":"https:\/\/www.purecook.com\/pt\/wp-json\/wp\/v2\/product\/4309","targetHints":{"allow":["GET"]}}],"collection":[{"href":"https:\/\/www.purecook.com\/pt\/wp-json\/wp\/v2\/product"}],"about":[{"href":"https:\/\/www.purecook.com\/pt\/wp-json\/wp\/v2\/types\/product"}],"replies":[{"embeddable":true,"href":"https:\/\/www.purecook.com\/pt\/wp-json\/wp\/v2\/comments?post=4309"}],"wp:featuredmedia":[{"embeddable":true,"href":"https:\/\/www.purecook.com\/pt\/wp-json\/wp\/v2\/media\/4338"}],"wp:attachment":[{"href":"https:\/\/www.purecook.com\/pt\/wp-json\/wp\/v2\/media?parent=4309"}],"wp:term":[{"taxonomy":"product_brand","embeddable":true,"href":"https:\/\/www.purecook.com\/pt\/wp-json\/wp\/v2\/product_brand?post=4309"},{"taxonomy":"product_cat","embeddable":true,"href":"https:\/\/www.purecook.com\/pt\/wp-json\/wp\/v2\/product_cat?post=4309"},{"taxonomy":"product_tag","embeddable":true,"href":"https:\/\/www.purecook.com\/pt\/wp-json\/wp\/v2\/product_tag?post=4309"}],"curies":[{"name":"wp","href":"https:\/\/api.w.org\/{rel}","templated":true}]}}