{"id":4316,"date":"2025-08-04T17:17:14","date_gmt":"2025-08-04T09:17:14","guid":{"rendered":"https:\/\/www.purecook.com\/?post_type=product&#038;p=4316"},"modified":"2025-08-04T18:31:24","modified_gmt":"2025-08-04T10:31:24","slug":"wholesale-non-stick-woks","status":"publish","type":"product","link":"https:\/\/www.purecook.com\/pt\/product\/wholesale-non-stick-woks\/","title":{"rendered":"Woks antiaderentes por atacado - Textura em favo de mel e fundo em a\u00e7o inoxid\u00e1vel Tri-Ply"},"content":{"rendered":"<div class=\"wp-block-columns is-layout-flex wp-container-core-columns-is-layout-9d6595d7 wp-block-columns-is-layout-flex\">\n<div class=\"wp-block-column is-layout-flow wp-block-column-is-layout-flow\">\n<h3 class=\"wp-block-heading\">Par\u00e2metros da frigideira Wok de a\u00e7o inoxid\u00e1vel de tr\u00eas camadas<\/h3>\n\n\n\n<p><strong>Material: <\/strong>Tripla camada ss304<br><strong>Cor:<\/strong> Prata<br><strong>Forma: <\/strong>Circular<br><strong>tamanho: <\/strong>32cm\/34cm<br><strong>Espessura normal:<\/strong> 2,3 mm<\/p>\n<\/div>\n\n\n\n<div class=\"wp-block-column is-layout-flow wp-block-column-is-layout-flow\">\n<h3 class=\"wp-block-heading\">Op\u00e7\u00f5es de frigideira Wok em a\u00e7o inoxid\u00e1vel de tr\u00eas camadas personalizada<\/h3>\n\n\n\n<p><strong>Log\u00f3tipo:<\/strong> Personaliz\u00e1vel com o log\u00f3tipo da sua marca<br><strong>Cor:<\/strong> Personaliz\u00e1vel<br><strong>Embalagem:<\/strong>&nbsp;Caixa de cor\/caixa de cart\u00e3o, etc<\/p>\n<\/div>\n<\/div>\n\n\n\n<div class=\"wp-block-columns is-layout-flex wp-container-core-columns-is-layout-9d6595d7 wp-block-columns-is-layout-flex\">\n<div class=\"wp-block-column is-layout-flow wp-block-column-is-layout-flow\">\n<figure class=\"wp-block-image size-full\"><img decoding=\"async\" width=\"800\" height=\"800\" src=\"https:\/\/www.purecook.com\/wp-content\/uploads\/2025\/08\/wholesale-non-stick-wok\u200bs-6.webp\" alt=\"woks antiaderentes por atacado (6)\" class=\"wp-image-4365\" srcset=\"https:\/\/www.purecook.com\/wp-content\/uploads\/2025\/08\/wholesale-non-stick-wok\u200bs-6.webp 800w, https:\/\/www.purecook.com\/wp-content\/uploads\/2025\/08\/wholesale-non-stick-wok\u200bs-6-300x300.webp 300w, https:\/\/www.purecook.com\/wp-content\/uploads\/2025\/08\/wholesale-non-stick-wok\u200bs-6-150x150.webp 150w, https:\/\/www.purecook.com\/wp-content\/uploads\/2025\/08\/wholesale-non-stick-wok\u200bs-6-768x768.webp 768w, https:\/\/www.purecook.com\/wp-content\/uploads\/2025\/08\/wholesale-non-stick-wok\u200bs-6-12x12.webp 12w, https:\/\/www.purecook.com\/wp-content\/uploads\/2025\/08\/wholesale-non-stick-wok\u200bs-6-600x600.webp 600w, https:\/\/www.purecook.com\/wp-content\/uploads\/2025\/08\/wholesale-non-stick-wok\u200bs-6-100x100.webp 100w\" sizes=\"(max-width: 800px) 100vw, 800px\" \/><\/figure>\n<\/div>\n\n\n\n<div class=\"wp-block-column is-layout-flow wp-block-column-is-layout-flow\">\n<figure class=\"wp-block-image size-full\"><img decoding=\"async\" width=\"800\" height=\"800\" src=\"https:\/\/www.purecook.com\/wp-content\/uploads\/2025\/08\/wholesale-non-stick-wok\u200bs-5.webp\" alt=\"woks antiaderentes por atacado (5)\" class=\"wp-image-4364\" srcset=\"https:\/\/www.purecook.com\/wp-content\/uploads\/2025\/08\/wholesale-non-stick-wok\u200bs-5.webp 800w, https:\/\/www.purecook.com\/wp-content\/uploads\/2025\/08\/wholesale-non-stick-wok\u200bs-5-300x300.webp 300w, https:\/\/www.purecook.com\/wp-content\/uploads\/2025\/08\/wholesale-non-stick-wok\u200bs-5-150x150.webp 150w, https:\/\/www.purecook.com\/wp-content\/uploads\/2025\/08\/wholesale-non-stick-wok\u200bs-5-768x768.webp 768w, https:\/\/www.purecook.com\/wp-content\/uploads\/2025\/08\/wholesale-non-stick-wok\u200bs-5-12x12.webp 12w, https:\/\/www.purecook.com\/wp-content\/uploads\/2025\/08\/wholesale-non-stick-wok\u200bs-5-600x600.webp 600w, https:\/\/www.purecook.com\/wp-content\/uploads\/2025\/08\/wholesale-non-stick-wok\u200bs-5-100x100.webp 100w\" sizes=\"(max-width: 800px) 100vw, 800px\" \/><\/figure>\n<\/div>\n<\/div>","protected":false},"excerpt":{"rendered":"<p>Woks antiaderentes por grosso. Este wok em a\u00e7o inoxid\u00e1vel de tr\u00eas camadas apresenta uma textura em favo de mel para um excelente desempenho antiaderente. A base \u00e9 feita de a\u00e7o inoxid\u00e1vel triplo para um aquecimento uniforme excelente. A pega ergon\u00f3mica garante seguran\u00e7a e conforto. Este wok antiaderente em a\u00e7o inoxid\u00e1vel \u00e9 ideal para fritar, cozer em lume brando e dourar.<\/p>\n<p>Cozinheiro puro <a href=\"https:\/\/www.purecook.com\/pt\/categoria-produto\/cookware\/\" target=\"_blank\" rel=\"noopener\"><strong>fabricante de utens\u00edlios de cozinha<\/strong><\/a> oferece pre\u00e7os de f\u00e1brica e servi\u00e7os de personaliza\u00e7\u00e3o OEM. Contacte-nos para obter o melhor or\u00e7amento.<\/p>\n<h2>Carater\u00edsticas e vantagens do Wok antiaderente<\/h2>\n<p data-pm-slice=\"1 1 []\"><strong>Distribui\u00e7\u00e3o uniforme do calor:<\/strong> Este tipo de estrutura composta, uma camada magn\u00e9tica, uma camada condutora de calor e uma camada de revestimento antiaderente, torna a efici\u00eancia da condu\u00e7\u00e3o de calor. Ao utilizar esta estrutura, o calor \u00e9 distribu\u00eddo uniformemente em poucos segundos, evitando o desperd\u00edcio de energia, e \u00e9 adequado para fritar.<\/p>\n<p><strong>Textura em favo de mel:<\/strong> Nesta conce\u00e7\u00e3o, a \u00e1rea de contacto entre os alimentos e a superf\u00edcie da frigideira \u00e9 aumentada, o que permite uma diminui\u00e7\u00e3o da fric\u00e7\u00e3o. Por conseguinte, pode evitar a ader\u00eancia.<\/p>\n<p><strong>Pega ergon\u00f3mica:<\/strong> A curva desta panela \u00e9 ergon\u00f3mica, com o objetivo de proporcionar uma experi\u00eancia de cozedura confort\u00e1vel em circunst\u00e2ncias de alta temperatura. O objetivo da pega auxiliar, por outro lado, \u00e9 acrescentar estabilidade quando se verte l\u00edquido ou se ajusta o \u00e2ngulo.<\/p>\n<p><strong>F\u00e1cil de limpar:<\/strong> O compartimento interior em a\u00e7o inoxid\u00e1vel \u00e9 f\u00e1cil de limpar. O material duradouro garante que a frigideira wok em a\u00e7o inoxid\u00e1vel de tr\u00eas camadas \u00e9 resistente a manchas e odores, mantendo o seu aspeto limpo mesmo ap\u00f3s uma utiliza\u00e7\u00e3o prolongada.<\/p>\n<p><strong>Servi\u00e7o grossista de utens\u00edlios de cozinha:<\/strong> Como um fabricante de panelas de a\u00e7o inoxid\u00e1vel, n\u00f3s fornecemos servi\u00e7os de panela wok de a\u00e7o inoxid\u00e1vel por atacado a pre\u00e7os de f\u00e1brica, apoiamos servi\u00e7os OEM e ODM, e fornecemos op\u00e7\u00f5es de personaliza\u00e7\u00e3o ricas para atender \u00e0s suas prefer\u00eancias de marca e mercado.<\/p>","protected":false},"featured_media":4360,"comment_status":"closed","ping_status":"closed","template":"","meta":{"_acf_changed":false},"product_brand":[],"product_cat":[24,75],"product_tag":[97,98],"class_list":{"0":"post-4316","1":"product","2":"type-product","3":"status-publish","4":"has-post-thumbnail","6":"product_cat-cookware","7":"product_cat-wok","8":"product_tag-wholesale-commercial-cookware","9":"product_tag-wholesale-home-cookware","11":"first","12":"instock","13":"shipping-taxable","14":"product-type-simple"},"acf":[],"_links":{"self":[{"href":"https:\/\/www.purecook.com\/pt\/wp-json\/wp\/v2\/product\/4316","targetHints":{"allow":["GET"]}}],"collection":[{"href":"https:\/\/www.purecook.com\/pt\/wp-json\/wp\/v2\/product"}],"about":[{"href":"https:\/\/www.purecook.com\/pt\/wp-json\/wp\/v2\/types\/product"}],"replies":[{"embeddable":true,"href":"https:\/\/www.purecook.com\/pt\/wp-json\/wp\/v2\/comments?post=4316"}],"wp:featuredmedia":[{"embeddable":true,"href":"https:\/\/www.purecook.com\/pt\/wp-json\/wp\/v2\/media\/4360"}],"wp:attachment":[{"href":"https:\/\/www.purecook.com\/pt\/wp-json\/wp\/v2\/media?parent=4316"}],"wp:term":[{"taxonomy":"product_brand","embeddable":true,"href":"https:\/\/www.purecook.com\/pt\/wp-json\/wp\/v2\/product_brand?post=4316"},{"taxonomy":"product_cat","embeddable":true,"href":"https:\/\/www.purecook.com\/pt\/wp-json\/wp\/v2\/product_cat?post=4316"},{"taxonomy":"product_tag","embeddable":true,"href":"https:\/\/www.purecook.com\/pt\/wp-json\/wp\/v2\/product_tag?post=4316"}],"curies":[{"name":"wp","href":"https:\/\/api.w.org\/{rel}","templated":true}]}}