{"id":4323,"date":"2025-08-04T16:52:19","date_gmt":"2025-08-04T08:52:19","guid":{"rendered":"https:\/\/www.purecook.com\/?post_type=product&#038;p=4323"},"modified":"2025-08-04T18:31:40","modified_gmt":"2025-08-04T10:31:40","slug":"wholesale-stainless-steel-milk-pots","status":"publish","type":"product","link":"https:\/\/www.purecook.com\/pt\/product\/wholesale-stainless-steel-milk-pots\/","title":{"rendered":"Tachos para leite em a\u00e7o inoxid\u00e1vel por atacado - Pegas ergon\u00f3micas e marcas de medi\u00e7\u00e3o precisas"},"content":{"rendered":"<div class=\"wp-block-columns is-layout-flex wp-container-core-columns-is-layout-9d6595d7 wp-block-columns-is-layout-flex\">\n<div class=\"wp-block-column is-layout-flow wp-block-column-is-layout-flow\">\n<h3 class=\"wp-block-heading\">Par\u00e2metros do recipiente para leite em a\u00e7o inoxid\u00e1vel<\/h3>\n\n\n\n<p><strong>Material: <\/strong>A\u00e7o inoxid\u00e1vel SUS#304<br><strong>Cor:<\/strong> Prata<br><strong>Forma: <\/strong>Coluna<br><strong>Capacidade: <\/strong>2000ml<br><strong>Tamanho:<\/strong> 16*14cm<br><strong>Espessura normal:<\/strong> 0,6 mm<br><br><\/p>\n<\/div>\n\n\n\n<div class=\"wp-block-column is-layout-flow wp-block-column-is-layout-flow\">\n<h3 class=\"wp-block-heading\">Op\u00e7\u00f5es de leiteiras de a\u00e7o inoxid\u00e1vel personalizadas<\/h3>\n\n\n\n<p><strong>Log\u00f3tipo:<\/strong> Personaliz\u00e1vel com o log\u00f3tipo da sua marca<br><strong>Cor:<\/strong> Personaliz\u00e1vel<br><strong>Embalagem:<\/strong>&nbsp;Caixa de cor\/caixa de cart\u00e3o, etc<\/p>\n<\/div>\n<\/div>\n\n\n\n<div class=\"wp-block-columns is-layout-flex wp-container-core-columns-is-layout-9d6595d7 wp-block-columns-is-layout-flex\">\n<div class=\"wp-block-column is-layout-flow wp-block-column-is-layout-flow\">\n<figure class=\"wp-block-image size-full\"><img decoding=\"async\" width=\"800\" height=\"800\" src=\"https:\/\/www.purecook.com\/wp-content\/uploads\/2025\/08\/wholesale-stainless-steel-milk-pot-2.webp\" alt=\"leiteira de a\u00e7o inoxid\u00e1vel por atacado (2)\" class=\"wp-image-4324\" srcset=\"https:\/\/www.purecook.com\/wp-content\/uploads\/2025\/08\/wholesale-stainless-steel-milk-pot-2.webp 800w, https:\/\/www.purecook.com\/wp-content\/uploads\/2025\/08\/wholesale-stainless-steel-milk-pot-2-300x300.webp 300w, https:\/\/www.purecook.com\/wp-content\/uploads\/2025\/08\/wholesale-stainless-steel-milk-pot-2-150x150.webp 150w, https:\/\/www.purecook.com\/wp-content\/uploads\/2025\/08\/wholesale-stainless-steel-milk-pot-2-768x768.webp 768w, https:\/\/www.purecook.com\/wp-content\/uploads\/2025\/08\/wholesale-stainless-steel-milk-pot-2-12x12.webp 12w, https:\/\/www.purecook.com\/wp-content\/uploads\/2025\/08\/wholesale-stainless-steel-milk-pot-2-600x600.webp 600w, https:\/\/www.purecook.com\/wp-content\/uploads\/2025\/08\/wholesale-stainless-steel-milk-pot-2-100x100.webp 100w\" sizes=\"(max-width: 800px) 100vw, 800px\" \/><\/figure>\n<\/div>\n\n\n\n<div class=\"wp-block-column is-layout-flow wp-block-column-is-layout-flow\">\n<figure class=\"wp-block-image size-full\"><img decoding=\"async\" width=\"800\" height=\"800\" src=\"https:\/\/www.purecook.com\/wp-content\/uploads\/2025\/08\/wholesale-stainless-steel-milk-pot-4.webp\" alt=\"leiteira de a\u00e7o inoxid\u00e1vel por atacado (4)\" class=\"wp-image-4326\" srcset=\"https:\/\/www.purecook.com\/wp-content\/uploads\/2025\/08\/wholesale-stainless-steel-milk-pot-4.webp 800w, https:\/\/www.purecook.com\/wp-content\/uploads\/2025\/08\/wholesale-stainless-steel-milk-pot-4-300x300.webp 300w, https:\/\/www.purecook.com\/wp-content\/uploads\/2025\/08\/wholesale-stainless-steel-milk-pot-4-150x150.webp 150w, https:\/\/www.purecook.com\/wp-content\/uploads\/2025\/08\/wholesale-stainless-steel-milk-pot-4-768x768.webp 768w, https:\/\/www.purecook.com\/wp-content\/uploads\/2025\/08\/wholesale-stainless-steel-milk-pot-4-12x12.webp 12w, https:\/\/www.purecook.com\/wp-content\/uploads\/2025\/08\/wholesale-stainless-steel-milk-pot-4-600x600.webp 600w, https:\/\/www.purecook.com\/wp-content\/uploads\/2025\/08\/wholesale-stainless-steel-milk-pot-4-100x100.webp 100w\" sizes=\"(max-width: 800px) 100vw, 800px\" \/><\/figure>\n<\/div>\n<\/div>\n\n\n\n<div class=\"wp-block-columns is-layout-flex wp-container-core-columns-is-layout-9d6595d7 wp-block-columns-is-layout-flex\">\n<div class=\"wp-block-column is-layout-flow wp-block-column-is-layout-flow\"><\/div>\n\n\n\n<div class=\"wp-block-column is-layout-flow wp-block-column-is-layout-flow\"><\/div>\n<\/div>","protected":false},"excerpt":{"rendered":"<p>Tachos de leite altos em a\u00e7o inoxid\u00e1vel por grosso. Este pote de leite em a\u00e7o inoxid\u00e1vel apresenta um acabamento escovado suave e um design ergon\u00f3mico. A tampa de vidro transparente com uma v\u00e1lvula de seguran\u00e7a, as marca\u00e7\u00f5es precisas do volume e um bico de vazamento bem concebido s\u00e3o perfei\u00e7\u00f5es pr\u00e1ticas para ferver leite, estufar papas, etc. <\/p>\n<p>A Purecook oferece pre\u00e7os de f\u00e1brica e personaliza\u00e7\u00e3o OEM. Contacte-nos para obter o melhor or\u00e7amento de um fabricante de utens\u00edlios de cozinha fi\u00e1vel.<\/p>\n<h2>Carater\u00edsticas e vantagens dos tachos para leite em a\u00e7o inoxid\u00e1vel<\/h2>\n<p><strong>A\u00e7o inoxid\u00e1vel de qualidade alimentar:<\/strong> Fabricado em a\u00e7o inoxid\u00e1vel 304, cumpre as normas de qualidade alimentar e \u00e9 muito adequado para conter leite, papas e outros alimentos.<\/p>\n<p><strong>Cabo ergon\u00f3mico:<\/strong> Fixada por rebites duplos. Concebida para se adaptar \u00e0 curva natural da sua m\u00e3o para uma pega ergon\u00f3mica.<\/p>\n<p><strong>Tampa de vidro transparente com v\u00e1lvula de seguran\u00e7a:<\/strong> \u00c9 constru\u00eddo em vidro temperado transparente e permite-lhe ver visualmente o processo de cozedura. Evita a cozedura excessiva e mant\u00e9m a temperatura sob controlo. A v\u00e1lvula de seguran\u00e7a oferece um m\u00e9todo f\u00e1cil de liberta\u00e7\u00e3o segura de vapor, igualando as press\u00f5es interna e externa para evitar o transbordo e uma cozedura segura.<\/p>\n<p><strong>Escala exacta:<\/strong> Determina facilmente o volume de leite e de caf\u00e9. Tamb\u00e9m \u00e9 muito adequado para quem est\u00e1 a fazer dieta ou para os entusiastas da boa forma f\u00edsica, para ajudar a controlar a ingest\u00e3o di\u00e1ria.<\/p>\n<p><strong>Servi\u00e7o grossista de potes de leite:<\/strong> Como um a\u00e7o inoxid\u00e1vel <a href=\"https:\/\/www.purecook.com\/pt\/categoria-produto\/cookware\/\" target=\"_blank\" rel=\"noopener\"><strong>fabricante de utens\u00edlios de cozinha<\/strong><\/a>A nossa empresa fornece servi\u00e7os de venda por grosso de potes de leite em a\u00e7o inoxid\u00e1vel a pre\u00e7os de f\u00e1brica, apoia servi\u00e7os OEM e ODM e fornece op\u00e7\u00f5es de personaliza\u00e7\u00e3o ricas para se adequar \u00e0 sua marca e prefer\u00eancias de mercado.<\/p>","protected":false},"featured_media":4330,"comment_status":"closed","ping_status":"closed","template":"","meta":{"_acf_changed":false},"product_brand":[],"product_cat":[24,80],"product_tag":[98],"class_list":{"0":"post-4323","1":"product","2":"type-product","3":"status-publish","4":"has-post-thumbnail","6":"product_cat-cookware","7":"product_cat-milk-pot","8":"product_tag-wholesale-home-cookware","10":"first","11":"instock","12":"shipping-taxable","13":"product-type-simple"},"acf":[],"_links":{"self":[{"href":"https:\/\/www.purecook.com\/pt\/wp-json\/wp\/v2\/product\/4323","targetHints":{"allow":["GET"]}}],"collection":[{"href":"https:\/\/www.purecook.com\/pt\/wp-json\/wp\/v2\/product"}],"about":[{"href":"https:\/\/www.purecook.com\/pt\/wp-json\/wp\/v2\/types\/product"}],"replies":[{"embeddable":true,"href":"https:\/\/www.purecook.com\/pt\/wp-json\/wp\/v2\/comments?post=4323"}],"wp:featuredmedia":[{"embeddable":true,"href":"https:\/\/www.purecook.com\/pt\/wp-json\/wp\/v2\/media\/4330"}],"wp:attachment":[{"href":"https:\/\/www.purecook.com\/pt\/wp-json\/wp\/v2\/media?parent=4323"}],"wp:term":[{"taxonomy":"product_brand","embeddable":true,"href":"https:\/\/www.purecook.com\/pt\/wp-json\/wp\/v2\/product_brand?post=4323"},{"taxonomy":"product_cat","embeddable":true,"href":"https:\/\/www.purecook.com\/pt\/wp-json\/wp\/v2\/product_cat?post=4323"},{"taxonomy":"product_tag","embeddable":true,"href":"https:\/\/www.purecook.com\/pt\/wp-json\/wp\/v2\/product_tag?post=4323"}],"curies":[{"name":"wp","href":"https:\/\/api.w.org\/{rel}","templated":true}]}}