{"id":4331,"date":"2025-08-04T16:25:48","date_gmt":"2025-08-04T08:25:48","guid":{"rendered":"https:\/\/www.purecook.com\/?post_type=product&#038;p=4331"},"modified":"2025-08-04T18:32:01","modified_gmt":"2025-08-04T10:32:01","slug":"wholesale-stainless-steel-jam-pots","status":"publish","type":"product","link":"https:\/\/www.purecook.com\/pt\/product\/wholesale-stainless-steel-jam-pots\/","title":{"rendered":"Potes de compota de a\u00e7o inoxid\u00e1vel por atacado - Grande capacidade e pega confort\u00e1vel"},"content":{"rendered":"<div class=\"wp-block-columns is-layout-flex wp-container-core-columns-is-layout-9d6595d7 wp-block-columns-is-layout-flex\">\n<div class=\"wp-block-column is-layout-flow wp-block-column-is-layout-flow\">\n<h3 class=\"wp-block-heading\">Par\u00e2metros do pote de compota de a\u00e7o inoxid\u00e1vel<\/h3>\n\n\n\n<p><strong>Material: <\/strong>SS201<br><strong>Cor:<\/strong> Prata<br><strong>Espessura normal: <\/strong>0,6 mm<br><strong>Fundo:<\/strong> Fundo Sandu\u00edche de Indu\u00e7\u00e3o (SUS+1mm Alu+SUS)<br><strong>Peso bruto: <\/strong>Menos de 1 kg por pe\u00e7a<br><br><\/p>\n<\/div>\n\n\n\n<div class=\"wp-block-column is-layout-flow wp-block-column-is-layout-flow\">\n<h3 class=\"wp-block-heading\">Op\u00e7\u00f5es de potes de compota personalizados<\/h3>\n\n\n\n<p><strong>Log\u00f3tipo:<\/strong> Personaliz\u00e1vel com o log\u00f3tipo da sua marca<br><strong>Cor:<\/strong> Personaliz\u00e1vel<br><strong>Embalagem:<\/strong>&nbsp;Caixa de cor\/caixa de cart\u00e3o, etc<\/p>\n<\/div>\n<\/div>\n\n\n\n<div class=\"wp-block-columns is-layout-flex wp-container-core-columns-is-layout-9d6595d7 wp-block-columns-is-layout-flex\">\n<div class=\"wp-block-column is-layout-flow wp-block-column-is-layout-flow\">\n<figure class=\"wp-block-image size-full\"><img decoding=\"async\" width=\"800\" height=\"800\" src=\"https:\/\/www.purecook.com\/wp-content\/uploads\/2025\/08\/wholesale-stainless-steel-jam-pot.webp\" alt=\"pote de compota de a\u00e7o inoxid\u00e1vel por atacado\" class=\"wp-image-4337\" srcset=\"https:\/\/www.purecook.com\/wp-content\/uploads\/2025\/08\/wholesale-stainless-steel-jam-pot.webp 800w, https:\/\/www.purecook.com\/wp-content\/uploads\/2025\/08\/wholesale-stainless-steel-jam-pot-300x300.webp 300w, https:\/\/www.purecook.com\/wp-content\/uploads\/2025\/08\/wholesale-stainless-steel-jam-pot-150x150.webp 150w, https:\/\/www.purecook.com\/wp-content\/uploads\/2025\/08\/wholesale-stainless-steel-jam-pot-768x768.webp 768w, https:\/\/www.purecook.com\/wp-content\/uploads\/2025\/08\/wholesale-stainless-steel-jam-pot-12x12.webp 12w, https:\/\/www.purecook.com\/wp-content\/uploads\/2025\/08\/wholesale-stainless-steel-jam-pot-600x600.webp 600w, https:\/\/www.purecook.com\/wp-content\/uploads\/2025\/08\/wholesale-stainless-steel-jam-pot-100x100.webp 100w\" sizes=\"(max-width: 800px) 100vw, 800px\" \/><\/figure>\n<\/div>\n\n\n\n<div class=\"wp-block-column is-layout-flow wp-block-column-is-layout-flow\">\n<figure class=\"wp-block-image size-full\"><img decoding=\"async\" width=\"800\" height=\"800\" src=\"https:\/\/www.purecook.com\/wp-content\/uploads\/2025\/08\/wholesale-stainless-steel-jam-pot-3.webp\" alt=\"pote de compota de a\u00e7o inoxid\u00e1vel por atacado (3)\" class=\"wp-image-4333\" srcset=\"https:\/\/www.purecook.com\/wp-content\/uploads\/2025\/08\/wholesale-stainless-steel-jam-pot-3.webp 800w, https:\/\/www.purecook.com\/wp-content\/uploads\/2025\/08\/wholesale-stainless-steel-jam-pot-3-300x300.webp 300w, https:\/\/www.purecook.com\/wp-content\/uploads\/2025\/08\/wholesale-stainless-steel-jam-pot-3-150x150.webp 150w, https:\/\/www.purecook.com\/wp-content\/uploads\/2025\/08\/wholesale-stainless-steel-jam-pot-3-768x768.webp 768w, https:\/\/www.purecook.com\/wp-content\/uploads\/2025\/08\/wholesale-stainless-steel-jam-pot-3-12x12.webp 12w, https:\/\/www.purecook.com\/wp-content\/uploads\/2025\/08\/wholesale-stainless-steel-jam-pot-3-600x600.webp 600w, https:\/\/www.purecook.com\/wp-content\/uploads\/2025\/08\/wholesale-stainless-steel-jam-pot-3-100x100.webp 100w\" sizes=\"(max-width: 800px) 100vw, 800px\" \/><\/figure>\n<\/div>\n<\/div>\n\n\n\n<div class=\"wp-block-columns is-layout-flex wp-container-core-columns-is-layout-9d6595d7 wp-block-columns-is-layout-flex\">\n<div class=\"wp-block-column is-layout-flow wp-block-column-is-layout-flow\"><\/div>\n\n\n\n<div class=\"wp-block-column is-layout-flow wp-block-column-is-layout-flow\"><\/div>\n<\/div>","protected":false},"excerpt":{"rendered":"<p>Frascos para compotas em a\u00e7o inoxid\u00e1vel por atacado. Estes frascos s\u00e3o perfeitos para fazer compotas, geleias e molhos. Apresentam uma constru\u00e7\u00e3o robusta para maior durabilidade. A sua grande capacidade permite-lhe fazer grandes quantidades de compotas, geleias, molhos e outras conservas. Oferecemos frascos para compotas a granel a pre\u00e7os competitivos. Contacte-nos.<\/p>\n<h2>Carater\u00edsticas e vantagens dos tachos para compotas em a\u00e7o inoxid\u00e1vel<\/h2>\n<p><strong>Material de qualidade alimentar:<\/strong> Fabricado em a\u00e7o inoxid\u00e1vel de primeira qualidade, este tacho para compota tem carater\u00edsticas duradouras de resist\u00eancia \u00e0 corros\u00e3o e \u00e0 ferrugem. A superf\u00edcie elegante acrescenta ainda um atrativo est\u00e9tico \u00e0 sua cozinha.<\/p>\n<p><strong>Pegas ergon\u00f3micas:<\/strong> A pega met\u00e1lica foi fixada por rebites duplos para aumentar a resist\u00eancia e a durabilidade. A pega do torno, por outro lado, actua como um apoio e equil\u00edbrio extra. Este design pode reduzir significativamente os acidentes durante o vazamento, para sua seguran\u00e7a.<\/p>\n<p><strong>F\u00e1cil de limpar:<\/strong> Com a sua boca de panela aberta, \u00e9 f\u00e1cil limpar o seu interior. Al\u00e9m disso, devido ao seu material de primeira qualidade, pode ser limpo com um simples pano.<\/p>\n<p><strong>Suporta v\u00e1rias placas de fog\u00e3o:<\/strong> O frasco de compota em a\u00e7o inoxid\u00e1vel adopta uma base de tr\u00eas camadas para garantir um aquecimento uniforme e \u00e9 compat\u00edvel com v\u00e1rias fontes de calor, incluindo fog\u00f5es a g\u00e1s, fog\u00f5es el\u00e9ctricos e fog\u00f5es de indu\u00e7\u00e3o.<\/p>\n<p><strong>Servi\u00e7o grossista de potes de compota:<\/strong> Como um fabricante de pote de gel\u00e9ia de a\u00e7o inoxid\u00e1vel, n\u00f3s fornecemos servi\u00e7os de pote de gel\u00e9ia de a\u00e7o inoxid\u00e1vel por atacado a pre\u00e7os de f\u00e1brica, suporte a servi\u00e7os OEM e ODM, e fornecer op\u00e7\u00f5es de personaliza\u00e7\u00e3o ricos para atender a sua marca e prefer\u00eancias de mercado.<\/p>","protected":false},"featured_media":4336,"comment_status":"closed","ping_status":"closed","template":"","meta":{"_acf_changed":false},"product_brand":[],"product_cat":[24,101],"product_tag":[97,98],"class_list":{"0":"post-4331","1":"product","2":"type-product","3":"status-publish","4":"has-post-thumbnail","6":"product_cat-cookware","7":"product_cat-wholesale-jam-pots","8":"product_tag-wholesale-commercial-cookware","9":"product_tag-wholesale-home-cookware","11":"first","12":"instock","13":"shipping-taxable","14":"product-type-simple"},"acf":[],"_links":{"self":[{"href":"https:\/\/www.purecook.com\/pt\/wp-json\/wp\/v2\/product\/4331","targetHints":{"allow":["GET"]}}],"collection":[{"href":"https:\/\/www.purecook.com\/pt\/wp-json\/wp\/v2\/product"}],"about":[{"href":"https:\/\/www.purecook.com\/pt\/wp-json\/wp\/v2\/types\/product"}],"replies":[{"embeddable":true,"href":"https:\/\/www.purecook.com\/pt\/wp-json\/wp\/v2\/comments?post=4331"}],"wp:featuredmedia":[{"embeddable":true,"href":"https:\/\/www.purecook.com\/pt\/wp-json\/wp\/v2\/media\/4336"}],"wp:attachment":[{"href":"https:\/\/www.purecook.com\/pt\/wp-json\/wp\/v2\/media?parent=4331"}],"wp:term":[{"taxonomy":"product_brand","embeddable":true,"href":"https:\/\/www.purecook.com\/pt\/wp-json\/wp\/v2\/product_brand?post=4331"},{"taxonomy":"product_cat","embeddable":true,"href":"https:\/\/www.purecook.com\/pt\/wp-json\/wp\/v2\/product_cat?post=4331"},{"taxonomy":"product_tag","embeddable":true,"href":"https:\/\/www.purecook.com\/pt\/wp-json\/wp\/v2\/product_tag?post=4331"}],"curies":[{"name":"wp","href":"https:\/\/api.w.org\/{rel}","templated":true}]}}