{"id":4352,"date":"2025-08-04T17:29:58","date_gmt":"2025-08-04T09:29:58","guid":{"rendered":"https:\/\/www.purecook.com\/?post_type=product&#038;p=4352"},"modified":"2025-08-04T18:31:08","modified_gmt":"2025-08-04T10:31:08","slug":"wholesale-stainless-steel-stock-pots","status":"publish","type":"product","link":"https:\/\/www.purecook.com\/pt\/product\/wholesale-stainless-steel-stock-pots\/","title":{"rendered":"Panelas de a\u00e7o inoxid\u00e1vel por atacado - Grande capacidade e dur\u00e1vel"},"content":{"rendered":"<div class=\"wp-block-columns is-layout-flex wp-container-core-columns-is-layout-9d6595d7 wp-block-columns-is-layout-flex\">\n<div class=\"wp-block-column is-layout-flow wp-block-column-is-layout-flow\">\n<h3 class=\"wp-block-heading\">Par\u00e2metros dos tachos de a\u00e7o inoxid\u00e1vel<\/h3>\n\n\n\n<p><strong>Material:<\/strong> SS201<br><strong>Cor:<\/strong> Prata<br><strong>Forma: <\/strong>Coluna<br><strong>Di\u00e2metro: <\/strong>24cm\/26cm\/28cm<br><strong>Altura:<\/strong> 14,5 cm<br><strong>Peso bruto: <\/strong>15,6 kg por pe\u00e7a<br><br><\/p>\n<\/div>\n\n\n\n<div class=\"wp-block-column is-layout-flow wp-block-column-is-layout-flow\">\n<h3 class=\"wp-block-heading\">Op\u00e7\u00f5es personalizadas de potes de stock<\/h3>\n\n\n\n<p><strong>Log\u00f3tipo:<\/strong> Personaliz\u00e1vel com o log\u00f3tipo da sua marca<br><strong>Cor:<\/strong> Personaliz\u00e1vel<br><strong>Embalagem:<\/strong>&nbsp;Caixa de cor\/caixa de cart\u00e3o, etc<\/p>\n<\/div>\n<\/div>\n\n\n\n<div class=\"wp-block-columns is-layout-flex wp-container-core-columns-is-layout-9d6595d7 wp-block-columns-is-layout-flex\">\n<div class=\"wp-block-column is-layout-flow wp-block-column-is-layout-flow\">\n<figure class=\"wp-block-image size-full\"><img decoding=\"async\" width=\"800\" height=\"800\" src=\"https:\/\/www.purecook.com\/wp-content\/uploads\/2025\/08\/wholesale-stainless-steel-stock-pot-6.webp\" alt=\"panela de caldo de a\u00e7o inoxid\u00e1vel por atacado (6)\" class=\"wp-image-4357\" srcset=\"https:\/\/www.purecook.com\/wp-content\/uploads\/2025\/08\/wholesale-stainless-steel-stock-pot-6.webp 800w, https:\/\/www.purecook.com\/wp-content\/uploads\/2025\/08\/wholesale-stainless-steel-stock-pot-6-300x300.webp 300w, https:\/\/www.purecook.com\/wp-content\/uploads\/2025\/08\/wholesale-stainless-steel-stock-pot-6-150x150.webp 150w, https:\/\/www.purecook.com\/wp-content\/uploads\/2025\/08\/wholesale-stainless-steel-stock-pot-6-768x768.webp 768w, https:\/\/www.purecook.com\/wp-content\/uploads\/2025\/08\/wholesale-stainless-steel-stock-pot-6-12x12.webp 12w, https:\/\/www.purecook.com\/wp-content\/uploads\/2025\/08\/wholesale-stainless-steel-stock-pot-6-600x600.webp 600w, https:\/\/www.purecook.com\/wp-content\/uploads\/2025\/08\/wholesale-stainless-steel-stock-pot-6-100x100.webp 100w\" sizes=\"(max-width: 800px) 100vw, 800px\" \/><\/figure>\n<\/div>\n\n\n\n<div class=\"wp-block-column is-layout-flow wp-block-column-is-layout-flow\">\n<figure class=\"wp-block-image size-full\"><img decoding=\"async\" width=\"800\" height=\"800\" src=\"https:\/\/www.purecook.com\/wp-content\/uploads\/2025\/08\/wholesale-stainless-steel-stock-pot-2.webp\" alt=\"panela de caldo de a\u00e7o inoxid\u00e1vel por atacado (2)\" class=\"wp-image-4353\" srcset=\"https:\/\/www.purecook.com\/wp-content\/uploads\/2025\/08\/wholesale-stainless-steel-stock-pot-2.webp 800w, https:\/\/www.purecook.com\/wp-content\/uploads\/2025\/08\/wholesale-stainless-steel-stock-pot-2-300x300.webp 300w, https:\/\/www.purecook.com\/wp-content\/uploads\/2025\/08\/wholesale-stainless-steel-stock-pot-2-150x150.webp 150w, https:\/\/www.purecook.com\/wp-content\/uploads\/2025\/08\/wholesale-stainless-steel-stock-pot-2-768x768.webp 768w, https:\/\/www.purecook.com\/wp-content\/uploads\/2025\/08\/wholesale-stainless-steel-stock-pot-2-12x12.webp 12w, https:\/\/www.purecook.com\/wp-content\/uploads\/2025\/08\/wholesale-stainless-steel-stock-pot-2-600x600.webp 600w, https:\/\/www.purecook.com\/wp-content\/uploads\/2025\/08\/wholesale-stainless-steel-stock-pot-2-100x100.webp 100w\" sizes=\"(max-width: 800px) 100vw, 800px\" \/><\/figure>\n<\/div>\n<\/div>\n\n\n\n<div class=\"wp-block-columns is-layout-flex wp-container-core-columns-is-layout-9d6595d7 wp-block-columns-is-layout-flex\">\n<div class=\"wp-block-column is-layout-flow wp-block-column-is-layout-flow\"><\/div>\n\n\n\n<div class=\"wp-block-column is-layout-flow wp-block-column-is-layout-flow\"><\/div>\n<\/div>","protected":false},"excerpt":{"rendered":"<p>Panela de a\u00e7o inoxid\u00e1vel por grosso. Fabricada em a\u00e7o inoxid\u00e1vel de alta qualidade, esta panela tem um design elegante e duradouro. A tampa de encaixe preciso ajuda a fixar a ess\u00eancia dos ingredientes, tornando-a ideal para cozedura lenta, sopas e guisados. A grande capacidade torna-a perfeita tanto para uso comercial como familiar.<\/p>\n<p>Cozinheiro puro <a href=\"https:\/\/www.purecook.com\/pt\/categoria-produto\/cookware\/\" target=\"_blank\" rel=\"noopener\"><strong>fabricante de utens\u00edlios de cozinha<\/strong> <\/a>oferece pre\u00e7os de f\u00e1brica e servi\u00e7os de personaliza\u00e7\u00e3o OEM. Contacte-nos para obter a melhor cota\u00e7\u00e3o do fabricante de utens\u00edlios de cozinha fi\u00e1vel.<\/p>\n<h2>Carater\u00edsticas e vantagens dos tachos de a\u00e7o inoxid\u00e1vel<\/h2>\n<p><strong>Material de qualidade superior:\u00a0<\/strong>O material desta panela \u00e9 o a\u00e7o inoxid\u00e1vel de alta qualidade. Este material permite que o produto seja liso e sem rebarbas ou imperfei\u00e7\u00f5es.<\/p>\n<p><strong>Tampa de precis\u00e3o:<\/strong> Quando fechada, encaixa exatamente na panela. Mantendo a humidade e o sabor das suas refei\u00e7\u00f5es. Al\u00e9m disso, a v\u00e1lvula pode libertar eficazmente o vapor, tornando a cozedura mais segura e controlada.<\/p>\n<p><strong>Pegas f\u00e1ceis de utilizar:<\/strong> A pega met\u00e1lica curva proporciona uma ader\u00eancia confort\u00e1vel e garante a seguran\u00e7a. Para evitar queimaduras durante o manuseamento.<\/p>\n<p><strong>F\u00e1cil de limpar:<\/strong> A superf\u00edcie de a\u00e7o inoxid\u00e1vel evita que os res\u00edduos de alimentos se colem e \u00e9, por isso, muito f\u00e1cil de limpar; basta um simples enxaguamento com \u00e1gua e detergente.<\/p>\n<p><strong>Servi\u00e7o grossista de vasos de stock:<\/strong> Como fabricante de panelas de a\u00e7o inoxid\u00e1vel, fornecemos servi\u00e7os de panela de a\u00e7o inoxid\u00e1vel por atacado a pre\u00e7os de f\u00e1brica, apoiamos servi\u00e7os OEM e ODM e fornecemos op\u00e7\u00f5es de personaliza\u00e7\u00e3o ricas para atender \u00e0s suas prefer\u00eancias de marca e mercado.<\/p>","protected":false},"featured_media":4358,"comment_status":"closed","ping_status":"closed","template":"","meta":{"_acf_changed":false},"product_brand":[],"product_cat":[24,70],"product_tag":[97],"class_list":{"0":"post-4352","1":"product","2":"type-product","3":"status-publish","4":"has-post-thumbnail","6":"product_cat-cookware","7":"product_cat-soup-and-stock-pots","8":"product_tag-wholesale-commercial-cookware","10":"first","11":"instock","12":"shipping-taxable","13":"product-type-simple"},"acf":[],"_links":{"self":[{"href":"https:\/\/www.purecook.com\/pt\/wp-json\/wp\/v2\/product\/4352","targetHints":{"allow":["GET"]}}],"collection":[{"href":"https:\/\/www.purecook.com\/pt\/wp-json\/wp\/v2\/product"}],"about":[{"href":"https:\/\/www.purecook.com\/pt\/wp-json\/wp\/v2\/types\/product"}],"replies":[{"embeddable":true,"href":"https:\/\/www.purecook.com\/pt\/wp-json\/wp\/v2\/comments?post=4352"}],"wp:featuredmedia":[{"embeddable":true,"href":"https:\/\/www.purecook.com\/pt\/wp-json\/wp\/v2\/media\/4358"}],"wp:attachment":[{"href":"https:\/\/www.purecook.com\/pt\/wp-json\/wp\/v2\/media?parent=4352"}],"wp:term":[{"taxonomy":"product_brand","embeddable":true,"href":"https:\/\/www.purecook.com\/pt\/wp-json\/wp\/v2\/product_brand?post=4352"},{"taxonomy":"product_cat","embeddable":true,"href":"https:\/\/www.purecook.com\/pt\/wp-json\/wp\/v2\/product_cat?post=4352"},{"taxonomy":"product_tag","embeddable":true,"href":"https:\/\/www.purecook.com\/pt\/wp-json\/wp\/v2\/product_tag?post=4352"}],"curies":[{"name":"wp","href":"https:\/\/api.w.org\/{rel}","templated":true}]}}