{"id":4366,"date":"2025-08-04T17:45:19","date_gmt":"2025-08-04T09:45:19","guid":{"rendered":"https:\/\/www.purecook.com\/?post_type=product&#038;p=4366"},"modified":"2025-08-21T11:09:24","modified_gmt":"2025-08-21T03:09:24","slug":"wholesale-stainless-steel-double-ended-whisks","status":"publish","type":"product","link":"https:\/\/www.purecook.com\/pt\/product\/wholesale-stainless-steel-double-ended-whisks\/","title":{"rendered":"Batedor de ovos por atacado - Batedor de arestas duplas em a\u00e7o inoxid\u00e1vel"},"content":{"rendered":"<div class=\"wp-block-columns is-layout-flex wp-container-core-columns-is-layout-9d6595d7 wp-block-columns-is-layout-flex\">\n<div class=\"wp-block-column is-layout-flow wp-block-column-is-layout-flow\">\n<h3 class=\"wp-block-heading\">Par\u00e2metros do batedor de ovos <\/h3>\n\n\n\n<p><strong>Material:<\/strong> A\u00e7o inoxid\u00e1vel 304<br><strong>Log\u00f3tipo:<\/strong> Serigrafia\/grava\u00e7\u00e3o a laser\/estampagem em relevo<br><strong>Cor:<\/strong> Prata<br><strong>Tamanho: <\/strong>20 cm<br><strong>Peso bruto: <\/strong>Menos de 50g por pe\u00e7a<\/p>\n<\/div>\n\n\n\n<div class=\"wp-block-column is-layout-flow wp-block-column-is-layout-flow\">\n<h3 class=\"wp-block-heading\">Op\u00e7\u00f5es de batedores de ovos personalizados<\/h3>\n\n\n\n<p><strong>Log\u00f3tipo:<\/strong> Personaliz\u00e1vel com o log\u00f3tipo da sua marca<br><strong>Embalagem:<\/strong>\u00a0Caixa de cor\/caixa de cart\u00e3o, etc<\/p>\n<\/div>\n<\/div>\n\n\n\n<div class=\"wp-block-columns is-layout-flex wp-container-core-columns-is-layout-9d6595d7 wp-block-columns-is-layout-flex\">\n<div class=\"wp-block-column is-layout-flow wp-block-column-is-layout-flow\">\n<figure class=\"wp-block-image size-full\"><img decoding=\"async\" width=\"800\" height=\"800\" src=\"https:\/\/www.purecook.com\/wp-content\/uploads\/2025\/08\/wholesale-egg-whisk-1.webp\" alt=\"batedor de ovos por atacado (1)\" class=\"wp-image-4562\" srcset=\"https:\/\/www.purecook.com\/wp-content\/uploads\/2025\/08\/wholesale-egg-whisk-1.webp 800w, https:\/\/www.purecook.com\/wp-content\/uploads\/2025\/08\/wholesale-egg-whisk-1-300x300.webp 300w, https:\/\/www.purecook.com\/wp-content\/uploads\/2025\/08\/wholesale-egg-whisk-1-150x150.webp 150w, https:\/\/www.purecook.com\/wp-content\/uploads\/2025\/08\/wholesale-egg-whisk-1-768x768.webp 768w, https:\/\/www.purecook.com\/wp-content\/uploads\/2025\/08\/wholesale-egg-whisk-1-12x12.webp 12w, https:\/\/www.purecook.com\/wp-content\/uploads\/2025\/08\/wholesale-egg-whisk-1-600x600.webp 600w, https:\/\/www.purecook.com\/wp-content\/uploads\/2025\/08\/wholesale-egg-whisk-1-100x100.webp 100w\" sizes=\"(max-width: 800px) 100vw, 800px\" \/><\/figure>\n<\/div>\n\n\n\n<div class=\"wp-block-column is-layout-flow wp-block-column-is-layout-flow\">\n<figure class=\"wp-block-image size-full\"><img decoding=\"async\" width=\"800\" height=\"800\" src=\"https:\/\/www.purecook.com\/wp-content\/uploads\/2025\/08\/wholesale-egg-whisk-2.webp\" alt=\"batedor de ovos por atacado (2)\" class=\"wp-image-4563\" srcset=\"https:\/\/www.purecook.com\/wp-content\/uploads\/2025\/08\/wholesale-egg-whisk-2.webp 800w, https:\/\/www.purecook.com\/wp-content\/uploads\/2025\/08\/wholesale-egg-whisk-2-300x300.webp 300w, https:\/\/www.purecook.com\/wp-content\/uploads\/2025\/08\/wholesale-egg-whisk-2-150x150.webp 150w, https:\/\/www.purecook.com\/wp-content\/uploads\/2025\/08\/wholesale-egg-whisk-2-768x768.webp 768w, https:\/\/www.purecook.com\/wp-content\/uploads\/2025\/08\/wholesale-egg-whisk-2-12x12.webp 12w, https:\/\/www.purecook.com\/wp-content\/uploads\/2025\/08\/wholesale-egg-whisk-2-600x600.webp 600w, https:\/\/www.purecook.com\/wp-content\/uploads\/2025\/08\/wholesale-egg-whisk-2-100x100.webp 100w\" sizes=\"(max-width: 800px) 100vw, 800px\" \/><\/figure>\n<\/div>\n<\/div>","protected":false},"excerpt":{"rendered":"<p>Este batedor de ovos com duas extremidades \u00e9 fabricado em a\u00e7o inoxid\u00e1vel de alta qualidade. O seu design sim\u00e9trico \u00fanico permite uma utiliza\u00e7\u00e3o f\u00e1cil, permitindo-lhe mudar de extremidade sem limpar. \u00c9 uma ferramenta eficiente e que poupa espa\u00e7o, adequada para uma variedade de tarefas na cozinha.<\/p>\n<h2>Carater\u00edsticas dos batedores de ponta dupla em a\u00e7o inoxid\u00e1vel<\/h2>\n<p><strong>C\u00f3modo e eficiente:<\/strong> O batedor com duas extremidades pode efetuar v\u00e1rias tarefas de mistura em simult\u00e2neo. Se estiver a utilizar a outra extremidade para um ingrediente diferente, pode mudar rapidamente para a extremidade limpa sem ter de limpar o batedor a meio da tarefa.<\/p>\n<p><strong>Economia de espa\u00e7o:<\/strong> Possui dois batedores num \u00fanico aparelho, ajudando a reduzir a desordem nas gavetas da cozinha.<\/p>\n<p><strong>Higi\u00e9nico e f\u00e1cil de limpar:<\/strong> Fabricado em a\u00e7o inoxid\u00e1vel 304, o batedor de dupla extremidade n\u00e3o absorve facilmente os odores ou sabores dos alimentos. O batedor de a\u00e7o inoxid\u00e1vel \u00e9 tamb\u00e9m muito f\u00e1cil de limpar e pode ser lavado na m\u00e1quina de lavar loi\u00e7a.<\/p>\n<p><strong>Resistente ao calor:<\/strong> O a\u00e7o inoxid\u00e1vel suporta temperaturas elevadas e pode ser utilizado com seguran\u00e7a para misturar molhos ou molhos sem risco de derreter ou deformar.<\/p>","protected":false},"featured_media":4562,"comment_status":"closed","ping_status":"closed","template":"","meta":{"_acf_changed":false},"product_brand":[],"product_cat":[52],"product_tag":[],"class_list":{"0":"post-4366","1":"product","2":"type-product","3":"status-publish","4":"has-post-thumbnail","6":"product_cat-kitchen-utensils","8":"first","9":"instock","10":"shipping-taxable","11":"product-type-simple"},"acf":[],"_links":{"self":[{"href":"https:\/\/www.purecook.com\/pt\/wp-json\/wp\/v2\/product\/4366","targetHints":{"allow":["GET"]}}],"collection":[{"href":"https:\/\/www.purecook.com\/pt\/wp-json\/wp\/v2\/product"}],"about":[{"href":"https:\/\/www.purecook.com\/pt\/wp-json\/wp\/v2\/types\/product"}],"replies":[{"embeddable":true,"href":"https:\/\/www.purecook.com\/pt\/wp-json\/wp\/v2\/comments?post=4366"}],"wp:featuredmedia":[{"embeddable":true,"href":"https:\/\/www.purecook.com\/pt\/wp-json\/wp\/v2\/media\/4562"}],"wp:attachment":[{"href":"https:\/\/www.purecook.com\/pt\/wp-json\/wp\/v2\/media?parent=4366"}],"wp:term":[{"taxonomy":"product_brand","embeddable":true,"href":"https:\/\/www.purecook.com\/pt\/wp-json\/wp\/v2\/product_brand?post=4366"},{"taxonomy":"product_cat","embeddable":true,"href":"https:\/\/www.purecook.com\/pt\/wp-json\/wp\/v2\/product_cat?post=4366"},{"taxonomy":"product_tag","embeddable":true,"href":"https:\/\/www.purecook.com\/pt\/wp-json\/wp\/v2\/product_tag?post=4366"}],"curies":[{"name":"wp","href":"https:\/\/api.w.org\/{rel}","templated":true}]}}