{"id":4367,"date":"2025-08-04T17:53:59","date_gmt":"2025-08-04T09:53:59","guid":{"rendered":"https:\/\/www.purecook.com\/?post_type=product&#038;p=4367"},"modified":"2025-08-04T18:26:08","modified_gmt":"2025-08-04T10:26:08","slug":"wholesale-stainless-steel-colander-sets","status":"publish","type":"product","link":"https:\/\/www.purecook.com\/pt\/product\/wholesale-stainless-steel-colander-sets\/","title":{"rendered":"Conjuntos de coador de a\u00e7o inoxid\u00e1vel por atacado, tigelas de lavagem de arroz a granel - Poros ultrafinos"},"content":{"rendered":"<div class=\"wp-block-columns is-layout-flex wp-container-core-columns-is-layout-9d6595d7 wp-block-columns-is-layout-flex\">\n<div class=\"wp-block-column is-layout-flow wp-block-column-is-layout-flow\">\n<h3 class=\"wp-block-heading\">Par\u00e2metros do conjunto de coadores de a\u00e7o inoxid\u00e1vel<\/h3>\n\n\n\n<p><strong>Material:<\/strong> SS304<br><strong>Cor:<\/strong> Prata<br><strong>Espessura:<\/strong> 0,5 mm<br><strong>Tamanho:<\/strong> 25,5 cm<br><strong>Peso bruto: <\/strong>Menos de 1 kg por pe\u00e7a<\/p>\n<\/div>\n\n\n\n<div class=\"wp-block-column is-layout-flow wp-block-column-is-layout-flow\">\n<h3 class=\"wp-block-heading\">Op\u00e7\u00f5es personalizadas de potes de stock<\/h3>\n\n\n\n<p><strong>Log\u00f3tipo:<\/strong> Personaliz\u00e1vel com o log\u00f3tipo da sua marca<br><strong>Cor:<\/strong> Personaliz\u00e1vel<br><strong>Embalagem:<\/strong>&nbsp;Caixa de cor\/caixa de cart\u00e3o, etc<br><strong>MOQ: <\/strong>1000 unidades<\/p>\n<\/div>\n<\/div>\n\n\n\n<div class=\"wp-block-columns is-layout-flex wp-container-core-columns-is-layout-9d6595d7 wp-block-columns-is-layout-flex\">\n<div class=\"wp-block-column is-layout-flow wp-block-column-is-layout-flow\">\n<figure class=\"wp-block-image size-full\"><img decoding=\"async\" width=\"800\" height=\"800\" src=\"https:\/\/www.purecook.com\/wp-content\/uploads\/2025\/08\/wholesale-stainless-steel-colander-sets-6.webp\" alt=\"conjuntos de escorredores de a\u00e7o inoxid\u00e1vel por atacado (6)\" class=\"wp-image-4373\" srcset=\"https:\/\/www.purecook.com\/wp-content\/uploads\/2025\/08\/wholesale-stainless-steel-colander-sets-6.webp 800w, https:\/\/www.purecook.com\/wp-content\/uploads\/2025\/08\/wholesale-stainless-steel-colander-sets-6-300x300.webp 300w, https:\/\/www.purecook.com\/wp-content\/uploads\/2025\/08\/wholesale-stainless-steel-colander-sets-6-150x150.webp 150w, https:\/\/www.purecook.com\/wp-content\/uploads\/2025\/08\/wholesale-stainless-steel-colander-sets-6-768x768.webp 768w, https:\/\/www.purecook.com\/wp-content\/uploads\/2025\/08\/wholesale-stainless-steel-colander-sets-6-12x12.webp 12w, https:\/\/www.purecook.com\/wp-content\/uploads\/2025\/08\/wholesale-stainless-steel-colander-sets-6-600x600.webp 600w, https:\/\/www.purecook.com\/wp-content\/uploads\/2025\/08\/wholesale-stainless-steel-colander-sets-6-100x100.webp 100w\" sizes=\"(max-width: 800px) 100vw, 800px\" \/><\/figure>\n<\/div>\n\n\n\n<div class=\"wp-block-column is-layout-flow wp-block-column-is-layout-flow\">\n<figure class=\"wp-block-image size-full\"><img decoding=\"async\" width=\"800\" height=\"800\" src=\"https:\/\/www.purecook.com\/wp-content\/uploads\/2025\/08\/wholesale-stainless-steel-colander-sets-7.webp\" alt=\"conjuntos de escorredores de a\u00e7o inoxid\u00e1vel por atacado (7)\" class=\"wp-image-4374\" srcset=\"https:\/\/www.purecook.com\/wp-content\/uploads\/2025\/08\/wholesale-stainless-steel-colander-sets-7.webp 800w, https:\/\/www.purecook.com\/wp-content\/uploads\/2025\/08\/wholesale-stainless-steel-colander-sets-7-300x300.webp 300w, https:\/\/www.purecook.com\/wp-content\/uploads\/2025\/08\/wholesale-stainless-steel-colander-sets-7-150x150.webp 150w, https:\/\/www.purecook.com\/wp-content\/uploads\/2025\/08\/wholesale-stainless-steel-colander-sets-7-768x768.webp 768w, https:\/\/www.purecook.com\/wp-content\/uploads\/2025\/08\/wholesale-stainless-steel-colander-sets-7-12x12.webp 12w, https:\/\/www.purecook.com\/wp-content\/uploads\/2025\/08\/wholesale-stainless-steel-colander-sets-7-600x600.webp 600w, https:\/\/www.purecook.com\/wp-content\/uploads\/2025\/08\/wholesale-stainless-steel-colander-sets-7-100x100.webp 100w\" sizes=\"(max-width: 800px) 100vw, 800px\" \/><\/figure>\n<\/div>\n<\/div>\n\n\n\n<div class=\"wp-block-columns is-layout-flex wp-container-core-columns-is-layout-9d6595d7 wp-block-columns-is-layout-flex\">\n<div class=\"wp-block-column is-layout-flow wp-block-column-is-layout-flow\"><\/div>\n\n\n\n<div class=\"wp-block-column is-layout-flow wp-block-column-is-layout-flow\"><\/div>\n<\/div>","protected":false},"excerpt":{"rendered":"<p>Conjunto de coadores de a\u00e7o inoxid\u00e1vel por atacado. A sua estrutura de malha fina permite uma drenagem eficaz e filtra facilmente os gr\u00e3os finos. \u00c9 perfeito para lavar frutas e legumes, drenar massas e enxaguar arroz. Tamb\u00e9m serve como ta\u00e7a de mistura, perfeita para uma variedade de tarefas na cozinha. Contacte-nos para um or\u00e7amento.<\/p>\n<p>Cozinheiro puro <a href=\"https:\/\/www.purecook.com\/pt\/categoria-produto\/kitchen-utensils\/\" target=\"_blank\" rel=\"noopener\"><strong>fabricante de utens\u00edlios de cozinha <\/strong><\/a>oferece pre\u00e7os de f\u00e1brica e servi\u00e7os de personaliza\u00e7\u00e3o OEM. Contacte-nos para obter a melhor cota\u00e7\u00e3o do fabricante fi\u00e1vel de utens\u00edlios de cozinha.<\/p>\n<h2>Carater\u00edsticas e vantagens dos conjuntos de coadores de a\u00e7o inoxid\u00e1vel<\/h2>\n<p><strong>Materiais Premium de qualidade alimentar:<\/strong> Os conjuntos de coadores em a\u00e7o inoxid\u00e1vel s\u00e3o meticulosamente fabricados em a\u00e7o inoxid\u00e1vel de qualidade alimentar de alta qualidade, oferecendo uma resist\u00eancia excecional \u00e0 ferrugem e \u00e0 corros\u00e3o, garantindo que se mant\u00eam em perfeitas condi\u00e7\u00f5es durante anos de utiliza\u00e7\u00e3o.<\/p>\n<p><strong>Design vers\u00e1til:<\/strong> O conjunto de escorredores em a\u00e7o inoxid\u00e1vel lida facilmente com uma variedade de tarefas de cozinha, incluindo lavar frutas e legumes, escorrer massa, passar arroz por \u00e1gua e atirar saladas, satisfazendo as diversas necessidades de qualquer cozinha.<\/p>\n<p><strong>Detalhes de f\u00e1cil utiliza\u00e7\u00e3o:<\/strong> Com uma aten\u00e7\u00e3o cuidada aos detalhes de f\u00e1cil utiliza\u00e7\u00e3o, o conjunto de coadores em a\u00e7o inoxid\u00e1vel apresenta uma pega ergonomicamente curva e um pr\u00e1tico bico de \u00e1gua, tornando o seu trabalho na cozinha mais r\u00e1pido, mais limpo e mais eficiente.<\/p>\n<p><strong>Design de malha fina:<\/strong> A malha finamente tecida impede que mesmo os gr\u00e3os mais pequenos escorreguem, tornando-a ideal para tarefas delicadas como enxaguar arroz, lavar bagas ou escorrer part\u00edculas finas de alimentos.<\/p>\n<p><strong>Servi\u00e7o grossista de coadores:<\/strong> Como um fabricante de utens\u00edlios de cozinha em a\u00e7o inoxid\u00e1vel, n\u00f3s fornecemos conjuntos de coador de a\u00e7o inoxid\u00e1vel por atacado a pre\u00e7os de f\u00e1brica, apoiamos servi\u00e7os OEM e ODM, e fornecemos op\u00e7\u00f5es de personaliza\u00e7\u00e3o ricas para atender \u00e0s suas prefer\u00eancias de marca e mercado.<\/p>","protected":false},"featured_media":4368,"comment_status":"closed","ping_status":"closed","template":"","meta":{"_acf_changed":false},"product_brand":[],"product_cat":[52,65],"product_tag":[],"class_list":{"0":"post-4367","1":"product","2":"type-product","3":"status-publish","4":"has-post-thumbnail","6":"product_cat-kitchen-utensils","7":"product_cat-kitchen-strainer-and-colander","9":"first","10":"instock","11":"shipping-taxable","12":"product-type-simple"},"acf":[],"_links":{"self":[{"href":"https:\/\/www.purecook.com\/pt\/wp-json\/wp\/v2\/product\/4367","targetHints":{"allow":["GET"]}}],"collection":[{"href":"https:\/\/www.purecook.com\/pt\/wp-json\/wp\/v2\/product"}],"about":[{"href":"https:\/\/www.purecook.com\/pt\/wp-json\/wp\/v2\/types\/product"}],"replies":[{"embeddable":true,"href":"https:\/\/www.purecook.com\/pt\/wp-json\/wp\/v2\/comments?post=4367"}],"wp:featuredmedia":[{"embeddable":true,"href":"https:\/\/www.purecook.com\/pt\/wp-json\/wp\/v2\/media\/4368"}],"wp:attachment":[{"href":"https:\/\/www.purecook.com\/pt\/wp-json\/wp\/v2\/media?parent=4367"}],"wp:term":[{"taxonomy":"product_brand","embeddable":true,"href":"https:\/\/www.purecook.com\/pt\/wp-json\/wp\/v2\/product_brand?post=4367"},{"taxonomy":"product_cat","embeddable":true,"href":"https:\/\/www.purecook.com\/pt\/wp-json\/wp\/v2\/product_cat?post=4367"},{"taxonomy":"product_tag","embeddable":true,"href":"https:\/\/www.purecook.com\/pt\/wp-json\/wp\/v2\/product_tag?post=4367"}],"curies":[{"name":"wp","href":"https:\/\/api.w.org\/{rel}","templated":true}]}}