{"id":4413,"date":"2025-08-08T17:41:09","date_gmt":"2025-08-08T09:41:09","guid":{"rendered":"https:\/\/www.purecook.com\/?post_type=product&#038;p=4413"},"modified":"2025-08-09T10:17:00","modified_gmt":"2025-08-09T02:17:00","slug":"wholesale-stainless-steel-dinner-plates-with-handle","status":"publish","type":"product","link":"https:\/\/www.purecook.com\/pt\/product\/wholesale-stainless-steel-dinner-plates-with-handle\/","title":{"rendered":"Pratos de jantar ovais em a\u00e7o inoxid\u00e1vel com pega - Tamb\u00e9m podem ser pratos de fruta e de snacks"},"content":{"rendered":"<div class=\"wp-block-columns is-layout-flex wp-container-core-columns-is-layout-9d6595d7 wp-block-columns-is-layout-flex\">\n<div class=\"wp-block-column is-layout-flow wp-block-column-is-layout-flow\">\n<h3 class=\"wp-block-heading\">Par\u00e2metros do prato de jantar em a\u00e7o inoxid\u00e1vel<\/h3>\n\n\n\n<p><strong>Material:<\/strong> SS430<br><strong>Cor:<\/strong> Prata\/dourado<br><strong>Espessura normal:<\/strong> 1,8 mm<br><strong>Tamanho:<\/strong>25\u00d717\u00d73.6cm\/30\u00d720\u00d74.1cm\/35\u00d723\u00d74.6cm\/40\u00d726\u00d75.2cm<br><strong>Peso bruto: <\/strong>Menos de 2 kg por pe\u00e7a<\/p>\n<\/div>\n\n\n\n<div class=\"wp-block-column is-layout-flow wp-block-column-is-layout-flow\">\n<h3 class=\"wp-block-heading\">Op\u00e7\u00f5es de pratos de jantar personalizados em a\u00e7o inoxid\u00e1vel<\/h3>\n\n\n\n<p><strong>Log\u00f3tipo:<\/strong> Personaliz\u00e1vel com o log\u00f3tipo da sua marca<br><strong>Embalagem:<\/strong>\u00a0Caixa de cor\/caixa de cart\u00e3o, etc<\/p>\n<\/div>\n<\/div>\n\n\n\n<div class=\"wp-block-columns is-layout-flex wp-container-core-columns-is-layout-9d6595d7 wp-block-columns-is-layout-flex\">\n<div class=\"wp-block-column is-layout-flow wp-block-column-is-layout-flow\">\n<figure class=\"wp-block-image size-full\"><img decoding=\"async\" width=\"800\" height=\"800\" src=\"https:\/\/www.purecook.com\/wp-content\/uploads\/2025\/08\/wholesale-stainless-steel-dinner-plates-with-handle-6.webp\" alt=\"pratos de jantar em a\u00e7o inoxid\u00e1vel com pega (6)\" class=\"wp-image-4420\" srcset=\"https:\/\/www.purecook.com\/wp-content\/uploads\/2025\/08\/wholesale-stainless-steel-dinner-plates-with-handle-6.webp 800w, https:\/\/www.purecook.com\/wp-content\/uploads\/2025\/08\/wholesale-stainless-steel-dinner-plates-with-handle-6-300x300.webp 300w, https:\/\/www.purecook.com\/wp-content\/uploads\/2025\/08\/wholesale-stainless-steel-dinner-plates-with-handle-6-150x150.webp 150w, https:\/\/www.purecook.com\/wp-content\/uploads\/2025\/08\/wholesale-stainless-steel-dinner-plates-with-handle-6-768x768.webp 768w, https:\/\/www.purecook.com\/wp-content\/uploads\/2025\/08\/wholesale-stainless-steel-dinner-plates-with-handle-6-12x12.webp 12w, https:\/\/www.purecook.com\/wp-content\/uploads\/2025\/08\/wholesale-stainless-steel-dinner-plates-with-handle-6-600x600.webp 600w, https:\/\/www.purecook.com\/wp-content\/uploads\/2025\/08\/wholesale-stainless-steel-dinner-plates-with-handle-6-100x100.webp 100w\" sizes=\"(max-width: 800px) 100vw, 800px\" \/><\/figure>\n<\/div>\n\n\n\n<div class=\"wp-block-column is-layout-flow wp-block-column-is-layout-flow\">\n<figure class=\"wp-block-image size-full\"><img decoding=\"async\" width=\"800\" height=\"800\" src=\"https:\/\/www.purecook.com\/wp-content\/uploads\/2025\/08\/wholesale-stainless-steel-dinner-plates-with-handle-7.webp\" alt=\"pratos de jantar em a\u00e7o inoxid\u00e1vel com pega (7)\" class=\"wp-image-4421\" srcset=\"https:\/\/www.purecook.com\/wp-content\/uploads\/2025\/08\/wholesale-stainless-steel-dinner-plates-with-handle-7.webp 800w, https:\/\/www.purecook.com\/wp-content\/uploads\/2025\/08\/wholesale-stainless-steel-dinner-plates-with-handle-7-300x300.webp 300w, https:\/\/www.purecook.com\/wp-content\/uploads\/2025\/08\/wholesale-stainless-steel-dinner-plates-with-handle-7-150x150.webp 150w, https:\/\/www.purecook.com\/wp-content\/uploads\/2025\/08\/wholesale-stainless-steel-dinner-plates-with-handle-7-768x768.webp 768w, https:\/\/www.purecook.com\/wp-content\/uploads\/2025\/08\/wholesale-stainless-steel-dinner-plates-with-handle-7-12x12.webp 12w, https:\/\/www.purecook.com\/wp-content\/uploads\/2025\/08\/wholesale-stainless-steel-dinner-plates-with-handle-7-600x600.webp 600w, https:\/\/www.purecook.com\/wp-content\/uploads\/2025\/08\/wholesale-stainless-steel-dinner-plates-with-handle-7-100x100.webp 100w\" sizes=\"(max-width: 800px) 100vw, 800px\" \/><\/figure>\n<\/div>\n<\/div>\n\n\n\n<div class=\"wp-block-columns is-layout-flex wp-container-core-columns-is-layout-9d6595d7 wp-block-columns-is-layout-flex\">\n<div class=\"wp-block-column is-layout-flow wp-block-column-is-layout-flow\"><\/div>\n\n\n\n<div class=\"wp-block-column is-layout-flow wp-block-column-is-layout-flow\"><\/div>\n<\/div>\n\n\n\n<div class=\"wp-block-columns is-layout-flex wp-container-core-columns-is-layout-9d6595d7 wp-block-columns-is-layout-flex\">\n<div class=\"wp-block-column is-layout-flow wp-block-column-is-layout-flow\"><\/div>\n\n\n\n<div class=\"wp-block-column is-layout-flow wp-block-column-is-layout-flow\"><\/div>\n<\/div>","protected":false},"excerpt":{"rendered":"<p>Pratos de a\u00e7o inoxid\u00e1vel por grosso com pegas. Dur\u00e1veis, resistentes \u00e0 corros\u00e3o e f\u00e1ceis de limpar, estes pratos s\u00e3o ideais para restaurantes, catering e refei\u00e7\u00f5es em casa. Aceitamos encomendas por grosso a granel e podemos personalizar tamanhos para satisfazer as suas necessidades de mercado.<\/p>\n<h2>Carater\u00edsticas e vantagens dos pratos de jantar em a\u00e7o inoxid\u00e1vel<\/h2>\n<p><strong>Design de gama alta:<\/strong> Fabricados em a\u00e7o inoxid\u00e1vel de alta qualidade com um acabamento polido espelhado, os pratos de jantar em a\u00e7o inoxid\u00e1vel d\u00e3o \u00e0 sua mesa de jantar um toque de classe.<\/p>\n<p><strong>Praticidade e versatilidade:<\/strong> \u00c0 prova de derrames e profundos at\u00e9 ao ponto, os pratos ovais s\u00e3o ideais para servir cozinha chinesa e ocidental, sopas ou frutas frescas.<\/p>\n<p><strong>Manuten\u00e7\u00e3o f\u00e1cil:<\/strong> A superf\u00edcie lisa destas placas limpa-se com facilidade, resistindo muito bem \u00e0 gordura persistente e aos res\u00edduos alimentares. Tamb\u00e9m podem ser colocadas na m\u00e1quina de lavar lou\u00e7a, o que as torna ideais para utiliza\u00e7\u00e3o em instala\u00e7\u00f5es comerciais.<\/p>\n<p><strong>Empilh\u00e1vel:<\/strong> Dispon\u00edveis em v\u00e1rios tamanhos, estes pratos de jantar em a\u00e7o inoxid\u00e1vel s\u00e3o empilh\u00e1veis, ocupando apenas um pequeno espa\u00e7o na sua cozinha, e s\u00e3o ideais para refei\u00e7\u00f5es em restaurantes e em casa.<\/p>\n<p><strong>Servi\u00e7o polivalente:<\/strong> Estes pratos modernos em a\u00e7o inoxid\u00e1vel ficam bem numa t\u00e1bua de corte de madeira, numa bancada de m\u00e1rmore e at\u00e9 em buffets de banquetes.<\/p>","protected":false},"featured_media":4415,"comment_status":"closed","ping_status":"closed","template":"","meta":{"_acf_changed":false},"product_brand":[],"product_cat":[55,51],"product_tag":[],"class_list":{"0":"post-4413","1":"product","2":"type-product","3":"status-publish","4":"has-post-thumbnail","6":"product_cat-dish-and-plate","7":"product_cat-dinnerware","9":"first","10":"instock","11":"shipping-taxable","12":"product-type-simple"},"acf":[],"_links":{"self":[{"href":"https:\/\/www.purecook.com\/pt\/wp-json\/wp\/v2\/product\/4413","targetHints":{"allow":["GET"]}}],"collection":[{"href":"https:\/\/www.purecook.com\/pt\/wp-json\/wp\/v2\/product"}],"about":[{"href":"https:\/\/www.purecook.com\/pt\/wp-json\/wp\/v2\/types\/product"}],"replies":[{"embeddable":true,"href":"https:\/\/www.purecook.com\/pt\/wp-json\/wp\/v2\/comments?post=4413"}],"wp:featuredmedia":[{"embeddable":true,"href":"https:\/\/www.purecook.com\/pt\/wp-json\/wp\/v2\/media\/4415"}],"wp:attachment":[{"href":"https:\/\/www.purecook.com\/pt\/wp-json\/wp\/v2\/media?parent=4413"}],"wp:term":[{"taxonomy":"product_brand","embeddable":true,"href":"https:\/\/www.purecook.com\/pt\/wp-json\/wp\/v2\/product_brand?post=4413"},{"taxonomy":"product_cat","embeddable":true,"href":"https:\/\/www.purecook.com\/pt\/wp-json\/wp\/v2\/product_cat?post=4413"},{"taxonomy":"product_tag","embeddable":true,"href":"https:\/\/www.purecook.com\/pt\/wp-json\/wp\/v2\/product_tag?post=4413"}],"curies":[{"name":"wp","href":"https:\/\/api.w.org\/{rel}","templated":true}]}}