{"id":4422,"date":"2025-08-09T10:23:57","date_gmt":"2025-08-09T02:23:57","guid":{"rendered":"https:\/\/www.purecook.com\/?post_type=product&#038;p=4422"},"modified":"2025-08-09T11:00:22","modified_gmt":"2025-08-09T03:00:22","slug":"bulk-stainless-steel-colanders","status":"publish","type":"product","link":"https:\/\/www.purecook.com\/pt\/product\/bulk-stainless-steel-colanders\/","title":{"rendered":"Escorredores de a\u00e7o inoxid\u00e1vel a granel, tigelas de lavagem de arroz por atacado"},"content":{"rendered":"<div class=\"wp-block-columns is-layout-flex wp-container-core-columns-is-layout-9d6595d7 wp-block-columns-is-layout-flex\">\n<div class=\"wp-block-column is-layout-flow wp-block-column-is-layout-flow\">\n<h3 class=\"wp-block-heading\">Par\u00e2metros do escorredor de a\u00e7o inoxid\u00e1vel<\/h3>\n\n\n\n<p><strong>Material:<\/strong> SS201<br><strong>Cor:<\/strong> Prata<br><strong>Espessura:<\/strong> 0,3 mm<\/p>\n<\/div>\n\n\n\n<div class=\"wp-block-column is-layout-flow wp-block-column-is-layout-flow\">\n<h3 class=\"wp-block-heading\">Utens\u00edlios de cozinha personalizados Op\u00e7\u00f5es<\/h3>\n\n\n\n<p><strong>Log\u00f3tipo:<\/strong> Personaliz\u00e1vel com o log\u00f3tipo da sua marca<br><strong>Embalagem:<\/strong>&nbsp;Caixa de cor\/caixa de cart\u00e3o, etc<\/p>\n<\/div>\n<\/div>\n\n\n\n<div class=\"wp-block-columns is-layout-flex wp-container-core-columns-is-layout-9d6595d7 wp-block-columns-is-layout-flex\">\n<div class=\"wp-block-column is-layout-flow wp-block-column-is-layout-flow\">\n<figure class=\"wp-block-image size-full\"><img decoding=\"async\" width=\"800\" height=\"800\" src=\"https:\/\/www.purecook.com\/wp-content\/uploads\/2025\/08\/wholesale-rice-washing-bowls-3.webp\" alt=\"ta\u00e7as de lavagem de arroz por atacado (3)\" class=\"wp-image-4425\" srcset=\"https:\/\/www.purecook.com\/wp-content\/uploads\/2025\/08\/wholesale-rice-washing-bowls-3.webp 800w, https:\/\/www.purecook.com\/wp-content\/uploads\/2025\/08\/wholesale-rice-washing-bowls-3-300x300.webp 300w, https:\/\/www.purecook.com\/wp-content\/uploads\/2025\/08\/wholesale-rice-washing-bowls-3-150x150.webp 150w, https:\/\/www.purecook.com\/wp-content\/uploads\/2025\/08\/wholesale-rice-washing-bowls-3-768x768.webp 768w, https:\/\/www.purecook.com\/wp-content\/uploads\/2025\/08\/wholesale-rice-washing-bowls-3-12x12.webp 12w, https:\/\/www.purecook.com\/wp-content\/uploads\/2025\/08\/wholesale-rice-washing-bowls-3-600x600.webp 600w, https:\/\/www.purecook.com\/wp-content\/uploads\/2025\/08\/wholesale-rice-washing-bowls-3-100x100.webp 100w\" sizes=\"(max-width: 800px) 100vw, 800px\" \/><\/figure>\n<\/div>\n\n\n\n<div class=\"wp-block-column is-layout-flow wp-block-column-is-layout-flow\">\n<figure class=\"wp-block-image size-full\"><img decoding=\"async\" width=\"800\" height=\"800\" src=\"https:\/\/www.purecook.com\/wp-content\/uploads\/2025\/08\/wholesale-rice-washing-bowls-4.webp\" alt=\"ta\u00e7as de lavagem de arroz por atacado (4)\" class=\"wp-image-4426\" srcset=\"https:\/\/www.purecook.com\/wp-content\/uploads\/2025\/08\/wholesale-rice-washing-bowls-4.webp 800w, https:\/\/www.purecook.com\/wp-content\/uploads\/2025\/08\/wholesale-rice-washing-bowls-4-300x300.webp 300w, https:\/\/www.purecook.com\/wp-content\/uploads\/2025\/08\/wholesale-rice-washing-bowls-4-150x150.webp 150w, https:\/\/www.purecook.com\/wp-content\/uploads\/2025\/08\/wholesale-rice-washing-bowls-4-768x768.webp 768w, https:\/\/www.purecook.com\/wp-content\/uploads\/2025\/08\/wholesale-rice-washing-bowls-4-12x12.webp 12w, https:\/\/www.purecook.com\/wp-content\/uploads\/2025\/08\/wholesale-rice-washing-bowls-4-600x600.webp 600w, https:\/\/www.purecook.com\/wp-content\/uploads\/2025\/08\/wholesale-rice-washing-bowls-4-100x100.webp 100w\" sizes=\"(max-width: 800px) 100vw, 800px\" \/><\/figure>\n<\/div>\n<\/div>\n\n\n\n<div class=\"wp-block-columns is-layout-flex wp-container-core-columns-is-layout-9d6595d7 wp-block-columns-is-layout-flex\">\n<div class=\"wp-block-column is-layout-flow wp-block-column-is-layout-flow\"><\/div>\n\n\n\n<div class=\"wp-block-column is-layout-flow wp-block-column-is-layout-flow\"><\/div>\n<\/div>","protected":false},"excerpt":{"rendered":"<p>Os escorredores de a\u00e7o inoxid\u00e1vel por grosso, as ta\u00e7as para lavar arroz, apresentam arestas suaves e arredondadas para evitar riscos durante a utiliza\u00e7\u00e3o. A forma equilibrada permite inclinar e verter facilmente, reduzindo a carga durante a prepara\u00e7\u00e3o dos alimentos. Os orif\u00edcios de drenagem densos garantem uma drenagem r\u00e1pida. Oferecemos servi\u00e7os de personaliza\u00e7\u00e3o OEM e ODM. Contacte-nos para obter um or\u00e7amento.<\/p>\n<p>Cozinheiro puro <a class=\"___SBox_epc1q-ko_ kwo-widget-keyword-ideas-done__link ___SLink_zko9t-ko_ __noWrapText_zko9t-ko_ ___SText_ai1ow-ko_\" tabindex=\"0\" role=\"link\" href=\"https:\/\/www.purecook.com\/pt\/categoria-produto\/kitchen-utensils\/\" target=\"_blank\" rel=\"noopener\" data-ui-name=\"Link\" data-testid=\"suggestion-keyword\" data-path=\"overview.ideas_widget.broad_widget.table.keyword_cell.keyword_link\"><span class=\"___SBox_epc1q-ko_ ___SText_zko9t-ko_\" data-ui-name=\"Link.Text\">fabricante de utens\u00edlios de cozinha<\/span><\/a><a href=\"https:\/\/www.purecook.com\/pt\/categoria-produto\/cookware\/\" target=\"_blank\" rel=\"noopener\">\u00a0<\/a>oferece pre\u00e7os de f\u00e1brica para <a href=\"https:\/\/www.purecook.com\/pt\/categoria-produto\/kitchen-utensils\/\" target=\"_blank\" rel=\"noopener\"><strong>grossista <span class=\"___SBox_epc1q-ko_ ___SText_zko9t-ko_\" data-ui-name=\"Link.Text\">utens\u00edlios de cozinha<\/span><\/strong><\/a>. Contacte-nos para obter o melhor or\u00e7amento do fabricante de utens\u00edlios de cozinha fi\u00e1vel.<\/p>\n<h2>Carater\u00edsticas do coador de a\u00e7o inoxid\u00e1vel<\/h2>\n<p><strong>Conce\u00e7\u00e3o de drenagem eficiente:<\/strong> Os escorredores de a\u00e7o inoxid\u00e1vel possuem orif\u00edcios de drenagem densos e uma abertura inclinada no fundo, facilitando a lavagem r\u00e1pida e completa do arroz e a drenagem de legumes e frutas.<\/p>\n<p><strong>Pr\u00e1tico e elegante:<\/strong> Estes coadores em a\u00e7o inoxid\u00e1vel apresentam um acabamento met\u00e1lico elegante e incluem um orif\u00edcio de suspens\u00e3o que pode ser pendurado com um gancho de ventosa ou colocado diretamente na bancada para um design limpo e que poupa espa\u00e7o.<\/p>\n<p><strong>Saud\u00e1vel e higi\u00e9nico:<\/strong> Os escorredores de a\u00e7o inoxid\u00e1vel apresentam um design sem cantos, eliminando o risco de acumula\u00e7\u00e3o de sujidade nos cantos, garantindo uma limpeza f\u00e1cil e mantendo a higiene da cozinha.<\/p>\n<p><strong>Utens\u00edlio de cozinha vers\u00e1til:<\/strong> Ideais para lavar e escorrer legumes, frutas, massas, macarr\u00e3o, arroz e feij\u00e3o, s\u00e3o ideais tanto para a cozinha dom\u00e9stica como para a restaura\u00e7\u00e3o profissional.<\/p>\n<p><strong>Utens\u00edlios de cozinha por atacado:<\/strong> Somos uma f\u00e1brica experiente que oferece utens\u00edlios de cozinha em a\u00e7o inoxid\u00e1vel de alta qualidade, tais como coadores, chaleiras e jarros de \u00f3leo. Oferecemos servi\u00e7os de personaliza\u00e7\u00e3o OEM e ODM e oferecemos pre\u00e7os competitivos por grosso.<\/p>","protected":false},"featured_media":4423,"comment_status":"closed","ping_status":"closed","template":"","meta":{"_acf_changed":false},"product_brand":[],"product_cat":[52,65],"product_tag":[],"class_list":{"0":"post-4422","1":"product","2":"type-product","3":"status-publish","4":"has-post-thumbnail","6":"product_cat-kitchen-utensils","7":"product_cat-kitchen-strainer-and-colander","9":"first","10":"instock","11":"shipping-taxable","12":"product-type-simple"},"acf":[],"_links":{"self":[{"href":"https:\/\/www.purecook.com\/pt\/wp-json\/wp\/v2\/product\/4422","targetHints":{"allow":["GET"]}}],"collection":[{"href":"https:\/\/www.purecook.com\/pt\/wp-json\/wp\/v2\/product"}],"about":[{"href":"https:\/\/www.purecook.com\/pt\/wp-json\/wp\/v2\/types\/product"}],"replies":[{"embeddable":true,"href":"https:\/\/www.purecook.com\/pt\/wp-json\/wp\/v2\/comments?post=4422"}],"wp:featuredmedia":[{"embeddable":true,"href":"https:\/\/www.purecook.com\/pt\/wp-json\/wp\/v2\/media\/4423"}],"wp:attachment":[{"href":"https:\/\/www.purecook.com\/pt\/wp-json\/wp\/v2\/media?parent=4422"}],"wp:term":[{"taxonomy":"product_brand","embeddable":true,"href":"https:\/\/www.purecook.com\/pt\/wp-json\/wp\/v2\/product_brand?post=4422"},{"taxonomy":"product_cat","embeddable":true,"href":"https:\/\/www.purecook.com\/pt\/wp-json\/wp\/v2\/product_cat?post=4422"},{"taxonomy":"product_tag","embeddable":true,"href":"https:\/\/www.purecook.com\/pt\/wp-json\/wp\/v2\/product_tag?post=4422"}],"curies":[{"name":"wp","href":"https:\/\/api.w.org\/{rel}","templated":true}]}}