{"id":4429,"date":"2025-08-09T10:58:53","date_gmt":"2025-08-09T02:58:53","guid":{"rendered":"https:\/\/www.purecook.com\/?post_type=product&#038;p=4429"},"modified":"2025-08-09T11:33:19","modified_gmt":"2025-08-09T03:33:19","slug":"wholesale-4-piece-cookware-sets","status":"publish","type":"product","link":"https:\/\/www.purecook.com\/pt\/product\/wholesale-4-piece-cookware-sets\/","title":{"rendered":"Conjunto de panelas de 4 pe\u00e7as por atacado - Compat\u00edvel com v\u00e1rios fog\u00f5es"},"content":{"rendered":"<div class=\"wp-block-columns is-layout-flex wp-container-core-columns-is-layout-9d6595d7 wp-block-columns-is-layout-flex\">\n<div class=\"wp-block-column is-layout-flow wp-block-column-is-layout-flow\">\n<h3 class=\"wp-block-heading\">Par\u00e2metros do conjunto de panelas de 4 pe\u00e7as<\/h3>\n\n\n\n<p><strong>Material:<\/strong> SS201<br><strong>Cor:<\/strong> Prata<br><strong>Fundo:<\/strong> Fundo de base encapsulado (SUS+1,2mm Alu+SUS)<br><strong>Tampa:<\/strong> Tampas de vidro<br><strong>Tamanhos:<\/strong>16\u00d79,5cm, 20\u00d711cm, 24\u00d713cm, 24\u00d78cm<\/p>\n<\/div>\n\n\n\n<div class=\"wp-block-column is-layout-flow wp-block-column-is-layout-flow\">\n<h3 class=\"wp-block-heading\">Op\u00e7\u00f5es de utens\u00edlios de cozinha personalizados<\/h3>\n\n\n\n<p><strong>Log\u00f3tipo:<\/strong> Personaliz\u00e1vel com o log\u00f3tipo da sua marca<br><strong>Pega:<\/strong> Pega para se adaptar ao seu estilo<br><strong>Embalagem:<\/strong>\u00a0Caixa de cor\/caixa de cart\u00e3o, etc<\/p>\n<\/div>\n<\/div>\n\n\n\n<div class=\"wp-block-columns is-layout-flex wp-container-core-columns-is-layout-9d6595d7 wp-block-columns-is-layout-flex\">\n<div class=\"wp-block-column is-layout-flow wp-block-column-is-layout-flow\">\n<figure class=\"wp-block-image size-full\"><img decoding=\"async\" width=\"800\" height=\"800\" src=\"https:\/\/www.purecook.com\/wp-content\/uploads\/2025\/08\/wholesale-4-piece-cookware-set-1.webp\" alt=\"conjunto de panelas de 4 pe\u00e7as por atacado (1)\" class=\"wp-image-4430\" srcset=\"https:\/\/www.purecook.com\/wp-content\/uploads\/2025\/08\/wholesale-4-piece-cookware-set-1.webp 800w, https:\/\/www.purecook.com\/wp-content\/uploads\/2025\/08\/wholesale-4-piece-cookware-set-1-300x300.webp 300w, https:\/\/www.purecook.com\/wp-content\/uploads\/2025\/08\/wholesale-4-piece-cookware-set-1-150x150.webp 150w, https:\/\/www.purecook.com\/wp-content\/uploads\/2025\/08\/wholesale-4-piece-cookware-set-1-768x768.webp 768w, https:\/\/www.purecook.com\/wp-content\/uploads\/2025\/08\/wholesale-4-piece-cookware-set-1-12x12.webp 12w, https:\/\/www.purecook.com\/wp-content\/uploads\/2025\/08\/wholesale-4-piece-cookware-set-1-600x600.webp 600w, https:\/\/www.purecook.com\/wp-content\/uploads\/2025\/08\/wholesale-4-piece-cookware-set-1-100x100.webp 100w\" sizes=\"(max-width: 800px) 100vw, 800px\" \/><\/figure>\n<\/div>\n\n\n\n<div class=\"wp-block-column is-layout-flow wp-block-column-is-layout-flow\">\n<figure class=\"wp-block-image size-full\"><img decoding=\"async\" width=\"1328\" height=\"1328\" src=\"https:\/\/www.purecook.com\/wp-content\/uploads\/2025\/08\/wholesale-4-piece-cookware-set-6.webp\" alt=\"conjunto de panelas de 4 pe\u00e7as por atacado (6)\" class=\"wp-image-4435\" srcset=\"https:\/\/www.purecook.com\/wp-content\/uploads\/2025\/08\/wholesale-4-piece-cookware-set-6.webp 1328w, https:\/\/www.purecook.com\/wp-content\/uploads\/2025\/08\/wholesale-4-piece-cookware-set-6-300x300.webp 300w, https:\/\/www.purecook.com\/wp-content\/uploads\/2025\/08\/wholesale-4-piece-cookware-set-6-150x150.webp 150w, https:\/\/www.purecook.com\/wp-content\/uploads\/2025\/08\/wholesale-4-piece-cookware-set-6-768x768.webp 768w, https:\/\/www.purecook.com\/wp-content\/uploads\/2025\/08\/wholesale-4-piece-cookware-set-6-12x12.webp 12w, https:\/\/www.purecook.com\/wp-content\/uploads\/2025\/08\/wholesale-4-piece-cookware-set-6-600x600.webp 600w, https:\/\/www.purecook.com\/wp-content\/uploads\/2025\/08\/wholesale-4-piece-cookware-set-6-100x100.webp 100w\" sizes=\"(max-width: 1328px) 100vw, 1328px\" \/><\/figure>\n<\/div>\n<\/div>","protected":false},"excerpt":{"rendered":"<p>Conjunto de utens\u00edlios de cozinha de 4 pe\u00e7as por grosso. Este conjunto inclui uma panela de leite, uma panela de sopa e uma panela quente para v\u00e1rias necessidades culin\u00e1rias, incluindo ferver, estufar e cozer a vapor. O fundo de tr\u00eas camadas assegura uma r\u00e1pida condu\u00e7\u00e3o do calor. Fabricados em a\u00e7o inoxid\u00e1vel dur\u00e1vel, podem ser lavados na m\u00e1quina de lavar loi\u00e7a e s\u00e3o adequados para uso comercial e dom\u00e9stico. Contacte-nos para obter o cat\u00e1logo de produtos e o or\u00e7amento.<\/p>\n<p>Cozinheiro puro <a href=\"https:\/\/www.purecook.com\/pt\/categoria-produto\/cookware\/\" target=\"_blank\" rel=\"noopener\"><strong>fabricante de utens\u00edlios de cozinha,<\/strong> <\/a>oferece pre\u00e7os de f\u00e1brica e servi\u00e7os de personaliza\u00e7\u00e3o OEM. Contacte-nos para obter a melhor cota\u00e7\u00e3o de um fabricante de utens\u00edlios de cozinha fi\u00e1vel.<\/p>\n<h2>Carater\u00edsticas do conjunto de panelas de 4 pe\u00e7as<\/h2>\n<p><strong>Desempenho de cozedura profissional:<\/strong> A base da panela \u00e9 feita de material triplo, que distribui uniformemente o calor e evita eficazmente o sobreaquecimento, garantindo excelentes resultados de cozedura.<\/p>\n<p><strong>Conjunto vers\u00e1til:<\/strong> Este conjunto completo de utens\u00edlios de cozinha inclui uma panela, uma panela de guisado e uma panela quente, satisfazendo v\u00e1rias necessidades culin\u00e1rias, incluindo ferver, estufar e cozer a vapor, tornando-o adequado para cozinheiros dom\u00e9sticos e restaurantes.<\/p>\n<p><strong>F\u00e1cil de limpar e de manter:<\/strong> A superf\u00edcie de a\u00e7o inoxid\u00e1vel sem revestimento \u00e9 resistente a riscos e a manchas e os utens\u00edlios de cozinha deste conjunto podem ser lavados na m\u00e1quina de lavar lou\u00e7a, o que os torna adequados para cozinhas comerciais que exigem uma limpeza eficiente e conveniente.<\/p>\n<p><strong>Excelente conce\u00e7\u00e3o pormenorizada:<\/strong> A tampa com encaixe de precis\u00e3o proporciona uma veda\u00e7\u00e3o segura e uma melhor reten\u00e7\u00e3o do calor. A pega com rebites proporciona maior resist\u00eancia e durabilidade para uma utiliza\u00e7\u00e3o a longo prazo.<\/p>\n<p><strong>Servi\u00e7o grossista de utens\u00edlios de cozinha:<\/strong> Como um fabricante fi\u00e1vel de utens\u00edlios de cozinha da China, oferecemos utens\u00edlios de cozinha por atacado a compradores B2B globais numa grande variedade de estilos a pre\u00e7os de f\u00e1brica. Tamb\u00e9m apoiamos servi\u00e7os OEM de marcas.<\/p>","protected":false},"featured_media":4430,"comment_status":"closed","ping_status":"closed","template":"","meta":{"_acf_changed":false},"product_brand":[],"product_cat":[24,69],"product_tag":[],"class_list":{"0":"post-4429","1":"product","2":"type-product","3":"status-publish","4":"has-post-thumbnail","6":"product_cat-cookware","7":"product_cat-cookware-sets","9":"first","10":"instock","11":"shipping-taxable","12":"product-type-simple"},"acf":[],"_links":{"self":[{"href":"https:\/\/www.purecook.com\/pt\/wp-json\/wp\/v2\/product\/4429","targetHints":{"allow":["GET"]}}],"collection":[{"href":"https:\/\/www.purecook.com\/pt\/wp-json\/wp\/v2\/product"}],"about":[{"href":"https:\/\/www.purecook.com\/pt\/wp-json\/wp\/v2\/types\/product"}],"replies":[{"embeddable":true,"href":"https:\/\/www.purecook.com\/pt\/wp-json\/wp\/v2\/comments?post=4429"}],"wp:featuredmedia":[{"embeddable":true,"href":"https:\/\/www.purecook.com\/pt\/wp-json\/wp\/v2\/media\/4430"}],"wp:attachment":[{"href":"https:\/\/www.purecook.com\/pt\/wp-json\/wp\/v2\/media?parent=4429"}],"wp:term":[{"taxonomy":"product_brand","embeddable":true,"href":"https:\/\/www.purecook.com\/pt\/wp-json\/wp\/v2\/product_brand?post=4429"},{"taxonomy":"product_cat","embeddable":true,"href":"https:\/\/www.purecook.com\/pt\/wp-json\/wp\/v2\/product_cat?post=4429"},{"taxonomy":"product_tag","embeddable":true,"href":"https:\/\/www.purecook.com\/pt\/wp-json\/wp\/v2\/product_tag?post=4429"}],"curies":[{"name":"wp","href":"https:\/\/api.w.org\/{rel}","templated":true}]}}