{"id":4444,"date":"2025-08-09T12:05:38","date_gmt":"2025-08-09T04:05:38","guid":{"rendered":"https:\/\/www.purecook.com\/?post_type=product&#038;p=4444"},"modified":"2025-08-31T16:33:58","modified_gmt":"2025-08-31T08:33:58","slug":"wholesale-stainless-steel-coffee-pot-sets","status":"publish","type":"product","link":"https:\/\/www.purecook.com\/pt\/product\/wholesale-stainless-steel-coffee-pot-sets\/","title":{"rendered":"Conjunto de cafeteiras de a\u00e7o inoxid\u00e1vel por atacado - Conjunto de cafeteiras para servir caf\u00e9"},"content":{"rendered":"<div class=\"wp-block-columns is-layout-flex wp-container-core-columns-is-layout-9d6595d7 wp-block-columns-is-layout-flex\">\n<div class=\"wp-block-column is-layout-flow wp-block-column-is-layout-flow\">\n<h3 class=\"wp-block-heading\">Par\u00e2metros do conjunto de cafeteiras<\/h3>\n\n\n\n<p><strong>Material: <\/strong>SS304<br><strong>Cor:<\/strong> Castanho\/Rosa<br><strong>Espessura:<\/strong> 0,5 mm<br><strong>Tamanho: <\/strong>Ch\u00e1vena de 200 ml \u00d7 2, reservat\u00f3rio de gr\u00e3os de 420 ml, jarro de caf\u00e9 pour-over, funil de caf\u00e9<\/p>\n<\/div>\n\n\n\n<div class=\"wp-block-column is-layout-flow wp-block-column-is-layout-flow\">\n<h3 class=\"wp-block-heading\">Op\u00e7\u00f5es de conjuntos de cafeteiras personalizados<\/h3>\n\n\n\n<p><strong>Log\u00f3tipo:<\/strong> Personaliz\u00e1vel com o log\u00f3tipo da sua marca<br><strong>Embalagem:<\/strong>\u00a0Caixa de cor\/caixa de cart\u00e3o, etc<\/p>\n<\/div>\n<\/div>\n\n\n\n<div class=\"wp-block-columns is-layout-flex wp-container-core-columns-is-layout-9d6595d7 wp-block-columns-is-layout-flex\">\n<div class=\"wp-block-column is-layout-flow wp-block-column-is-layout-flow\">\n<figure class=\"wp-block-image size-full\"><img decoding=\"async\" width=\"800\" height=\"800\" src=\"https:\/\/www.purecook.com\/wp-content\/uploads\/2025\/08\/wholesale-coffee-pot-sets-1-1.webp\" alt=\"conjuntos de cafeteiras por atacado (1)\" class=\"wp-image-4450\" srcset=\"https:\/\/www.purecook.com\/wp-content\/uploads\/2025\/08\/wholesale-coffee-pot-sets-1-1.webp 800w, https:\/\/www.purecook.com\/wp-content\/uploads\/2025\/08\/wholesale-coffee-pot-sets-1-1-300x300.webp 300w, https:\/\/www.purecook.com\/wp-content\/uploads\/2025\/08\/wholesale-coffee-pot-sets-1-1-150x150.webp 150w, https:\/\/www.purecook.com\/wp-content\/uploads\/2025\/08\/wholesale-coffee-pot-sets-1-1-768x768.webp 768w, https:\/\/www.purecook.com\/wp-content\/uploads\/2025\/08\/wholesale-coffee-pot-sets-1-1-12x12.webp 12w, https:\/\/www.purecook.com\/wp-content\/uploads\/2025\/08\/wholesale-coffee-pot-sets-1-1-600x600.webp 600w, https:\/\/www.purecook.com\/wp-content\/uploads\/2025\/08\/wholesale-coffee-pot-sets-1-1-100x100.webp 100w\" sizes=\"(max-width: 800px) 100vw, 800px\" \/><\/figure>\n<\/div>\n\n\n\n<div class=\"wp-block-column is-layout-flow wp-block-column-is-layout-flow\">\n<figure class=\"wp-block-image size-full\"><img decoding=\"async\" width=\"800\" height=\"800\" src=\"https:\/\/www.purecook.com\/wp-content\/uploads\/2025\/08\/wholesale-coffee-pot-sets-5-1.webp\" alt=\"conjuntos de cafeteiras por atacado (5)\" class=\"wp-image-4454\" srcset=\"https:\/\/www.purecook.com\/wp-content\/uploads\/2025\/08\/wholesale-coffee-pot-sets-5-1.webp 800w, https:\/\/www.purecook.com\/wp-content\/uploads\/2025\/08\/wholesale-coffee-pot-sets-5-1-300x300.webp 300w, https:\/\/www.purecook.com\/wp-content\/uploads\/2025\/08\/wholesale-coffee-pot-sets-5-1-150x150.webp 150w, https:\/\/www.purecook.com\/wp-content\/uploads\/2025\/08\/wholesale-coffee-pot-sets-5-1-768x768.webp 768w, https:\/\/www.purecook.com\/wp-content\/uploads\/2025\/08\/wholesale-coffee-pot-sets-5-1-12x12.webp 12w, https:\/\/www.purecook.com\/wp-content\/uploads\/2025\/08\/wholesale-coffee-pot-sets-5-1-600x600.webp 600w, https:\/\/www.purecook.com\/wp-content\/uploads\/2025\/08\/wholesale-coffee-pot-sets-5-1-100x100.webp 100w\" sizes=\"(max-width: 800px) 100vw, 800px\" \/><\/figure>\n<\/div>\n<\/div>\n\n\n\n<div class=\"wp-block-columns is-layout-flex wp-container-core-columns-is-layout-9d6595d7 wp-block-columns-is-layout-flex\">\n<div class=\"wp-block-column is-layout-flow wp-block-column-is-layout-flow\"><\/div>\n\n\n\n<div class=\"wp-block-column is-layout-flow wp-block-column-is-layout-flow\"><\/div>\n<\/div>","protected":false},"excerpt":{"rendered":"<p>Conjunto de cafeteiras para caf\u00e9 de deitar fora, fabricado em a\u00e7o inoxid\u00e1vel de qualidade alimentar com uma elegante pega revestida a pele e detalhes em madeira. Concebido para uma prepara\u00e7\u00e3o de precis\u00e3o e durabilidade, o conjunto inclui uma chaleira, um gotejador de metal, ch\u00e1venas de caf\u00e9 e um frasco de armazenamento herm\u00e9tico. Ideal para lojas de caf\u00e9, lojas de retalho e mercados de presentes. Contacte-nos para obter pre\u00e7os de f\u00e1brica por grosso.<\/p>\n<h2>Carater\u00edsticas do conjunto de cafeteiras em a\u00e7o inoxid\u00e1vel<\/h2>\n<p><strong>Design requintado: <\/strong>Misturando metal, couro e madeira, este design minimalista adequa-se a qualquer casa ou escrit\u00f3rio moderno.<\/p>\n<p><strong>Experi\u00eancia de fabrico de caf\u00e9 de n\u00edvel profissional:<\/strong> Feito para os verdadeiros amantes de caf\u00e9, o bico fino permite-lhe controlar o fluxo de \u00e1gua. O gotejador de metal tem um design finamente perfurado que filtra totalmente os gr\u00e3os, mantendo intactos o aroma e os \u00f3leos.<\/p>\n<p><strong>Detalhes ergon\u00f3micos bem pensados:<\/strong> O revestimento em pele da chaleira e da ch\u00e1vena proporciona isolamento para evitar queimaduras. Tamb\u00e9m possui uma pega antiderrapante para maior seguran\u00e7a.<\/p>\n<p><strong>Personaliza\u00e7\u00e3o da marca:<\/strong> Pode personalizar a inser\u00e7\u00e3o de couro com a sua marca para melhorar o reconhecimento do seu produto.<\/p>","protected":false},"featured_media":4450,"comment_status":"closed","ping_status":"closed","template":"","meta":{"_acf_changed":false},"product_brand":[],"product_cat":[52,105],"product_tag":[],"class_list":{"0":"post-4444","1":"product","2":"type-product","3":"status-publish","4":"has-post-thumbnail","6":"product_cat-kitchen-utensils","7":"product_cat-coffee-pot-sets","9":"first","10":"instock","11":"shipping-taxable","12":"product-type-simple"},"acf":[],"_links":{"self":[{"href":"https:\/\/www.purecook.com\/pt\/wp-json\/wp\/v2\/product\/4444","targetHints":{"allow":["GET"]}}],"collection":[{"href":"https:\/\/www.purecook.com\/pt\/wp-json\/wp\/v2\/product"}],"about":[{"href":"https:\/\/www.purecook.com\/pt\/wp-json\/wp\/v2\/types\/product"}],"replies":[{"embeddable":true,"href":"https:\/\/www.purecook.com\/pt\/wp-json\/wp\/v2\/comments?post=4444"}],"wp:featuredmedia":[{"embeddable":true,"href":"https:\/\/www.purecook.com\/pt\/wp-json\/wp\/v2\/media\/4450"}],"wp:attachment":[{"href":"https:\/\/www.purecook.com\/pt\/wp-json\/wp\/v2\/media?parent=4444"}],"wp:term":[{"taxonomy":"product_brand","embeddable":true,"href":"https:\/\/www.purecook.com\/pt\/wp-json\/wp\/v2\/product_brand?post=4444"},{"taxonomy":"product_cat","embeddable":true,"href":"https:\/\/www.purecook.com\/pt\/wp-json\/wp\/v2\/product_cat?post=4444"},{"taxonomy":"product_tag","embeddable":true,"href":"https:\/\/www.purecook.com\/pt\/wp-json\/wp\/v2\/product_tag?post=4444"}],"curies":[{"name":"wp","href":"https:\/\/api.w.org\/{rel}","templated":true}]}}