{"id":4455,"date":"2025-08-09T14:12:01","date_gmt":"2025-08-09T06:12:01","guid":{"rendered":"https:\/\/www.purecook.com\/?post_type=product&#038;p=4455"},"modified":"2025-12-04T12:08:30","modified_gmt":"2025-12-04T04:08:30","slug":"wholesale-baking-sheets-with-rack","status":"publish","type":"product","link":"https:\/\/www.purecook.com\/pt\/product\/wholesale-baking-sheets-with-rack\/","title":{"rendered":"Folhas de papel vegetal com grelha - Multifuncionais e duradouras"},"content":{"rendered":"<div class=\"wp-block-columns is-layout-flex wp-container-core-columns-is-layout-9d6595d7 wp-block-columns-is-layout-flex\">\n<div class=\"wp-block-column is-layout-flow wp-block-column-is-layout-flow\">\n<h3 class=\"wp-block-heading\">Par\u00e2metros da folha de papel vegetal <\/h3>\n\n\n\n<p><strong>Material:<\/strong> Magn\u00e9tico SS430<br><strong>Cor: <\/strong>Prata<br><strong>Espessura normal: <\/strong>0,6 mm<br><strong>Tamanho:<\/strong>23.5\u00d717.5\u00d72.5cm\/26.5\u00d720.5\u00d72.5cm\/31.5\u00d724.5\u00d72.5cm\/40.5\u00d730.5\u00d72.5cm\/44\u00d731\u00d72.5cm<br><strong>Peso bruto: <\/strong>Menos de 1 kg por pe\u00e7a<\/p>\n<\/div>\n\n\n\n<div class=\"wp-block-column is-layout-flow wp-block-column-is-layout-flow\">\n<h3 class=\"wp-block-heading\">Op\u00e7\u00f5es personalizadas de potes de stock<\/h3>\n\n\n\n<p><strong>Log\u00f3tipo:<\/strong> Personaliz\u00e1vel com o log\u00f3tipo da sua marca<br><strong>Cor:<\/strong> Personaliz\u00e1vel<br><strong>Embalagem:<\/strong>&nbsp;Caixa de cor\/caixa de cart\u00e3o, etc<\/p>\n<\/div>\n<\/div>\n\n\n\n<div class=\"wp-block-columns is-layout-flex wp-container-core-columns-is-layout-9d6595d7 wp-block-columns-is-layout-flex\">\n<div class=\"wp-block-column is-layout-flow wp-block-column-is-layout-flow\">\n<figure class=\"wp-block-image size-full\"><img decoding=\"async\" width=\"800\" height=\"800\" src=\"https:\/\/www.purecook.com\/wp-content\/uploads\/2025\/08\/wholesale-baking-sheets-5.webp\" alt=\"tabuleiros de forno por atacado (5)\" class=\"wp-image-4460\" srcset=\"https:\/\/www.purecook.com\/wp-content\/uploads\/2025\/08\/wholesale-baking-sheets-5.webp 800w, https:\/\/www.purecook.com\/wp-content\/uploads\/2025\/08\/wholesale-baking-sheets-5-300x300.webp 300w, https:\/\/www.purecook.com\/wp-content\/uploads\/2025\/08\/wholesale-baking-sheets-5-150x150.webp 150w, https:\/\/www.purecook.com\/wp-content\/uploads\/2025\/08\/wholesale-baking-sheets-5-768x768.webp 768w, https:\/\/www.purecook.com\/wp-content\/uploads\/2025\/08\/wholesale-baking-sheets-5-12x12.webp 12w, https:\/\/www.purecook.com\/wp-content\/uploads\/2025\/08\/wholesale-baking-sheets-5-600x600.webp 600w, https:\/\/www.purecook.com\/wp-content\/uploads\/2025\/08\/wholesale-baking-sheets-5-100x100.webp 100w\" sizes=\"(max-width: 800px) 100vw, 800px\" \/><\/figure>\n<\/div>\n\n\n\n<div class=\"wp-block-column is-layout-flow wp-block-column-is-layout-flow\">\n<figure class=\"wp-block-image size-full\"><img decoding=\"async\" width=\"800\" height=\"800\" src=\"https:\/\/www.purecook.com\/wp-content\/uploads\/2025\/08\/wholesale-baking-sheets-6.webp\" alt=\"tabuleiros para forno por atacado (6)\" class=\"wp-image-4461\" srcset=\"https:\/\/www.purecook.com\/wp-content\/uploads\/2025\/08\/wholesale-baking-sheets-6.webp 800w, https:\/\/www.purecook.com\/wp-content\/uploads\/2025\/08\/wholesale-baking-sheets-6-300x300.webp 300w, https:\/\/www.purecook.com\/wp-content\/uploads\/2025\/08\/wholesale-baking-sheets-6-150x150.webp 150w, https:\/\/www.purecook.com\/wp-content\/uploads\/2025\/08\/wholesale-baking-sheets-6-768x768.webp 768w, https:\/\/www.purecook.com\/wp-content\/uploads\/2025\/08\/wholesale-baking-sheets-6-12x12.webp 12w, https:\/\/www.purecook.com\/wp-content\/uploads\/2025\/08\/wholesale-baking-sheets-6-600x600.webp 600w, https:\/\/www.purecook.com\/wp-content\/uploads\/2025\/08\/wholesale-baking-sheets-6-100x100.webp 100w\" sizes=\"(max-width: 800px) 100vw, 800px\" \/><\/figure>\n<\/div>\n<\/div>\n\n\n\n<div class=\"wp-block-columns is-layout-flex wp-container-core-columns-is-layout-9d6595d7 wp-block-columns-is-layout-flex\">\n<div class=\"wp-block-column is-layout-flow wp-block-column-is-layout-flow\"><\/div>\n\n\n\n<div class=\"wp-block-column is-layout-flow wp-block-column-is-layout-flow\"><\/div>\n<\/div>","protected":false},"excerpt":{"rendered":"<p>Tabuleiros de cozedura por grosso. Experimente o desempenho profissional de cozedura com o nosso vers\u00e1til conjunto de tr\u00eas pe\u00e7as, que inclui um tabuleiro normal, um tabuleiro em forma de favo de mel e uma grelha para cozer. Perfeito para cozer a vapor, assar e tostar em cozinhas dom\u00e9sticas ou comerciais. Contacte-nos para um or\u00e7amento.<\/p>\n<h2>Carater\u00edsticas e vantagens das placas de a\u00e7o inoxid\u00e1vel para pastelaria<\/h2>\n<p><strong>Desempenho de cozedura de n\u00edvel profissional:<\/strong> Este conjunto de assadeiras inclui uma inovadora assadeira em forma de favo de mel com um design perfurado que garante uma circula\u00e7\u00e3o uniforme do calor para resultados consistentes de cozedura e assadura.<\/p>\n<p><strong>Constru\u00e7\u00e3o multicamada:<\/strong> Este conjunto de tr\u00eas pe\u00e7as para assar apresenta um design em camadas que se adapta a v\u00e1rias necessidades culin\u00e1rias, incluindo cozer a vapor e assar.<\/p>\n<p><strong>Armazenamento empilh\u00e1vel:<\/strong> Os tabuleiros empilh\u00e1veis, que poupam espa\u00e7o, simplificam a organiza\u00e7\u00e3o da cozinha e maximizam a efici\u00eancia da arruma\u00e7\u00e3o.<\/p>\n<p><strong>Cantos refor\u00e7ados e espessos:<\/strong> Os rebordos met\u00e1licos refor\u00e7ados evitam a deforma\u00e7\u00e3o mesmo sob altas temperaturas ou cargas pesadas, prolongando a vida \u00fatil do produto.<\/p>\n<p><strong>Servi\u00e7o grossista de folhas para pastelaria:<\/strong> Como fabricante, a Purecook oferece folhas de cozimento por atacado a pre\u00e7os de f\u00e1brica. Tamb\u00e9m fornecemos suporte de personaliza\u00e7\u00e3o OEM para atender \u00e0s suas necessidades espec\u00edficas de mercado.<\/p>","protected":false},"featured_media":4456,"comment_status":"closed","ping_status":"closed","template":"","meta":{"_acf_changed":false},"product_brand":[],"product_cat":[27,107],"product_tag":[],"class_list":{"0":"post-4455","1":"product","2":"type-product","3":"status-publish","4":"has-post-thumbnail","6":"product_cat-bakeware","7":"product_cat-baking-sheet","9":"first","10":"instock","11":"shipping-taxable","12":"product-type-simple"},"acf":[],"_links":{"self":[{"href":"https:\/\/www.purecook.com\/pt\/wp-json\/wp\/v2\/product\/4455","targetHints":{"allow":["GET"]}}],"collection":[{"href":"https:\/\/www.purecook.com\/pt\/wp-json\/wp\/v2\/product"}],"about":[{"href":"https:\/\/www.purecook.com\/pt\/wp-json\/wp\/v2\/types\/product"}],"replies":[{"embeddable":true,"href":"https:\/\/www.purecook.com\/pt\/wp-json\/wp\/v2\/comments?post=4455"}],"wp:featuredmedia":[{"embeddable":true,"href":"https:\/\/www.purecook.com\/pt\/wp-json\/wp\/v2\/media\/4456"}],"wp:attachment":[{"href":"https:\/\/www.purecook.com\/pt\/wp-json\/wp\/v2\/media?parent=4455"}],"wp:term":[{"taxonomy":"product_brand","embeddable":true,"href":"https:\/\/www.purecook.com\/pt\/wp-json\/wp\/v2\/product_brand?post=4455"},{"taxonomy":"product_cat","embeddable":true,"href":"https:\/\/www.purecook.com\/pt\/wp-json\/wp\/v2\/product_cat?post=4455"},{"taxonomy":"product_tag","embeddable":true,"href":"https:\/\/www.purecook.com\/pt\/wp-json\/wp\/v2\/product_tag?post=4455"}],"curies":[{"name":"wp","href":"https:\/\/api.w.org\/{rel}","templated":true}]}}