{"id":4535,"date":"2025-08-21T09:58:12","date_gmt":"2025-08-21T01:58:12","guid":{"rendered":"https:\/\/www.purecook.com\/?post_type=product&#038;p=4535"},"modified":"2025-08-21T10:33:41","modified_gmt":"2025-08-21T02:33:41","slug":"wholesale-stylish-compact-stainless-steel-cookware-set","status":"publish","type":"product","link":"https:\/\/www.purecook.com\/pt\/product\/wholesale-stylish-compact-stainless-steel-cookware-set\/","title":{"rendered":"Conjunto de utens\u00edlios de cozinha em a\u00e7o inoxid\u00e1vel com processo n\u00e3o abrasivo - Para uma cozedura r\u00e1pida e f\u00e1cil"},"content":{"rendered":"<div class=\"wp-block-columns is-layout-flex wp-container-core-columns-is-layout-9d6595d7 wp-block-columns-is-layout-flex\">\n<div class=\"wp-block-column is-layout-flow wp-block-column-is-layout-flow\">\n<h3 class=\"wp-block-heading\">Par\u00e2metros do conjunto de panelas de a\u00e7o inoxid\u00e1vel<\/h3>\n\n\n\n<p><strong>Material:<\/strong> A\u00e7o inoxid\u00e1vel de tr\u00eas camadas<br><strong>Espessura normal:<\/strong> 2mm<br><strong>Tamanho:<\/strong>16\/18\/20cm<br><strong>Log\u00f3tipo<em>:<\/em><\/strong> Serigrafia\/grava\u00e7\u00e3o a laser\/estampagem em relevo<br><strong>Acess\u00f3rios: <\/strong>com uma pega de silicone e acess\u00f3rios para o bot\u00e3o da tampa<br><strong>Peso bruto: <\/strong>Menos de 4 kg por pe\u00e7a<\/p>\n<\/div>\n\n\n\n<div class=\"wp-block-column is-layout-flow wp-block-column-is-layout-flow\">\n<h3 class=\"wp-block-heading\">Op\u00e7\u00f5es personalizadas de potes de stock<\/h3>\n\n\n\n<p><strong>Log\u00f3tipo:<\/strong> Personaliz\u00e1vel com o log\u00f3tipo da sua marca<br><strong>Embalagem:<\/strong>\u00a0Caixa de cor\/caixa de cart\u00e3o, etc<\/p>\n<\/div>\n<\/div>\n\n\n\n<div class=\"wp-block-columns is-layout-flex wp-container-core-columns-is-layout-9d6595d7 wp-block-columns-is-layout-flex\">\n<div class=\"wp-block-column is-layout-flow wp-block-column-is-layout-flow\">\n<figure class=\"wp-block-image size-full\"><img decoding=\"async\" width=\"800\" height=\"800\" src=\"https:\/\/www.purecook.com\/wp-content\/uploads\/2025\/08\/wholesale-stylish-stainless-steel-cookware-set-1.webp\" alt=\"conjunto de utens\u00edlios de cozinha em a\u00e7o inoxid\u00e1vel com estilo por atacado (1)\" class=\"wp-image-4536\" srcset=\"https:\/\/www.purecook.com\/wp-content\/uploads\/2025\/08\/wholesale-stylish-stainless-steel-cookware-set-1.webp 800w, https:\/\/www.purecook.com\/wp-content\/uploads\/2025\/08\/wholesale-stylish-stainless-steel-cookware-set-1-300x300.webp 300w, https:\/\/www.purecook.com\/wp-content\/uploads\/2025\/08\/wholesale-stylish-stainless-steel-cookware-set-1-150x150.webp 150w, https:\/\/www.purecook.com\/wp-content\/uploads\/2025\/08\/wholesale-stylish-stainless-steel-cookware-set-1-768x768.webp 768w, https:\/\/www.purecook.com\/wp-content\/uploads\/2025\/08\/wholesale-stylish-stainless-steel-cookware-set-1-12x12.webp 12w, https:\/\/www.purecook.com\/wp-content\/uploads\/2025\/08\/wholesale-stylish-stainless-steel-cookware-set-1-600x600.webp 600w, https:\/\/www.purecook.com\/wp-content\/uploads\/2025\/08\/wholesale-stylish-stainless-steel-cookware-set-1-100x100.webp 100w\" sizes=\"(max-width: 800px) 100vw, 800px\" \/><\/figure>\n<\/div>\n\n\n\n<div class=\"wp-block-column is-layout-flow wp-block-column-is-layout-flow\">\n<figure class=\"wp-block-image size-full\"><img decoding=\"async\" width=\"1328\" height=\"1328\" src=\"https:\/\/www.purecook.com\/wp-content\/uploads\/2025\/08\/wholesale-stylish-stainless-steel-cookware-set-2.webp\" alt=\"conjunto de utens\u00edlios de cozinha em a\u00e7o inoxid\u00e1vel com estilo por atacado (2)\" class=\"wp-image-4537\" srcset=\"https:\/\/www.purecook.com\/wp-content\/uploads\/2025\/08\/wholesale-stylish-stainless-steel-cookware-set-2.webp 1328w, https:\/\/www.purecook.com\/wp-content\/uploads\/2025\/08\/wholesale-stylish-stainless-steel-cookware-set-2-300x300.webp 300w, https:\/\/www.purecook.com\/wp-content\/uploads\/2025\/08\/wholesale-stylish-stainless-steel-cookware-set-2-150x150.webp 150w, https:\/\/www.purecook.com\/wp-content\/uploads\/2025\/08\/wholesale-stylish-stainless-steel-cookware-set-2-768x768.webp 768w, https:\/\/www.purecook.com\/wp-content\/uploads\/2025\/08\/wholesale-stylish-stainless-steel-cookware-set-2-12x12.webp 12w, https:\/\/www.purecook.com\/wp-content\/uploads\/2025\/08\/wholesale-stylish-stainless-steel-cookware-set-2-600x600.webp 600w, https:\/\/www.purecook.com\/wp-content\/uploads\/2025\/08\/wholesale-stylish-stainless-steel-cookware-set-2-100x100.webp 100w\" sizes=\"(max-width: 1328px) 100vw, 1328px\" \/><\/figure>\n<\/div>\n<\/div>\n\n\n\n<div class=\"wp-block-columns is-layout-flex wp-container-core-columns-is-layout-9d6595d7 wp-block-columns-is-layout-flex\">\n<div class=\"wp-block-column is-layout-flow wp-block-column-is-layout-flow\"><\/div>\n\n\n\n<div class=\"wp-block-column is-layout-flow wp-block-column-is-layout-flow\"><\/div>\n<\/div>\n\n\n\n<div class=\"wp-block-columns is-layout-flex wp-container-core-columns-is-layout-9d6595d7 wp-block-columns-is-layout-flex\">\n<div class=\"wp-block-column is-layout-flow wp-block-column-is-layout-flow\"><\/div>\n\n\n\n<div class=\"wp-block-column is-layout-flow wp-block-column-is-layout-flow\"><\/div>\n<\/div>","protected":false},"excerpt":{"rendered":"<p>Conjunto de utens\u00edlios de cozinha em a\u00e7o inoxid\u00e1vel com estilo por grosso. Este conjunto vers\u00e1til e compacto foi concebido para a vida moderna. Inclui uma frigideira de a\u00e7o inoxid\u00e1vel para panela quente e v\u00e1rios pratos pequenos a condizer, perfeitos para as necessidades culin\u00e1rias individuais ou de pequenas fam\u00edlias.<\/p>\n<p>Como profissional <a href=\"https:\/\/www.purecook.com\/pt\/categoria-produto\/cookware\/\" target=\"_blank\" rel=\"noopener\"><strong>fabricante de utens\u00edlios de cozinha<\/strong><\/a>, A Purecook oferece pre\u00e7os de f\u00e1brica e servi\u00e7os OEM. Por favor, contacte-nos.<\/p>\n<h2>Carater\u00edsticas dos conjuntos de utens\u00edlios de cozinha em a\u00e7o inoxid\u00e1vel<\/h2>\n<p><strong>Versatilidade:<\/strong> Este elegante conjunto de utens\u00edlios de cozinha em a\u00e7o inoxid\u00e1vel inclui uma panela e quatro pratos. Os pratos podem ser utilizados tanto para servir como para cozer, tornando este conjunto de utens\u00edlios de cozinha adequado para uma variedade de m\u00e9todos de cozedura e de servi\u00e7o.<\/p>\n<p><strong>Excelente desempenho de cozedura:<\/strong> Fabricado em a\u00e7o triplamente inoxid\u00e1vel, este conjunto de utens\u00edlios de cozinha em a\u00e7o inoxid\u00e1vel oferece uma excelente condutividade t\u00e9rmica e assegura uma cozedura uniforme.<\/p>\n<p><strong>Limpeza f\u00e1cil:<\/strong> Este conjunto de utens\u00edlios de cozinha em a\u00e7o inoxid\u00e1vel elimina as zonas escondidas e, uma vez que \u00e9 feito de a\u00e7o inoxid\u00e1vel, as n\u00f3doas podem ser facilmente removidas com uma simples passagem de detergente e \u00e1gua.<\/p>\n<p><strong>Conveniente para indiv\u00edduos ou pequenos grupos:<\/strong> As panelas e os pratos t\u00eam o tamanho perfeito para refei\u00e7\u00f5es individuais, como uma panela quente, ou para partilhar uma variedade de pratos com um pequeno grupo. Cada prato tem uma pequena pega para facilitar o manuseamento.<\/p>\n<p><strong>Excelente est\u00e9tica:<\/strong> O design simples e moderno com um acabamento met\u00e1lico cria uma apar\u00eancia elegante e limpa, apelando aos consumidores mais jovens e \u00e0s casas com decora\u00e7\u00e3o moderna.<\/p>","protected":false},"featured_media":4536,"comment_status":"closed","ping_status":"closed","template":"","meta":{"_acf_changed":false},"product_brand":[],"product_cat":[24,69],"product_tag":[],"class_list":{"0":"post-4535","1":"product","2":"type-product","3":"status-publish","4":"has-post-thumbnail","6":"product_cat-cookware","7":"product_cat-cookware-sets","9":"first","10":"instock","11":"shipping-taxable","12":"product-type-simple"},"acf":[],"_links":{"self":[{"href":"https:\/\/www.purecook.com\/pt\/wp-json\/wp\/v2\/product\/4535","targetHints":{"allow":["GET"]}}],"collection":[{"href":"https:\/\/www.purecook.com\/pt\/wp-json\/wp\/v2\/product"}],"about":[{"href":"https:\/\/www.purecook.com\/pt\/wp-json\/wp\/v2\/types\/product"}],"replies":[{"embeddable":true,"href":"https:\/\/www.purecook.com\/pt\/wp-json\/wp\/v2\/comments?post=4535"}],"wp:featuredmedia":[{"embeddable":true,"href":"https:\/\/www.purecook.com\/pt\/wp-json\/wp\/v2\/media\/4536"}],"wp:attachment":[{"href":"https:\/\/www.purecook.com\/pt\/wp-json\/wp\/v2\/media?parent=4535"}],"wp:term":[{"taxonomy":"product_brand","embeddable":true,"href":"https:\/\/www.purecook.com\/pt\/wp-json\/wp\/v2\/product_brand?post=4535"},{"taxonomy":"product_cat","embeddable":true,"href":"https:\/\/www.purecook.com\/pt\/wp-json\/wp\/v2\/product_cat?post=4535"},{"taxonomy":"product_tag","embeddable":true,"href":"https:\/\/www.purecook.com\/pt\/wp-json\/wp\/v2\/product_tag?post=4535"}],"curies":[{"name":"wp","href":"https:\/\/api.w.org\/{rel}","templated":true}]}}