{"id":4568,"date":"2025-08-21T11:11:19","date_gmt":"2025-08-21T03:11:19","guid":{"rendered":"https:\/\/www.purecook.com\/?post_type=product&#038;p=4568"},"modified":"2025-08-24T11:34:57","modified_gmt":"2025-08-24T03:34:57","slug":"wholesale-stainless-steel-kitchen-tongs","status":"publish","type":"product","link":"https:\/\/www.purecook.com\/pt\/product\/wholesale-stainless-steel-kitchen-tongs\/","title":{"rendered":"Pin\u00e7as de cozinha em a\u00e7o inoxid\u00e1vel para cozinhar, churrasco, saladas e servir"},"content":{"rendered":"<div class=\"wp-block-columns is-layout-flex wp-container-core-columns-is-layout-9d6595d7 wp-block-columns-is-layout-flex\">\n<div class=\"wp-block-column is-layout-flow wp-block-column-is-layout-flow\">\n<h3 class=\"wp-block-heading\">Par\u00e2metros da pin\u00e7a de cozinha em a\u00e7o inoxid\u00e1vel<\/h3>\n\n\n\n<p><strong>Material: <\/strong>A\u00e7o inoxid\u00e1vel 304<br><strong>Log\u00f3tipo:<\/strong> Serigrafia\/grava\u00e7\u00e3o a laser\/estampagem em relevo<br><strong>Cor:<\/strong> Prata<br><strong>Tamanho:<\/strong> 24\u00d72,5cm<br><strong>Peso bruto: <\/strong>Menos de 100g por pe\u00e7a<br><\/p>\n<\/div>\n\n\n\n<div class=\"wp-block-column is-layout-flow wp-block-column-is-layout-flow\">\n<h3 class=\"wp-block-heading\">Op\u00e7\u00f5es de pin\u00e7as de cozinha personalizadas<\/h3>\n\n\n\n<p><strong>Log\u00f3tipo:<\/strong> Personaliz\u00e1vel com o log\u00f3tipo da sua marca<br><strong>Embalagem:<\/strong>\u00a0Caixa de cor\/caixa de cart\u00e3o, etc<\/p>\n<\/div>\n<\/div>\n\n\n\n<div class=\"wp-block-columns is-layout-flex wp-container-core-columns-is-layout-9d6595d7 wp-block-columns-is-layout-flex\">\n<div class=\"wp-block-column is-layout-flow wp-block-column-is-layout-flow\">\n<figure class=\"wp-block-image size-full\"><img decoding=\"async\" width=\"800\" height=\"800\" src=\"https:\/\/www.purecook.com\/wp-content\/uploads\/2025\/08\/wholesale-stainless-steel-kitchen-tongs-2.webp\" alt=\"pin\u00e7as de cozinha em a\u00e7o inoxid\u00e1vel por atacado (2)\" class=\"wp-image-4570\" srcset=\"https:\/\/www.purecook.com\/wp-content\/uploads\/2025\/08\/wholesale-stainless-steel-kitchen-tongs-2.webp 800w, https:\/\/www.purecook.com\/wp-content\/uploads\/2025\/08\/wholesale-stainless-steel-kitchen-tongs-2-300x300.webp 300w, https:\/\/www.purecook.com\/wp-content\/uploads\/2025\/08\/wholesale-stainless-steel-kitchen-tongs-2-150x150.webp 150w, https:\/\/www.purecook.com\/wp-content\/uploads\/2025\/08\/wholesale-stainless-steel-kitchen-tongs-2-768x768.webp 768w, https:\/\/www.purecook.com\/wp-content\/uploads\/2025\/08\/wholesale-stainless-steel-kitchen-tongs-2-12x12.webp 12w, https:\/\/www.purecook.com\/wp-content\/uploads\/2025\/08\/wholesale-stainless-steel-kitchen-tongs-2-600x600.webp 600w, https:\/\/www.purecook.com\/wp-content\/uploads\/2025\/08\/wholesale-stainless-steel-kitchen-tongs-2-100x100.webp 100w\" sizes=\"(max-width: 800px) 100vw, 800px\" \/><\/figure>\n<\/div>\n\n\n\n<div class=\"wp-block-column is-layout-flow wp-block-column-is-layout-flow\">\n<figure class=\"wp-block-image size-full\"><img decoding=\"async\" width=\"800\" height=\"800\" src=\"https:\/\/www.purecook.com\/wp-content\/uploads\/2025\/08\/wholesale-stainless-steel-kitchen-tongs-5.webp\" alt=\"pin\u00e7as de cozinha em a\u00e7o inoxid\u00e1vel por atacado (5)\" class=\"wp-image-4573\" srcset=\"https:\/\/www.purecook.com\/wp-content\/uploads\/2025\/08\/wholesale-stainless-steel-kitchen-tongs-5.webp 800w, https:\/\/www.purecook.com\/wp-content\/uploads\/2025\/08\/wholesale-stainless-steel-kitchen-tongs-5-300x300.webp 300w, https:\/\/www.purecook.com\/wp-content\/uploads\/2025\/08\/wholesale-stainless-steel-kitchen-tongs-5-150x150.webp 150w, https:\/\/www.purecook.com\/wp-content\/uploads\/2025\/08\/wholesale-stainless-steel-kitchen-tongs-5-768x768.webp 768w, https:\/\/www.purecook.com\/wp-content\/uploads\/2025\/08\/wholesale-stainless-steel-kitchen-tongs-5-12x12.webp 12w, https:\/\/www.purecook.com\/wp-content\/uploads\/2025\/08\/wholesale-stainless-steel-kitchen-tongs-5-600x600.webp 600w, https:\/\/www.purecook.com\/wp-content\/uploads\/2025\/08\/wholesale-stainless-steel-kitchen-tongs-5-100x100.webp 100w\" sizes=\"(max-width: 800px) 100vw, 800px\" \/><\/figure>\n<\/div>\n<\/div>\n\n\n\n<div class=\"wp-block-columns is-layout-flex wp-container-core-columns-is-layout-9d6595d7 wp-block-columns-is-layout-flex\">\n<div class=\"wp-block-column is-layout-flow wp-block-column-is-layout-flow\"><\/div>\n\n\n\n<div class=\"wp-block-column is-layout-flow wp-block-column-is-layout-flow\"><\/div>\n<\/div>","protected":false},"excerpt":{"rendered":"<p>Pin\u00e7as de cozinha em a\u00e7o inoxid\u00e1vel para venda por grosso. O seu design ergon\u00f3mico elegante proporciona uma ader\u00eancia confort\u00e1vel e \u00e9 ideal para uma variedade de tarefas culin\u00e1rias, desde servir e empratar at\u00e9 cozinhar. Contacte-nos para um or\u00e7amento.<\/p>\n<h2>Carater\u00edsticas da pin\u00e7a de cozinha em a\u00e7o inoxid\u00e1vel<\/h2>\n<p><strong>Design ergon\u00f3mico:<\/strong> Estas pin\u00e7as de cozinha em a\u00e7o inoxid\u00e1vel apresentam uma pega esculpida com sulcos elevados. Este design proporciona uma ader\u00eancia confort\u00e1vel e segura, reduzindo a fadiga da m\u00e3o.<\/p>\n<p><strong>N\u00e3o reativo:<\/strong> Fabricadas em a\u00e7o inoxid\u00e1vel 304, estas pin\u00e7as de cozinha em a\u00e7o inoxid\u00e1vel n\u00e3o reagem com alimentos \u00e1cidos, impedindo-os de afetar o sabor ou a cor dos ingredientes, garantindo que estes permanecem puros.<\/p>\n<p><strong>Versatilidade:<\/strong> Estas pin\u00e7as de cozinha em a\u00e7o inoxid\u00e1vel s\u00e3o adequadas para uma vasta gama de tarefas, desde servir alimentos delicados, como pastelaria, at\u00e9 ao manuseamento de grandes por\u00e7\u00f5es.<\/p>\n<p><strong>Higi\u00e9nico:<\/strong> Fabricadas em a\u00e7o inoxid\u00e1vel, s\u00e3o menos suscept\u00edveis de albergar bact\u00e9rias, absorver odores ou reter part\u00edculas de alimentos. Isto torna as pin\u00e7as f\u00e1ceis de limpar, garantindo um manuseamento higi\u00e9nico dos alimentos.<\/p>","protected":false},"featured_media":4569,"comment_status":"closed","ping_status":"closed","template":"","meta":{"_acf_changed":false},"product_brand":[],"product_cat":[52,103],"product_tag":[],"class_list":{"0":"post-4568","1":"product","2":"type-product","3":"status-publish","4":"has-post-thumbnail","6":"product_cat-kitchen-utensils","7":"product_cat-wholesale-stainless-steel-tongs","9":"first","10":"instock","11":"shipping-taxable","12":"product-type-simple"},"acf":[],"_links":{"self":[{"href":"https:\/\/www.purecook.com\/pt\/wp-json\/wp\/v2\/product\/4568","targetHints":{"allow":["GET"]}}],"collection":[{"href":"https:\/\/www.purecook.com\/pt\/wp-json\/wp\/v2\/product"}],"about":[{"href":"https:\/\/www.purecook.com\/pt\/wp-json\/wp\/v2\/types\/product"}],"replies":[{"embeddable":true,"href":"https:\/\/www.purecook.com\/pt\/wp-json\/wp\/v2\/comments?post=4568"}],"wp:featuredmedia":[{"embeddable":true,"href":"https:\/\/www.purecook.com\/pt\/wp-json\/wp\/v2\/media\/4569"}],"wp:attachment":[{"href":"https:\/\/www.purecook.com\/pt\/wp-json\/wp\/v2\/media?parent=4568"}],"wp:term":[{"taxonomy":"product_brand","embeddable":true,"href":"https:\/\/www.purecook.com\/pt\/wp-json\/wp\/v2\/product_brand?post=4568"},{"taxonomy":"product_cat","embeddable":true,"href":"https:\/\/www.purecook.com\/pt\/wp-json\/wp\/v2\/product_cat?post=4568"},{"taxonomy":"product_tag","embeddable":true,"href":"https:\/\/www.purecook.com\/pt\/wp-json\/wp\/v2\/product_tag?post=4568"}],"curies":[{"name":"wp","href":"https:\/\/api.w.org\/{rel}","templated":true}]}}