{"id":4576,"date":"2025-08-21T11:46:07","date_gmt":"2025-08-21T03:46:07","guid":{"rendered":"https:\/\/www.purecook.com\/?post_type=product&#038;p=4576"},"modified":"2025-08-21T12:13:22","modified_gmt":"2025-08-21T04:13:22","slug":"wholesale-stainless-steel-food-container-and-strainer-set","status":"publish","type":"product","link":"https:\/\/www.purecook.com\/pt\/product\/wholesale-stainless-steel-food-container-and-strainer-set\/","title":{"rendered":"Conjunto de recipiente e coador de a\u00e7o inoxid\u00e1vel para alimentos por atacado"},"content":{"rendered":"<div class=\"wp-block-columns is-layout-flex wp-container-core-columns-is-layout-9d6595d7 wp-block-columns-is-layout-flex\">\n<div class=\"wp-block-column is-layout-flow wp-block-column-is-layout-flow\">\n<h3 class=\"wp-block-heading\">Par\u00e2metros do recipiente para alimentos em a\u00e7o inoxid\u00e1vel com coador<\/h3>\n\n\n\n<p><strong>Material: <\/strong>A\u00e7o inoxid\u00e1vel 304+PP<br><strong>Log\u00f3tipo:<\/strong> Serigrafia\/grava\u00e7\u00e3o a laser\/estampagem em relevo<br><strong>Cor:<\/strong> Prata<br><strong>Tamanhos dos produtos:<\/strong><br>Capacidade: 1500ml; Tamanho: 19\u00d719\u00d75,6cm<br>Capacidade 2000ml; Tamanho: 19\u00d719\u00d77,2cm<br>Capacidade 2500ml; 19\u00d719\u00d79cm<br><strong>Peso bruto: <\/strong>Menos de 500g por pe\u00e7a<\/p>\n<\/div>\n\n\n\n<div class=\"wp-block-column is-layout-flow wp-block-column-is-layout-flow\">\n<h3 class=\"wp-block-heading\">Op\u00e7\u00f5es personalizadas de potes de stock<\/h3>\n\n\n\n<p><strong>Log\u00f3tipo:<\/strong> Personaliz\u00e1vel com o log\u00f3tipo da sua marca<br><strong>Embalagem:<\/strong>\u00a0Caixa de cor\/caixa de cart\u00e3o, etc<\/p>\n<\/div>\n<\/div>\n\n\n\n<div class=\"wp-block-columns is-layout-flex wp-container-core-columns-is-layout-9d6595d7 wp-block-columns-is-layout-flex\">\n<div class=\"wp-block-column is-layout-flow wp-block-column-is-layout-flow\">\n<figure class=\"wp-block-image size-full\"><img decoding=\"async\" width=\"800\" height=\"800\" src=\"https:\/\/www.purecook.com\/wp-content\/uploads\/2025\/08\/wholesale-stainless-steel-food-container-and-strainer-set-5.webp\" alt=\"conjunto de recipiente para alimentos e coador em a\u00e7o inoxid\u00e1vel (5)\" class=\"wp-image-4582\" srcset=\"https:\/\/www.purecook.com\/wp-content\/uploads\/2025\/08\/wholesale-stainless-steel-food-container-and-strainer-set-5.webp 800w, https:\/\/www.purecook.com\/wp-content\/uploads\/2025\/08\/wholesale-stainless-steel-food-container-and-strainer-set-5-300x300.webp 300w, https:\/\/www.purecook.com\/wp-content\/uploads\/2025\/08\/wholesale-stainless-steel-food-container-and-strainer-set-5-150x150.webp 150w, https:\/\/www.purecook.com\/wp-content\/uploads\/2025\/08\/wholesale-stainless-steel-food-container-and-strainer-set-5-768x768.webp 768w, https:\/\/www.purecook.com\/wp-content\/uploads\/2025\/08\/wholesale-stainless-steel-food-container-and-strainer-set-5-12x12.webp 12w, https:\/\/www.purecook.com\/wp-content\/uploads\/2025\/08\/wholesale-stainless-steel-food-container-and-strainer-set-5-600x600.webp 600w, https:\/\/www.purecook.com\/wp-content\/uploads\/2025\/08\/wholesale-stainless-steel-food-container-and-strainer-set-5-100x100.webp 100w\" sizes=\"(max-width: 800px) 100vw, 800px\" \/><\/figure>\n<\/div>\n\n\n\n<div class=\"wp-block-column is-layout-flow wp-block-column-is-layout-flow\">\n<figure class=\"wp-block-image size-full\"><img decoding=\"async\" width=\"800\" height=\"800\" src=\"https:\/\/www.purecook.com\/wp-content\/uploads\/2025\/08\/wholesale-stainless-steel-food-container-and-strainer-set-6.webp\" alt=\"conjunto de recipiente para alimentos e coador em a\u00e7o inoxid\u00e1vel (6)\" class=\"wp-image-4583\" srcset=\"https:\/\/www.purecook.com\/wp-content\/uploads\/2025\/08\/wholesale-stainless-steel-food-container-and-strainer-set-6.webp 800w, https:\/\/www.purecook.com\/wp-content\/uploads\/2025\/08\/wholesale-stainless-steel-food-container-and-strainer-set-6-300x300.webp 300w, https:\/\/www.purecook.com\/wp-content\/uploads\/2025\/08\/wholesale-stainless-steel-food-container-and-strainer-set-6-150x150.webp 150w, https:\/\/www.purecook.com\/wp-content\/uploads\/2025\/08\/wholesale-stainless-steel-food-container-and-strainer-set-6-768x768.webp 768w, https:\/\/www.purecook.com\/wp-content\/uploads\/2025\/08\/wholesale-stainless-steel-food-container-and-strainer-set-6-12x12.webp 12w, https:\/\/www.purecook.com\/wp-content\/uploads\/2025\/08\/wholesale-stainless-steel-food-container-and-strainer-set-6-600x600.webp 600w, https:\/\/www.purecook.com\/wp-content\/uploads\/2025\/08\/wholesale-stainless-steel-food-container-and-strainer-set-6-100x100.webp 100w\" sizes=\"(max-width: 800px) 100vw, 800px\" \/><\/figure>\n<\/div>\n<\/div>\n\n\n\n<div class=\"wp-block-columns is-layout-flex wp-container-core-columns-is-layout-9d6595d7 wp-block-columns-is-layout-flex\">\n<div class=\"wp-block-column is-layout-flow wp-block-column-is-layout-flow\"><\/div>\n\n\n\n<div class=\"wp-block-column is-layout-flow wp-block-column-is-layout-flow\"><\/div>\n<\/div>","protected":false},"excerpt":{"rendered":"<p>Este conjunto moderno e funcional de recipiente para alimentos e coador em a\u00e7o inoxid\u00e1vel combina efici\u00eancia com um design elegante. Dispon\u00edvel em tr\u00eas tamanhos - 1500 ml, 2000 ml e 2500 ml - inclui um recipiente s\u00f3lido vers\u00e1til e um cesto de rede a condizer, perfeito para tudo, desde o enxaguamento de produtos at\u00e9 \u00e0 prepara\u00e7\u00e3o de conservas e para servir pratos.<\/p>\n<h2>Carater\u00edsticas do recipiente para alimentos em a\u00e7o inoxid\u00e1vel com coador<\/h2>\n<p><strong>Vers\u00e1til:<\/strong> Este produto oferece uma solu\u00e7\u00e3o dois em um. O cesto de rede serve de coador ou escorredor pr\u00e1tico para lavar legumes ou escorrer alimentos cozinhados, enquanto o recipiente s\u00f3lido pode ser utilizado para marinar, armazenar alimentos ou servir.<\/p>\n<p><strong>Design que poupa espa\u00e7o:<\/strong> Os dois componentes encaixam-se perfeitamente, permitindo uma arruma\u00e7\u00e3o compacta e eficiente no arm\u00e1rio.<\/p>\n<p><strong>V\u00e1rias op\u00e7\u00f5es de capacidade:<\/strong> Dispon\u00edvel em tr\u00eas capacidades diferentes (1500 ml, 2000 ml e 2500 ml), pode escolher o tamanho perfeito para qualquer tarefa, quer prepare por\u00e7\u00f5es individuais ou refei\u00e7\u00f5es de tamanho familiar.<\/p>\n<p><strong>Pr\u00e1tico e seguro para micro-ondas:<\/strong>\u00a0Os nossos recipientes para alimentos em a\u00e7o inoxid\u00e1vel foram especialmente concebidos para serem adequados para o micro-ondas, permitindo-lhe reaquecer refei\u00e7\u00f5es de forma r\u00e1pida e segura sem ter de transferir os alimentos para outro prato.<\/p>","protected":false},"featured_media":4578,"comment_status":"closed","ping_status":"closed","template":"","meta":{"_acf_changed":false},"product_brand":[],"product_cat":[51,25],"product_tag":[],"class_list":{"0":"post-4576","1":"product","2":"type-product","3":"status-publish","4":"has-post-thumbnail","6":"product_cat-dinnerware","7":"product_cat-food-storage","9":"first","10":"instock","11":"shipping-taxable","12":"product-type-simple"},"acf":[],"_links":{"self":[{"href":"https:\/\/www.purecook.com\/pt\/wp-json\/wp\/v2\/product\/4576","targetHints":{"allow":["GET"]}}],"collection":[{"href":"https:\/\/www.purecook.com\/pt\/wp-json\/wp\/v2\/product"}],"about":[{"href":"https:\/\/www.purecook.com\/pt\/wp-json\/wp\/v2\/types\/product"}],"replies":[{"embeddable":true,"href":"https:\/\/www.purecook.com\/pt\/wp-json\/wp\/v2\/comments?post=4576"}],"wp:featuredmedia":[{"embeddable":true,"href":"https:\/\/www.purecook.com\/pt\/wp-json\/wp\/v2\/media\/4578"}],"wp:attachment":[{"href":"https:\/\/www.purecook.com\/pt\/wp-json\/wp\/v2\/media?parent=4576"}],"wp:term":[{"taxonomy":"product_brand","embeddable":true,"href":"https:\/\/www.purecook.com\/pt\/wp-json\/wp\/v2\/product_brand?post=4576"},{"taxonomy":"product_cat","embeddable":true,"href":"https:\/\/www.purecook.com\/pt\/wp-json\/wp\/v2\/product_cat?post=4576"},{"taxonomy":"product_tag","embeddable":true,"href":"https:\/\/www.purecook.com\/pt\/wp-json\/wp\/v2\/product_tag?post=4576"}],"curies":[{"name":"wp","href":"https:\/\/api.w.org\/{rel}","templated":true}]}}