{"id":4584,"date":"2025-08-21T14:04:59","date_gmt":"2025-08-21T06:04:59","guid":{"rendered":"https:\/\/www.purecook.com\/?post_type=product&#038;p=4584"},"modified":"2025-09-08T11:29:35","modified_gmt":"2025-09-08T03:29:35","slug":"wholesale-mini-colander-and-bowl-set","status":"publish","type":"product","link":"https:\/\/www.purecook.com\/pt\/product\/wholesale-mini-colander-and-bowl-set\/","title":{"rendered":"Conjunto grossista de mini coador e ta\u00e7a, 2 tamanhos"},"content":{"rendered":"<div class=\"wp-block-columns is-layout-flex wp-container-core-columns-is-layout-9d6595d7 wp-block-columns-is-layout-flex\">\n<div class=\"wp-block-column is-layout-flow wp-block-column-is-layout-flow\">\n<h3 class=\"wp-block-heading\">Par\u00e2metros do conjunto de 2 pe\u00e7as Mini coador <\/h3>\n\n\n\n<p><strong>Material:<\/strong> A\u00e7o inoxid\u00e1vel 304<br><strong>Log\u00f3tipo: <\/strong>Serigrafia\/grava\u00e7\u00e3o a laser\/estampagem em relevo<br><strong>Cor:<\/strong> Prata<br><strong>Cesto de 14 cm<\/strong><\/p>\n\n\n\n<ul class=\"wp-block-list\">\n<li>Di\u00e2metro (topo): 14,3 cm<\/li>\n\n\n\n<li>Di\u00e2metro (base): 8,0 cm<\/li>\n\n\n\n<li>Altura: 6,5 cm<\/li>\n\n\n\n<li>Capacidade: 600 ml<\/li>\n<\/ul>\n\n\n\n<p><strong>Cesto de 16 cm<\/strong><\/p>\n\n\n\n<ul class=\"wp-block-list\">\n<li>Di\u00e2metro (topo): 16,3 cm<\/li>\n\n\n\n<li>Di\u00e2metro (base): 9,0 cm<\/li>\n\n\n\n<li>Altura: 7,5 cm<\/li>\n\n\n\n<li>Capacidade: 1000 ml<\/li>\n<\/ul>\n<\/div>\n\n\n\n<div class=\"wp-block-column is-layout-flow wp-block-column-is-layout-flow\">\n<h3 class=\"wp-block-heading\">Op\u00e7\u00f5es personalizadas de potes de stock<\/h3>\n\n\n\n<p><strong>Log\u00f3tipo:<\/strong> Personaliz\u00e1vel com o log\u00f3tipo da sua marca<br><strong>Cor:<\/strong> Personaliz\u00e1vel<br><strong>Embalagem:<\/strong>\u00a0Caixa de cor\/caixa de cart\u00e3o, etc<\/p>\n<\/div>\n<\/div>\n\n\n\n<div class=\"wp-block-columns is-layout-flex wp-container-core-columns-is-layout-9d6595d7 wp-block-columns-is-layout-flex\">\n<div class=\"wp-block-column is-layout-flow wp-block-column-is-layout-flow\">\n<figure class=\"wp-block-image size-full\"><img decoding=\"async\" width=\"800\" height=\"800\" src=\"https:\/\/www.purecook.com\/wp-content\/uploads\/2025\/08\/mini-colander-and-bowl-set-5.webp\" alt=\"conjunto de mini coador e ta\u00e7a (5)\" class=\"wp-image-4589\" srcset=\"https:\/\/www.purecook.com\/wp-content\/uploads\/2025\/08\/mini-colander-and-bowl-set-5.webp 800w, https:\/\/www.purecook.com\/wp-content\/uploads\/2025\/08\/mini-colander-and-bowl-set-5-300x300.webp 300w, https:\/\/www.purecook.com\/wp-content\/uploads\/2025\/08\/mini-colander-and-bowl-set-5-150x150.webp 150w, https:\/\/www.purecook.com\/wp-content\/uploads\/2025\/08\/mini-colander-and-bowl-set-5-768x768.webp 768w, https:\/\/www.purecook.com\/wp-content\/uploads\/2025\/08\/mini-colander-and-bowl-set-5-12x12.webp 12w, https:\/\/www.purecook.com\/wp-content\/uploads\/2025\/08\/mini-colander-and-bowl-set-5-600x600.webp 600w, https:\/\/www.purecook.com\/wp-content\/uploads\/2025\/08\/mini-colander-and-bowl-set-5-100x100.webp 100w\" sizes=\"(max-width: 800px) 100vw, 800px\" \/><\/figure>\n<\/div>\n\n\n\n<div class=\"wp-block-column is-layout-flow wp-block-column-is-layout-flow\">\n<figure class=\"wp-block-image size-full\"><img decoding=\"async\" width=\"800\" height=\"800\" src=\"https:\/\/www.purecook.com\/wp-content\/uploads\/2025\/08\/mini-colander-and-bowl-set-6.webp\" alt=\"conjunto de mini coador e ta\u00e7a (6)\" class=\"wp-image-4590\" srcset=\"https:\/\/www.purecook.com\/wp-content\/uploads\/2025\/08\/mini-colander-and-bowl-set-6.webp 800w, https:\/\/www.purecook.com\/wp-content\/uploads\/2025\/08\/mini-colander-and-bowl-set-6-300x300.webp 300w, https:\/\/www.purecook.com\/wp-content\/uploads\/2025\/08\/mini-colander-and-bowl-set-6-150x150.webp 150w, https:\/\/www.purecook.com\/wp-content\/uploads\/2025\/08\/mini-colander-and-bowl-set-6-768x768.webp 768w, https:\/\/www.purecook.com\/wp-content\/uploads\/2025\/08\/mini-colander-and-bowl-set-6-12x12.webp 12w, https:\/\/www.purecook.com\/wp-content\/uploads\/2025\/08\/mini-colander-and-bowl-set-6-600x600.webp 600w, https:\/\/www.purecook.com\/wp-content\/uploads\/2025\/08\/mini-colander-and-bowl-set-6-100x100.webp 100w\" sizes=\"(max-width: 800px) 100vw, 800px\" \/><\/figure>\n<\/div>\n<\/div>\n\n\n\n<div class=\"wp-block-columns is-layout-flex wp-container-core-columns-is-layout-9d6595d7 wp-block-columns-is-layout-flex\">\n<div class=\"wp-block-column is-layout-flow wp-block-column-is-layout-flow\"><\/div>\n\n\n\n<div class=\"wp-block-column is-layout-flow wp-block-column-is-layout-flow\"><\/div>\n<\/div>\n\n\n\n<div class=\"wp-block-columns is-layout-flex wp-container-core-columns-is-layout-9d6595d7 wp-block-columns-is-layout-flex\">\n<div class=\"wp-block-column is-layout-flow wp-block-column-is-layout-flow\"><\/div>\n\n\n\n<div class=\"wp-block-column is-layout-flow wp-block-column-is-layout-flow\"><\/div>\n<\/div>","protected":false},"excerpt":{"rendered":"<p>Perfeito para escorrer produtos, lavar cereais e servir saladas, este conjunto vers\u00e1til e higi\u00e9nico de escorredores em a\u00e7o inoxid\u00e1vel inclui um coador de malha fina que se encaixa perfeitamente na ta\u00e7a. \u00c9 uma adi\u00e7\u00e3o pr\u00e1tica e economizadora de espa\u00e7o para qualquer cozinha.<\/p>\n<h2>Carater\u00edsticas e vantagens dos tachos de a\u00e7o inoxid\u00e1vel<\/h2>\n<p><strong>Vers\u00e1til:<\/strong> Este conjunto pode ser utilizado para lavar e enxaguar frutas e legumes, coar massa ou arroz, e a ta\u00e7a pode ser utilizada sozinha para misturar, servir ou como ta\u00e7a de servir.<\/p>\n<p><strong>Drenagem eficiente:<\/strong> A malha fina do escorredor drena os l\u00edquidos de forma r\u00e1pida e completa, impedindo a passagem de pequenas part\u00edculas de alimentos.<\/p>\n<p><strong>Dur\u00e1vel e higi\u00e9nico:<\/strong> Fabricado em a\u00e7o inoxid\u00e1vel resistente \u00e0 ferrugem, n\u00e3o poroso e f\u00e1cil de limpar, garante uma prepara\u00e7\u00e3o higi\u00e9nica dos alimentos.<\/p>\n<p><strong>Apelo est\u00e9tico:<\/strong> O design elegante e minimalista oferece um aspeto moderno e limpo, perfeito para servir diretamente \u00e0 mesa.<\/p>","protected":false},"featured_media":4585,"comment_status":"closed","ping_status":"closed","template":"","meta":{"_acf_changed":false},"product_brand":[],"product_cat":[51,52,54,65],"product_tag":[],"class_list":{"0":"post-4584","1":"product","2":"type-product","3":"status-publish","4":"has-post-thumbnail","6":"product_cat-dinnerware","7":"product_cat-kitchen-utensils","8":"product_cat-stainless-steel-bowl","9":"product_cat-kitchen-strainer-and-colander","11":"first","12":"instock","13":"shipping-taxable","14":"product-type-simple"},"acf":[],"_links":{"self":[{"href":"https:\/\/www.purecook.com\/pt\/wp-json\/wp\/v2\/product\/4584","targetHints":{"allow":["GET"]}}],"collection":[{"href":"https:\/\/www.purecook.com\/pt\/wp-json\/wp\/v2\/product"}],"about":[{"href":"https:\/\/www.purecook.com\/pt\/wp-json\/wp\/v2\/types\/product"}],"replies":[{"embeddable":true,"href":"https:\/\/www.purecook.com\/pt\/wp-json\/wp\/v2\/comments?post=4584"}],"wp:featuredmedia":[{"embeddable":true,"href":"https:\/\/www.purecook.com\/pt\/wp-json\/wp\/v2\/media\/4585"}],"wp:attachment":[{"href":"https:\/\/www.purecook.com\/pt\/wp-json\/wp\/v2\/media?parent=4584"}],"wp:term":[{"taxonomy":"product_brand","embeddable":true,"href":"https:\/\/www.purecook.com\/pt\/wp-json\/wp\/v2\/product_brand?post=4584"},{"taxonomy":"product_cat","embeddable":true,"href":"https:\/\/www.purecook.com\/pt\/wp-json\/wp\/v2\/product_cat?post=4584"},{"taxonomy":"product_tag","embeddable":true,"href":"https:\/\/www.purecook.com\/pt\/wp-json\/wp\/v2\/product_tag?post=4584"}],"curies":[{"name":"wp","href":"https:\/\/api.w.org\/{rel}","templated":true}]}}