{"id":4591,"date":"2025-08-24T09:30:00","date_gmt":"2025-08-24T01:30:00","guid":{"rendered":"https:\/\/www.purecook.com\/?post_type=product&#038;p=4591"},"modified":"2025-08-24T10:02:18","modified_gmt":"2025-08-24T02:02:18","slug":"wholesale-3-piece-stainless-steel-cookware-set","status":"publish","type":"product","link":"https:\/\/www.purecook.com\/pt\/product\/wholesale-3-piece-stainless-steel-cookware-set\/","title":{"rendered":"Conjunto de panelas de a\u00e7o inoxid\u00e1vel de 3 pe\u00e7as por atacado"},"content":{"rendered":"<div class=\"wp-block-columns is-layout-flex wp-container-core-columns-is-layout-9d6595d7 wp-block-columns-is-layout-flex\">\n<div class=\"wp-block-column is-layout-flow wp-block-column-is-layout-flow\">\n<h3 class=\"wp-block-heading\">Par\u00e2metros do conjunto de panelas de a\u00e7o inoxid\u00e1vel de 3 pe\u00e7as<\/h3>\n\n\n\n<p><strong>Material: <\/strong>A\u00e7o inoxid\u00e1vel 201<br><strong>Espessura normal:<\/strong> 0,5 mm<br><strong>Tampa: <\/strong>Tampa de vidro ou tampa de a\u00e7o inoxid\u00e1vel<br><strong>Fundo:<\/strong> Fundo sandu\u00edche de indu\u00e7\u00e3o (SUS+0,8mm Alu+SUS)<br><strong>Log\u00f3tipo: <\/strong>Impress\u00e3o serigr\u00e1fica \/ Grava\u00e7\u00e3o a laser \/ Grava\u00e7\u00e3o em relevo<br><strong>Pega e bot\u00e3o da tampa:<\/strong> A\u00e7o inoxid\u00e1vel<br><strong>Tamanho: <\/strong>16 \u00d7 9 cm \/ 18 \u00d7 10 cm \/ 20 \u00d7 11 cm<br><strong>Peso bruto: <\/strong>Menos de 1 kg por pe\u00e7a<\/p>\n<\/div>\n\n\n\n<div class=\"wp-block-column is-layout-flow wp-block-column-is-layout-flow\">\n<h3 class=\"wp-block-heading\">Op\u00e7\u00f5es personalizadas de potes de stock<\/h3>\n\n\n\n<p><strong>Log\u00f3tipo:<\/strong> Personaliz\u00e1vel com o log\u00f3tipo da sua marca<br><strong>Pega:<\/strong> Pega para se adaptar ao seu estilo<br><strong>Embalagem:<\/strong>\u00a0Caixa de cor\/caixa de cart\u00e3o, etc<\/p>\n<\/div>\n<\/div>\n\n\n\n<div class=\"wp-block-columns is-layout-flex wp-container-core-columns-is-layout-9d6595d7 wp-block-columns-is-layout-flex\">\n<div class=\"wp-block-column is-layout-flow wp-block-column-is-layout-flow\">\n<figure class=\"wp-block-image size-full\"><img decoding=\"async\" width=\"800\" height=\"800\" src=\"https:\/\/www.purecook.com\/wp-content\/uploads\/2025\/08\/wholesale-3-piece-stainless-steel-cookware-set\u200b-2.webp\" alt=\"conjunto de panelas de a\u00e7o inoxid\u00e1vel de 3 pe\u00e7as por atacado (2)\" class=\"wp-image-4593\" srcset=\"https:\/\/www.purecook.com\/wp-content\/uploads\/2025\/08\/wholesale-3-piece-stainless-steel-cookware-set\u200b-2.webp 800w, https:\/\/www.purecook.com\/wp-content\/uploads\/2025\/08\/wholesale-3-piece-stainless-steel-cookware-set\u200b-2-300x300.webp 300w, https:\/\/www.purecook.com\/wp-content\/uploads\/2025\/08\/wholesale-3-piece-stainless-steel-cookware-set\u200b-2-150x150.webp 150w, https:\/\/www.purecook.com\/wp-content\/uploads\/2025\/08\/wholesale-3-piece-stainless-steel-cookware-set\u200b-2-768x768.webp 768w, https:\/\/www.purecook.com\/wp-content\/uploads\/2025\/08\/wholesale-3-piece-stainless-steel-cookware-set\u200b-2-12x12.webp 12w, https:\/\/www.purecook.com\/wp-content\/uploads\/2025\/08\/wholesale-3-piece-stainless-steel-cookware-set\u200b-2-600x600.webp 600w, https:\/\/www.purecook.com\/wp-content\/uploads\/2025\/08\/wholesale-3-piece-stainless-steel-cookware-set\u200b-2-100x100.webp 100w\" sizes=\"(max-width: 800px) 100vw, 800px\" \/><\/figure>\n<\/div>\n\n\n\n<div class=\"wp-block-column is-layout-flow wp-block-column-is-layout-flow\">\n<figure class=\"wp-block-image size-full\"><img decoding=\"async\" width=\"800\" height=\"800\" src=\"https:\/\/www.purecook.com\/wp-content\/uploads\/2025\/08\/wholesale-3-piece-stainless-steel-cookware-set\u200b-3.webp\" alt=\"conjunto de panelas de a\u00e7o inoxid\u00e1vel de 3 pe\u00e7as por atacado (3)\" class=\"wp-image-4594\" srcset=\"https:\/\/www.purecook.com\/wp-content\/uploads\/2025\/08\/wholesale-3-piece-stainless-steel-cookware-set\u200b-3.webp 800w, https:\/\/www.purecook.com\/wp-content\/uploads\/2025\/08\/wholesale-3-piece-stainless-steel-cookware-set\u200b-3-300x300.webp 300w, https:\/\/www.purecook.com\/wp-content\/uploads\/2025\/08\/wholesale-3-piece-stainless-steel-cookware-set\u200b-3-150x150.webp 150w, https:\/\/www.purecook.com\/wp-content\/uploads\/2025\/08\/wholesale-3-piece-stainless-steel-cookware-set\u200b-3-768x768.webp 768w, https:\/\/www.purecook.com\/wp-content\/uploads\/2025\/08\/wholesale-3-piece-stainless-steel-cookware-set\u200b-3-12x12.webp 12w, https:\/\/www.purecook.com\/wp-content\/uploads\/2025\/08\/wholesale-3-piece-stainless-steel-cookware-set\u200b-3-600x600.webp 600w, https:\/\/www.purecook.com\/wp-content\/uploads\/2025\/08\/wholesale-3-piece-stainless-steel-cookware-set\u200b-3-100x100.webp 100w\" sizes=\"(max-width: 800px) 100vw, 800px\" \/><\/figure>\n<\/div>\n<\/div>\n\n\n\n<div class=\"wp-block-columns is-layout-flex wp-container-core-columns-is-layout-9d6595d7 wp-block-columns-is-layout-flex\">\n<div class=\"wp-block-column is-layout-flow wp-block-column-is-layout-flow\"><\/div>\n\n\n\n<div class=\"wp-block-column is-layout-flow wp-block-column-is-layout-flow\"><\/div>\n<\/div>","protected":false},"excerpt":{"rendered":"<p>Conjunto de panelas de a\u00e7o inoxid\u00e1vel de 3 pe\u00e7as por atacado. Este conjunto de utens\u00edlios de cozinha \u00e9 dur\u00e1vel e duradouro, adequado para v\u00e1rios tipos de fog\u00f5es, tais como fog\u00f5es de indu\u00e7\u00e3o. O conjunto inclui 3 tamanhos, adequados para as necessidades de cozinha dom\u00e9stica e comercial. Suporte a cabos de panelas personalizados, tampas de panelas, embalagens, logotipos, etc. Bem-vindo a contactar-nos.<\/p>\n<h2>Carater\u00edsticas do conjunto de panelas de a\u00e7o inoxid\u00e1vel de 3 pe\u00e7as<\/h2>\n<p><strong>Equipado com uma tampa de vidro transparente:<\/strong> Este conjunto de utens\u00edlios de cozinha de 3 pe\u00e7as em a\u00e7o inoxid\u00e1vel apresenta uma tampa de vidro temperado transparente, que lhe permite controlar facilmente os alimentos enquanto cozinha.<\/p>\n<p><strong>Combina\u00e7\u00f5es de tamanhos m\u00faltiplos:<\/strong> Este conjunto de utens\u00edlios de cozinha de 3 pe\u00e7as em a\u00e7o inoxid\u00e1vel inclui panelas de v\u00e1rios tamanhos, incluindo 16 \u00d7 9 cm, 18 \u00d7 10 cm e 20 \u00d7 11 cm, para satisfazer diversas necessidades culin\u00e1rias.<\/p>\n<p><strong>Excelente transfer\u00eancia de calor:<\/strong> O conjunto de panelas de 3 pe\u00e7as em a\u00e7o inoxid\u00e1vel apresenta um design de fundo composto para uma excelente condu\u00e7\u00e3o de calor e um aquecimento uniforme.<\/p>\n<p><strong>Compat\u00edvel com v\u00e1rias placas de fog\u00e3o:<\/strong> Com um fundo triplamente em a\u00e7o inoxid\u00e1vel, este conjunto de utens\u00edlios de cozinha \u00e9 compat\u00edvel com uma variedade de placas de fog\u00e3o, incluindo placas de indu\u00e7\u00e3o e de cer\u00e2mica.<\/p>\n<p><strong>Pre\u00e7o de f\u00e1brica:<\/strong> Como <a href=\"https:\/\/www.purecook.com\/pt\/categoria-produto\/cookware\/\" target=\"_blank\" rel=\"noopener\"><strong>fabricante de utens\u00edlios de cozinha<\/strong><\/a> da China, a Purecook oferece pre\u00e7os de f\u00e1brica, fornecendo produtos competitivos de utens\u00edlios de cozinha a compradores B2B globais, marcas de utens\u00edlios de cozinha e retalhistas.<\/p>","protected":false},"featured_media":4592,"comment_status":"closed","ping_status":"closed","template":"","meta":{"_acf_changed":false},"product_brand":[],"product_cat":[24,69,70],"product_tag":[],"class_list":{"0":"post-4591","1":"product","2":"type-product","3":"status-publish","4":"has-post-thumbnail","6":"product_cat-cookware","7":"product_cat-cookware-sets","8":"product_cat-soup-and-stock-pots","10":"first","11":"instock","12":"shipping-taxable","13":"product-type-simple"},"acf":[],"_links":{"self":[{"href":"https:\/\/www.purecook.com\/pt\/wp-json\/wp\/v2\/product\/4591","targetHints":{"allow":["GET"]}}],"collection":[{"href":"https:\/\/www.purecook.com\/pt\/wp-json\/wp\/v2\/product"}],"about":[{"href":"https:\/\/www.purecook.com\/pt\/wp-json\/wp\/v2\/types\/product"}],"replies":[{"embeddable":true,"href":"https:\/\/www.purecook.com\/pt\/wp-json\/wp\/v2\/comments?post=4591"}],"wp:featuredmedia":[{"embeddable":true,"href":"https:\/\/www.purecook.com\/pt\/wp-json\/wp\/v2\/media\/4592"}],"wp:attachment":[{"href":"https:\/\/www.purecook.com\/pt\/wp-json\/wp\/v2\/media?parent=4591"}],"wp:term":[{"taxonomy":"product_brand","embeddable":true,"href":"https:\/\/www.purecook.com\/pt\/wp-json\/wp\/v2\/product_brand?post=4591"},{"taxonomy":"product_cat","embeddable":true,"href":"https:\/\/www.purecook.com\/pt\/wp-json\/wp\/v2\/product_cat?post=4591"},{"taxonomy":"product_tag","embeddable":true,"href":"https:\/\/www.purecook.com\/pt\/wp-json\/wp\/v2\/product_tag?post=4591"}],"curies":[{"name":"wp","href":"https:\/\/api.w.org\/{rel}","templated":true}]}}