{"id":4599,"date":"2025-08-24T10:02:59","date_gmt":"2025-08-24T02:02:59","guid":{"rendered":"https:\/\/www.purecook.com\/?post_type=product&#038;p=4599"},"modified":"2025-08-24T10:27:47","modified_gmt":"2025-08-24T02:27:47","slug":"wholesale-slotted-spoon-for-easy-draining-and-serving-of-food","status":"publish","type":"product","link":"https:\/\/www.purecook.com\/pt\/product\/wholesale-slotted-spoon-for-easy-draining-and-serving-of-food\/","title":{"rendered":"Colher com fenda por atacado para escorrer e servir facilmente os alimentos"},"content":{"rendered":"<div class=\"wp-block-columns is-layout-flex wp-container-core-columns-is-layout-9d6595d7 wp-block-columns-is-layout-flex\">\n<div class=\"wp-block-column is-layout-flow wp-block-column-is-layout-flow\">\n<h3 class=\"wp-block-heading\">Par\u00e2metros da colher de a\u00e7o inoxid\u00e1vel com fenda<\/h3>\n\n\n\n<p><strong>Material: <\/strong>A\u00e7o inoxid\u00e1vel 304<br><strong>Cor: <\/strong>prata<br><strong>Peso: <\/strong>140\/155g -<br><strong>Log\u00f3tipo: <\/strong>Serigrafia \/ Grava\u00e7\u00e3o a laser \/ Carimbo em relevo<br><strong>Tamanho: <\/strong>31,4\u00d710,6cm \/ 32,5\u00d712,6cm<br><strong>Peso bruto: <\/strong>Menos de 1 kg por pe\u00e7a<\/p>\n<\/div>\n\n\n\n<div class=\"wp-block-column is-layout-flow wp-block-column-is-layout-flow\">\n<h3 class=\"wp-block-heading\">Op\u00e7\u00f5es personalizadas de potes de stock<\/h3>\n\n\n\n<p><strong>Log\u00f3tipo:<\/strong> Personaliz\u00e1vel com o log\u00f3tipo da sua marca<br><strong>Cor:<\/strong> Personaliz\u00e1vel<br><strong>Embalagem:<\/strong>&nbsp;Caixa de cor\/caixa de cart\u00e3o, etc<br><strong>MOQ: <\/strong>1000 unidades<\/p>\n<\/div>\n<\/div>\n\n\n\n<div class=\"wp-block-columns is-layout-flex wp-container-core-columns-is-layout-9d6595d7 wp-block-columns-is-layout-flex\">\n<div class=\"wp-block-column is-layout-flow wp-block-column-is-layout-flow\">\n<figure class=\"wp-block-image size-full\"><img decoding=\"async\" width=\"800\" height=\"800\" src=\"https:\/\/www.purecook.com\/wp-content\/uploads\/2025\/08\/wholesale-stainless-steel-slotted-spoon-2.webp\" alt=\"colher com fenda em a\u00e7o inoxid\u00e1vel para venda por grosso (2)\" class=\"wp-image-4601\" srcset=\"https:\/\/www.purecook.com\/wp-content\/uploads\/2025\/08\/wholesale-stainless-steel-slotted-spoon-2.webp 800w, https:\/\/www.purecook.com\/wp-content\/uploads\/2025\/08\/wholesale-stainless-steel-slotted-spoon-2-300x300.webp 300w, https:\/\/www.purecook.com\/wp-content\/uploads\/2025\/08\/wholesale-stainless-steel-slotted-spoon-2-150x150.webp 150w, https:\/\/www.purecook.com\/wp-content\/uploads\/2025\/08\/wholesale-stainless-steel-slotted-spoon-2-768x768.webp 768w, https:\/\/www.purecook.com\/wp-content\/uploads\/2025\/08\/wholesale-stainless-steel-slotted-spoon-2-12x12.webp 12w, https:\/\/www.purecook.com\/wp-content\/uploads\/2025\/08\/wholesale-stainless-steel-slotted-spoon-2-600x600.webp 600w, https:\/\/www.purecook.com\/wp-content\/uploads\/2025\/08\/wholesale-stainless-steel-slotted-spoon-2-100x100.webp 100w\" sizes=\"(max-width: 800px) 100vw, 800px\" \/><\/figure>\n<\/div>\n\n\n\n<div class=\"wp-block-column is-layout-flow wp-block-column-is-layout-flow\">\n<figure class=\"wp-block-image size-full\"><img decoding=\"async\" width=\"800\" height=\"800\" src=\"https:\/\/www.purecook.com\/wp-content\/uploads\/2025\/08\/wholesale-stainless-steel-slotted-spoon-3.webp\" alt=\"colher com fenda de a\u00e7o inoxid\u00e1vel por atacado (3)\" class=\"wp-image-4602\" srcset=\"https:\/\/www.purecook.com\/wp-content\/uploads\/2025\/08\/wholesale-stainless-steel-slotted-spoon-3.webp 800w, https:\/\/www.purecook.com\/wp-content\/uploads\/2025\/08\/wholesale-stainless-steel-slotted-spoon-3-300x300.webp 300w, https:\/\/www.purecook.com\/wp-content\/uploads\/2025\/08\/wholesale-stainless-steel-slotted-spoon-3-150x150.webp 150w, https:\/\/www.purecook.com\/wp-content\/uploads\/2025\/08\/wholesale-stainless-steel-slotted-spoon-3-768x768.webp 768w, https:\/\/www.purecook.com\/wp-content\/uploads\/2025\/08\/wholesale-stainless-steel-slotted-spoon-3-12x12.webp 12w, https:\/\/www.purecook.com\/wp-content\/uploads\/2025\/08\/wholesale-stainless-steel-slotted-spoon-3-600x600.webp 600w, https:\/\/www.purecook.com\/wp-content\/uploads\/2025\/08\/wholesale-stainless-steel-slotted-spoon-3-100x100.webp 100w\" sizes=\"(max-width: 800px) 100vw, 800px\" \/><\/figure>\n<\/div>\n<\/div>\n\n\n\n<div class=\"wp-block-columns is-layout-flex wp-container-core-columns-is-layout-9d6595d7 wp-block-columns-is-layout-flex\">\n<div class=\"wp-block-column is-layout-flow wp-block-column-is-layout-flow\"><\/div>\n\n\n\n<div class=\"wp-block-column is-layout-flow wp-block-column-is-layout-flow\"><\/div>\n<\/div>","protected":false},"excerpt":{"rendered":"<p>Colheres com ranhuras em a\u00e7o inoxid\u00e1vel por grosso. Fabricadas em a\u00e7o inoxid\u00e1vel 304 de qualidade alimentar, estas colheres oferecem um desempenho superior. Oferecem uma funcionalidade vers\u00e1til, drenando e coando rapidamente massas, legumes e bolinhos de massa. Contacte-nos para obter pre\u00e7os de f\u00e1brica por grosso.<\/p>\n<h2>Carater\u00edsticas das colheres de a\u00e7o inoxid\u00e1vel com fenda<\/h2>\n<p><strong>Drenagem e coagem f\u00e1ceis:<\/strong> As colheres com fenda facilitam a remo\u00e7\u00e3o de alimentos s\u00f3lidos dos l\u00edquidos. Escoam rapidamente \u00e1gua, \u00f3leo ou sopa.<\/p>\n<p><strong>Seguran\u00e7a:<\/strong> As colheres com fenda possuem uma pega alargada, mantendo as m\u00e3os protegidas de salpicos de \u00f3leo, \u00e1gua a ferver e vapor quente.<\/p>\n<p><strong>Versatilidade:<\/strong> As colheres com fenda podem ser utilizadas numa variedade de tarefas, incluindo retirar espuma ou gordura de sopas e guisados, branquear legumes em \u00e1gua a ferver e retirar massa da sopa.<\/p>\n<p><strong>Material de qualidade alimentar:<\/strong> As colheres com fendas por grosso s\u00e3o feitas de a\u00e7o inoxid\u00e1vel 304 de qualidade alimentar, que n\u00e3o reage com os alimentos e \u00e9 altamente resistente ao calor, garantindo tranquilidade.<\/p>\n<p><strong>Pre\u00e7o de f\u00e1brica:<\/strong> Como fabricante de utens\u00edlios de cozinha, oferecemos utens\u00edlios de cozinha por atacado a pre\u00e7os de f\u00e1brica e apoiamos a personaliza\u00e7\u00e3o e as encomendas a granel.<\/p>","protected":false},"featured_media":4600,"comment_status":"closed","ping_status":"closed","template":"","meta":{"_acf_changed":false},"product_brand":[],"product_cat":[52,65],"product_tag":[],"class_list":{"0":"post-4599","1":"product","2":"type-product","3":"status-publish","4":"has-post-thumbnail","6":"product_cat-kitchen-utensils","7":"product_cat-kitchen-strainer-and-colander","9":"first","10":"instock","11":"shipping-taxable","12":"product-type-simple"},"acf":[],"_links":{"self":[{"href":"https:\/\/www.purecook.com\/pt\/wp-json\/wp\/v2\/product\/4599","targetHints":{"allow":["GET"]}}],"collection":[{"href":"https:\/\/www.purecook.com\/pt\/wp-json\/wp\/v2\/product"}],"about":[{"href":"https:\/\/www.purecook.com\/pt\/wp-json\/wp\/v2\/types\/product"}],"replies":[{"embeddable":true,"href":"https:\/\/www.purecook.com\/pt\/wp-json\/wp\/v2\/comments?post=4599"}],"wp:featuredmedia":[{"embeddable":true,"href":"https:\/\/www.purecook.com\/pt\/wp-json\/wp\/v2\/media\/4600"}],"wp:attachment":[{"href":"https:\/\/www.purecook.com\/pt\/wp-json\/wp\/v2\/media?parent=4599"}],"wp:term":[{"taxonomy":"product_brand","embeddable":true,"href":"https:\/\/www.purecook.com\/pt\/wp-json\/wp\/v2\/product_brand?post=4599"},{"taxonomy":"product_cat","embeddable":true,"href":"https:\/\/www.purecook.com\/pt\/wp-json\/wp\/v2\/product_cat?post=4599"},{"taxonomy":"product_tag","embeddable":true,"href":"https:\/\/www.purecook.com\/pt\/wp-json\/wp\/v2\/product_tag?post=4599"}],"curies":[{"name":"wp","href":"https:\/\/api.w.org\/{rel}","templated":true}]}}