{"id":4605,"date":"2025-08-24T10:32:23","date_gmt":"2025-08-24T02:32:23","guid":{"rendered":"https:\/\/www.purecook.com\/?post_type=product&#038;p=4605"},"modified":"2025-08-24T10:56:48","modified_gmt":"2025-08-24T02:56:48","slug":"wholesale-stainless-steel-food-container-and-strainer-set-2","status":"publish","type":"product","link":"https:\/\/www.purecook.com\/pt\/product\/wholesale-stainless-steel-food-container-and-strainer-set-2\/","title":{"rendered":"Conjunto de coador e recipiente para alimentos em a\u00e7o inoxid\u00e1vel - Suporte para cozedura em fog\u00e3o de indu\u00e7\u00e3o"},"content":{"rendered":"<div class=\"wp-block-columns is-layout-flex wp-container-core-columns-is-layout-9d6595d7 wp-block-columns-is-layout-flex\">\n<div class=\"wp-block-column is-layout-flow wp-block-column-is-layout-flow\">\n<h3 class=\"wp-block-heading\">Par\u00e2metros do conjunto de recipiente para alimentos e coador<\/h3>\n\n\n\n<p><strong>Material: <\/strong>A\u00e7o inoxid\u00e1vel<br><strong>Log\u00f3tipo: <\/strong>Impress\u00e3o serigr\u00e1fica \/ Grava\u00e7\u00e3o a laser \/ Carimbo em relevo<br><strong>Cor:<\/strong> Prata<br><strong>Tamanho:<\/strong> 16,8\u00d716,8\u00d76,8cm \/ 16,8\u00d716,8\u00d78,8 cm \/ 20,8\u00d720,8\u00d78,3cm \/ 20,8\u00d720,8\u00d710,3cm<br><strong>Peso bruto: <\/strong>Menos de 1 kg por pe\u00e7a<\/p>\n<\/div>\n\n\n\n<div class=\"wp-block-column is-layout-flow wp-block-column-is-layout-flow\">\n<h3 class=\"wp-block-heading\">Op\u00e7\u00f5es personalizadas de potes de stock<\/h3>\n\n\n\n<p>Material: A\u00e7o inoxid\u00e1vel 201 \/ 304<br><strong>Log\u00f3tipo:<\/strong> Personaliz\u00e1vel com o log\u00f3tipo da sua marca<br><strong>Embalagem:<\/strong>\u00a0Caixa de cor\/caixa de cart\u00e3o, etc<br><\/p>\n<\/div>\n<\/div>\n\n\n\n<div class=\"wp-block-columns is-layout-flex wp-container-core-columns-is-layout-9d6595d7 wp-block-columns-is-layout-flex\">\n<div class=\"wp-block-column is-layout-flow wp-block-column-is-layout-flow\">\n<figure class=\"wp-block-image size-full\"><img decoding=\"async\" width=\"800\" height=\"800\" src=\"https:\/\/www.purecook.com\/wp-content\/uploads\/2025\/08\/stainless-steel-food-container-and-strainer-set-2.webp\" alt=\"conjunto de recipiente para alimentos e coador em a\u00e7o inoxid\u00e1vel (2)\" class=\"wp-image-4607\" srcset=\"https:\/\/www.purecook.com\/wp-content\/uploads\/2025\/08\/stainless-steel-food-container-and-strainer-set-2.webp 800w, https:\/\/www.purecook.com\/wp-content\/uploads\/2025\/08\/stainless-steel-food-container-and-strainer-set-2-300x300.webp 300w, https:\/\/www.purecook.com\/wp-content\/uploads\/2025\/08\/stainless-steel-food-container-and-strainer-set-2-150x150.webp 150w, https:\/\/www.purecook.com\/wp-content\/uploads\/2025\/08\/stainless-steel-food-container-and-strainer-set-2-768x768.webp 768w, https:\/\/www.purecook.com\/wp-content\/uploads\/2025\/08\/stainless-steel-food-container-and-strainer-set-2-12x12.webp 12w, https:\/\/www.purecook.com\/wp-content\/uploads\/2025\/08\/stainless-steel-food-container-and-strainer-set-2-600x600.webp 600w, https:\/\/www.purecook.com\/wp-content\/uploads\/2025\/08\/stainless-steel-food-container-and-strainer-set-2-100x100.webp 100w\" sizes=\"(max-width: 800px) 100vw, 800px\" \/><\/figure>\n<\/div>\n\n\n\n<div class=\"wp-block-column is-layout-flow wp-block-column-is-layout-flow\">\n<figure class=\"wp-block-image size-full\"><img decoding=\"async\" width=\"800\" height=\"800\" src=\"https:\/\/www.purecook.com\/wp-content\/uploads\/2025\/08\/stainless-steel-food-container-and-strainer-set-4.webp\" alt=\"conjunto de recipiente para alimentos e coador em a\u00e7o inoxid\u00e1vel (4)\" class=\"wp-image-4609\" srcset=\"https:\/\/www.purecook.com\/wp-content\/uploads\/2025\/08\/stainless-steel-food-container-and-strainer-set-4.webp 800w, https:\/\/www.purecook.com\/wp-content\/uploads\/2025\/08\/stainless-steel-food-container-and-strainer-set-4-300x300.webp 300w, https:\/\/www.purecook.com\/wp-content\/uploads\/2025\/08\/stainless-steel-food-container-and-strainer-set-4-150x150.webp 150w, https:\/\/www.purecook.com\/wp-content\/uploads\/2025\/08\/stainless-steel-food-container-and-strainer-set-4-768x768.webp 768w, https:\/\/www.purecook.com\/wp-content\/uploads\/2025\/08\/stainless-steel-food-container-and-strainer-set-4-12x12.webp 12w, https:\/\/www.purecook.com\/wp-content\/uploads\/2025\/08\/stainless-steel-food-container-and-strainer-set-4-600x600.webp 600w, https:\/\/www.purecook.com\/wp-content\/uploads\/2025\/08\/stainless-steel-food-container-and-strainer-set-4-100x100.webp 100w\" sizes=\"(max-width: 800px) 100vw, 800px\" \/><\/figure>\n<\/div>\n<\/div>","protected":false},"excerpt":{"rendered":"<p>O conjunto de recipiente para alimentos e coador em a\u00e7o inoxid\u00e1vel \u00e9 adequado para uma variedade de tarefas, incluindo escorrer frutas e legumes, armazenar alimentos, bem como servir de recipiente para cozinhar e utilizar um filtro para remover alimentos s\u00f3lidos. Muito adequado para uso pessoal ou de uma pequena fam\u00edlia. Contacte-nos para um or\u00e7amento.<\/p>\n<h2>Carater\u00edsticas do conjunto de recipiente para alimentos e coador em a\u00e7o inoxid\u00e1vel<\/h2>\n<p><strong>Vers\u00e1til:<\/strong> Este conjunto de recipiente para alimentos e coador em a\u00e7o inoxid\u00e1vel \u00e9 vers\u00e1til, servindo como ta\u00e7a para misturar saladas, para guardar no frigor\u00edfico ou mesmo para marinar carnes.<\/p>\n<p><strong>Pr\u00e1tico:<\/strong> O design de duas pe\u00e7as facilita a lavagem, o escoamento e o servi\u00e7o dos alimentos, eliminando a necessidade de v\u00e1rias tigelas ou coadores separados. O coador pode ser facilmente levantado para esvaziar a ta\u00e7a.<\/p>\n<p><strong>Compat\u00edvel com fog\u00e3o de indu\u00e7\u00e3o:<\/strong> Este recipiente para alimentos pode ser utilizado num fog\u00e3o de indu\u00e7\u00e3o. Ap\u00f3s a cozedura, o coador permite drenar o l\u00edquido e remover os s\u00f3lidos, simplificando todo o processo de cozedura.<\/p>\n<p><strong>Personaliz\u00e1vel:<\/strong> Enquanto fabricante de recipientes para alimentos, a Purecook suporta recipientes personaliz\u00e1veis para alimentos, oferecendo uma vasta gama de op\u00e7\u00f5es de personaliza\u00e7\u00e3o, incluindo materiais, tamanhos e log\u00f3tipos personalizados.<\/p>","protected":false},"featured_media":4606,"comment_status":"closed","ping_status":"closed","template":"","meta":{"_acf_changed":false},"product_brand":[],"product_cat":[51,25,52,65],"product_tag":[],"class_list":{"0":"post-4605","1":"product","2":"type-product","3":"status-publish","4":"has-post-thumbnail","6":"product_cat-dinnerware","7":"product_cat-food-storage","8":"product_cat-kitchen-utensils","9":"product_cat-kitchen-strainer-and-colander","11":"first","12":"instock","13":"shipping-taxable","14":"product-type-simple"},"acf":[],"_links":{"self":[{"href":"https:\/\/www.purecook.com\/pt\/wp-json\/wp\/v2\/product\/4605","targetHints":{"allow":["GET"]}}],"collection":[{"href":"https:\/\/www.purecook.com\/pt\/wp-json\/wp\/v2\/product"}],"about":[{"href":"https:\/\/www.purecook.com\/pt\/wp-json\/wp\/v2\/types\/product"}],"replies":[{"embeddable":true,"href":"https:\/\/www.purecook.com\/pt\/wp-json\/wp\/v2\/comments?post=4605"}],"wp:featuredmedia":[{"embeddable":true,"href":"https:\/\/www.purecook.com\/pt\/wp-json\/wp\/v2\/media\/4606"}],"wp:attachment":[{"href":"https:\/\/www.purecook.com\/pt\/wp-json\/wp\/v2\/media?parent=4605"}],"wp:term":[{"taxonomy":"product_brand","embeddable":true,"href":"https:\/\/www.purecook.com\/pt\/wp-json\/wp\/v2\/product_brand?post=4605"},{"taxonomy":"product_cat","embeddable":true,"href":"https:\/\/www.purecook.com\/pt\/wp-json\/wp\/v2\/product_cat?post=4605"},{"taxonomy":"product_tag","embeddable":true,"href":"https:\/\/www.purecook.com\/pt\/wp-json\/wp\/v2\/product_tag?post=4605"}],"curies":[{"name":"wp","href":"https:\/\/api.w.org\/{rel}","templated":true}]}}