{"id":4611,"date":"2025-08-24T11:07:46","date_gmt":"2025-08-24T03:07:46","guid":{"rendered":"https:\/\/www.purecook.com\/?post_type=product&#038;p=4611"},"modified":"2025-08-24T11:34:40","modified_gmt":"2025-08-24T03:34:40","slug":"wholesale-stainless-steel-grilling-tongs-food-grade-kitchen-food-tongs-for-sale","status":"publish","type":"product","link":"https:\/\/www.purecook.com\/pt\/product\/wholesale-stainless-steel-grilling-tongs-food-grade-kitchen-food-tongs-for-sale\/","title":{"rendered":"Pin\u00e7as para grelhar de a\u00e7o inoxid\u00e1vel por atacado, pin\u00e7as para cozinha de qualidade alimentar para venda"},"content":{"rendered":"<div class=\"wp-block-columns is-layout-flex wp-container-core-columns-is-layout-9d6595d7 wp-block-columns-is-layout-flex\">\n<div class=\"wp-block-column is-layout-flow wp-block-column-is-layout-flow\">\n<h3 class=\"wp-block-heading\">Par\u00e2metros do conjunto de coadores de a\u00e7o inoxid\u00e1vel<\/h3>\n\n\n\n<p><strong>Material:<\/strong> A\u00e7o inoxid\u00e1vel 304,<br><strong>Peso:<\/strong> 75 g <br><strong>Log\u00f3tipo: <\/strong>Serigrafia \/ Grava\u00e7\u00e3o a laser \/ Carimbo em relevo<br><strong>Cor:<\/strong> Prata<br><strong>Espessura:<\/strong> 0,5 mm<br><strong>Tamanho:<\/strong> 24,8 \u00d7 7,5 cm<br><strong>Peso bruto: <\/strong>Menos de 100g por pe\u00e7a<\/p>\n<\/div>\n\n\n\n<div class=\"wp-block-column is-layout-flow wp-block-column-is-layout-flow\">\n<h3 class=\"wp-block-heading\">Op\u00e7\u00f5es personalizadas de potes de stock<\/h3>\n\n\n\n<p><strong>Log\u00f3tipo:<\/strong> Personaliz\u00e1vel com o log\u00f3tipo da sua marca<br><strong>Embalagem:<\/strong>\u00a0Caixa de cor\/caixa de cart\u00e3o, etc<\/p>\n<\/div>\n<\/div>\n\n\n\n<div class=\"wp-block-columns is-layout-flex wp-container-core-columns-is-layout-9d6595d7 wp-block-columns-is-layout-flex\">\n<div class=\"wp-block-column is-layout-flow wp-block-column-is-layout-flow\">\n<figure class=\"wp-block-image size-full\"><img decoding=\"async\" width=\"800\" height=\"800\" src=\"https:\/\/www.purecook.com\/wp-content\/uploads\/2025\/08\/wholesale-stainless-steel-grilling-tongs-1-1.webp\" alt=\"pin\u00e7as para grelhar em a\u00e7o inoxid\u00e1vel por atacado (1)\" class=\"wp-image-4618\" srcset=\"https:\/\/www.purecook.com\/wp-content\/uploads\/2025\/08\/wholesale-stainless-steel-grilling-tongs-1-1.webp 800w, https:\/\/www.purecook.com\/wp-content\/uploads\/2025\/08\/wholesale-stainless-steel-grilling-tongs-1-1-300x300.webp 300w, https:\/\/www.purecook.com\/wp-content\/uploads\/2025\/08\/wholesale-stainless-steel-grilling-tongs-1-1-150x150.webp 150w, https:\/\/www.purecook.com\/wp-content\/uploads\/2025\/08\/wholesale-stainless-steel-grilling-tongs-1-1-768x768.webp 768w, https:\/\/www.purecook.com\/wp-content\/uploads\/2025\/08\/wholesale-stainless-steel-grilling-tongs-1-1-12x12.webp 12w, https:\/\/www.purecook.com\/wp-content\/uploads\/2025\/08\/wholesale-stainless-steel-grilling-tongs-1-1-600x600.webp 600w, https:\/\/www.purecook.com\/wp-content\/uploads\/2025\/08\/wholesale-stainless-steel-grilling-tongs-1-1-100x100.webp 100w\" sizes=\"(max-width: 800px) 100vw, 800px\" \/><\/figure>\n<\/div>\n\n\n\n<div class=\"wp-block-column is-layout-flow wp-block-column-is-layout-flow\">\n<figure class=\"wp-block-image size-full\"><img decoding=\"async\" width=\"800\" height=\"800\" src=\"https:\/\/www.purecook.com\/wp-content\/uploads\/2025\/08\/wholesale-stainless-steel-grilling-tongs-2-1.webp\" alt=\"pin\u00e7as para grelhar em a\u00e7o inoxid\u00e1vel por grosso (2)\" class=\"wp-image-4619\" srcset=\"https:\/\/www.purecook.com\/wp-content\/uploads\/2025\/08\/wholesale-stainless-steel-grilling-tongs-2-1.webp 800w, https:\/\/www.purecook.com\/wp-content\/uploads\/2025\/08\/wholesale-stainless-steel-grilling-tongs-2-1-300x300.webp 300w, https:\/\/www.purecook.com\/wp-content\/uploads\/2025\/08\/wholesale-stainless-steel-grilling-tongs-2-1-150x150.webp 150w, https:\/\/www.purecook.com\/wp-content\/uploads\/2025\/08\/wholesale-stainless-steel-grilling-tongs-2-1-768x768.webp 768w, https:\/\/www.purecook.com\/wp-content\/uploads\/2025\/08\/wholesale-stainless-steel-grilling-tongs-2-1-12x12.webp 12w, https:\/\/www.purecook.com\/wp-content\/uploads\/2025\/08\/wholesale-stainless-steel-grilling-tongs-2-1-600x600.webp 600w, https:\/\/www.purecook.com\/wp-content\/uploads\/2025\/08\/wholesale-stainless-steel-grilling-tongs-2-1-100x100.webp 100w\" sizes=\"(max-width: 800px) 100vw, 800px\" \/><\/figure>\n<\/div>\n<\/div>\n\n\n\n<div class=\"wp-block-columns is-layout-flex wp-container-core-columns-is-layout-9d6595d7 wp-block-columns-is-layout-flex\">\n<div class=\"wp-block-column is-layout-flow wp-block-column-is-layout-flow\"><\/div>\n\n\n\n<div class=\"wp-block-column is-layout-flow wp-block-column-is-layout-flow\"><\/div>\n<\/div>","protected":false},"excerpt":{"rendered":"<p>Pin\u00e7as para grelhar por grosso. Fabricadas em a\u00e7o inoxid\u00e1vel 304 de alta qualidade para uso alimentar, estas pin\u00e7as s\u00e3o dur\u00e1veis e resistentes ao calor. S\u00e3o adequadas para uma variedade de alimentos, incluindo pastelaria e carnes grelhadas. Contacte-nos para obter um or\u00e7amento.<\/p>\n<h2>Carater\u00edsticas da pin\u00e7a para grelhar em a\u00e7o inoxid\u00e1vel<\/h2>\n<p><strong>Durabilidade superior e desempenho duradouro:<\/strong> As pin\u00e7as para grelhar s\u00e3o feitas de a\u00e7o inoxid\u00e1vel 304 de qualidade alimentar, concebidas para suportar uma utiliza\u00e7\u00e3o frequente sem dobrar ou partir.<\/p>\n<p><strong>Resist\u00eancia a altas temperaturas:<\/strong> Fabricadas em a\u00e7o inoxid\u00e1vel de alta qualidade, as pin\u00e7as para grelhar resistem \u00e0 deforma\u00e7\u00e3o ou aos danos causados pelo calor elevado, o que as torna uma companhia fi\u00e1vel para grelhar.<\/p>\n<p><strong>Utiliza\u00e7\u00e3o vers\u00e1til:<\/strong> As pin\u00e7as para alimentos podem lidar com uma vasta gama de tarefas, agarrando com seguran\u00e7a tudo, desde pastelaria e legumes delicados a artigos mais pesados, como carne ou peixe grelhados.<\/p>\n<p><strong>Design ergon\u00f3mico e seguro:<\/strong> As pin\u00e7as possuem uma pega alargada que proporciona uma ader\u00eancia confort\u00e1vel e segura, mantendo as m\u00e3os afastadas de superf\u00edcies quentes, como grelhadores ou panelas.<\/p>","protected":false},"featured_media":4618,"comment_status":"closed","ping_status":"closed","template":"","meta":{"_acf_changed":false},"product_brand":[],"product_cat":[52,103],"product_tag":[],"class_list":{"0":"post-4611","1":"product","2":"type-product","3":"status-publish","4":"has-post-thumbnail","6":"product_cat-kitchen-utensils","7":"product_cat-wholesale-stainless-steel-tongs","9":"first","10":"instock","11":"shipping-taxable","12":"product-type-simple"},"acf":[],"_links":{"self":[{"href":"https:\/\/www.purecook.com\/pt\/wp-json\/wp\/v2\/product\/4611","targetHints":{"allow":["GET"]}}],"collection":[{"href":"https:\/\/www.purecook.com\/pt\/wp-json\/wp\/v2\/product"}],"about":[{"href":"https:\/\/www.purecook.com\/pt\/wp-json\/wp\/v2\/types\/product"}],"replies":[{"embeddable":true,"href":"https:\/\/www.purecook.com\/pt\/wp-json\/wp\/v2\/comments?post=4611"}],"wp:featuredmedia":[{"embeddable":true,"href":"https:\/\/www.purecook.com\/pt\/wp-json\/wp\/v2\/media\/4618"}],"wp:attachment":[{"href":"https:\/\/www.purecook.com\/pt\/wp-json\/wp\/v2\/media?parent=4611"}],"wp:term":[{"taxonomy":"product_brand","embeddable":true,"href":"https:\/\/www.purecook.com\/pt\/wp-json\/wp\/v2\/product_brand?post=4611"},{"taxonomy":"product_cat","embeddable":true,"href":"https:\/\/www.purecook.com\/pt\/wp-json\/wp\/v2\/product_cat?post=4611"},{"taxonomy":"product_tag","embeddable":true,"href":"https:\/\/www.purecook.com\/pt\/wp-json\/wp\/v2\/product_tag?post=4611"}],"curies":[{"name":"wp","href":"https:\/\/api.w.org\/{rel}","templated":true}]}}