{"id":4631,"date":"2025-08-31T14:09:51","date_gmt":"2025-08-31T06:09:51","guid":{"rendered":"https:\/\/www.purecook.com\/?post_type=product&#038;p=4631"},"modified":"2025-08-31T14:38:44","modified_gmt":"2025-08-31T06:38:44","slug":"wholesale-tri-ply-stainless-steel-cookware-set","status":"publish","type":"product","link":"https:\/\/www.purecook.com\/pt\/product\/wholesale-tri-ply-stainless-steel-cookware-set\/","title":{"rendered":"Conjunto de panelas de a\u00e7o inoxid\u00e1vel Tri-Ply por atacado - Conjunto de panelas de 3 pe\u00e7as"},"content":{"rendered":"<div class=\"wp-block-columns is-layout-flex wp-container-core-columns-is-layout-9d6595d7 wp-block-columns-is-layout-flex\">\n<div class=\"wp-block-column is-layout-flow wp-block-column-is-layout-flow\">\n<h3 class=\"wp-block-heading\">Par\u00e2metros do conjunto de panelas em a\u00e7o inoxid\u00e1vel Tri-Ply<\/h3>\n\n\n\n<p><strong>Material: <\/strong>A\u00e7o inoxid\u00e1vel de tr\u00eas camadas<br><strong>Espessura normal:<\/strong> 2\/1,2 mm<br><strong>Log\u00f3tipo: <\/strong>Serigrafia\/grava\u00e7\u00e3o a laser\/carimbo em relevo<br><strong>Pega e bot\u00e3o da tampa: <\/strong>A\u00e7o inoxid\u00e1vel<br><strong>Tamanho:<\/strong> 16\/18\/20\/24cm<\/p>\n<\/div>\n\n\n\n<div class=\"wp-block-column is-layout-flow wp-block-column-is-layout-flow\">\n<h3 class=\"wp-block-heading\">Op\u00e7\u00f5es de utens\u00edlios de cozinha personalizados<\/h3>\n\n\n\n<p><strong>Log\u00f3tipo:<\/strong> Personaliz\u00e1vel com o log\u00f3tipo da sua marca<br><strong>Pega: <\/strong>Pega para se adaptar ao seu estilo<br><strong>Embalagem:<\/strong>\u00a0Caixa de cor\/caixa de cart\u00e3o, etc<\/p>\n<\/div>\n<\/div>\n\n\n\n<div class=\"wp-block-columns is-layout-flex wp-container-core-columns-is-layout-9d6595d7 wp-block-columns-is-layout-flex\">\n<div class=\"wp-block-column is-layout-flow wp-block-column-is-layout-flow\">\n<figure class=\"wp-block-image size-full\"><img decoding=\"async\" width=\"800\" height=\"800\" src=\"https:\/\/www.purecook.com\/wp-content\/uploads\/2025\/08\/wholesale-3-piece-tri-ply-stainless-steel-cookware-set-6.webp\" alt=\"Conjunto de panelas de 3 pe\u00e7as em a\u00e7o inoxid\u00e1vel com tr\u00eas camadas (6)\" class=\"wp-image-4637\" srcset=\"https:\/\/www.purecook.com\/wp-content\/uploads\/2025\/08\/wholesale-3-piece-tri-ply-stainless-steel-cookware-set-6.webp 800w, https:\/\/www.purecook.com\/wp-content\/uploads\/2025\/08\/wholesale-3-piece-tri-ply-stainless-steel-cookware-set-6-300x300.webp 300w, https:\/\/www.purecook.com\/wp-content\/uploads\/2025\/08\/wholesale-3-piece-tri-ply-stainless-steel-cookware-set-6-150x150.webp 150w, https:\/\/www.purecook.com\/wp-content\/uploads\/2025\/08\/wholesale-3-piece-tri-ply-stainless-steel-cookware-set-6-768x768.webp 768w, https:\/\/www.purecook.com\/wp-content\/uploads\/2025\/08\/wholesale-3-piece-tri-ply-stainless-steel-cookware-set-6-12x12.webp 12w, https:\/\/www.purecook.com\/wp-content\/uploads\/2025\/08\/wholesale-3-piece-tri-ply-stainless-steel-cookware-set-6-600x600.webp 600w, https:\/\/www.purecook.com\/wp-content\/uploads\/2025\/08\/wholesale-3-piece-tri-ply-stainless-steel-cookware-set-6-100x100.webp 100w\" sizes=\"(max-width: 800px) 100vw, 800px\" \/><\/figure>\n<\/div>\n\n\n\n<div class=\"wp-block-column is-layout-flow wp-block-column-is-layout-flow\">\n<figure class=\"wp-block-image size-full\"><img decoding=\"async\" width=\"800\" height=\"800\" src=\"https:\/\/www.purecook.com\/wp-content\/uploads\/2025\/08\/wholesale-3-piece-tri-ply-stainless-steel-cookware-set-7.webp\" alt=\"Conjunto de panelas de 3 pe\u00e7as em a\u00e7o inoxid\u00e1vel com tr\u00eas camadas (7)\" class=\"wp-image-4638\" srcset=\"https:\/\/www.purecook.com\/wp-content\/uploads\/2025\/08\/wholesale-3-piece-tri-ply-stainless-steel-cookware-set-7.webp 800w, https:\/\/www.purecook.com\/wp-content\/uploads\/2025\/08\/wholesale-3-piece-tri-ply-stainless-steel-cookware-set-7-300x300.webp 300w, https:\/\/www.purecook.com\/wp-content\/uploads\/2025\/08\/wholesale-3-piece-tri-ply-stainless-steel-cookware-set-7-150x150.webp 150w, https:\/\/www.purecook.com\/wp-content\/uploads\/2025\/08\/wholesale-3-piece-tri-ply-stainless-steel-cookware-set-7-768x768.webp 768w, https:\/\/www.purecook.com\/wp-content\/uploads\/2025\/08\/wholesale-3-piece-tri-ply-stainless-steel-cookware-set-7-12x12.webp 12w, https:\/\/www.purecook.com\/wp-content\/uploads\/2025\/08\/wholesale-3-piece-tri-ply-stainless-steel-cookware-set-7-600x600.webp 600w, https:\/\/www.purecook.com\/wp-content\/uploads\/2025\/08\/wholesale-3-piece-tri-ply-stainless-steel-cookware-set-7-100x100.webp 100w\" sizes=\"(max-width: 800px) 100vw, 800px\" \/><\/figure>\n<\/div>\n<\/div>\n\n\n\n<div class=\"wp-block-columns is-layout-flex wp-container-core-columns-is-layout-9d6595d7 wp-block-columns-is-layout-flex\">\n<div class=\"wp-block-column is-layout-flow wp-block-column-is-layout-flow\"><\/div>\n\n\n\n<div class=\"wp-block-column is-layout-flow wp-block-column-is-layout-flow\"><\/div>\n<\/div>","protected":false},"excerpt":{"rendered":"<p>Bem-vindo \u00e0 compra por grosso de conjuntos de panelas de a\u00e7o inoxid\u00e1vel de tr\u00eas camadas a granel. Este conjunto oferece uma excelente distribui\u00e7\u00e3o de calor e durabilidade. \u00c9 compat\u00edvel com uma variedade de fog\u00f5es, incluindo de indu\u00e7\u00e3o, a g\u00e1s e el\u00e9ctricos. \u00c9 adequado para venda em supermercados e lojas de retalho de utens\u00edlios de cozinha. Oferecemos pre\u00e7os de f\u00e1brica, por isso, contacte-nos.<\/p>\n<h2>Carater\u00edsticas do conjunto de panelas em a\u00e7o inoxid\u00e1vel Tri-Ply<\/h2>\n<p><strong>Excelente distribui\u00e7\u00e3o de calor:<\/strong> O nosso conjunto de utens\u00edlios de cozinha por grosso tem uma constru\u00e7\u00e3o de tr\u00eas camadas. A estrutura de tr\u00eas camadas apresenta um n\u00facleo de alum\u00ednio ensanduichado entre duas camadas de a\u00e7o inoxid\u00e1vel. Este design garante que o calor \u00e9 distribu\u00eddo r\u00e1pida e uniformemente por toda a superf\u00edcie, tornando-o mais adequado para cozinhar do que os utens\u00edlios de cozinha normais em a\u00e7o inoxid\u00e1vel.<\/p>\n<p><strong>Compatibilidade com v\u00e1rios fog\u00f5es:<\/strong> A camada exterior do nosso conjunto de panelas para venda por grosso \u00e9 feita de a\u00e7o inoxid\u00e1vel magn\u00e9tico 430, o que o torna compat\u00edvel com uma vasta gama de fog\u00f5es, incluindo a g\u00e1s, el\u00e9ctricos, de forno e de indu\u00e7\u00e3o.<\/p>\n<p><strong>F\u00e1cil de limpar:<\/strong> O conjunto de utens\u00edlios de cozinha pode ser lavado na m\u00e1quina de lavar lou\u00e7a, facilitando a limpeza e deixando-lhe mais tempo para desfrutar das suas refei\u00e7\u00f5es.<\/p>\n<p><strong>Pre\u00e7os competitivos:<\/strong> Fornecendo diretamente da f\u00e1brica de utens\u00edlios de cozinha, oferecemos pre\u00e7os competitivos para os nossos produtos de utens\u00edlios de cozinha, ideais para compradores a granel.<\/p>","protected":false},"featured_media":4632,"comment_status":"closed","ping_status":"closed","template":"","meta":{"_acf_changed":false},"product_brand":[],"product_cat":[24,69],"product_tag":[],"class_list":{"0":"post-4631","1":"product","2":"type-product","3":"status-publish","4":"has-post-thumbnail","6":"product_cat-cookware","7":"product_cat-cookware-sets","9":"first","10":"instock","11":"shipping-taxable","12":"product-type-simple"},"acf":[],"_links":{"self":[{"href":"https:\/\/www.purecook.com\/pt\/wp-json\/wp\/v2\/product\/4631","targetHints":{"allow":["GET"]}}],"collection":[{"href":"https:\/\/www.purecook.com\/pt\/wp-json\/wp\/v2\/product"}],"about":[{"href":"https:\/\/www.purecook.com\/pt\/wp-json\/wp\/v2\/types\/product"}],"replies":[{"embeddable":true,"href":"https:\/\/www.purecook.com\/pt\/wp-json\/wp\/v2\/comments?post=4631"}],"wp:featuredmedia":[{"embeddable":true,"href":"https:\/\/www.purecook.com\/pt\/wp-json\/wp\/v2\/media\/4632"}],"wp:attachment":[{"href":"https:\/\/www.purecook.com\/pt\/wp-json\/wp\/v2\/media?parent=4631"}],"wp:term":[{"taxonomy":"product_brand","embeddable":true,"href":"https:\/\/www.purecook.com\/pt\/wp-json\/wp\/v2\/product_brand?post=4631"},{"taxonomy":"product_cat","embeddable":true,"href":"https:\/\/www.purecook.com\/pt\/wp-json\/wp\/v2\/product_cat?post=4631"},{"taxonomy":"product_tag","embeddable":true,"href":"https:\/\/www.purecook.com\/pt\/wp-json\/wp\/v2\/product_tag?post=4631"}],"curies":[{"name":"wp","href":"https:\/\/api.w.org\/{rel}","templated":true}]}}