{"id":4639,"date":"2025-08-31T14:39:23","date_gmt":"2025-08-31T06:39:23","guid":{"rendered":"https:\/\/www.purecook.com\/?post_type=product&#038;p=4639"},"modified":"2025-08-31T15:11:39","modified_gmt":"2025-08-31T07:11:39","slug":"wholesale-stylish-thermos-jugs","status":"publish","type":"product","link":"https:\/\/www.purecook.com\/pt\/product\/wholesale-stylish-thermos-jugs\/","title":{"rendered":"Garrafas t\u00e9rmicas por atacado - Design elegante dispon\u00edvel em 6 cores"},"content":{"rendered":"<div class=\"wp-block-columns is-layout-flex wp-container-core-columns-is-layout-9d6595d7 wp-block-columns-is-layout-flex\">\n<div class=\"wp-block-column is-layout-flow wp-block-column-is-layout-flow\">\n<h3 class=\"wp-block-heading\">Par\u00e2metros dos jarros t\u00e9rmicos<\/h3>\n\n\n\n<p><strong>Material: <\/strong>A\u00e7o inoxid\u00e1vel 304<br><strong>Cor: <\/strong>Preto, branco, verde, cinzento, p\u00f3 de borracha e vermelho vivo<br><strong>Log\u00f3tipo: <\/strong>Serigrafia\/grava\u00e7\u00e3o a laser\/carimbo em relevo<br><strong>Capacidade:<\/strong> 1.2L<\/p>\n<\/div>\n\n\n\n<div class=\"wp-block-column is-layout-flow wp-block-column-is-layout-flow\">\n<h3 class=\"wp-block-heading\">Op\u00e7\u00f5es de garrafas t\u00e9rmicas personalizadas<\/h3>\n\n\n\n<p><strong>Log\u00f3tipo:<\/strong> Personaliz\u00e1vel com o log\u00f3tipo da sua marca<br><strong>Embalagem:<\/strong>\u00a0Caixa de cor\/caixa de cart\u00e3o, etc<\/p>\n<\/div>\n<\/div>\n\n\n\n<div class=\"wp-block-columns is-layout-flex wp-container-core-columns-is-layout-9d6595d7 wp-block-columns-is-layout-flex\">\n<div class=\"wp-block-column is-layout-flow wp-block-column-is-layout-flow\">\n<figure class=\"wp-block-image size-full\"><img decoding=\"async\" width=\"800\" height=\"800\" src=\"https:\/\/www.purecook.com\/wp-content\/uploads\/2025\/08\/wholesale-thermos-jugs-4-1.webp\" alt=\"jarros t\u00e9rmicos por atacado (4)\" class=\"wp-image-4653\" srcset=\"https:\/\/www.purecook.com\/wp-content\/uploads\/2025\/08\/wholesale-thermos-jugs-4-1.webp 800w, https:\/\/www.purecook.com\/wp-content\/uploads\/2025\/08\/wholesale-thermos-jugs-4-1-300x300.webp 300w, https:\/\/www.purecook.com\/wp-content\/uploads\/2025\/08\/wholesale-thermos-jugs-4-1-150x150.webp 150w, https:\/\/www.purecook.com\/wp-content\/uploads\/2025\/08\/wholesale-thermos-jugs-4-1-768x768.webp 768w, https:\/\/www.purecook.com\/wp-content\/uploads\/2025\/08\/wholesale-thermos-jugs-4-1-12x12.webp 12w, https:\/\/www.purecook.com\/wp-content\/uploads\/2025\/08\/wholesale-thermos-jugs-4-1-600x600.webp 600w, https:\/\/www.purecook.com\/wp-content\/uploads\/2025\/08\/wholesale-thermos-jugs-4-1-100x100.webp 100w\" sizes=\"(max-width: 800px) 100vw, 800px\" \/><\/figure>\n<\/div>\n\n\n\n<div class=\"wp-block-column is-layout-flow wp-block-column-is-layout-flow\">\n<figure class=\"wp-block-image size-full\"><img decoding=\"async\" width=\"800\" height=\"800\" src=\"https:\/\/www.purecook.com\/wp-content\/uploads\/2025\/08\/wholesale-thermos-jugs-5-1.webp\" alt=\"jarros t\u00e9rmicos por atacado (5)\" class=\"wp-image-4654\" srcset=\"https:\/\/www.purecook.com\/wp-content\/uploads\/2025\/08\/wholesale-thermos-jugs-5-1.webp 800w, https:\/\/www.purecook.com\/wp-content\/uploads\/2025\/08\/wholesale-thermos-jugs-5-1-300x300.webp 300w, https:\/\/www.purecook.com\/wp-content\/uploads\/2025\/08\/wholesale-thermos-jugs-5-1-150x150.webp 150w, https:\/\/www.purecook.com\/wp-content\/uploads\/2025\/08\/wholesale-thermos-jugs-5-1-768x768.webp 768w, https:\/\/www.purecook.com\/wp-content\/uploads\/2025\/08\/wholesale-thermos-jugs-5-1-12x12.webp 12w, https:\/\/www.purecook.com\/wp-content\/uploads\/2025\/08\/wholesale-thermos-jugs-5-1-600x600.webp 600w, https:\/\/www.purecook.com\/wp-content\/uploads\/2025\/08\/wholesale-thermos-jugs-5-1-100x100.webp 100w\" sizes=\"(max-width: 800px) 100vw, 800px\" \/><\/figure>\n<\/div>\n<\/div>\n\n\n\n<div class=\"wp-block-columns is-layout-flex wp-container-core-columns-is-layout-9d6595d7 wp-block-columns-is-layout-flex\">\n<div class=\"wp-block-column is-layout-flow wp-block-column-is-layout-flow\"><\/div>\n\n\n\n<div class=\"wp-block-column is-layout-flow wp-block-column-is-layout-flow\"><\/div>\n<\/div>","protected":false},"excerpt":{"rendered":"<p>Bem-vindo aos compradores a granel para comprar jarros t\u00e9rmicos por atacado. Este jarro t\u00e9rmico de 1,2 litros apresenta um design elegante e uma pega em madeira natural. Possui um revestimento em a\u00e7o inoxid\u00e1vel e um design isolado a v\u00e1cuo, proporcionando um excelente isolamento, mantendo a sua bebida quente ou fria durante horas.<\/p>\n<p>A Purecook oferece quantidades a granel a pre\u00e7os de f\u00e1brica e apoia a personaliza\u00e7\u00e3o da marca. Os grossistas, retalhistas e distribuidores s\u00e3o bem-vindos a contactar-nos.<\/p>\n<h2>Carater\u00edsticas dos jarros t\u00e9rmicos<\/h2>\n<p><strong>Excelente reten\u00e7\u00e3o de calor:<\/strong> Os jarros t\u00e9rmicos t\u00eam um interior em a\u00e7o inoxid\u00e1vel. O isolamento a v\u00e1cuo mant\u00e9m as bebidas \u00e0 temperatura ideal durante horas, incluindo caf\u00e9 quente e \u00e1gua gelada fria.<\/p>\n<p><strong>Design elegante e moderno:<\/strong> Os nossos jarros t\u00e9rmicos por grosso destacam-se pela sua est\u00e9tica limpa e minimalista e pelas suas linhas elegantes. S\u00e3o mais do que simples contentores de \u00e1gua; s\u00e3o tamb\u00e9m uma adi\u00e7\u00e3o elegante a qualquer cozinha moderna ou espa\u00e7o de escrit\u00f3rio.<\/p>\n<p><strong>Adequado para hot\u00e9is e restaurantes:<\/strong> Sendo um jarro t\u00e9rmico, foi concebido para manter as bebidas quentes ou frias durante longos per\u00edodos. O seu design elegante torna-o adequado para servir caf\u00e9, ch\u00e1 ou bebidas frias em ambientes comerciais.<\/p>\n<p><strong>V\u00e1rias op\u00e7\u00f5es de cores:<\/strong> Os jarros t\u00e9rmicos est\u00e3o dispon\u00edveis numa variedade de cores, incluindo o preto cl\u00e1ssico, o branco, o verde e o cinzento, bem como o rosa suave e o vermelho vivo.<\/p>\n<p><strong>Grande capacidade:<\/strong> Com uma capacidade de 1,2 litros, o jarro t\u00e9rmico \u00e9 suficientemente grande para servir v\u00e1rias pessoas ou conter grandes quantidades de l\u00edquido, reduzindo a necessidade de reabastecimentos frequentes.<\/p>","protected":false},"featured_media":4650,"comment_status":"closed","ping_status":"closed","template":"","meta":{"_acf_changed":false},"product_brand":[],"product_cat":[104],"product_tag":[],"class_list":{"0":"post-4639","1":"product","2":"type-product","3":"status-publish","4":"has-post-thumbnail","6":"product_cat-thermos-jugs","8":"first","9":"instock","10":"shipping-taxable","11":"product-type-simple"},"acf":[],"_links":{"self":[{"href":"https:\/\/www.purecook.com\/pt\/wp-json\/wp\/v2\/product\/4639","targetHints":{"allow":["GET"]}}],"collection":[{"href":"https:\/\/www.purecook.com\/pt\/wp-json\/wp\/v2\/product"}],"about":[{"href":"https:\/\/www.purecook.com\/pt\/wp-json\/wp\/v2\/types\/product"}],"replies":[{"embeddable":true,"href":"https:\/\/www.purecook.com\/pt\/wp-json\/wp\/v2\/comments?post=4639"}],"wp:featuredmedia":[{"embeddable":true,"href":"https:\/\/www.purecook.com\/pt\/wp-json\/wp\/v2\/media\/4650"}],"wp:attachment":[{"href":"https:\/\/www.purecook.com\/pt\/wp-json\/wp\/v2\/media?parent=4639"}],"wp:term":[{"taxonomy":"product_brand","embeddable":true,"href":"https:\/\/www.purecook.com\/pt\/wp-json\/wp\/v2\/product_brand?post=4639"},{"taxonomy":"product_cat","embeddable":true,"href":"https:\/\/www.purecook.com\/pt\/wp-json\/wp\/v2\/product_cat?post=4639"},{"taxonomy":"product_tag","embeddable":true,"href":"https:\/\/www.purecook.com\/pt\/wp-json\/wp\/v2\/product_tag?post=4639"}],"curies":[{"name":"wp","href":"https:\/\/api.w.org\/{rel}","templated":true}]}}