{"id":4655,"date":"2025-08-31T15:23:59","date_gmt":"2025-08-31T07:23:59","guid":{"rendered":"https:\/\/www.purecook.com\/?post_type=product&#038;p=4655"},"modified":"2025-08-31T15:52:45","modified_gmt":"2025-08-31T07:52:45","slug":"wholesale-3-tier-steamer-pots","status":"publish","type":"product","link":"https:\/\/www.purecook.com\/pt\/product\/wholesale-3-tier-steamer-pots\/","title":{"rendered":"Panelas a vapor de 3 camadas por atacado - Panelas de grande capacidade para uma cozinha saud\u00e1vel"},"content":{"rendered":"<div class=\"wp-block-columns is-layout-flex wp-container-core-columns-is-layout-9d6595d7 wp-block-columns-is-layout-flex\">\n<div class=\"wp-block-column is-layout-flow wp-block-column-is-layout-flow\">\n<h3 class=\"wp-block-heading\">Par\u00e2metros das panelas de cozimento a vapor de 3 camadas<\/h3>\n\n\n\n<p><strong>Material:<\/strong> A\u00e7o inoxid\u00e1vel 304<br><strong>Espessura normal<\/strong>: Corpo:0,45mm, Grelha:0,4mm<br><strong>Log\u00f3tipo: <\/strong>Serigrafia \/ Grava\u00e7\u00e3o a laser \/ Carimbo em relevo<br><strong>Pega e bot\u00e3o da tampa:<\/strong> A\u00e7o inoxid\u00e1vel<br><strong>Log\u00f3tipo: <\/strong>Serigrafia\/grava\u00e7\u00e3o a laser\/carimbo em relevo<br><strong>Tamanho:<\/strong> 26\/28cm<\/p>\n<\/div>\n\n\n\n<div class=\"wp-block-column is-layout-flow wp-block-column-is-layout-flow\">\n<h3 class=\"wp-block-heading\">Op\u00e7\u00f5es de garrafas t\u00e9rmicas personalizadas<\/h3>\n\n\n\n<p><strong>Log\u00f3tipo:<\/strong> Personaliz\u00e1vel com o log\u00f3tipo da sua marca<br><strong>Embalagem:<\/strong>\u00a0Caixa de cor\/caixa de cart\u00e3o, etc<\/p>\n<\/div>\n<\/div>\n\n\n\n<div class=\"wp-block-columns is-layout-flex wp-container-core-columns-is-layout-9d6595d7 wp-block-columns-is-layout-flex\">\n<div class=\"wp-block-column is-layout-flow wp-block-column-is-layout-flow\">\n<figure class=\"wp-block-image size-full\"><img decoding=\"async\" width=\"800\" height=\"800\" src=\"https:\/\/www.purecook.com\/wp-content\/uploads\/2025\/08\/wholesale-3-tier-steamer-pot-2.webp\" alt=\"Cozedor a vapor de 3 camadas por atacado (2)\" class=\"wp-image-4657\" srcset=\"https:\/\/www.purecook.com\/wp-content\/uploads\/2025\/08\/wholesale-3-tier-steamer-pot-2.webp 800w, https:\/\/www.purecook.com\/wp-content\/uploads\/2025\/08\/wholesale-3-tier-steamer-pot-2-300x300.webp 300w, https:\/\/www.purecook.com\/wp-content\/uploads\/2025\/08\/wholesale-3-tier-steamer-pot-2-150x150.webp 150w, https:\/\/www.purecook.com\/wp-content\/uploads\/2025\/08\/wholesale-3-tier-steamer-pot-2-768x768.webp 768w, https:\/\/www.purecook.com\/wp-content\/uploads\/2025\/08\/wholesale-3-tier-steamer-pot-2-12x12.webp 12w, https:\/\/www.purecook.com\/wp-content\/uploads\/2025\/08\/wholesale-3-tier-steamer-pot-2-600x600.webp 600w, https:\/\/www.purecook.com\/wp-content\/uploads\/2025\/08\/wholesale-3-tier-steamer-pot-2-100x100.webp 100w\" sizes=\"(max-width: 800px) 100vw, 800px\" \/><\/figure>\n<\/div>\n\n\n\n<div class=\"wp-block-column is-layout-flow wp-block-column-is-layout-flow\">\n<figure class=\"wp-block-image size-full\"><img decoding=\"async\" width=\"800\" height=\"800\" src=\"https:\/\/www.purecook.com\/wp-content\/uploads\/2025\/08\/wholesale-3-tier-steamer-pot-6.webp\" alt=\"Cozedor a vapor de 3 camadas por atacado (6)\" class=\"wp-image-4661\" srcset=\"https:\/\/www.purecook.com\/wp-content\/uploads\/2025\/08\/wholesale-3-tier-steamer-pot-6.webp 800w, https:\/\/www.purecook.com\/wp-content\/uploads\/2025\/08\/wholesale-3-tier-steamer-pot-6-300x300.webp 300w, https:\/\/www.purecook.com\/wp-content\/uploads\/2025\/08\/wholesale-3-tier-steamer-pot-6-150x150.webp 150w, https:\/\/www.purecook.com\/wp-content\/uploads\/2025\/08\/wholesale-3-tier-steamer-pot-6-768x768.webp 768w, https:\/\/www.purecook.com\/wp-content\/uploads\/2025\/08\/wholesale-3-tier-steamer-pot-6-12x12.webp 12w, https:\/\/www.purecook.com\/wp-content\/uploads\/2025\/08\/wholesale-3-tier-steamer-pot-6-600x600.webp 600w, https:\/\/www.purecook.com\/wp-content\/uploads\/2025\/08\/wholesale-3-tier-steamer-pot-6-100x100.webp 100w\" sizes=\"(max-width: 800px) 100vw, 800px\" \/><\/figure>\n<\/div>\n<\/div>\n\n\n\n<div class=\"wp-block-columns is-layout-flex wp-container-core-columns-is-layout-9d6595d7 wp-block-columns-is-layout-flex\">\n<div class=\"wp-block-column is-layout-flow wp-block-column-is-layout-flow\"><\/div>\n\n\n\n<div class=\"wp-block-column is-layout-flow wp-block-column-is-layout-flow\"><\/div>\n<\/div>","protected":false},"excerpt":{"rendered":"<p>Damos as boas-vindas aos compradores B2B para comprar as nossas panelas a vapor por atacado a granel. As nossas panelas para cozer a vapor de 3 camadas s\u00e3o ideais para cozinhas comerciais e dom\u00e9sticas. Podem ser utilizadas para cozinhar v\u00e1rios pratos em simult\u00e2neo, aumentando a efici\u00eancia do utilizador. Oferecemos pre\u00e7os diretos de f\u00e1brica; contacte-nos hoje mesmo.<\/p>\n<h2>Carater\u00edsticas dos recipientes para vapor de 3 n\u00edveis<\/h2>\n<p><strong>Design de 3 n\u00edveis:<\/strong> A panela a vapor possui tr\u00eas n\u00edveis, permitindo aos utilizadores cozinhar diferentes alimentos simultaneamente, melhorando significativamente a efici\u00eancia da cozedura.<\/p>\n<p><strong>2 tamanhos:<\/strong> A panela a vapor est\u00e1 dispon\u00edvel em dois tamanhos, 26 cm e 28 cm, permitindo aos consumidores escolher o tamanho que melhor se adapta \u00e0 dimens\u00e3o da sua fam\u00edlia e \u00e0s suas necessidades culin\u00e1rias.<\/p>\n<p><strong>Versatilidade:<\/strong> Os utilizadores podem empilhar as camadas para a utilizar como um vaporizador tradicional ou utilizar apenas a panela inferior para ferver, estufar ou cozer em lume brando.<\/p>\n<p><strong>Alta qualidade:<\/strong> As nossas panelas para vapor por atacado s\u00e3o feitas de a\u00e7o inoxid\u00e1vel de alta qualidade e apresentam uma constru\u00e7\u00e3o robusta, oferecendo uma durabilidade superior em compara\u00e7\u00e3o com os utens\u00edlios de cozinha normais.<\/p>\n<p><strong>Pre\u00e7o de f\u00e1brica:<\/strong> Como fabricante de utens\u00edlios de cozinha, podemos fornecer-lhe cota\u00e7\u00f5es diretas de f\u00e1brica para utens\u00edlios de cozinha por atacado e garantir a qualidade do produto. N\u00e3o hesite em contactar-nos para compras a granel.<\/p>","protected":false},"featured_media":4656,"comment_status":"closed","ping_status":"closed","template":"","meta":{"_acf_changed":false},"product_brand":[],"product_cat":[24,79],"product_tag":[],"class_list":{"0":"post-4655","1":"product","2":"type-product","3":"status-publish","4":"has-post-thumbnail","6":"product_cat-cookware","7":"product_cat-steamer-pot","9":"first","10":"instock","11":"shipping-taxable","12":"product-type-simple"},"acf":[],"_links":{"self":[{"href":"https:\/\/www.purecook.com\/pt\/wp-json\/wp\/v2\/product\/4655","targetHints":{"allow":["GET"]}}],"collection":[{"href":"https:\/\/www.purecook.com\/pt\/wp-json\/wp\/v2\/product"}],"about":[{"href":"https:\/\/www.purecook.com\/pt\/wp-json\/wp\/v2\/types\/product"}],"replies":[{"embeddable":true,"href":"https:\/\/www.purecook.com\/pt\/wp-json\/wp\/v2\/comments?post=4655"}],"wp:featuredmedia":[{"embeddable":true,"href":"https:\/\/www.purecook.com\/pt\/wp-json\/wp\/v2\/media\/4656"}],"wp:attachment":[{"href":"https:\/\/www.purecook.com\/pt\/wp-json\/wp\/v2\/media?parent=4655"}],"wp:term":[{"taxonomy":"product_brand","embeddable":true,"href":"https:\/\/www.purecook.com\/pt\/wp-json\/wp\/v2\/product_brand?post=4655"},{"taxonomy":"product_cat","embeddable":true,"href":"https:\/\/www.purecook.com\/pt\/wp-json\/wp\/v2\/product_cat?post=4655"},{"taxonomy":"product_tag","embeddable":true,"href":"https:\/\/www.purecook.com\/pt\/wp-json\/wp\/v2\/product_tag?post=4655"}],"curies":[{"name":"wp","href":"https:\/\/api.w.org\/{rel}","templated":true}]}}