{"id":4728,"date":"2025-09-07T14:55:21","date_gmt":"2025-09-07T06:55:21","guid":{"rendered":"https:\/\/www.purecook.com\/?post_type=product&#038;p=4728"},"modified":"2025-09-07T15:33:14","modified_gmt":"2025-09-07T07:33:14","slug":"wholesale-stainless-steel-2-piece-cookware-set","status":"publish","type":"product","link":"https:\/\/www.purecook.com\/pt\/product\/wholesale-stainless-steel-2-piece-cookware-set\/","title":{"rendered":"Conjunto de panelas de 2 pe\u00e7as em a\u00e7o inoxid\u00e1vel por atacado"},"content":{"rendered":"<div class=\"wp-block-columns is-layout-flex wp-container-core-columns-is-layout-9d6595d7 wp-block-columns-is-layout-flex\">\n<div class=\"wp-block-column is-layout-flow wp-block-column-is-layout-flow\">\n<h3 class=\"wp-block-heading\">Par\u00e2metros do conjunto de panelas de 2 pe\u00e7as em a\u00e7o inoxid\u00e1vel <\/h3>\n\n\n\n<p><strong>Material:<\/strong> A\u00e7o inoxid\u00e1vel<br><strong>Op\u00e7\u00f5es de log\u00f3tipo:<\/strong> Serigrafia \/ Grava\u00e7\u00e3o a laser \/ Carimbo em relevo<br><strong>Pega e ma\u00e7aneta da tampa:<\/strong> A\u00e7o inoxid\u00e1vel<\/p>\n\n\n\n<p><strong>Panela de 18 cm<\/strong><\/p>\n\n\n\n<ul class=\"wp-block-list\">\n<li><strong>Material:<\/strong> A\u00e7o inoxid\u00e1vel<\/li>\n\n\n\n<li><strong>Espessura:<\/strong> 0,5 mm<\/li>\n\n\n\n<li><strong>Fundo:<\/strong> Fundo em sandu\u00edche de indu\u00e7\u00e3o (SUS + 1 mm de alum\u00ednio + 1 mm de ferro)<\/li>\n<\/ul>\n\n\n\n<p><strong>Panela de sopa de 22 cm<\/strong><\/p>\n\n\n\n<ul class=\"wp-block-list\">\n<li><strong>Material:<\/strong> A\u00e7o inoxid\u00e1vel de tr\u00eas camadas<\/li>\n\n\n\n<li><strong>Espessura:<\/strong> 2 mm<\/li>\n<\/ul>\n<\/div>\n\n\n\n<div class=\"wp-block-column is-layout-flow wp-block-column-is-layout-flow\">\n<h3 class=\"wp-block-heading\">Op\u00e7\u00f5es personalizadas de potes de stock<\/h3>\n\n\n\n<p><strong>Log\u00f3tipo:<\/strong> Personaliz\u00e1vel com o log\u00f3tipo da sua marca<br><strong>Cor:<\/strong> Personaliz\u00e1vel<br><strong>Embalagem:<\/strong>\u00a0Caixa de cor\/caixa de cart\u00e3o, etc<\/p>\n<\/div>\n<\/div>\n\n\n\n<div class=\"wp-block-columns is-layout-flex wp-container-core-columns-is-layout-9d6595d7 wp-block-columns-is-layout-flex\">\n<div class=\"wp-block-column is-layout-flow wp-block-column-is-layout-flow\">\n<figure class=\"wp-block-image size-full\"><img decoding=\"async\" width=\"3070\" height=\"2998\" src=\"https:\/\/www.purecook.com\/wp-content\/uploads\/2025\/09\/wholesale-2-piece-cookware-set-4.webp\" alt=\"conjunto de panelas de 2 pe\u00e7as para venda por grosso (4)\" class=\"wp-image-4732\" srcset=\"https:\/\/www.purecook.com\/wp-content\/uploads\/2025\/09\/wholesale-2-piece-cookware-set-4.webp 3070w, https:\/\/www.purecook.com\/wp-content\/uploads\/2025\/09\/wholesale-2-piece-cookware-set-4-300x293.webp 300w, https:\/\/www.purecook.com\/wp-content\/uploads\/2025\/09\/wholesale-2-piece-cookware-set-4-768x750.webp 768w, https:\/\/www.purecook.com\/wp-content\/uploads\/2025\/09\/wholesale-2-piece-cookware-set-4-12x12.webp 12w, https:\/\/www.purecook.com\/wp-content\/uploads\/2025\/09\/wholesale-2-piece-cookware-set-4-600x586.webp 600w\" sizes=\"(max-width: 3070px) 100vw, 3070px\" \/><\/figure>\n<\/div>\n\n\n\n<div class=\"wp-block-column is-layout-flow wp-block-column-is-layout-flow\">\n<figure class=\"wp-block-image size-full\"><img decoding=\"async\" width=\"3070\" height=\"2998\" src=\"https:\/\/www.purecook.com\/wp-content\/uploads\/2025\/09\/wholesale-2-piece-cookware-set-5.webp\" alt=\"conjunto de panelas de 2 pe\u00e7as por atacado (5)\" class=\"wp-image-4733\" srcset=\"https:\/\/www.purecook.com\/wp-content\/uploads\/2025\/09\/wholesale-2-piece-cookware-set-5.webp 3070w, https:\/\/www.purecook.com\/wp-content\/uploads\/2025\/09\/wholesale-2-piece-cookware-set-5-300x293.webp 300w, https:\/\/www.purecook.com\/wp-content\/uploads\/2025\/09\/wholesale-2-piece-cookware-set-5-768x750.webp 768w, https:\/\/www.purecook.com\/wp-content\/uploads\/2025\/09\/wholesale-2-piece-cookware-set-5-12x12.webp 12w, https:\/\/www.purecook.com\/wp-content\/uploads\/2025\/09\/wholesale-2-piece-cookware-set-5-600x586.webp 600w\" sizes=\"(max-width: 3070px) 100vw, 3070px\" \/><\/figure>\n<\/div>\n<\/div>\n\n\n\n<div class=\"wp-block-columns is-layout-flex wp-container-core-columns-is-layout-9d6595d7 wp-block-columns-is-layout-flex\">\n<div class=\"wp-block-column is-layout-flow wp-block-column-is-layout-flow\"><\/div>\n\n\n\n<div class=\"wp-block-column is-layout-flow wp-block-column-is-layout-flow\"><\/div>\n<\/div>\n\n\n\n<div class=\"wp-block-columns is-layout-flex wp-container-core-columns-is-layout-9d6595d7 wp-block-columns-is-layout-flex\">\n<div class=\"wp-block-column is-layout-flow wp-block-column-is-layout-flow\"><\/div>\n\n\n\n<div class=\"wp-block-column is-layout-flow wp-block-column-is-layout-flow\"><\/div>\n<\/div>","protected":false},"excerpt":{"rendered":"<p>Conjunto de panelas de 2 pe\u00e7as por atacado. Este conjunto de panelas de duas pe\u00e7as em a\u00e7o inoxid\u00e1vel combina durabilidade com desempenho superior e aquecimento uniforme. Compat\u00edvel com placas de indu\u00e7\u00e3o, a g\u00e1s e el\u00e9ctricas, proporciona uma experi\u00eancia de cozinha fi\u00e1vel tanto para chefes de cozinha dom\u00e9sticos como profissionais. Podem ser adicionados log\u00f3tipos personalizados para criar os seus pr\u00f3prios utens\u00edlios de cozinha de marca. Este produto cumpre rigorosamente as normas ISO, FDA e LFGB. As compras a granel s\u00e3o bem-vindas.<\/p>\n<p>Cozinheiro puro <a href=\"https:\/\/www.purecook.com\/pt\/categoria-produto\/cookware\/\" target=\"_blank\" rel=\"noopener\"><strong>fabricante de utens\u00edlios de cozinha<\/strong> <\/a>oferece pre\u00e7os de f\u00e1brica e servi\u00e7os de personaliza\u00e7\u00e3o OEM. Contacte-nos para obter a melhor cota\u00e7\u00e3o do fabricante de utens\u00edlios de cozinha fi\u00e1vel.<\/p>\n<h2>Carater\u00edsticas e vantagens do conjunto de panelas de a\u00e7o inoxid\u00e1vel<\/h2>\n<p><strong>Constru\u00e7\u00e3o em a\u00e7o inoxid\u00e1vel dur\u00e1vel:<\/strong> Ambas as panelas s\u00e3o fabricadas em a\u00e7o inoxid\u00e1vel de alta qualidade para um desempenho superior, tornando este conjunto de utens\u00edlios de cozinha uma escolha fi\u00e1vel para chefes dom\u00e9sticos e profissionais.<\/p>\n<p><strong>Distribui\u00e7\u00e3o eficiente e uniforme do calor:<\/strong> O fundo de cada conjunto de utens\u00edlios de cozinha apresenta uma constru\u00e7\u00e3o tripla em a\u00e7o inoxid\u00e1vel, garantindo uma distribui\u00e7\u00e3o r\u00e1pida e uniforme do calor, evitando pontos quentes e proporcionando excelentes resultados de cozedura.<\/p>\n<p><strong>Personaliza\u00e7\u00e3o do log\u00f3tipo:<\/strong> As empresas, marcas ou organiza\u00e7\u00f5es culin\u00e1rias podem personalizar este conjunto de acordo com a sua personalidade \u00fanica.<\/p>\n<p><strong>Compat\u00edvel com v\u00e1rias placas de fog\u00e3o:<\/strong> Este conjunto de panelas de duas pe\u00e7as \u00e9 vers\u00e1til e compat\u00edvel com v\u00e1rias fontes de calor, incluindo indu\u00e7\u00e3o, g\u00e1s e fog\u00f5es el\u00e9ctricos.<\/p>\n<p><strong>Elevados padr\u00f5es de qualidade:<\/strong> Como fabricante l\u00edder de utens\u00edlios de cozinha da China, cumprimos rigorosamente as certifica\u00e7\u00f5es de qualidade ISO 9001, FDA, LFGB e outras certifica\u00e7\u00f5es internacionais, garantindo que os nossos produtos s\u00e3o vendidos globalmente.<\/p>","protected":false},"featured_media":4729,"comment_status":"closed","ping_status":"closed","template":"","meta":{"_acf_changed":false},"product_brand":[],"product_cat":[24,69],"product_tag":[],"class_list":{"0":"post-4728","1":"product","2":"type-product","3":"status-publish","4":"has-post-thumbnail","6":"product_cat-cookware","7":"product_cat-cookware-sets","9":"first","10":"instock","11":"shipping-taxable","12":"product-type-simple"},"acf":[],"_links":{"self":[{"href":"https:\/\/www.purecook.com\/pt\/wp-json\/wp\/v2\/product\/4728","targetHints":{"allow":["GET"]}}],"collection":[{"href":"https:\/\/www.purecook.com\/pt\/wp-json\/wp\/v2\/product"}],"about":[{"href":"https:\/\/www.purecook.com\/pt\/wp-json\/wp\/v2\/types\/product"}],"replies":[{"embeddable":true,"href":"https:\/\/www.purecook.com\/pt\/wp-json\/wp\/v2\/comments?post=4728"}],"wp:featuredmedia":[{"embeddable":true,"href":"https:\/\/www.purecook.com\/pt\/wp-json\/wp\/v2\/media\/4729"}],"wp:attachment":[{"href":"https:\/\/www.purecook.com\/pt\/wp-json\/wp\/v2\/media?parent=4728"}],"wp:term":[{"taxonomy":"product_brand","embeddable":true,"href":"https:\/\/www.purecook.com\/pt\/wp-json\/wp\/v2\/product_brand?post=4728"},{"taxonomy":"product_cat","embeddable":true,"href":"https:\/\/www.purecook.com\/pt\/wp-json\/wp\/v2\/product_cat?post=4728"},{"taxonomy":"product_tag","embeddable":true,"href":"https:\/\/www.purecook.com\/pt\/wp-json\/wp\/v2\/product_tag?post=4728"}],"curies":[{"name":"wp","href":"https:\/\/api.w.org\/{rel}","templated":true}]}}