{"id":4734,"date":"2025-09-07T15:36:45","date_gmt":"2025-09-07T07:36:45","guid":{"rendered":"https:\/\/www.purecook.com\/?post_type=product&#038;p=4734"},"modified":"2025-09-07T16:05:45","modified_gmt":"2025-09-07T08:05:45","slug":"wholesale-stainless-steel-oil-filter-pots","status":"publish","type":"product","link":"https:\/\/www.purecook.com\/pt\/product\/wholesale-stainless-steel-oil-filter-pots\/","title":{"rendered":"Potes de filtro de \u00f3leo de a\u00e7o inoxid\u00e1vel por atacado - Para fritar alimentos e filtrar res\u00edduos de \u00f3leo"},"content":{"rendered":"<div class=\"wp-block-columns is-layout-flex wp-container-core-columns-is-layout-9d6595d7 wp-block-columns-is-layout-flex\">\n<div class=\"wp-block-column is-layout-flow wp-block-column-is-layout-flow\">\n<h3 class=\"wp-block-heading\">Par\u00e2metros do pote do filtro de \u00f3leo em a\u00e7o inoxid\u00e1vel<\/h3>\n\n\n\n<p><strong>Material:<\/strong> A\u00e7o inoxid\u00e1vel 304<br>Log\u00f3tipo: Serigrafia \/ Grava\u00e7\u00e3o a laser \/ Carimbo em relevo<br><strong>Pote de \u00f3leo:<\/strong><\/p>\n\n\n\n<ul class=\"wp-block-list\">\n<li><strong>Di\u00e2metro (em cima): <\/strong>14,8 cm<\/li>\n\n\n\n<li><strong>Di\u00e2metro (em baixo):<\/strong> 16 cm<\/li>\n\n\n\n<li><strong>Altura: <\/strong>18,5 cm<\/li>\n<\/ul>\n\n\n\n<p><strong>Ecr\u00e3 do filtro de \u00f3leo:<\/strong><\/p>\n\n\n\n<ul class=\"wp-block-list\">\n<li><strong>Di\u00e2metro superior: <\/strong>14,5 cm<\/li>\n\n\n\n<li><strong>Di\u00e2metro m\u00e9dio:<\/strong> 7 cm<\/li>\n\n\n\n<li><strong>Di\u00e2metro do fundo: <\/strong>8,5 cm<\/li>\n<\/ul>\n\n\n\n<p><strong>Cesto de fritar:<\/strong><\/p>\n\n\n\n<ul class=\"wp-block-list\">\n<li><strong>Comprimento total incluindo a pega: <\/strong>17 cm<\/li>\n\n\n\n<li><strong>Di\u00e2metro: <\/strong>13,5 cm<\/li>\n\n\n\n<li><strong>Altura: <\/strong>16,5 cm<\/li>\n<\/ul>\n<\/div>\n\n\n\n<div class=\"wp-block-column is-layout-flow wp-block-column-is-layout-flow\">\n<h3 class=\"wp-block-heading\">Op\u00e7\u00f5es de utens\u00edlios de cozinha personalizados<\/h3>\n\n\n\n<p><strong>Log\u00f3tipo:<\/strong> Personaliz\u00e1vel com o log\u00f3tipo da sua marca<br><strong>Cor:<\/strong> Personaliz\u00e1vel<br><strong>Embalagem:<\/strong>\u00a0Caixa de cor\/caixa de cart\u00e3o, etc<\/p>\n\n\n\n<figure class=\"wp-block-image size-full\"><img decoding=\"async\" width=\"800\" height=\"800\" src=\"https:\/\/www.purecook.com\/wp-content\/uploads\/2025\/09\/stainless-steel-oil-filter-pot.webp\" alt=\"pote de filtro de \u00f3leo em a\u00e7o inoxid\u00e1vel\" class=\"wp-image-4739\" srcset=\"https:\/\/www.purecook.com\/wp-content\/uploads\/2025\/09\/stainless-steel-oil-filter-pot.webp 800w, https:\/\/www.purecook.com\/wp-content\/uploads\/2025\/09\/stainless-steel-oil-filter-pot-300x300.webp 300w, https:\/\/www.purecook.com\/wp-content\/uploads\/2025\/09\/stainless-steel-oil-filter-pot-150x150.webp 150w, https:\/\/www.purecook.com\/wp-content\/uploads\/2025\/09\/stainless-steel-oil-filter-pot-768x768.webp 768w, https:\/\/www.purecook.com\/wp-content\/uploads\/2025\/09\/stainless-steel-oil-filter-pot-12x12.webp 12w, https:\/\/www.purecook.com\/wp-content\/uploads\/2025\/09\/stainless-steel-oil-filter-pot-600x600.webp 600w, https:\/\/www.purecook.com\/wp-content\/uploads\/2025\/09\/stainless-steel-oil-filter-pot-100x100.webp 100w\" sizes=\"(max-width: 800px) 100vw, 800px\" \/><\/figure>\n<\/div>\n<\/div>","protected":false},"excerpt":{"rendered":"<p>Este filtro de \u00f3leo \u00e9 fabricado em a\u00e7o inoxid\u00e1vel 304 de alta qualidade. Possui um filtro de malha fina que remove eficazmente as impurezas, reduzindo as subst\u00e2ncias nocivas e cancer\u00edgenas no \u00f3leo de cozinha reutilizado. Tamb\u00e9m inclui um cesto de fritura para fritar tempura e outros alimentos. Os nossos produtos cumprem as normas LFGB e FDA. As marcas de utens\u00edlios de cozinha e os grossistas podem comprar a granel.<\/p>\n<p>Cozinheiro puro <a href=\"https:\/\/www.purecook.com\/pt\/categoria-produto\/cookware\/\" target=\"_blank\" rel=\"noopener\"><strong>fabricante de utens\u00edlios de cozinha<\/strong> <\/a>oferece pre\u00e7os de f\u00e1brica e servi\u00e7os de personaliza\u00e7\u00e3o OEM. Contacte-nos para obter o melhor or\u00e7amento.<\/p>\n<h2>Carater\u00edsticas e vantagens dos recipientes para filtros de \u00f3leo em a\u00e7o inoxid\u00e1vel<\/h2>\n<p><strong>Durabilidade e longevidade:<\/strong> Fabricado em a\u00e7o inoxid\u00e1vel 304 de alta qualidade, o pote do filtro de \u00f3leo em a\u00e7o inoxid\u00e1vel foi concebido para resistir a temperaturas elevadas, garantindo uma utiliza\u00e7\u00e3o a longo prazo.<br \/>Sa\u00fade e seguran\u00e7a: Equipado com um filtro de malha fina, reduz as subst\u00e2ncias nocivas e os agentes cancer\u00edgenos presentes no \u00f3leo de cozinha reutilizado.<\/p>\n<p><strong>Custo-efic\u00e1cia:<\/strong> O pote do filtro de \u00f3leo em a\u00e7o inoxid\u00e1vel pode filtrar e reutilizar o \u00f3leo de cozinha, reduzindo a necessidade de comprar frequentemente \u00f3leo novo e prolongando a vida \u00fatil do seu \u00f3leo de cozinha para poupar a longo prazo.<\/p>\n<p><strong>Versatilidade:<\/strong> O pote do filtro de \u00f3leo em a\u00e7o inoxid\u00e1vel pode ser utilizado para filtrar res\u00edduos de \u00f3leo e tamb\u00e9m pode ser utilizado para fritar, tornando-o adequado para cozinhas dom\u00e9sticas.<\/p>\n<p><strong>Em conformidade com as normas internacionais:<\/strong> Como um fabricante profissional de utens\u00edlios de cozinha, damos prioridade \u00e0 seguran\u00e7a e \u00e0 sa\u00fade do produto. Os nossos potes de filtro de \u00f3leo de a\u00e7o inoxid\u00e1vel por atacado cumprem as normas LFGB e FDA.<\/p>","protected":false},"featured_media":4735,"comment_status":"closed","ping_status":"closed","template":"","meta":{"_acf_changed":false},"product_brand":[],"product_cat":[52,64],"product_tag":[],"class_list":{"0":"post-4734","1":"product","2":"type-product","3":"status-publish","4":"has-post-thumbnail","6":"product_cat-kitchen-utensils","7":"product_cat-oil-pot","9":"first","10":"instock","11":"shipping-taxable","12":"product-type-simple"},"acf":[],"_links":{"self":[{"href":"https:\/\/www.purecook.com\/pt\/wp-json\/wp\/v2\/product\/4734","targetHints":{"allow":["GET"]}}],"collection":[{"href":"https:\/\/www.purecook.com\/pt\/wp-json\/wp\/v2\/product"}],"about":[{"href":"https:\/\/www.purecook.com\/pt\/wp-json\/wp\/v2\/types\/product"}],"replies":[{"embeddable":true,"href":"https:\/\/www.purecook.com\/pt\/wp-json\/wp\/v2\/comments?post=4734"}],"wp:featuredmedia":[{"embeddable":true,"href":"https:\/\/www.purecook.com\/pt\/wp-json\/wp\/v2\/media\/4735"}],"wp:attachment":[{"href":"https:\/\/www.purecook.com\/pt\/wp-json\/wp\/v2\/media?parent=4734"}],"wp:term":[{"taxonomy":"product_brand","embeddable":true,"href":"https:\/\/www.purecook.com\/pt\/wp-json\/wp\/v2\/product_brand?post=4734"},{"taxonomy":"product_cat","embeddable":true,"href":"https:\/\/www.purecook.com\/pt\/wp-json\/wp\/v2\/product_cat?post=4734"},{"taxonomy":"product_tag","embeddable":true,"href":"https:\/\/www.purecook.com\/pt\/wp-json\/wp\/v2\/product_tag?post=4734"}],"curies":[{"name":"wp","href":"https:\/\/api.w.org\/{rel}","templated":true}]}}