{"id":4740,"date":"2025-09-07T16:10:43","date_gmt":"2025-09-07T08:10:43","guid":{"rendered":"https:\/\/www.purecook.com\/?post_type=product&#038;p=4740"},"modified":"2025-09-07T16:55:28","modified_gmt":"2025-09-07T08:55:28","slug":"wholesale-5-piece-cookware-set","status":"publish","type":"product","link":"https:\/\/www.purecook.com\/pt\/product\/wholesale-5-piece-cookware-set\/","title":{"rendered":"Conjunto de panelas de 5 pe\u00e7as por atacado - Satisfaz diversas necessidades culin\u00e1rias"},"content":{"rendered":"<div class=\"wp-block-columns is-layout-flex wp-container-core-columns-is-layout-9d6595d7 wp-block-columns-is-layout-flex\">\n<div class=\"wp-block-column is-layout-flow wp-block-column-is-layout-flow\">\n<h3 class=\"wp-block-heading\">Par\u00e2metros do conjunto de panelas de 5 pe\u00e7as<\/h3>\n\n\n\n<p><strong>Material:<\/strong> A\u00e7o inoxid\u00e1vel 304<br><strong>Espessura normal:<\/strong> 0,4 mm<br><strong>Tampa: <\/strong>Tampa em a\u00e7o inoxid\u00e1vel<br>Log\u00f3tipo: Serigrafia \/ Grava\u00e7\u00e3o a laser \/ Carimbo em relevo<br><strong>Pega e bot\u00e3o da tampa: <\/strong>A\u00e7o inoxid\u00e1vel<br><strong>Tamanho: <\/strong>16\u00d79cm, 18\u00d710cm, 20\u00d711cm, 24\u00d78cm, 24\u00d713,5cm<\/p>\n<\/div>\n\n\n\n<div class=\"wp-block-column is-layout-flow wp-block-column-is-layout-flow\">\n<h3 class=\"wp-block-heading\">Op\u00e7\u00f5es personalizadas de potes de stock<\/h3>\n\n\n\n<p><strong>Log\u00f3tipo:<\/strong> Personaliz\u00e1vel com o log\u00f3tipo da sua marca<br><strong>Cor:<\/strong> Personaliz\u00e1vel<br><strong>Embalagem:<\/strong>\u00a0Caixa de cor\/caixa de cart\u00e3o, etc<\/p>\n<\/div>\n<\/div>\n\n\n\n<div class=\"wp-block-columns is-layout-flex wp-container-core-columns-is-layout-9d6595d7 wp-block-columns-is-layout-flex\">\n<div class=\"wp-block-column is-layout-flow wp-block-column-is-layout-flow\">\n<figure class=\"wp-block-image size-full\"><img decoding=\"async\" width=\"800\" height=\"800\" src=\"https:\/\/www.purecook.com\/wp-content\/uploads\/2025\/09\/specifications-of-5-piece-cookware-set-1.webp\" alt=\"especifica\u00e7\u00f5es do conjunto de panelas de 5 pe\u00e7as (1)\" class=\"wp-image-4747\" srcset=\"https:\/\/www.purecook.com\/wp-content\/uploads\/2025\/09\/specifications-of-5-piece-cookware-set-1.webp 800w, https:\/\/www.purecook.com\/wp-content\/uploads\/2025\/09\/specifications-of-5-piece-cookware-set-1-300x300.webp 300w, https:\/\/www.purecook.com\/wp-content\/uploads\/2025\/09\/specifications-of-5-piece-cookware-set-1-150x150.webp 150w, https:\/\/www.purecook.com\/wp-content\/uploads\/2025\/09\/specifications-of-5-piece-cookware-set-1-768x768.webp 768w, https:\/\/www.purecook.com\/wp-content\/uploads\/2025\/09\/specifications-of-5-piece-cookware-set-1-12x12.webp 12w, https:\/\/www.purecook.com\/wp-content\/uploads\/2025\/09\/specifications-of-5-piece-cookware-set-1-600x600.webp 600w, https:\/\/www.purecook.com\/wp-content\/uploads\/2025\/09\/specifications-of-5-piece-cookware-set-1-100x100.webp 100w\" sizes=\"(max-width: 800px) 100vw, 800px\" \/><\/figure>\n<\/div>\n\n\n\n<div class=\"wp-block-column is-layout-flow wp-block-column-is-layout-flow\">\n<figure class=\"wp-block-image size-full\"><img decoding=\"async\" width=\"800\" height=\"800\" src=\"https:\/\/www.purecook.com\/wp-content\/uploads\/2025\/09\/specifications-of-5-piece-cookware-set-2.webp\" alt=\"especifica\u00e7\u00f5es do conjunto de panelas de 5 pe\u00e7as (2)\" class=\"wp-image-4748\" srcset=\"https:\/\/www.purecook.com\/wp-content\/uploads\/2025\/09\/specifications-of-5-piece-cookware-set-2.webp 800w, https:\/\/www.purecook.com\/wp-content\/uploads\/2025\/09\/specifications-of-5-piece-cookware-set-2-300x300.webp 300w, https:\/\/www.purecook.com\/wp-content\/uploads\/2025\/09\/specifications-of-5-piece-cookware-set-2-150x150.webp 150w, https:\/\/www.purecook.com\/wp-content\/uploads\/2025\/09\/specifications-of-5-piece-cookware-set-2-768x768.webp 768w, https:\/\/www.purecook.com\/wp-content\/uploads\/2025\/09\/specifications-of-5-piece-cookware-set-2-12x12.webp 12w, https:\/\/www.purecook.com\/wp-content\/uploads\/2025\/09\/specifications-of-5-piece-cookware-set-2-600x600.webp 600w, https:\/\/www.purecook.com\/wp-content\/uploads\/2025\/09\/specifications-of-5-piece-cookware-set-2-100x100.webp 100w\" sizes=\"(max-width: 800px) 100vw, 800px\" \/><\/figure>\n<\/div>\n<\/div>\n\n\n\n<div class=\"wp-block-columns is-layout-flex wp-container-core-columns-is-layout-9d6595d7 wp-block-columns-is-layout-flex\">\n<div class=\"wp-block-column is-layout-flow wp-block-column-is-layout-flow\">\n<figure class=\"wp-block-image size-full\"><img decoding=\"async\" width=\"800\" height=\"800\" src=\"https:\/\/www.purecook.com\/wp-content\/uploads\/2025\/09\/specifications-of-5-piece-cookware-set-3.webp\" alt=\"especifica\u00e7\u00f5es do conjunto de panelas de 5 pe\u00e7as (3)\" class=\"wp-image-4749\" srcset=\"https:\/\/www.purecook.com\/wp-content\/uploads\/2025\/09\/specifications-of-5-piece-cookware-set-3.webp 800w, https:\/\/www.purecook.com\/wp-content\/uploads\/2025\/09\/specifications-of-5-piece-cookware-set-3-300x300.webp 300w, https:\/\/www.purecook.com\/wp-content\/uploads\/2025\/09\/specifications-of-5-piece-cookware-set-3-150x150.webp 150w, https:\/\/www.purecook.com\/wp-content\/uploads\/2025\/09\/specifications-of-5-piece-cookware-set-3-768x768.webp 768w, https:\/\/www.purecook.com\/wp-content\/uploads\/2025\/09\/specifications-of-5-piece-cookware-set-3-12x12.webp 12w, https:\/\/www.purecook.com\/wp-content\/uploads\/2025\/09\/specifications-of-5-piece-cookware-set-3-600x600.webp 600w, https:\/\/www.purecook.com\/wp-content\/uploads\/2025\/09\/specifications-of-5-piece-cookware-set-3-100x100.webp 100w\" sizes=\"(max-width: 800px) 100vw, 800px\" \/><\/figure>\n<\/div>\n\n\n\n<div class=\"wp-block-column is-layout-flow wp-block-column-is-layout-flow\">\n<figure class=\"wp-block-image size-full\"><img decoding=\"async\" width=\"800\" height=\"800\" src=\"https:\/\/www.purecook.com\/wp-content\/uploads\/2025\/09\/specifications-of-5-piece-cookware-set-4.webp\" alt=\"especifica\u00e7\u00f5es do conjunto de panelas de 5 pe\u00e7as (4)\" class=\"wp-image-4750\" srcset=\"https:\/\/www.purecook.com\/wp-content\/uploads\/2025\/09\/specifications-of-5-piece-cookware-set-4.webp 800w, https:\/\/www.purecook.com\/wp-content\/uploads\/2025\/09\/specifications-of-5-piece-cookware-set-4-300x300.webp 300w, https:\/\/www.purecook.com\/wp-content\/uploads\/2025\/09\/specifications-of-5-piece-cookware-set-4-150x150.webp 150w, https:\/\/www.purecook.com\/wp-content\/uploads\/2025\/09\/specifications-of-5-piece-cookware-set-4-768x768.webp 768w, https:\/\/www.purecook.com\/wp-content\/uploads\/2025\/09\/specifications-of-5-piece-cookware-set-4-12x12.webp 12w, https:\/\/www.purecook.com\/wp-content\/uploads\/2025\/09\/specifications-of-5-piece-cookware-set-4-600x600.webp 600w, https:\/\/www.purecook.com\/wp-content\/uploads\/2025\/09\/specifications-of-5-piece-cookware-set-4-100x100.webp 100w\" sizes=\"(max-width: 800px) 100vw, 800px\" \/><\/figure>\n<\/div>\n<\/div>\n\n\n\n<div class=\"wp-block-columns is-layout-flex wp-container-core-columns-is-layout-9d6595d7 wp-block-columns-is-layout-flex\">\n<div class=\"wp-block-column is-layout-flow wp-block-column-is-layout-flow\">\n<figure class=\"wp-block-image size-full\"><img decoding=\"async\" width=\"800\" height=\"800\" src=\"https:\/\/www.purecook.com\/wp-content\/uploads\/2025\/09\/specifications-of-5-piece-cookware-set-5.webp\" alt=\"especifica\u00e7\u00f5es do conjunto de panelas de 5 pe\u00e7as (5)\" class=\"wp-image-4751\" srcset=\"https:\/\/www.purecook.com\/wp-content\/uploads\/2025\/09\/specifications-of-5-piece-cookware-set-5.webp 800w, https:\/\/www.purecook.com\/wp-content\/uploads\/2025\/09\/specifications-of-5-piece-cookware-set-5-300x300.webp 300w, https:\/\/www.purecook.com\/wp-content\/uploads\/2025\/09\/specifications-of-5-piece-cookware-set-5-150x150.webp 150w, https:\/\/www.purecook.com\/wp-content\/uploads\/2025\/09\/specifications-of-5-piece-cookware-set-5-768x768.webp 768w, https:\/\/www.purecook.com\/wp-content\/uploads\/2025\/09\/specifications-of-5-piece-cookware-set-5-12x12.webp 12w, https:\/\/www.purecook.com\/wp-content\/uploads\/2025\/09\/specifications-of-5-piece-cookware-set-5-600x600.webp 600w, https:\/\/www.purecook.com\/wp-content\/uploads\/2025\/09\/specifications-of-5-piece-cookware-set-5-100x100.webp 100w\" sizes=\"(max-width: 800px) 100vw, 800px\" \/><\/figure>\n<\/div>\n\n\n\n<div class=\"wp-block-column is-layout-flow wp-block-column-is-layout-flow\"><\/div>\n<\/div>","protected":false},"excerpt":{"rendered":"<p>Este dur\u00e1vel conjunto de panelas de a\u00e7o inoxid\u00e1vel de cinco pe\u00e7as \u00e9 perfeito para cozinhas dom\u00e9sticas e comerciais. A superf\u00edcie \u00e9 electropolida para um acabamento profissional e met\u00e1lico. \u00c9 f\u00e1cil de limpar e pode ser lavado na m\u00e1quina de lavar loi\u00e7a. Apoiamos a personaliza\u00e7\u00e3o da marca e oferecemos grandes quantidades. Os comerciantes globais, grossistas e marcas de utens\u00edlios de cozinha s\u00e3o bem-vindos a contactar-nos.<\/p>\n<p>Cozinheiro puro <a href=\"https:\/\/www.purecook.com\/pt\/categoria-produto\/cookware\/\" target=\"_blank\" rel=\"noopener\"><strong>fabricante de utens\u00edlios de cozinha<\/strong> <\/a>oferece pre\u00e7os de f\u00e1brica e servi\u00e7os de personaliza\u00e7\u00e3o OEM. Contacte-nos para obter o melhor or\u00e7amento.<\/p>\n<h2>Carater\u00edsticas e vantagens do conjunto de panelas de 5 pe\u00e7as<\/h2>\n<p><strong>Durabilidade:<\/strong> Os utens\u00edlios de cozinha em a\u00e7o inoxid\u00e1vel oferecem uma excelente resist\u00eancia \u00e0 corros\u00e3o e durabilidade. Ao contr\u00e1rio do alum\u00ednio e de outros metais, os utens\u00edlios de cozinha em a\u00e7o inoxid\u00e1vel n\u00e3o amolgam, deformam ou racham sob temperaturas elevadas ou utiliza\u00e7\u00e3o frequente, garantindo uma longa vida \u00fatil.<\/p>\n<p><strong>Superf\u00edcie n\u00e3o reactiva:<\/strong> Os utens\u00edlios de cozinha em a\u00e7o inoxid\u00e1vel n\u00e3o reagem com alimentos \u00e1cidos ou alcalinos. O sabor natural dos ingredientes \u00e9 preservado sem qualquer sabor met\u00e1lico.<\/p>\n<p><strong>Solu\u00e7\u00e3o de cozedura completa:<\/strong> O conjunto de panelas de 5 pe\u00e7as inclui panelas para caldos e panelas para sopa em v\u00e1rios tamanhos para uma variedade de tarefas culin\u00e1rias.<\/p>\n<p><strong>F\u00e1cil de manter:<\/strong> O conjunto de panelas de 5 pe\u00e7as pode ser lavado na m\u00e1quina de lavar loi\u00e7a e os res\u00edduos mais dif\u00edceis podem normalmente ser removidos apenas com uma imers\u00e3o ou uma esfrega suave. Mesmo com uma utiliza\u00e7\u00e3o frequente, mant\u00e9m o seu aspeto brilhante e profissional.<\/p>\n<p><strong>Tecnologia avan\u00e7ada e processos de produ\u00e7\u00e3o:<\/strong> Como fabricante l\u00edder de utens\u00edlios de cozinha, utilizamos linhas de produ\u00e7\u00e3o eficientes e profissionais, incorporando t\u00e9cnicas avan\u00e7adas de polimento, para garantir que os nossos produtos s\u00e3o bonitos e f\u00e1ceis de utilizar. Oferecemos fornecimento de produtos em grande quantidade.<\/p>","protected":false},"featured_media":4741,"comment_status":"closed","ping_status":"closed","template":"","meta":{"_acf_changed":false},"product_brand":[],"product_cat":[24,69,70],"product_tag":[],"class_list":{"0":"post-4740","1":"product","2":"type-product","3":"status-publish","4":"has-post-thumbnail","6":"product_cat-cookware","7":"product_cat-cookware-sets","8":"product_cat-soup-and-stock-pots","10":"first","11":"instock","12":"shipping-taxable","13":"product-type-simple"},"acf":[],"_links":{"self":[{"href":"https:\/\/www.purecook.com\/pt\/wp-json\/wp\/v2\/product\/4740","targetHints":{"allow":["GET"]}}],"collection":[{"href":"https:\/\/www.purecook.com\/pt\/wp-json\/wp\/v2\/product"}],"about":[{"href":"https:\/\/www.purecook.com\/pt\/wp-json\/wp\/v2\/types\/product"}],"replies":[{"embeddable":true,"href":"https:\/\/www.purecook.com\/pt\/wp-json\/wp\/v2\/comments?post=4740"}],"wp:featuredmedia":[{"embeddable":true,"href":"https:\/\/www.purecook.com\/pt\/wp-json\/wp\/v2\/media\/4741"}],"wp:attachment":[{"href":"https:\/\/www.purecook.com\/pt\/wp-json\/wp\/v2\/media?parent=4740"}],"wp:term":[{"taxonomy":"product_brand","embeddable":true,"href":"https:\/\/www.purecook.com\/pt\/wp-json\/wp\/v2\/product_brand?post=4740"},{"taxonomy":"product_cat","embeddable":true,"href":"https:\/\/www.purecook.com\/pt\/wp-json\/wp\/v2\/product_cat?post=4740"},{"taxonomy":"product_tag","embeddable":true,"href":"https:\/\/www.purecook.com\/pt\/wp-json\/wp\/v2\/product_tag?post=4740"}],"curies":[{"name":"wp","href":"https:\/\/api.w.org\/{rel}","templated":true}]}}