{"id":4752,"date":"2025-09-07T16:59:10","date_gmt":"2025-09-07T08:59:10","guid":{"rendered":"https:\/\/www.purecook.com\/?post_type=product&#038;p=4752"},"modified":"2025-09-08T11:29:04","modified_gmt":"2025-09-08T03:29:04","slug":"wholesale-stainless-steel-steak-clips","status":"publish","type":"product","link":"https:\/\/www.purecook.com\/pt\/product\/wholesale-stainless-steel-steak-clips\/","title":{"rendered":"Clipes para bife, pin\u00e7as para bife, clipes para churrasco, pin\u00e7as para churrasco"},"content":{"rendered":"<div class=\"wp-block-columns is-layout-flex wp-container-core-columns-is-layout-9d6595d7 wp-block-columns-is-layout-flex\">\n<div class=\"wp-block-column is-layout-flow wp-block-column-is-layout-flow\">\n<h3 class=\"wp-block-heading\">Par\u00e2metros do clipe de bife<\/h3>\n\n\n\n<p><strong>Material:<\/strong> A\u00e7o inoxid\u00e1vel 304<br><strong>Espessura:<\/strong> 0,5 mm<br><strong>Tamanho: <\/strong>26\u00d77,2cm<br><strong>Peso bruto: <\/strong>Menos de 200g por pe\u00e7a<br>Log\u00f3tipo: Serigrafia \/ Grava\u00e7\u00e3o a laser \/ Carimbo em relevo<\/p>\n<\/div>\n\n\n\n<div class=\"wp-block-column is-layout-flow wp-block-column-is-layout-flow\">\n<h3 class=\"wp-block-heading\">Op\u00e7\u00f5es de utens\u00edlios de cozinha personalizados<\/h3>\n\n\n\n<p><strong>Log\u00f3tipo:<\/strong> Personaliz\u00e1vel com o log\u00f3tipo da sua marca<br><strong>Embalagem:<\/strong>\u00a0Caixa de cor\/caixa de cart\u00e3o, etc<\/p>\n<\/div>\n<\/div>\n\n\n\n<div class=\"wp-block-columns is-layout-flex wp-container-core-columns-is-layout-9d6595d7 wp-block-columns-is-layout-flex\">\n<div class=\"wp-block-column is-layout-flow wp-block-column-is-layout-flow\">\n<figure class=\"wp-block-image size-full\"><img decoding=\"async\" width=\"800\" height=\"800\" src=\"https:\/\/www.purecook.com\/wp-content\/uploads\/2025\/09\/wholesale-steak-clips-4.webp\" alt=\"clipes para bifes por atacado (4)\" class=\"wp-image-4756\" srcset=\"https:\/\/www.purecook.com\/wp-content\/uploads\/2025\/09\/wholesale-steak-clips-4.webp 800w, https:\/\/www.purecook.com\/wp-content\/uploads\/2025\/09\/wholesale-steak-clips-4-300x300.webp 300w, https:\/\/www.purecook.com\/wp-content\/uploads\/2025\/09\/wholesale-steak-clips-4-150x150.webp 150w, https:\/\/www.purecook.com\/wp-content\/uploads\/2025\/09\/wholesale-steak-clips-4-768x768.webp 768w, https:\/\/www.purecook.com\/wp-content\/uploads\/2025\/09\/wholesale-steak-clips-4-12x12.webp 12w, https:\/\/www.purecook.com\/wp-content\/uploads\/2025\/09\/wholesale-steak-clips-4-600x600.webp 600w, https:\/\/www.purecook.com\/wp-content\/uploads\/2025\/09\/wholesale-steak-clips-4-100x100.webp 100w\" sizes=\"(max-width: 800px) 100vw, 800px\" \/><\/figure>\n<\/div>\n\n\n\n<div class=\"wp-block-column is-layout-flow wp-block-column-is-layout-flow\">\n<figure class=\"wp-block-image size-full\"><img decoding=\"async\" width=\"800\" height=\"800\" src=\"https:\/\/www.purecook.com\/wp-content\/uploads\/2025\/09\/wholesale-steak-clips-5.webp\" alt=\"clipes para bifes por atacado (5)\" class=\"wp-image-4757\" srcset=\"https:\/\/www.purecook.com\/wp-content\/uploads\/2025\/09\/wholesale-steak-clips-5.webp 800w, https:\/\/www.purecook.com\/wp-content\/uploads\/2025\/09\/wholesale-steak-clips-5-300x300.webp 300w, https:\/\/www.purecook.com\/wp-content\/uploads\/2025\/09\/wholesale-steak-clips-5-150x150.webp 150w, https:\/\/www.purecook.com\/wp-content\/uploads\/2025\/09\/wholesale-steak-clips-5-768x768.webp 768w, https:\/\/www.purecook.com\/wp-content\/uploads\/2025\/09\/wholesale-steak-clips-5-12x12.webp 12w, https:\/\/www.purecook.com\/wp-content\/uploads\/2025\/09\/wholesale-steak-clips-5-600x600.webp 600w, https:\/\/www.purecook.com\/wp-content\/uploads\/2025\/09\/wholesale-steak-clips-5-100x100.webp 100w\" sizes=\"(max-width: 800px) 100vw, 800px\" \/><\/figure>\n<\/div>\n<\/div>\n\n\n\n<div class=\"wp-block-columns is-layout-flex wp-container-core-columns-is-layout-9d6595d7 wp-block-columns-is-layout-flex\">\n<div class=\"wp-block-column is-layout-flow wp-block-column-is-layout-flow\"><\/div>\n\n\n\n<div class=\"wp-block-column is-layout-flow wp-block-column-is-layout-flow\"><\/div>\n<\/div>","protected":false},"excerpt":{"rendered":"<p>Esta pin\u00e7a multifuncional para bifes possui uma pega ergon\u00f3mica e um design de esp\u00e1tula larga e plana para uma ader\u00eancia confort\u00e1vel. Perfeito para virar bifes, salm\u00e3o, panquecas, hamb\u00fargueres, queijo grelhado e at\u00e9 legumes. Fornecimento a granel a pre\u00e7o de f\u00e1brica, ideal para cozinhas profissionais e grandes encomendas.<\/p>\n<h2>Carater\u00edsticas e vantagens dos clipes para bifes<\/h2>\n<p><strong>Vers\u00e1til:<\/strong> O design exclusivo do Steak Clip permite manusear uma grande variedade de alimentos. Pode ser utilizado para virar bifes e salm\u00e3o, bem como para levantar sandes de queijo grelhado. Tamb\u00e9m pode ser utilizado para panquecas, hamb\u00fargueres e at\u00e9 vegetais.<\/p>\n<p><strong>Melhor ader\u00eancia:<\/strong> Ao contr\u00e1rio das pin\u00e7as tradicionais, o design em forma de esp\u00e1tula proporciona uma superf\u00edcie larga e plana para apoiar os alimentos, evitando que escorreguem ou se partam. Isto \u00e9 especialmente \u00fatil para alimentos delicados como o peixe ou artigos fr\u00e1geis como sandes de queijo grelhado.<\/p>\n<p><strong>Ergon\u00f3mico:<\/strong> A pega foi concebida ergonomicamente para um excelente controlo e uma ader\u00eancia confort\u00e1vel, reduzindo eficazmente a fadiga das m\u00e3os, especialmente durante longas sess\u00f5es de cozedura.<\/p>\n<p><strong>Fornecimento a granel:<\/strong> Como um fabricante profissional de utens\u00edlios de cozinha com uma linha de produ\u00e7\u00e3o em larga escala, oferecemos fornecimento de produtos a granel a pre\u00e7os de f\u00e1brica, permitindo o cumprimento eficiente de grandes encomendas.<\/p>","protected":false},"featured_media":4753,"comment_status":"closed","ping_status":"closed","template":"","meta":{"_acf_changed":false},"product_brand":[],"product_cat":[66,52],"product_tag":[],"class_list":{"0":"post-4752","1":"product","2":"type-product","3":"status-publish","4":"has-post-thumbnail","6":"product_cat-food-tongs","7":"product_cat-kitchen-utensils","9":"first","10":"instock","11":"shipping-taxable","12":"product-type-simple"},"acf":[],"_links":{"self":[{"href":"https:\/\/www.purecook.com\/pt\/wp-json\/wp\/v2\/product\/4752","targetHints":{"allow":["GET"]}}],"collection":[{"href":"https:\/\/www.purecook.com\/pt\/wp-json\/wp\/v2\/product"}],"about":[{"href":"https:\/\/www.purecook.com\/pt\/wp-json\/wp\/v2\/types\/product"}],"replies":[{"embeddable":true,"href":"https:\/\/www.purecook.com\/pt\/wp-json\/wp\/v2\/comments?post=4752"}],"wp:featuredmedia":[{"embeddable":true,"href":"https:\/\/www.purecook.com\/pt\/wp-json\/wp\/v2\/media\/4753"}],"wp:attachment":[{"href":"https:\/\/www.purecook.com\/pt\/wp-json\/wp\/v2\/media?parent=4752"}],"wp:term":[{"taxonomy":"product_brand","embeddable":true,"href":"https:\/\/www.purecook.com\/pt\/wp-json\/wp\/v2\/product_brand?post=4752"},{"taxonomy":"product_cat","embeddable":true,"href":"https:\/\/www.purecook.com\/pt\/wp-json\/wp\/v2\/product_cat?post=4752"},{"taxonomy":"product_tag","embeddable":true,"href":"https:\/\/www.purecook.com\/pt\/wp-json\/wp\/v2\/product_tag?post=4752"}],"curies":[{"name":"wp","href":"https:\/\/api.w.org\/{rel}","templated":true}]}}