{"id":4770,"date":"2025-09-15T09:36:40","date_gmt":"2025-09-15T01:36:40","guid":{"rendered":"https:\/\/www.purecook.com\/?post_type=product&#038;p=4770"},"modified":"2025-09-15T10:01:28","modified_gmt":"2025-09-15T02:01:28","slug":"wholesale-dual-purpose-fry-pot-and-food-container","status":"publish","type":"product","link":"https:\/\/www.purecook.com\/pt\/product\/wholesale-dual-purpose-fry-pot-and-food-container\/","title":{"rendered":"Panela para fritar e recipiente para alimentos de dupla finalidade por atacado"},"content":{"rendered":"<div class=\"wp-block-columns is-layout-flex wp-container-core-columns-is-layout-9d6595d7 wp-block-columns-is-layout-flex\">\n<div class=\"wp-block-column is-layout-flow wp-block-column-is-layout-flow\">\n<h3 class=\"wp-block-heading\">Par\u00e2metros do conjunto de coadores de a\u00e7o inoxid\u00e1vel<\/h3>\n\n\n\n<p><strong>Material:<\/strong> A\u00e7o inoxid\u00e1vel<br><strong>Tampa:<\/strong> PP \/ ABS<br><strong>Log\u00f3tipo:<\/strong> serigrafia\/grava\u00e7\u00e3o a laser\/estampagem em relevo<br><strong>Contentor:<\/strong> 18,5\u00d718,5\u00d79 cm<br><strong>Cesto de fritar:<\/strong> 15,5\u00d715,5\u00d77 cm<br><strong>Vaporizador: <\/strong>15\u00d715\u00d73 cm<\/p>\n<\/div>\n\n\n\n<div class=\"wp-block-column is-layout-flow wp-block-column-is-layout-flow\">\n<h3 class=\"wp-block-heading\">Op\u00e7\u00f5es personalizadas de potes de stock<\/h3>\n\n\n\n<p><strong>Log\u00f3tipo:<\/strong> Personaliz\u00e1vel com o log\u00f3tipo da sua marca<br><strong>Cor:<\/strong> Personaliz\u00e1vel<br><strong>Embalagem:<\/strong>\u00a0Caixa de cor \/ Cart\u00e3o, etc<\/p>\n<\/div>\n<\/div>\n\n\n\n<div class=\"wp-block-columns is-layout-flex wp-container-core-columns-is-layout-9d6595d7 wp-block-columns-is-layout-flex\">\n<div class=\"wp-block-column is-layout-flow wp-block-column-is-layout-flow\">\n<figure class=\"wp-block-image size-full\"><img decoding=\"async\" width=\"800\" height=\"800\" src=\"https:\/\/www.purecook.com\/wp-content\/uploads\/2025\/09\/dual-purpose-fry-pot-and-food-container-4.webp\" alt=\"panela para fritar e recipiente para alimentos com dupla fun\u00e7\u00e3o (4)\" class=\"wp-image-4774\" srcset=\"https:\/\/www.purecook.com\/wp-content\/uploads\/2025\/09\/dual-purpose-fry-pot-and-food-container-4.webp 800w, https:\/\/www.purecook.com\/wp-content\/uploads\/2025\/09\/dual-purpose-fry-pot-and-food-container-4-300x300.webp 300w, https:\/\/www.purecook.com\/wp-content\/uploads\/2025\/09\/dual-purpose-fry-pot-and-food-container-4-150x150.webp 150w, https:\/\/www.purecook.com\/wp-content\/uploads\/2025\/09\/dual-purpose-fry-pot-and-food-container-4-768x768.webp 768w, https:\/\/www.purecook.com\/wp-content\/uploads\/2025\/09\/dual-purpose-fry-pot-and-food-container-4-12x12.webp 12w, https:\/\/www.purecook.com\/wp-content\/uploads\/2025\/09\/dual-purpose-fry-pot-and-food-container-4-600x600.webp 600w, https:\/\/www.purecook.com\/wp-content\/uploads\/2025\/09\/dual-purpose-fry-pot-and-food-container-4-100x100.webp 100w\" sizes=\"(max-width: 800px) 100vw, 800px\" \/><\/figure>\n<\/div>\n\n\n\n<div class=\"wp-block-column is-layout-flow wp-block-column-is-layout-flow\">\n<figure class=\"wp-block-image size-full\"><img decoding=\"async\" width=\"800\" height=\"800\" src=\"https:\/\/www.purecook.com\/wp-content\/uploads\/2025\/09\/dual-purpose-fry-pot-and-food-container-5.webp\" alt=\"panela para fritar e recipiente para alimentos com dupla fun\u00e7\u00e3o (5)\" class=\"wp-image-4775\" srcset=\"https:\/\/www.purecook.com\/wp-content\/uploads\/2025\/09\/dual-purpose-fry-pot-and-food-container-5.webp 800w, https:\/\/www.purecook.com\/wp-content\/uploads\/2025\/09\/dual-purpose-fry-pot-and-food-container-5-300x300.webp 300w, https:\/\/www.purecook.com\/wp-content\/uploads\/2025\/09\/dual-purpose-fry-pot-and-food-container-5-150x150.webp 150w, https:\/\/www.purecook.com\/wp-content\/uploads\/2025\/09\/dual-purpose-fry-pot-and-food-container-5-768x768.webp 768w, https:\/\/www.purecook.com\/wp-content\/uploads\/2025\/09\/dual-purpose-fry-pot-and-food-container-5-12x12.webp 12w, https:\/\/www.purecook.com\/wp-content\/uploads\/2025\/09\/dual-purpose-fry-pot-and-food-container-5-600x600.webp 600w, https:\/\/www.purecook.com\/wp-content\/uploads\/2025\/09\/dual-purpose-fry-pot-and-food-container-5-100x100.webp 100w\" sizes=\"(max-width: 800px) 100vw, 800px\" \/><\/figure>\n<\/div>\n<\/div>\n\n\n\n<div class=\"wp-block-columns is-layout-flex wp-container-core-columns-is-layout-9d6595d7 wp-block-columns-is-layout-flex\">\n<div class=\"wp-block-column is-layout-flow wp-block-column-is-layout-flow\"><\/div>\n\n\n\n<div class=\"wp-block-column is-layout-flow wp-block-column-is-layout-flow\"><\/div>\n<\/div>","protected":false},"excerpt":{"rendered":"<p>Panela para fritar e recipiente para alimentos com dupla fun\u00e7\u00e3o. Est\u00e1 equipada com um cesto para fritar, uma grelha para cozer a vapor e uma tampa de seguran\u00e7a, permitindo-lhe fritar, cozer a vapor ou armazenar facilmente os alimentos. \u00c9 feita de material de a\u00e7o inoxid\u00e1vel n\u00e3o t\u00f3xico e de qualidade alimentar para garantir uma cozedura segura e saud\u00e1vel. Este utens\u00edlio de cozinha \u00e9 compat\u00edvel com fog\u00f5es de indu\u00e7\u00e3o e fog\u00f5es a g\u00e1s, o que o torna uma escolha ideal para fam\u00edlias ocupadas, prepara\u00e7\u00e3o de refei\u00e7\u00f5es ou refei\u00e7\u00f5es ao ar livre. Contacte-nos para um or\u00e7amento.<\/p>\n<h2>Carater\u00edsticas da panela para fritar e do recipiente para alimentos com dupla fun\u00e7\u00e3o<\/h2>\n<p><strong>Utens\u00edlios de cozinha multifuncionais:<\/strong> Este produto oferece m\u00faltiplas fun\u00e7\u00f5es. Equipado com um cesto para fritar, uma grelha para cozer a vapor e uma tampa, pode ser utilizado como fritadeira, vaporizador ou recipiente para alimentos com tampa.<\/p>\n<p><strong>Armazenamento compacto:<\/strong> O cesto para fritar e a grelha para cozer a vapor guardam-se facilmente no interior da panela, poupando espa\u00e7o quando n\u00e3o est\u00e3o a ser utilizados.<\/p>\n<p><strong>Port\u00e1til:<\/strong> A pega e a tampa com fecho permitem um transporte f\u00e1cil, permitindo-lhe transportar a sua comida diretamente de casa depois de cozinhada, eliminando a necessidade de um bento ou lancheira separados.<\/p>\n<p><strong>Seguro e saud\u00e1vel:<\/strong>\u00a0Os materiais n\u00e3o t\u00f3xicos e seguros para os alimentos garantem que as suas refei\u00e7\u00f5es permanecem seguras para consumo, sem lixivia\u00e7\u00e3o de qu\u00edmicos durante a cozedura ou armazenamento.<\/p>\n<p><strong>Compat\u00edvel com fog\u00e3o de indu\u00e7\u00e3o:<\/strong> Este utens\u00edlio de cozinha multifuncional foi concebido com materiais magn\u00e9ticos de alta qualidade e \u00e9 compat\u00edvel com placas de indu\u00e7\u00e3o, tornando a cozinha dom\u00e9stica ainda mais pr\u00e1tica.<\/p>","protected":false},"featured_media":4771,"comment_status":"closed","ping_status":"closed","template":"","meta":{"_acf_changed":false},"product_brand":[],"product_cat":[24,51,25,72],"product_tag":[],"class_list":{"0":"post-4770","1":"product","2":"type-product","3":"status-publish","4":"has-post-thumbnail","6":"product_cat-cookware","7":"product_cat-dinnerware","8":"product_cat-food-storage","9":"product_cat-fryer-pots","11":"first","12":"instock","13":"shipping-taxable","14":"product-type-simple"},"acf":[],"_links":{"self":[{"href":"https:\/\/www.purecook.com\/pt\/wp-json\/wp\/v2\/product\/4770","targetHints":{"allow":["GET"]}}],"collection":[{"href":"https:\/\/www.purecook.com\/pt\/wp-json\/wp\/v2\/product"}],"about":[{"href":"https:\/\/www.purecook.com\/pt\/wp-json\/wp\/v2\/types\/product"}],"replies":[{"embeddable":true,"href":"https:\/\/www.purecook.com\/pt\/wp-json\/wp\/v2\/comments?post=4770"}],"wp:featuredmedia":[{"embeddable":true,"href":"https:\/\/www.purecook.com\/pt\/wp-json\/wp\/v2\/media\/4771"}],"wp:attachment":[{"href":"https:\/\/www.purecook.com\/pt\/wp-json\/wp\/v2\/media?parent=4770"}],"wp:term":[{"taxonomy":"product_brand","embeddable":true,"href":"https:\/\/www.purecook.com\/pt\/wp-json\/wp\/v2\/product_brand?post=4770"},{"taxonomy":"product_cat","embeddable":true,"href":"https:\/\/www.purecook.com\/pt\/wp-json\/wp\/v2\/product_cat?post=4770"},{"taxonomy":"product_tag","embeddable":true,"href":"https:\/\/www.purecook.com\/pt\/wp-json\/wp\/v2\/product_tag?post=4770"}],"curies":[{"name":"wp","href":"https:\/\/api.w.org\/{rel}","templated":true}]}}