{"id":4785,"date":"2025-09-26T15:29:45","date_gmt":"2025-09-26T07:29:45","guid":{"rendered":"https:\/\/www.purecook.com\/?post_type=product&#038;p=4785"},"modified":"2025-09-26T16:13:38","modified_gmt":"2025-09-26T08:13:38","slug":"wholesale-three-layer-strainer-basket-set","status":"publish","type":"product","link":"https:\/\/www.purecook.com\/pt\/product\/wholesale-three-layer-strainer-basket-set\/","title":{"rendered":"Cesto coador de tr\u00eas camadas por atacado, coador quadrado com ta\u00e7a"},"content":{"rendered":"<div class=\"wp-block-columns is-layout-flex wp-container-core-columns-is-layout-9d6595d7 wp-block-columns-is-layout-flex\">\n<div class=\"wp-block-column is-layout-flow wp-block-column-is-layout-flow\">\n<h3 class=\"wp-block-heading\">Par\u00e2metros do cesto do coador<\/h3>\n\n\n\n<p><strong>Material:<\/strong> A\u00e7o inoxid\u00e1vel 304<br><strong>Espessura:<\/strong> 0,5 mm<br><strong>Log\u00f3tipo:<\/strong> Serigrafia \/ Grava\u00e7\u00e3o a laser \/ Carimbo em relevo<br><strong>Tamanho:<\/strong> 18\/22\/26\/30cm<br><strong>Peso bruto:<\/strong> 1kg por pe\u00e7a<\/p>\n<\/div>\n\n\n\n<div class=\"wp-block-column is-layout-flow wp-block-column-is-layout-flow\">\n<h3 class=\"wp-block-heading\">Op\u00e7\u00f5es de utens\u00edlios de cozinha personalizados<\/h3>\n\n\n\n<p><strong>Log\u00f3tipo:<\/strong> Personaliz\u00e1vel com o log\u00f3tipo da sua marca<br><strong>Cor:<\/strong> Personaliz\u00e1vel<br><strong>Embalagem:<\/strong>\u00a0Caixa de cor \/ Cart\u00e3o, etc<\/p>\n<\/div>\n<\/div>\n\n\n\n<div class=\"wp-block-columns is-layout-flex wp-container-core-columns-is-layout-9d6595d7 wp-block-columns-is-layout-flex\">\n<div class=\"wp-block-column is-layout-flow wp-block-column-is-layout-flow\">\n<figure class=\"wp-block-image size-full\"><img decoding=\"async\" width=\"800\" height=\"800\" src=\"https:\/\/www.purecook.com\/wp-content\/uploads\/2025\/09\/three-layer-strainer-basket-set-3.webp\" alt=\"conjunto de cesto coador de tr\u00eas camadas (3)\" class=\"wp-image-4791\" srcset=\"https:\/\/www.purecook.com\/wp-content\/uploads\/2025\/09\/three-layer-strainer-basket-set-3.webp 800w, https:\/\/www.purecook.com\/wp-content\/uploads\/2025\/09\/three-layer-strainer-basket-set-3-300x300.webp 300w, https:\/\/www.purecook.com\/wp-content\/uploads\/2025\/09\/three-layer-strainer-basket-set-3-150x150.webp 150w, https:\/\/www.purecook.com\/wp-content\/uploads\/2025\/09\/three-layer-strainer-basket-set-3-768x768.webp 768w, https:\/\/www.purecook.com\/wp-content\/uploads\/2025\/09\/three-layer-strainer-basket-set-3-12x12.webp 12w, https:\/\/www.purecook.com\/wp-content\/uploads\/2025\/09\/three-layer-strainer-basket-set-3-600x600.webp 600w, https:\/\/www.purecook.com\/wp-content\/uploads\/2025\/09\/three-layer-strainer-basket-set-3-100x100.webp 100w\" sizes=\"(max-width: 800px) 100vw, 800px\" \/><\/figure>\n<\/div>\n\n\n\n<div class=\"wp-block-column is-layout-flow wp-block-column-is-layout-flow\">\n<figure class=\"wp-block-image size-full\"><img decoding=\"async\" width=\"800\" height=\"800\" src=\"https:\/\/www.purecook.com\/wp-content\/uploads\/2025\/09\/three-layer-strainer-basket-set-4.webp\" alt=\"conjunto de cesto coador de tr\u00eas camadas (4)\" class=\"wp-image-4792\" srcset=\"https:\/\/www.purecook.com\/wp-content\/uploads\/2025\/09\/three-layer-strainer-basket-set-4.webp 800w, https:\/\/www.purecook.com\/wp-content\/uploads\/2025\/09\/three-layer-strainer-basket-set-4-300x300.webp 300w, https:\/\/www.purecook.com\/wp-content\/uploads\/2025\/09\/three-layer-strainer-basket-set-4-150x150.webp 150w, https:\/\/www.purecook.com\/wp-content\/uploads\/2025\/09\/three-layer-strainer-basket-set-4-768x768.webp 768w, https:\/\/www.purecook.com\/wp-content\/uploads\/2025\/09\/three-layer-strainer-basket-set-4-12x12.webp 12w, https:\/\/www.purecook.com\/wp-content\/uploads\/2025\/09\/three-layer-strainer-basket-set-4-600x600.webp 600w, https:\/\/www.purecook.com\/wp-content\/uploads\/2025\/09\/three-layer-strainer-basket-set-4-100x100.webp 100w\" sizes=\"(max-width: 800px) 100vw, 800px\" \/><\/figure>\n<\/div>\n<\/div>\n\n\n\n<div class=\"wp-block-columns is-layout-flex wp-container-core-columns-is-layout-9d6595d7 wp-block-columns-is-layout-flex\">\n<div class=\"wp-block-column is-layout-flow wp-block-column-is-layout-flow\"><\/div>\n\n\n\n<div class=\"wp-block-column is-layout-flow wp-block-column-is-layout-flow\"><\/div>\n<\/div>","protected":false},"excerpt":{"rendered":"<p>Os conjuntos de cestos coadores de tr\u00eas camadas por grosso, concebidos para serem vers\u00e1teis e pr\u00e1ticos, incluem um coador para lavar e escorrer legumes, uma caixa de arruma\u00e7\u00e3o para manter a frescura e uma cobertura para t\u00e1bua de cortar para uma prepara\u00e7\u00e3o pr\u00e1tica dos alimentos. \u00c9 perfeito para cozinhas dom\u00e9sticas e utiliza\u00e7\u00e3o no exterior.<\/p>\n<h2>Carater\u00edsticas e vantagens do cesto do coador em a\u00e7o inoxid\u00e1vel<\/h2>\n<p><strong>Vers\u00e1til:<\/strong> Este conjunto combina v\u00e1rios utens\u00edlios de cozinha essenciais num s\u00f3, incluindo um coador para lavar e escorrer legumes, um recipiente de armazenamento e uma t\u00e1bua de cortar, tornando-o perfeito para utiliza\u00e7\u00e3o em casa e no exterior.<\/p>\n<p><strong>Transporte port\u00e1til e seguro:<\/strong> A correia de transporte com fivela \u00e9 uma grande vantagem, fixando firmemente os componentes durante o transporte, evitando que a tampa escorregue, e funciona tamb\u00e9m como uma pega para facilitar o transporte.<\/p>\n<p><strong>Design que poupa espa\u00e7o:<\/strong> Os componentes foram concebidos para se encaixarem ou empilharem de forma eficiente, tornando-os ideais para espa\u00e7os pequenos como caravanas, sacos de equipamento de campismo ou cozinhas minimalistas.<\/p>\n<p><strong>Material dur\u00e1vel e seguro:<\/strong> Fabricados em a\u00e7o inoxid\u00e1vel, os componentes principais s\u00e3o altamente dur\u00e1veis, resistentes \u00e0 ferrugem e \u00e0 corros\u00e3o, f\u00e1ceis de limpar e podem ser lavados na m\u00e1quina de lavar lou\u00e7a.<\/p>","protected":false},"featured_media":4789,"comment_status":"closed","ping_status":"closed","template":"","meta":{"_acf_changed":false},"product_brand":[],"product_cat":[52,65],"product_tag":[],"class_list":{"0":"post-4785","1":"product","2":"type-product","3":"status-publish","4":"has-post-thumbnail","6":"product_cat-kitchen-utensils","7":"product_cat-kitchen-strainer-and-colander","9":"first","10":"instock","11":"shipping-taxable","12":"product-type-simple"},"acf":[],"_links":{"self":[{"href":"https:\/\/www.purecook.com\/pt\/wp-json\/wp\/v2\/product\/4785","targetHints":{"allow":["GET"]}}],"collection":[{"href":"https:\/\/www.purecook.com\/pt\/wp-json\/wp\/v2\/product"}],"about":[{"href":"https:\/\/www.purecook.com\/pt\/wp-json\/wp\/v2\/types\/product"}],"replies":[{"embeddable":true,"href":"https:\/\/www.purecook.com\/pt\/wp-json\/wp\/v2\/comments?post=4785"}],"wp:featuredmedia":[{"embeddable":true,"href":"https:\/\/www.purecook.com\/pt\/wp-json\/wp\/v2\/media\/4789"}],"wp:attachment":[{"href":"https:\/\/www.purecook.com\/pt\/wp-json\/wp\/v2\/media?parent=4785"}],"wp:term":[{"taxonomy":"product_brand","embeddable":true,"href":"https:\/\/www.purecook.com\/pt\/wp-json\/wp\/v2\/product_brand?post=4785"},{"taxonomy":"product_cat","embeddable":true,"href":"https:\/\/www.purecook.com\/pt\/wp-json\/wp\/v2\/product_cat?post=4785"},{"taxonomy":"product_tag","embeddable":true,"href":"https:\/\/www.purecook.com\/pt\/wp-json\/wp\/v2\/product_tag?post=4785"}],"curies":[{"name":"wp","href":"https:\/\/api.w.org\/{rel}","templated":true}]}}