{"id":4795,"date":"2025-09-26T16:14:26","date_gmt":"2025-09-26T08:14:26","guid":{"rendered":"https:\/\/www.purecook.com\/?post_type=product&#038;p=4795"},"modified":"2025-11-24T11:38:18","modified_gmt":"2025-11-24T03:38:18","slug":"wholesale-outdoor-stainless-steel-frying-pans","status":"publish","type":"product","link":"https:\/\/www.purecook.com\/pt\/product\/wholesale-outdoor-stainless-steel-frying-pans\/","title":{"rendered":"Frigideiras de a\u00e7o inoxid\u00e1vel para exterior por atacado"},"content":{"rendered":"<div class=\"wp-block-columns is-layout-flex wp-container-core-columns-is-layout-9d6595d7 wp-block-columns-is-layout-flex\">\n<div class=\"wp-block-column is-layout-flow wp-block-column-is-layout-flow\">\n<h3 class=\"wp-block-heading\">Par\u00e2metros da frigideira de exterior em a\u00e7o inoxid\u00e1vel<\/h3>\n\n\n\n<p><strong>Material:<\/strong> SS304<br><strong>Log\u00f3tipo:<\/strong> Serigrafia \/ Grava\u00e7\u00e3o a laser \/ Carimbo em relevo<br><strong>Tamanho:<\/strong> 20\/22\/24cm<br><br><\/p>\n<\/div>\n\n\n\n<div class=\"wp-block-column is-layout-flow wp-block-column-is-layout-flow\">\n<h3 class=\"wp-block-heading\">Op\u00e7\u00f5es de utens\u00edlios de cozinha personalizados<\/h3>\n\n\n\n<p><strong>Log\u00f3tipo:<\/strong> Personaliz\u00e1vel com o log\u00f3tipo da sua marca<br><strong>Embalagem:<\/strong>\u00a0Caixa de cor\/caixa de cart\u00e3o, etc<\/p>\n<\/div>\n<\/div>\n\n\n\n<div class=\"wp-block-columns is-layout-flex wp-container-core-columns-is-layout-9d6595d7 wp-block-columns-is-layout-flex\">\n<div class=\"wp-block-column is-layout-flow wp-block-column-is-layout-flow\">\n<figure class=\"wp-block-image size-full\"><img decoding=\"async\" width=\"800\" height=\"800\" src=\"https:\/\/www.purecook.com\/wp-content\/uploads\/2025\/09\/wholesale-outcoor-frying-pan-2.webp\" alt=\"frigideira outcoor por atacado (2)\" class=\"wp-image-4797\" srcset=\"https:\/\/www.purecook.com\/wp-content\/uploads\/2025\/09\/wholesale-outcoor-frying-pan-2.webp 800w, https:\/\/www.purecook.com\/wp-content\/uploads\/2025\/09\/wholesale-outcoor-frying-pan-2-300x300.webp 300w, https:\/\/www.purecook.com\/wp-content\/uploads\/2025\/09\/wholesale-outcoor-frying-pan-2-150x150.webp 150w, https:\/\/www.purecook.com\/wp-content\/uploads\/2025\/09\/wholesale-outcoor-frying-pan-2-768x768.webp 768w, https:\/\/www.purecook.com\/wp-content\/uploads\/2025\/09\/wholesale-outcoor-frying-pan-2-12x12.webp 12w, https:\/\/www.purecook.com\/wp-content\/uploads\/2025\/09\/wholesale-outcoor-frying-pan-2-600x600.webp 600w, https:\/\/www.purecook.com\/wp-content\/uploads\/2025\/09\/wholesale-outcoor-frying-pan-2-100x100.webp 100w\" sizes=\"(max-width: 800px) 100vw, 800px\" \/><\/figure>\n<\/div>\n\n\n\n<div class=\"wp-block-column is-layout-flow wp-block-column-is-layout-flow\">\n<figure class=\"wp-block-image size-full\"><img decoding=\"async\" width=\"800\" height=\"800\" src=\"https:\/\/www.purecook.com\/wp-content\/uploads\/2025\/09\/wholesale-outcoor-frying-pan-3.webp\" alt=\"frigideira outcoor por atacado (3)\" class=\"wp-image-4798\" srcset=\"https:\/\/www.purecook.com\/wp-content\/uploads\/2025\/09\/wholesale-outcoor-frying-pan-3.webp 800w, https:\/\/www.purecook.com\/wp-content\/uploads\/2025\/09\/wholesale-outcoor-frying-pan-3-300x300.webp 300w, https:\/\/www.purecook.com\/wp-content\/uploads\/2025\/09\/wholesale-outcoor-frying-pan-3-150x150.webp 150w, https:\/\/www.purecook.com\/wp-content\/uploads\/2025\/09\/wholesale-outcoor-frying-pan-3-768x768.webp 768w, https:\/\/www.purecook.com\/wp-content\/uploads\/2025\/09\/wholesale-outcoor-frying-pan-3-12x12.webp 12w, https:\/\/www.purecook.com\/wp-content\/uploads\/2025\/09\/wholesale-outcoor-frying-pan-3-600x600.webp 600w, https:\/\/www.purecook.com\/wp-content\/uploads\/2025\/09\/wholesale-outcoor-frying-pan-3-100x100.webp 100w\" sizes=\"(max-width: 800px) 100vw, 800px\" \/><\/figure>\n<\/div>\n<\/div>\n\n\n\n<div class=\"wp-block-columns is-layout-flex wp-container-core-columns-is-layout-9d6595d7 wp-block-columns-is-layout-flex\">\n<div class=\"wp-block-column is-layout-flow wp-block-column-is-layout-flow\"><\/div>\n\n\n\n<div class=\"wp-block-column is-layout-flow wp-block-column-is-layout-flow\"><\/div>\n<\/div>","protected":false},"excerpt":{"rendered":"<p>Frigideiras de exterior por atacado, perfeitas para cozinhar com um fog\u00e3o a g\u00e1s. A pega amov\u00edvel da frigideira integra inteligentemente uma faca e um garfo, acrescentando comodidade para acampar, fazer piqueniques ou caminhadas. Contacte-nos para obter um or\u00e7amento por grosso.<\/p>\n<h2>Carater\u00edsticas das frigideiras de a\u00e7o inoxid\u00e1vel para exterior<\/h2>\n<p><strong>Cozinha vers\u00e1til:<\/strong> Constru\u00eddas em a\u00e7o inoxid\u00e1vel 304, estas frigideiras s\u00e3o adequadas para uma variedade de tarefas, incluindo fritar e cozer\/refogar.<\/p>\n<p><strong>Pega inovadora e pr\u00e1tica:<\/strong> A frigideira para venda por grosso inclui uma pega amov\u00edvel com uma faca e um garfo inclu\u00eddos, tornando-a pr\u00e1tica para utiliza\u00e7\u00e3o no exterior sem ter de transportar utens\u00edlios separados.<\/p>\n<p><strong>Compatibilidade para cozinhar ao ar livre:<\/strong> Concebidas para utiliza\u00e7\u00e3o em fog\u00f5es a g\u00e1s port\u00e1teis, estas panelas s\u00e3o perfeitas para campismo, piqueniques ou outras aventuras ao ar livre.<\/p>\n<p><strong>Mais f\u00e1cil de limpar:<\/strong> Constru\u00eddos em a\u00e7o inoxid\u00e1vel, s\u00e3o resistentes \u00e0 corros\u00e3o e \u00e0 ferrugem, e a sua superf\u00edcie lisa resiste a manchas de alimentos e permite uma limpeza r\u00e1pida num pequeno lava-loi\u00e7a ou numa bacia de campismo.<\/p>","protected":false},"featured_media":4796,"comment_status":"closed","ping_status":"closed","template":"","meta":{"_acf_changed":false},"product_brand":[],"product_cat":[24,71],"product_tag":[96],"class_list":{"0":"post-4795","1":"product","2":"type-product","3":"status-publish","4":"has-post-thumbnail","6":"product_cat-cookware","7":"product_cat-frying-pan","8":"product_tag-wholesale-outdoor-cookware","10":"first","11":"instock","12":"shipping-taxable","13":"product-type-simple"},"acf":[],"_links":{"self":[{"href":"https:\/\/www.purecook.com\/pt\/wp-json\/wp\/v2\/product\/4795","targetHints":{"allow":["GET"]}}],"collection":[{"href":"https:\/\/www.purecook.com\/pt\/wp-json\/wp\/v2\/product"}],"about":[{"href":"https:\/\/www.purecook.com\/pt\/wp-json\/wp\/v2\/types\/product"}],"replies":[{"embeddable":true,"href":"https:\/\/www.purecook.com\/pt\/wp-json\/wp\/v2\/comments?post=4795"}],"wp:featuredmedia":[{"embeddable":true,"href":"https:\/\/www.purecook.com\/pt\/wp-json\/wp\/v2\/media\/4796"}],"wp:attachment":[{"href":"https:\/\/www.purecook.com\/pt\/wp-json\/wp\/v2\/media?parent=4795"}],"wp:term":[{"taxonomy":"product_brand","embeddable":true,"href":"https:\/\/www.purecook.com\/pt\/wp-json\/wp\/v2\/product_brand?post=4795"},{"taxonomy":"product_cat","embeddable":true,"href":"https:\/\/www.purecook.com\/pt\/wp-json\/wp\/v2\/product_cat?post=4795"},{"taxonomy":"product_tag","embeddable":true,"href":"https:\/\/www.purecook.com\/pt\/wp-json\/wp\/v2\/product_tag?post=4795"}],"curies":[{"name":"wp","href":"https:\/\/api.w.org\/{rel}","templated":true}]}}