{"id":4881,"date":"2025-11-01T10:36:16","date_gmt":"2025-11-01T02:36:16","guid":{"rendered":"https:\/\/www.purecook.com\/?post_type=product&#038;p=4881"},"modified":"2025-11-01T11:14:03","modified_gmt":"2025-11-01T03:14:03","slug":"wholesale-stainless-steel-pasta-pot","status":"publish","type":"product","link":"https:\/\/www.purecook.com\/pt\/product\/wholesale-stainless-steel-pasta-pot\/","title":{"rendered":"Panela para massas em a\u00e7o inoxid\u00e1vel para venda por grosso - Qualidade comercial, grande capacidade, lav\u00e1vel na m\u00e1quina de lavar lou\u00e7a"},"content":{"rendered":"<div class=\"wp-block-columns is-layout-flex wp-container-core-columns-is-layout-9d6595d7 wp-block-columns-is-layout-flex\">\n<div class=\"wp-block-column is-layout-flow wp-block-column-is-layout-flow\">\n<h3 class=\"wp-block-heading\">Par\u00e2metros da frigideira de exterior em a\u00e7o inoxid\u00e1vel<\/h3>\n\n\n\n<p><strong>Material:<\/strong> SUS#201<br><strong>Espessura normal:<\/strong> 0,5 mm<br><strong>Tampa:<\/strong> Tampas em a\u00e7o inoxid\u00e1vel<br><strong>Fundo: <\/strong>Fundo sandu\u00edche de indu\u00e7\u00e3o (SUS201+2mm Alu.+SUS)<br><strong>Log\u00f3tipo: <\/strong>Log\u00f3tipo laser<br><strong>Tamanho:<\/strong> Pote 20\u00d714,5cm <br>        Vaporizador 20\u00d7 15,5cm<br><strong>Di\u00e2metro exterior:<\/strong> 22 cm<\/p>\n<\/div>\n\n\n\n<div class=\"wp-block-column is-layout-flow wp-block-column-is-layout-flow\">\n<h3 class=\"wp-block-heading\">Op\u00e7\u00f5es de utens\u00edlios de cozinha personalizados<\/h3>\n\n\n\n<p><strong>Log\u00f3tipo:<\/strong> Personaliz\u00e1vel com o log\u00f3tipo da sua marca<br><strong>Embalagem:<\/strong>\u00a0Caixa de cor\/caixa de cart\u00e3o, etc<br><strong>Pega: <\/strong>Pega para se adaptar ao seu estilo<\/p>\n<\/div>\n<\/div>\n\n\n\n<div class=\"wp-block-columns is-layout-flex wp-container-core-columns-is-layout-9d6595d7 wp-block-columns-is-layout-flex\">\n<div class=\"wp-block-column is-layout-flow wp-block-column-is-layout-flow\">\n<figure class=\"wp-block-image size-full\"><img decoding=\"async\" width=\"800\" height=\"800\" src=\"https:\/\/www.purecook.com\/wp-content\/uploads\/2025\/11\/wholesale-pasta-pot-3.webp\" alt=\"panela para massas por atacado (3)\" class=\"wp-image-4884\" srcset=\"https:\/\/www.purecook.com\/wp-content\/uploads\/2025\/11\/wholesale-pasta-pot-3.webp 800w, https:\/\/www.purecook.com\/wp-content\/uploads\/2025\/11\/wholesale-pasta-pot-3-300x300.webp 300w, https:\/\/www.purecook.com\/wp-content\/uploads\/2025\/11\/wholesale-pasta-pot-3-150x150.webp 150w, https:\/\/www.purecook.com\/wp-content\/uploads\/2025\/11\/wholesale-pasta-pot-3-768x768.webp 768w, https:\/\/www.purecook.com\/wp-content\/uploads\/2025\/11\/wholesale-pasta-pot-3-12x12.webp 12w, https:\/\/www.purecook.com\/wp-content\/uploads\/2025\/11\/wholesale-pasta-pot-3-600x600.webp 600w, https:\/\/www.purecook.com\/wp-content\/uploads\/2025\/11\/wholesale-pasta-pot-3-100x100.webp 100w\" sizes=\"(max-width: 800px) 100vw, 800px\" \/><\/figure>\n<\/div>\n\n\n\n<div class=\"wp-block-column is-layout-flow wp-block-column-is-layout-flow\">\n<figure class=\"wp-block-image size-full\"><img decoding=\"async\" width=\"800\" height=\"800\" src=\"https:\/\/www.purecook.com\/wp-content\/uploads\/2025\/11\/wholesale-pasta-pot-dimensions.webp\" alt=\"dimens\u00f5es do pote de massa por atacado\" class=\"wp-image-4887\" srcset=\"https:\/\/www.purecook.com\/wp-content\/uploads\/2025\/11\/wholesale-pasta-pot-dimensions.webp 800w, https:\/\/www.purecook.com\/wp-content\/uploads\/2025\/11\/wholesale-pasta-pot-dimensions-300x300.webp 300w, https:\/\/www.purecook.com\/wp-content\/uploads\/2025\/11\/wholesale-pasta-pot-dimensions-150x150.webp 150w, https:\/\/www.purecook.com\/wp-content\/uploads\/2025\/11\/wholesale-pasta-pot-dimensions-768x768.webp 768w, https:\/\/www.purecook.com\/wp-content\/uploads\/2025\/11\/wholesale-pasta-pot-dimensions-12x12.webp 12w, https:\/\/www.purecook.com\/wp-content\/uploads\/2025\/11\/wholesale-pasta-pot-dimensions-600x600.webp 600w, https:\/\/www.purecook.com\/wp-content\/uploads\/2025\/11\/wholesale-pasta-pot-dimensions-100x100.webp 100w\" sizes=\"(max-width: 800px) 100vw, 800px\" \/><\/figure>\n<\/div>\n<\/div>\n\n\n\n<div class=\"wp-block-columns is-layout-flex wp-container-core-columns-is-layout-9d6595d7 wp-block-columns-is-layout-flex\">\n<div class=\"wp-block-column is-layout-flow wp-block-column-is-layout-flow\"><\/div>\n\n\n\n<div class=\"wp-block-column is-layout-flow wp-block-column-is-layout-flow\"><\/div>\n<\/div>","protected":false},"excerpt":{"rendered":"<p>Bem-vindo a fazer encomendas a granel das nossas panelas para massas. Funciona como uma panela de sopa de grande capacidade e uma panela de massa eficiente, maximizando o espa\u00e7o da cozinha. A sua grande capacidade \u00e9 perfeita para cozinhar uma grande panela de massa ou preparar v\u00e1rias sopas quentes para restaurantes ou pequenos restaurantes, satisfazendo as necessidades tanto de fam\u00edlias numerosas como de pequenos restaurantes. Contacte-nos para um or\u00e7amento.<\/p>\n<h2>Carater\u00edsticas da Panela de a\u00e7o inoxid\u00e1vel para massas<\/h2>\n<p><strong>Excelente panela para massas:<\/strong> Inclui um coador amov\u00edvel, que lhe permite drenar facilmente a massa cozinhada diretamente para o lava-loi\u00e7a sem ter de utilizar um coador separado.<\/p>\n<p><strong>F\u00e1cil de limpar e de manter:<\/strong> O nosso pote para massas por atacado \u00e9 feito de a\u00e7o inoxid\u00e1vel dur\u00e1vel e pode ser lavado na m\u00e1quina de lavar lou\u00e7a, poupando-lhe tempo de limpeza.<\/p>\n<p><strong>Design c\u00f3modo:<\/strong> Tanto a panela principal como a panela interior possuem pegas laterais robustas, permitindo uma eleva\u00e7\u00e3o segura e f\u00e1cil, mesmo quando est\u00e3o cheias.<\/p>\n<p><strong>Grande capacidade:<\/strong> Com um di\u00e2metro de 22 cm, a panela pode cozinhar mais alimentos de uma s\u00f3 vez, sendo adequada para restaurantes comerciais ou fam\u00edlias numerosas.<\/p>\n<p><strong>Suporte OEM:<\/strong> Oferecemos servi\u00e7os de personaliza\u00e7\u00e3o abrangentes, incluindo a grava\u00e7\u00e3o do log\u00f3tipo da marca, a sele\u00e7\u00e3o de diferentes materiais ou acabamentos de superf\u00edcie, ajustes de capacidade, etc., ideais para cadeias de restaurantes, hot\u00e9is e grossistas.<\/p>","protected":false},"featured_media":4882,"comment_status":"closed","ping_status":"closed","template":"","meta":{"_acf_changed":false},"product_brand":[],"product_cat":[70,24],"product_tag":[97],"class_list":{"0":"post-4881","1":"product","2":"type-product","3":"status-publish","4":"has-post-thumbnail","6":"product_cat-soup-and-stock-pots","7":"product_cat-cookware","8":"product_tag-wholesale-commercial-cookware","10":"first","11":"instock","12":"shipping-taxable","13":"product-type-simple"},"acf":[],"_links":{"self":[{"href":"https:\/\/www.purecook.com\/pt\/wp-json\/wp\/v2\/product\/4881","targetHints":{"allow":["GET"]}}],"collection":[{"href":"https:\/\/www.purecook.com\/pt\/wp-json\/wp\/v2\/product"}],"about":[{"href":"https:\/\/www.purecook.com\/pt\/wp-json\/wp\/v2\/types\/product"}],"replies":[{"embeddable":true,"href":"https:\/\/www.purecook.com\/pt\/wp-json\/wp\/v2\/comments?post=4881"}],"wp:featuredmedia":[{"embeddable":true,"href":"https:\/\/www.purecook.com\/pt\/wp-json\/wp\/v2\/media\/4882"}],"wp:attachment":[{"href":"https:\/\/www.purecook.com\/pt\/wp-json\/wp\/v2\/media?parent=4881"}],"wp:term":[{"taxonomy":"product_brand","embeddable":true,"href":"https:\/\/www.purecook.com\/pt\/wp-json\/wp\/v2\/product_brand?post=4881"},{"taxonomy":"product_cat","embeddable":true,"href":"https:\/\/www.purecook.com\/pt\/wp-json\/wp\/v2\/product_cat?post=4881"},{"taxonomy":"product_tag","embeddable":true,"href":"https:\/\/www.purecook.com\/pt\/wp-json\/wp\/v2\/product_tag?post=4881"}],"curies":[{"name":"wp","href":"https:\/\/api.w.org\/{rel}","templated":true}]}}