{"id":4891,"date":"2025-11-01T11:14:16","date_gmt":"2025-11-01T03:14:16","guid":{"rendered":"https:\/\/www.purecook.com\/?post_type=product&#038;p=4891"},"modified":"2025-11-01T11:39:10","modified_gmt":"2025-11-01T03:39:10","slug":"wholesale-3-piece-stainless-steel-mixing-bowl-set","status":"publish","type":"product","link":"https:\/\/www.purecook.com\/pt\/product\/wholesale-3-piece-stainless-steel-mixing-bowl-set\/","title":{"rendered":"Conjunto de 3 pe\u00e7as empilh\u00e1veis de ta\u00e7as de mistura de a\u00e7o inoxid\u00e1vel por atacado"},"content":{"rendered":"<div class=\"wp-block-columns is-layout-flex wp-container-core-columns-is-layout-9d6595d7 wp-block-columns-is-layout-flex\">\n<div class=\"wp-block-column is-layout-flow wp-block-column-is-layout-flow\">\n<h3 class=\"wp-block-heading\">Par\u00e2metros do conjunto de ta\u00e7as misturadoras<\/h3>\n\n\n\n<p><strong>Material:<\/strong> SUS#201<br><strong>Espessura normal:<\/strong> 0,5 mm<br><strong>Cor: <\/strong>Bege<br><strong>Processo:<\/strong> pintura exterior em cer\u00e2mica e lixagem interior<br><strong>Especifica\u00e7\u00f5es: <\/strong>20\u00d79,7cm; 24\u00d710,8cm; 28\u00d712cm;<br><strong>Di\u00e2metro 1:<\/strong>  20,4cm; 24,9cm; 28,9cm (di\u00e2metro exterior)<br><strong>Di\u00e2metro 2: <\/strong>21,2; 25,2cm; 29,4cm (com di\u00e2metro exterior de desvio)<br><strong>Altura:<\/strong> 9,7cm; 10,8cm; 12cm<br>Peso: 235g; 330g; 405g<br><strong>Tamanho da caixa de cores: <\/strong>29,6 \u00d7 12,5 \u00d7 29,4 cm<br><strong>Tamanho da caixa exterior: <\/strong>64,5 \u00d7 31,5 \u00d7 62 cm<br><strong>Peso l\u00edquido\/Peso bruto:<\/strong> 12,2 kg\/14,2 kg<br><strong>Quantidade de embalagem: <\/strong>10 conjuntos\/caixa<\/p>\n<\/div>\n\n\n\n<div class=\"wp-block-column is-layout-flow wp-block-column-is-layout-flow\">\n<h3 class=\"wp-block-heading\">Op\u00e7\u00f5es de ta\u00e7as de mistura personalizadas<\/h3>\n\n\n\n<p><strong>Log\u00f3tipo:<\/strong> Personaliz\u00e1vel com o log\u00f3tipo da sua marca<br><strong>Embalagem:<\/strong>\u00a0Caixa de cor\/caixa de cart\u00e3o, etc<\/p>\n<\/div>\n<\/div>\n\n\n\n<div class=\"wp-block-columns is-layout-flex wp-container-core-columns-is-layout-9d6595d7 wp-block-columns-is-layout-flex\">\n<div class=\"wp-block-column is-layout-flow wp-block-column-is-layout-flow\">\n<figure class=\"wp-block-image size-full\"><img decoding=\"async\" width=\"800\" height=\"800\" src=\"https:\/\/www.purecook.com\/wp-content\/uploads\/2025\/11\/wholesale-stainless-steel-mixing-bowl-5.webp\" alt=\"ta\u00e7a misturadora de a\u00e7o inoxid\u00e1vel por atacado (5)\" class=\"wp-image-4896\" srcset=\"https:\/\/www.purecook.com\/wp-content\/uploads\/2025\/11\/wholesale-stainless-steel-mixing-bowl-5.webp 800w, https:\/\/www.purecook.com\/wp-content\/uploads\/2025\/11\/wholesale-stainless-steel-mixing-bowl-5-300x300.webp 300w, https:\/\/www.purecook.com\/wp-content\/uploads\/2025\/11\/wholesale-stainless-steel-mixing-bowl-5-150x150.webp 150w, https:\/\/www.purecook.com\/wp-content\/uploads\/2025\/11\/wholesale-stainless-steel-mixing-bowl-5-768x768.webp 768w, https:\/\/www.purecook.com\/wp-content\/uploads\/2025\/11\/wholesale-stainless-steel-mixing-bowl-5-12x12.webp 12w, https:\/\/www.purecook.com\/wp-content\/uploads\/2025\/11\/wholesale-stainless-steel-mixing-bowl-5-600x600.webp 600w, https:\/\/www.purecook.com\/wp-content\/uploads\/2025\/11\/wholesale-stainless-steel-mixing-bowl-5-100x100.webp 100w\" sizes=\"(max-width: 800px) 100vw, 800px\" \/><\/figure>\n<\/div>\n\n\n\n<div class=\"wp-block-column is-layout-flow wp-block-column-is-layout-flow\">\n<figure class=\"wp-block-image size-full\"><img decoding=\"async\" width=\"800\" height=\"800\" src=\"https:\/\/www.purecook.com\/wp-content\/uploads\/2025\/11\/wholesale-stainless-steel-mixing-bowl-6.webp\" alt=\"ta\u00e7a misturadora de a\u00e7o inoxid\u00e1vel por atacado (6)\" class=\"wp-image-4897\" srcset=\"https:\/\/www.purecook.com\/wp-content\/uploads\/2025\/11\/wholesale-stainless-steel-mixing-bowl-6.webp 800w, https:\/\/www.purecook.com\/wp-content\/uploads\/2025\/11\/wholesale-stainless-steel-mixing-bowl-6-300x300.webp 300w, https:\/\/www.purecook.com\/wp-content\/uploads\/2025\/11\/wholesale-stainless-steel-mixing-bowl-6-150x150.webp 150w, https:\/\/www.purecook.com\/wp-content\/uploads\/2025\/11\/wholesale-stainless-steel-mixing-bowl-6-768x768.webp 768w, https:\/\/www.purecook.com\/wp-content\/uploads\/2025\/11\/wholesale-stainless-steel-mixing-bowl-6-12x12.webp 12w, https:\/\/www.purecook.com\/wp-content\/uploads\/2025\/11\/wholesale-stainless-steel-mixing-bowl-6-600x600.webp 600w, https:\/\/www.purecook.com\/wp-content\/uploads\/2025\/11\/wholesale-stainless-steel-mixing-bowl-6-100x100.webp 100w\" sizes=\"(max-width: 800px) 100vw, 800px\" \/><\/figure>\n<\/div>\n<\/div>\n\n\n\n<div class=\"wp-block-columns is-layout-flex wp-container-core-columns-is-layout-9d6595d7 wp-block-columns-is-layout-flex\">\n<div class=\"wp-block-column is-layout-flow wp-block-column-is-layout-flow\"><\/div>\n\n\n\n<div class=\"wp-block-column is-layout-flow wp-block-column-is-layout-flow\"><\/div>\n<\/div>","protected":false},"excerpt":{"rendered":"<p>Bem-vindo a comprar as nossas ta\u00e7as misturadoras por grosso. As suas principais carater\u00edsticas incluem gradua\u00e7\u00f5es internas para uma medi\u00e7\u00e3o exacta dos ingredientes e um pr\u00e1tico bico de despejo para uma f\u00e1cil distribui\u00e7\u00e3o de l\u00edquidos e massas. Esta s\u00e9rie est\u00e1 dispon\u00edvel em tr\u00eas tamanhos para um empilhamento perfeito e um design que poupa espa\u00e7o. Contacte-nos para obter pre\u00e7os por grosso.<\/p>\n<h2>Carater\u00edsticas da ta\u00e7a de mistura em a\u00e7o inoxid\u00e1vel<\/h2>\n<p><strong>Design elegante e pr\u00e1tico:<\/strong> As nossas ta\u00e7as misturadoras por atacado apresentam um design elegante e moderno com um revestimento de cor cer\u00e2mica, tornando-as atractivas tanto para a prepara\u00e7\u00e3o de alimentos como para servir.<\/p>\n<p><strong>Materiais dur\u00e1veis e seguros para alimentos:<\/strong> O revestimento interior das nossas ta\u00e7as misturadoras por atacado \u00e9 feito de a\u00e7o inoxid\u00e1vel, que \u00e9 resistente \u00e0 ferrugem e n\u00e3o reativo, tornando-as seguras para misturar uma variedade de alimentos.<\/p>\n<p><strong>Bico de despejo f\u00e1cil:<\/strong> Cada ta\u00e7a tem um bico de despejo no rebordo para despejar massas, molhos ou l\u00edquidos de forma controlada sem fazer confus\u00e3o.<\/p>\n<p><strong>Convenientes gradua\u00e7\u00f5es incorporadas:<\/strong> As ta\u00e7as t\u00eam marca\u00e7\u00f5es graduadas no interior, eliminando a necessidade de copos de medi\u00e7\u00e3o separados quando se adicionam l\u00edquidos, poupando tempo e simplificando a cozedura e a panifica\u00e7\u00e3o.<\/p>\n<p><strong>Design de encaixe que poupa espa\u00e7o:<\/strong> Este conjunto inclui v\u00e1rios tamanhos e apresenta um design perfeitamente encaix\u00e1vel, poupando espa\u00e7o valioso no arm\u00e1rio.<\/p>\n<p><strong>Versatilidade:<\/strong> Estas ta\u00e7as s\u00e3o adequadas para uma variedade de tarefas na cozinha, incluindo misturar massas para pastelaria, bater ovos, misturar saladas, marinar carnes ou simplesmente servir comida.<\/p>","protected":false},"featured_media":4892,"comment_status":"closed","ping_status":"closed","template":"","meta":{"_acf_changed":false},"product_brand":[],"product_cat":[52,90],"product_tag":[],"class_list":{"0":"post-4891","1":"product","2":"type-product","3":"status-publish","4":"has-post-thumbnail","6":"product_cat-kitchen-utensils","7":"product_cat-mixing-bowl","9":"first","10":"instock","11":"shipping-taxable","12":"product-type-simple"},"acf":[],"_links":{"self":[{"href":"https:\/\/www.purecook.com\/pt\/wp-json\/wp\/v2\/product\/4891","targetHints":{"allow":["GET"]}}],"collection":[{"href":"https:\/\/www.purecook.com\/pt\/wp-json\/wp\/v2\/product"}],"about":[{"href":"https:\/\/www.purecook.com\/pt\/wp-json\/wp\/v2\/types\/product"}],"replies":[{"embeddable":true,"href":"https:\/\/www.purecook.com\/pt\/wp-json\/wp\/v2\/comments?post=4891"}],"wp:featuredmedia":[{"embeddable":true,"href":"https:\/\/www.purecook.com\/pt\/wp-json\/wp\/v2\/media\/4892"}],"wp:attachment":[{"href":"https:\/\/www.purecook.com\/pt\/wp-json\/wp\/v2\/media?parent=4891"}],"wp:term":[{"taxonomy":"product_brand","embeddable":true,"href":"https:\/\/www.purecook.com\/pt\/wp-json\/wp\/v2\/product_brand?post=4891"},{"taxonomy":"product_cat","embeddable":true,"href":"https:\/\/www.purecook.com\/pt\/wp-json\/wp\/v2\/product_cat?post=4891"},{"taxonomy":"product_tag","embeddable":true,"href":"https:\/\/www.purecook.com\/pt\/wp-json\/wp\/v2\/product_tag?post=4891"}],"curies":[{"name":"wp","href":"https:\/\/api.w.org\/{rel}","templated":true}]}}