{"id":4899,"date":"2025-11-01T11:43:11","date_gmt":"2025-11-01T03:43:11","guid":{"rendered":"https:\/\/www.purecook.com\/?post_type=product&#038;p=4899"},"modified":"2025-11-01T12:06:24","modified_gmt":"2025-11-01T04:06:24","slug":"wholesale-stainless-steel-outdoor-camping-hanging-pot","status":"publish","type":"product","link":"https:\/\/www.purecook.com\/pt\/product\/wholesale-stainless-steel-outdoor-camping-hanging-pot\/","title":{"rendered":"Panela suspensa de a\u00e7o inoxid\u00e1vel para campismo ao ar livre, para cozinhar arroz e sopa de forma eficiente"},"content":{"rendered":"<div class=\"wp-block-columns is-layout-flex wp-container-core-columns-is-layout-9d6595d7 wp-block-columns-is-layout-flex\">\n<div class=\"wp-block-column is-layout-flow wp-block-column-is-layout-flow\">\n<h3 class=\"wp-block-heading\">Par\u00e2metros da panela suspensa para campismo<\/h3>\n\n\n\n<p><strong>Material:<\/strong> SUS#304<br><strong>Fundo: <\/strong>Fundo sandu\u00edche de indu\u00e7\u00e3o (SUS201+Alu.+SUS)<br><strong>Log\u00f3tipo: <\/strong>Log\u00f3tipo laser<br><strong>Tamanho:<\/strong> 20 cm<\/p>\n<\/div>\n\n\n\n<div class=\"wp-block-column is-layout-flow wp-block-column-is-layout-flow\">\n<h3 class=\"wp-block-heading\">Op\u00e7\u00f5es de utens\u00edlios de cozinha personalizados<\/h3>\n\n\n\n<p><strong>Log\u00f3tipo:<\/strong> Personaliz\u00e1vel com o log\u00f3tipo da sua marca<br><strong>Embalagem:<\/strong>\u00a0Caixa de cor\/caixa de cart\u00e3o, etc<\/p>\n<\/div>\n<\/div>\n\n\n\n<div class=\"wp-block-columns is-layout-flex wp-container-core-columns-is-layout-9d6595d7 wp-block-columns-is-layout-flex\">\n<div class=\"wp-block-column is-layout-flow wp-block-column-is-layout-flow\">\n<figure class=\"wp-block-image size-full\"><img decoding=\"async\" width=\"800\" height=\"800\" src=\"https:\/\/www.purecook.com\/wp-content\/uploads\/2025\/11\/camping-pot-for-cooking-rice-and-soup-5.webp\" alt=\"panela de campismo para cozer arroz e sopa (5)\" class=\"wp-image-4904\" srcset=\"https:\/\/www.purecook.com\/wp-content\/uploads\/2025\/11\/camping-pot-for-cooking-rice-and-soup-5.webp 800w, https:\/\/www.purecook.com\/wp-content\/uploads\/2025\/11\/camping-pot-for-cooking-rice-and-soup-5-300x300.webp 300w, https:\/\/www.purecook.com\/wp-content\/uploads\/2025\/11\/camping-pot-for-cooking-rice-and-soup-5-150x150.webp 150w, https:\/\/www.purecook.com\/wp-content\/uploads\/2025\/11\/camping-pot-for-cooking-rice-and-soup-5-768x768.webp 768w, https:\/\/www.purecook.com\/wp-content\/uploads\/2025\/11\/camping-pot-for-cooking-rice-and-soup-5-12x12.webp 12w, https:\/\/www.purecook.com\/wp-content\/uploads\/2025\/11\/camping-pot-for-cooking-rice-and-soup-5-600x600.webp 600w, https:\/\/www.purecook.com\/wp-content\/uploads\/2025\/11\/camping-pot-for-cooking-rice-and-soup-5-100x100.webp 100w\" sizes=\"(max-width: 800px) 100vw, 800px\" \/><\/figure>\n<\/div>\n\n\n\n<div class=\"wp-block-column is-layout-flow wp-block-column-is-layout-flow\">\n<figure class=\"wp-block-image size-full\"><img decoding=\"async\" width=\"800\" height=\"800\" src=\"https:\/\/www.purecook.com\/wp-content\/uploads\/2025\/11\/camping-pot-for-cooking-rice-and-soup-6.webp\" alt=\"panela de campismo para cozer arroz e sopa (6)\" class=\"wp-image-4905\" srcset=\"https:\/\/www.purecook.com\/wp-content\/uploads\/2025\/11\/camping-pot-for-cooking-rice-and-soup-6.webp 800w, https:\/\/www.purecook.com\/wp-content\/uploads\/2025\/11\/camping-pot-for-cooking-rice-and-soup-6-300x300.webp 300w, https:\/\/www.purecook.com\/wp-content\/uploads\/2025\/11\/camping-pot-for-cooking-rice-and-soup-6-150x150.webp 150w, https:\/\/www.purecook.com\/wp-content\/uploads\/2025\/11\/camping-pot-for-cooking-rice-and-soup-6-768x768.webp 768w, https:\/\/www.purecook.com\/wp-content\/uploads\/2025\/11\/camping-pot-for-cooking-rice-and-soup-6-12x12.webp 12w, https:\/\/www.purecook.com\/wp-content\/uploads\/2025\/11\/camping-pot-for-cooking-rice-and-soup-6-600x600.webp 600w, https:\/\/www.purecook.com\/wp-content\/uploads\/2025\/11\/camping-pot-for-cooking-rice-and-soup-6-100x100.webp 100w\" sizes=\"(max-width: 800px) 100vw, 800px\" \/><\/figure>\n<\/div>\n<\/div>\n\n\n\n<div class=\"wp-block-columns is-layout-flex wp-container-core-columns-is-layout-9d6595d7 wp-block-columns-is-layout-flex\">\n<div class=\"wp-block-column is-layout-flow wp-block-column-is-layout-flow\"><\/div>\n\n\n\n<div class=\"wp-block-column is-layout-flow wp-block-column-is-layout-flow\"><\/div>\n<\/div>","protected":false},"excerpt":{"rendered":"<p>Bem-vindo a comprar a nossa panela de campismo por atacado. Feita de a\u00e7o inoxid\u00e1vel de qualidade alimentar, esta panela \u00e9 \u00e0 prova de ferrugem, resistente \u00e0 corros\u00e3o e pode suportar temperaturas extremas, tornando-a ideal para ambientes exteriores. A base \u00e9 feita de a\u00e7o inoxid\u00e1vel de tr\u00eas camadas, permitindo uma cozedura eficiente ao ar livre. Os grossistas e retalhistas podem contactar-nos para obter um or\u00e7amento.<\/p>\n<h2>Carater\u00edsticas da panela suspensa de a\u00e7o inoxid\u00e1vel para campismo<\/h2>\n<p><strong>Cozinha vers\u00e1til ao ar livre:<\/strong> A panela de campismo possui uma pega robusta para pendurar, ideal para cozinhar sobre uma chama aberta ou utilizar um trip\u00e9.<\/p>\n<p><strong>Materiais duradouros e adequados para campismo:<\/strong> Constru\u00edda em a\u00e7o inoxid\u00e1vel dur\u00e1vel, resistente \u00e0 ferrugem e \u00e0 corros\u00e3o, a panela pode suportar os ambientes adversos do campismo ao ar livre.<\/p>\n<p><strong>Condutividade t\u00e9rmica superior:<\/strong> O fundo da panela de campismo Wholesale \u00e9 feito de a\u00e7o inoxid\u00e1vel de tr\u00eas camadas, oferecendo uma excelente condutividade t\u00e9rmica para um aquecimento mais r\u00e1pido.<\/p>\n<p><strong>F\u00e1cil de manusear e port\u00e1til:<\/strong> A pega met\u00e1lica de grandes dimens\u00f5es facilita a sua suspens\u00e3o, a sua remo\u00e7\u00e3o das fontes de calor e o seu transporte, melhorando a sua utiliza\u00e7\u00e3o em ambientes exteriores.<\/p>","protected":false},"featured_media":4900,"comment_status":"closed","ping_status":"closed","template":"","meta":{"_acf_changed":false},"product_brand":[],"product_cat":[24],"product_tag":[96],"class_list":{"0":"post-4899","1":"product","2":"type-product","3":"status-publish","4":"has-post-thumbnail","6":"product_cat-cookware","7":"product_tag-wholesale-outdoor-cookware","9":"first","10":"instock","11":"shipping-taxable","12":"product-type-simple"},"acf":[],"_links":{"self":[{"href":"https:\/\/www.purecook.com\/pt\/wp-json\/wp\/v2\/product\/4899","targetHints":{"allow":["GET"]}}],"collection":[{"href":"https:\/\/www.purecook.com\/pt\/wp-json\/wp\/v2\/product"}],"about":[{"href":"https:\/\/www.purecook.com\/pt\/wp-json\/wp\/v2\/types\/product"}],"replies":[{"embeddable":true,"href":"https:\/\/www.purecook.com\/pt\/wp-json\/wp\/v2\/comments?post=4899"}],"wp:featuredmedia":[{"embeddable":true,"href":"https:\/\/www.purecook.com\/pt\/wp-json\/wp\/v2\/media\/4900"}],"wp:attachment":[{"href":"https:\/\/www.purecook.com\/pt\/wp-json\/wp\/v2\/media?parent=4899"}],"wp:term":[{"taxonomy":"product_brand","embeddable":true,"href":"https:\/\/www.purecook.com\/pt\/wp-json\/wp\/v2\/product_brand?post=4899"},{"taxonomy":"product_cat","embeddable":true,"href":"https:\/\/www.purecook.com\/pt\/wp-json\/wp\/v2\/product_cat?post=4899"},{"taxonomy":"product_tag","embeddable":true,"href":"https:\/\/www.purecook.com\/pt\/wp-json\/wp\/v2\/product_tag?post=4899"}],"curies":[{"name":"wp","href":"https:\/\/api.w.org\/{rel}","templated":true}]}}