{"id":4907,"date":"2025-11-01T14:20:28","date_gmt":"2025-11-01T06:20:28","guid":{"rendered":"https:\/\/www.purecook.com\/?post_type=product&#038;p=4907"},"modified":"2025-11-01T14:34:57","modified_gmt":"2025-11-01T06:34:57","slug":"wholesale-stainless-steel-steamed-meat-cookware","status":"publish","type":"product","link":"https:\/\/www.purecook.com\/pt\/product\/wholesale-stainless-steel-steamed-meat-cookware\/","title":{"rendered":"Panela de a\u00e7o inoxid\u00e1vel para cozinhar a vapor sem fumo, panela para carne a vapor"},"content":{"rendered":"<div class=\"wp-block-columns is-layout-flex wp-container-core-columns-is-layout-9d6595d7 wp-block-columns-is-layout-flex\">\n<div class=\"wp-block-column is-layout-flow wp-block-column-is-layout-flow\">\n<h3 class=\"wp-block-heading\">Par\u00e2metros dos utens\u00edlios de cozinha a vapor sem fumo<\/h3>\n\n\n\n<p><strong>Material:<\/strong> a\u00e7o inoxid\u00e1vel 201<br><strong>Espessura normal: <\/strong>grelha de vapor 0,6 mm; tabuleiro 0,5 mm<br><strong>Log\u00f3tipo: <\/strong>Log\u00f3tipo laser<\/p>\n<\/div>\n\n\n\n<div class=\"wp-block-column is-layout-flow wp-block-column-is-layout-flow\">\n<h3 class=\"wp-block-heading\">Op\u00e7\u00f5es de utens\u00edlios de cozinha personalizados<\/h3>\n\n\n\n<p><strong>Log\u00f3tipo:<\/strong> Personaliz\u00e1vel com o log\u00f3tipo da sua marca<br><strong>Embalagem:<\/strong>&nbsp;Caixa de cor\/caixa de cart\u00e3o, etc<br><strong>Pega: <\/strong>Pega para se adaptar ao seu estilo<\/p>\n<\/div>\n<\/div>\n\n\n\n<div class=\"wp-block-columns is-layout-flex wp-container-core-columns-is-layout-9d6595d7 wp-block-columns-is-layout-flex\">\n<div class=\"wp-block-column is-layout-flow wp-block-column-is-layout-flow\"><\/div>\n\n\n\n<div class=\"wp-block-column is-layout-flow wp-block-column-is-layout-flow\"><\/div>\n<\/div>\n\n\n\n<div class=\"wp-block-columns is-layout-flex wp-container-core-columns-is-layout-9d6595d7 wp-block-columns-is-layout-flex\">\n<div class=\"wp-block-column is-layout-flow wp-block-column-is-layout-flow\">\n<figure class=\"wp-block-image size-full\"><img decoding=\"async\" width=\"800\" height=\"800\" src=\"https:\/\/www.purecook.com\/wp-content\/uploads\/2025\/11\/smokeless-steam-cookware-6.webp\" alt=\"panelas a vapor sem fumo (6)\" class=\"wp-image-4920\" srcset=\"https:\/\/www.purecook.com\/wp-content\/uploads\/2025\/11\/smokeless-steam-cookware-6.webp 800w, https:\/\/www.purecook.com\/wp-content\/uploads\/2025\/11\/smokeless-steam-cookware-6-300x300.webp 300w, https:\/\/www.purecook.com\/wp-content\/uploads\/2025\/11\/smokeless-steam-cookware-6-150x150.webp 150w, https:\/\/www.purecook.com\/wp-content\/uploads\/2025\/11\/smokeless-steam-cookware-6-768x768.webp 768w, https:\/\/www.purecook.com\/wp-content\/uploads\/2025\/11\/smokeless-steam-cookware-6-12x12.webp 12w, https:\/\/www.purecook.com\/wp-content\/uploads\/2025\/11\/smokeless-steam-cookware-6-600x600.webp 600w, https:\/\/www.purecook.com\/wp-content\/uploads\/2025\/11\/smokeless-steam-cookware-6-100x100.webp 100w\" sizes=\"(max-width: 800px) 100vw, 800px\" \/><\/figure>\n<\/div>\n\n\n\n<div class=\"wp-block-column is-layout-flow wp-block-column-is-layout-flow\">\n<figure class=\"wp-block-image size-full\"><img decoding=\"async\" width=\"800\" height=\"800\" src=\"https:\/\/www.purecook.com\/wp-content\/uploads\/2025\/11\/smokeless-steam-cookware-7.webp\" alt=\"panelas a vapor sem fumo (7)\" class=\"wp-image-4921\" srcset=\"https:\/\/www.purecook.com\/wp-content\/uploads\/2025\/11\/smokeless-steam-cookware-7.webp 800w, https:\/\/www.purecook.com\/wp-content\/uploads\/2025\/11\/smokeless-steam-cookware-7-300x300.webp 300w, https:\/\/www.purecook.com\/wp-content\/uploads\/2025\/11\/smokeless-steam-cookware-7-150x150.webp 150w, https:\/\/www.purecook.com\/wp-content\/uploads\/2025\/11\/smokeless-steam-cookware-7-768x768.webp 768w, https:\/\/www.purecook.com\/wp-content\/uploads\/2025\/11\/smokeless-steam-cookware-7-12x12.webp 12w, https:\/\/www.purecook.com\/wp-content\/uploads\/2025\/11\/smokeless-steam-cookware-7-600x600.webp 600w, https:\/\/www.purecook.com\/wp-content\/uploads\/2025\/11\/smokeless-steam-cookware-7-100x100.webp 100w\" sizes=\"(max-width: 800px) 100vw, 800px\" \/><\/figure>\n<\/div>\n<\/div>","protected":false},"excerpt":{"rendered":"<p>Panela de a\u00e7o inoxid\u00e1vel para grelhar\/cozinhar a vapor sem fumo para cozinhar na mesa. Perfeito para grelhar a vapor saud\u00e1vel, panela quente e bolinhos de massa em queimadores de indu\u00e7\u00e3o\/g\u00e1s.<\/p>\n<h2>Carater\u00edsticas dos utens\u00edlios de cozinha a vapor sem fumo em a\u00e7o inoxid\u00e1vel<\/h2>\n<p><strong>M\u00e9todos de cozedura vers\u00e1teis:<\/strong> Este produto \u00e9 perfeito para grelhar a vapor ou sem fumo. O tabuleiro perfurado permite que a gordura escorra para o tabuleiro inferior, enquanto o vapor mant\u00e9m a carne\/alimentos h\u00famidos.<\/p>\n<p><strong>Cozinha saud\u00e1vel:<\/strong> Facilita a cozedura a vapor, um m\u00e9todo de cozedura saud\u00e1vel que ret\u00e9m os nutrientes e o sabor sem excesso de \u00f3leo.<\/p>\n<p><strong>Utiliza\u00e7\u00e3o port\u00e1til:<\/strong> Esta panela tem o tamanho perfeito para g\u00e1s port\u00e1til, ideal para cozinha social, de mesa, como hot pot ou churrascos.<\/p>\n<p><strong>Dur\u00e1vel e f\u00e1cil de manter:<\/strong> Todo o produto \u00e9 feito de a\u00e7o inoxid\u00e1vel, o que o torna resistente e duradouro. Mais importante ainda, pode ser lavado na m\u00e1quina de lavar loi\u00e7a, garantindo uma limpeza r\u00e1pida e f\u00e1cil.<\/p>","protected":false},"featured_media":4915,"comment_status":"closed","ping_status":"closed","template":"","meta":{"_acf_changed":false},"product_brand":[],"product_cat":[24],"product_tag":[],"class_list":{"0":"post-4907","1":"product","2":"type-product","3":"status-publish","4":"has-post-thumbnail","6":"product_cat-cookware","8":"first","9":"instock","10":"shipping-taxable","11":"product-type-simple"},"acf":[],"_links":{"self":[{"href":"https:\/\/www.purecook.com\/pt\/wp-json\/wp\/v2\/product\/4907","targetHints":{"allow":["GET"]}}],"collection":[{"href":"https:\/\/www.purecook.com\/pt\/wp-json\/wp\/v2\/product"}],"about":[{"href":"https:\/\/www.purecook.com\/pt\/wp-json\/wp\/v2\/types\/product"}],"replies":[{"embeddable":true,"href":"https:\/\/www.purecook.com\/pt\/wp-json\/wp\/v2\/comments?post=4907"}],"wp:featuredmedia":[{"embeddable":true,"href":"https:\/\/www.purecook.com\/pt\/wp-json\/wp\/v2\/media\/4915"}],"wp:attachment":[{"href":"https:\/\/www.purecook.com\/pt\/wp-json\/wp\/v2\/media?parent=4907"}],"wp:term":[{"taxonomy":"product_brand","embeddable":true,"href":"https:\/\/www.purecook.com\/pt\/wp-json\/wp\/v2\/product_brand?post=4907"},{"taxonomy":"product_cat","embeddable":true,"href":"https:\/\/www.purecook.com\/pt\/wp-json\/wp\/v2\/product_cat?post=4907"},{"taxonomy":"product_tag","embeddable":true,"href":"https:\/\/www.purecook.com\/pt\/wp-json\/wp\/v2\/product_tag?post=4907"}],"curies":[{"name":"wp","href":"https:\/\/api.w.org\/{rel}","templated":true}]}}