{"id":4924,"date":"2025-11-13T14:12:00","date_gmt":"2025-11-13T06:12:00","guid":{"rendered":"https:\/\/www.purecook.com\/?post_type=product&#038;p=4924"},"modified":"2025-11-13T15:09:15","modified_gmt":"2025-11-13T07:09:15","slug":"wholesale-electric-lunch-boxes-with-led-temperature-display","status":"publish","type":"product","link":"https:\/\/www.purecook.com\/pt\/product\/wholesale-electric-lunch-boxes-with-led-temperature-display\/","title":{"rendered":"Lancheira el\u00e9ctrica por atacado com visor LED de temperatura"},"content":{"rendered":"<div class=\"wp-block-columns is-layout-flex wp-container-core-columns-is-layout-9d6595d7 wp-block-columns-is-layout-flex\">\n<div class=\"wp-block-column is-layout-flow wp-block-column-is-layout-flow\">\n<h3 class=\"wp-block-heading\">Par\u00e2metros da lancheira com indicador LED de temperatura<\/h3>\n\n\n\n<p><strong>Material:<\/strong> A\u00e7o inoxid\u00e1vel \uff0bPP<br><strong>Carater\u00edsticas:<\/strong> Aquecimento el\u00e9trico + Indicador LED de temperatura<\/p>\n<\/div>\n\n\n\n<div class=\"wp-block-column is-layout-flow wp-block-column-is-layout-flow\">\n<h3 class=\"wp-block-heading\">Op\u00e7\u00f5es de lancheiras personalizadas<\/h3>\n\n\n\n<p><strong>Log\u00f3tipo:<\/strong> Personaliz\u00e1vel com o log\u00f3tipo da sua marca<br><strong>Embalagem:<\/strong>&nbsp;Caixa de cor\/caixa de cart\u00e3o, etc<\/p>\n<\/div>\n<\/div>\n\n\n\n<div class=\"wp-block-columns is-layout-flex wp-container-core-columns-is-layout-9d6595d7 wp-block-columns-is-layout-flex\">\n<div class=\"wp-block-column is-layout-flow wp-block-column-is-layout-flow\">\n<figure class=\"wp-block-image size-full\"><img decoding=\"async\" width=\"800\" height=\"800\" src=\"https:\/\/www.purecook.com\/wp-content\/uploads\/2025\/11\/electric-lunch-boxes-with-led-temperature-display-1.webp\" alt=\"lancheiras el\u00e9ctricas com indicador luminoso de temperatura (1)\" class=\"wp-image-4925\" srcset=\"https:\/\/www.purecook.com\/wp-content\/uploads\/2025\/11\/electric-lunch-boxes-with-led-temperature-display-1.webp 800w, https:\/\/www.purecook.com\/wp-content\/uploads\/2025\/11\/electric-lunch-boxes-with-led-temperature-display-1-300x300.webp 300w, https:\/\/www.purecook.com\/wp-content\/uploads\/2025\/11\/electric-lunch-boxes-with-led-temperature-display-1-150x150.webp 150w, https:\/\/www.purecook.com\/wp-content\/uploads\/2025\/11\/electric-lunch-boxes-with-led-temperature-display-1-768x768.webp 768w, https:\/\/www.purecook.com\/wp-content\/uploads\/2025\/11\/electric-lunch-boxes-with-led-temperature-display-1-12x12.webp 12w, https:\/\/www.purecook.com\/wp-content\/uploads\/2025\/11\/electric-lunch-boxes-with-led-temperature-display-1-600x600.webp 600w, https:\/\/www.purecook.com\/wp-content\/uploads\/2025\/11\/electric-lunch-boxes-with-led-temperature-display-1-100x100.webp 100w\" sizes=\"(max-width: 800px) 100vw, 800px\" \/><\/figure>\n<\/div>\n\n\n\n<div class=\"wp-block-column is-layout-flow wp-block-column-is-layout-flow\">\n<figure class=\"wp-block-image size-full\"><img decoding=\"async\" width=\"800\" height=\"800\" src=\"https:\/\/www.purecook.com\/wp-content\/uploads\/2025\/11\/electric-lunch-boxes-with-led-temperature-display-3.webp\" alt=\"lancheiras el\u00e9ctricas com display led de temperatura (3)\" class=\"wp-image-4927\" srcset=\"https:\/\/www.purecook.com\/wp-content\/uploads\/2025\/11\/electric-lunch-boxes-with-led-temperature-display-3.webp 800w, https:\/\/www.purecook.com\/wp-content\/uploads\/2025\/11\/electric-lunch-boxes-with-led-temperature-display-3-300x300.webp 300w, https:\/\/www.purecook.com\/wp-content\/uploads\/2025\/11\/electric-lunch-boxes-with-led-temperature-display-3-150x150.webp 150w, https:\/\/www.purecook.com\/wp-content\/uploads\/2025\/11\/electric-lunch-boxes-with-led-temperature-display-3-768x768.webp 768w, https:\/\/www.purecook.com\/wp-content\/uploads\/2025\/11\/electric-lunch-boxes-with-led-temperature-display-3-12x12.webp 12w, https:\/\/www.purecook.com\/wp-content\/uploads\/2025\/11\/electric-lunch-boxes-with-led-temperature-display-3-600x600.webp 600w, https:\/\/www.purecook.com\/wp-content\/uploads\/2025\/11\/electric-lunch-boxes-with-led-temperature-display-3-100x100.webp 100w\" sizes=\"(max-width: 800px) 100vw, 800px\" \/><\/figure>\n<\/div>\n<\/div>\n\n\n\n<div class=\"wp-block-columns is-layout-flex wp-container-core-columns-is-layout-9d6595d7 wp-block-columns-is-layout-flex\">\n<div class=\"wp-block-column is-layout-flow wp-block-column-is-layout-flow\"><\/div>\n\n\n\n<div class=\"wp-block-column is-layout-flow wp-block-column-is-layout-flow\"><\/div>\n<\/div>","protected":false},"excerpt":{"rendered":"<p>As lancheiras el\u00e9ctricas por grosso com um tabuleiro multi-compartimentos em a\u00e7o inoxid\u00e1vel de alta qualidade e um visor de temperatura LED intuitivo garantem que os utilizadores podem desfrutar de forma conveniente, port\u00e1til e higi\u00e9nica de refei\u00e7\u00f5es perfeitamente aquecidas no escrit\u00f3rio, na escola ou em viagem.<\/p>\n<p>Como <a href=\"https:\/\/www.purecook.com\/pt\/categoria-produto\/dinnerware\/lunch-boxes\/\" target=\"_blank\" rel=\"noopener\"><strong>fabricante profissional de lancheiras<\/strong><\/a>, A Purecook oferece uma variedade de estilos populares de lancheiras por atacado. Contacte-nos para obter um or\u00e7amento.<\/p>\n<h2>Carater\u00edsticas das lancheiras el\u00e9ctricas com visor LED de temperatura<\/h2>\n<p><strong>Capacidade de aquecimento:<\/strong> Esta lancheira el\u00e9ctrica possui um sistema de aquecimento, permitindo aos utilizadores aquecer os alimentos diretamente no interior. Elimina a necessidade de um micro-ondas, garantindo uma refei\u00e7\u00e3o quente a qualquer hora e em qualquer lugar.<\/p>\n<p><strong>Indica\u00e7\u00e3o LED da temperatura:<\/strong> O visor LED incorporado mostra claramente a temperatura, permitindo aos utilizadores monitoriz\u00e1-la e control\u00e1-la com precis\u00e3o para garantir que os alimentos s\u00e3o aquecidos \u00e0 temperatura ideal.<\/p>\n<p><strong>Conveni\u00eancia e portabilidade:<\/strong> Concebida para os estilos de vida ocupados de hoje em dia, esta lancheira el\u00e9ctrica \u00e9 plug-and-play e compat\u00edvel com tomadas el\u00e9ctricas normais. Basta lig\u00e1-la a uma fonte de alimenta\u00e7\u00e3o na sua secret\u00e1ria, dormit\u00f3rio ou carro para desfrutar de uma refei\u00e7\u00e3o acabada de aquecer em minutos.<\/p>\n<p><strong>Compartimentos:<\/strong> O tabuleiro interior em a\u00e7o inoxid\u00e1vel est\u00e1 inteligentemente dividido em quatro compartimentos, permitindo organizar as por\u00e7\u00f5es de refei\u00e7\u00e3o e uma melhor apresenta\u00e7\u00e3o dos alimentos.<\/p>","protected":false},"featured_media":4925,"comment_status":"closed","ping_status":"closed","template":"","meta":{"_acf_changed":false},"product_brand":[],"product_cat":[25,51],"product_tag":[],"class_list":{"0":"post-4924","1":"product","2":"type-product","3":"status-publish","4":"has-post-thumbnail","6":"product_cat-food-storage","7":"product_cat-dinnerware","9":"first","10":"instock","11":"shipping-taxable","12":"product-type-simple"},"acf":[],"_links":{"self":[{"href":"https:\/\/www.purecook.com\/pt\/wp-json\/wp\/v2\/product\/4924","targetHints":{"allow":["GET"]}}],"collection":[{"href":"https:\/\/www.purecook.com\/pt\/wp-json\/wp\/v2\/product"}],"about":[{"href":"https:\/\/www.purecook.com\/pt\/wp-json\/wp\/v2\/types\/product"}],"replies":[{"embeddable":true,"href":"https:\/\/www.purecook.com\/pt\/wp-json\/wp\/v2\/comments?post=4924"}],"wp:featuredmedia":[{"embeddable":true,"href":"https:\/\/www.purecook.com\/pt\/wp-json\/wp\/v2\/media\/4925"}],"wp:attachment":[{"href":"https:\/\/www.purecook.com\/pt\/wp-json\/wp\/v2\/media?parent=4924"}],"wp:term":[{"taxonomy":"product_brand","embeddable":true,"href":"https:\/\/www.purecook.com\/pt\/wp-json\/wp\/v2\/product_brand?post=4924"},{"taxonomy":"product_cat","embeddable":true,"href":"https:\/\/www.purecook.com\/pt\/wp-json\/wp\/v2\/product_cat?post=4924"},{"taxonomy":"product_tag","embeddable":true,"href":"https:\/\/www.purecook.com\/pt\/wp-json\/wp\/v2\/product_tag?post=4924"}],"curies":[{"name":"wp","href":"https:\/\/api.w.org\/{rel}","templated":true}]}}