{"id":4932,"date":"2025-11-13T15:07:03","date_gmt":"2025-11-13T07:07:03","guid":{"rendered":"https:\/\/www.purecook.com\/?post_type=product&#038;p=4932"},"modified":"2025-11-13T16:16:00","modified_gmt":"2025-11-13T08:16:00","slug":"wholesale-stainless-steel-nested-strainer-and-mixing-bowl-set","status":"publish","type":"product","link":"https:\/\/www.purecook.com\/pt\/product\/wholesale-stainless-steel-nested-strainer-and-mixing-bowl-set\/","title":{"rendered":"Conjunto de coador e ta\u00e7a de mistura de 3 pe\u00e7as em a\u00e7o inoxid\u00e1vel de qualidade profissional - para lavar, escorrer e preparar alimentos"},"content":{"rendered":"<div class=\"wp-block-columns is-layout-flex wp-container-core-columns-is-layout-9d6595d7 wp-block-columns-is-layout-flex\">\n<div class=\"wp-block-column is-layout-flow wp-block-column-is-layout-flow\">\n<h3 class=\"wp-block-heading\">Par\u00e2metros do conjunto coador e ta\u00e7a misturadora de 3 pe\u00e7as<\/h3>\n\n\n\n<p><strong>Material:<\/strong> A\u00e7o inoxid\u00e1vel 201\/304<br><strong>Log\u00f3tipo: <\/strong>Serigrafia\/grava\u00e7\u00e3o a laser\/estampagem em relevo<\/p>\n<\/div>\n\n\n\n<div class=\"wp-block-column is-layout-flow wp-block-column-is-layout-flow\">\n<h3 class=\"wp-block-heading\">Op\u00e7\u00f5es personalizadas<\/h3>\n\n\n\n<p><strong>Log\u00f3tipo:<\/strong> Personaliz\u00e1vel com o log\u00f3tipo da sua marca<br><strong>Embalagem:<\/strong>\u00a0Caixa de cor \/ Cart\u00e3o, etc<\/p>\n<\/div>\n<\/div>\n\n\n\n<div class=\"wp-block-columns is-layout-flex wp-container-core-columns-is-layout-9d6595d7 wp-block-columns-is-layout-flex\">\n<div class=\"wp-block-column is-layout-flow wp-block-column-is-layout-flow\">\n<figure class=\"wp-block-image size-full\"><img decoding=\"async\" width=\"800\" height=\"800\" src=\"https:\/\/www.purecook.com\/wp-content\/uploads\/2025\/11\/stainless-steel-nested-strainer-and-mixing-bowl-set-5.webp\" alt=\"conjunto de coador e ta\u00e7a misturadora em a\u00e7o inoxid\u00e1vel (5)\" class=\"wp-image-4937\" srcset=\"https:\/\/www.purecook.com\/wp-content\/uploads\/2025\/11\/stainless-steel-nested-strainer-and-mixing-bowl-set-5.webp 800w, https:\/\/www.purecook.com\/wp-content\/uploads\/2025\/11\/stainless-steel-nested-strainer-and-mixing-bowl-set-5-300x300.webp 300w, https:\/\/www.purecook.com\/wp-content\/uploads\/2025\/11\/stainless-steel-nested-strainer-and-mixing-bowl-set-5-150x150.webp 150w, https:\/\/www.purecook.com\/wp-content\/uploads\/2025\/11\/stainless-steel-nested-strainer-and-mixing-bowl-set-5-768x768.webp 768w, https:\/\/www.purecook.com\/wp-content\/uploads\/2025\/11\/stainless-steel-nested-strainer-and-mixing-bowl-set-5-12x12.webp 12w, https:\/\/www.purecook.com\/wp-content\/uploads\/2025\/11\/stainless-steel-nested-strainer-and-mixing-bowl-set-5-600x600.webp 600w, https:\/\/www.purecook.com\/wp-content\/uploads\/2025\/11\/stainless-steel-nested-strainer-and-mixing-bowl-set-5-100x100.webp 100w\" sizes=\"(max-width: 800px) 100vw, 800px\" \/><\/figure>\n<\/div>\n\n\n\n<div class=\"wp-block-column is-layout-flow wp-block-column-is-layout-flow\">\n<figure class=\"wp-block-image size-full\"><img decoding=\"async\" width=\"800\" height=\"800\" src=\"https:\/\/www.purecook.com\/wp-content\/uploads\/2025\/11\/stainless-steel-nested-strainer-and-mixing-bowl-set-6.webp\" alt=\"conjunto de coador e ta\u00e7a misturadora em a\u00e7o inoxid\u00e1vel (6)\" class=\"wp-image-4938\" srcset=\"https:\/\/www.purecook.com\/wp-content\/uploads\/2025\/11\/stainless-steel-nested-strainer-and-mixing-bowl-set-6.webp 800w, https:\/\/www.purecook.com\/wp-content\/uploads\/2025\/11\/stainless-steel-nested-strainer-and-mixing-bowl-set-6-300x300.webp 300w, https:\/\/www.purecook.com\/wp-content\/uploads\/2025\/11\/stainless-steel-nested-strainer-and-mixing-bowl-set-6-150x150.webp 150w, https:\/\/www.purecook.com\/wp-content\/uploads\/2025\/11\/stainless-steel-nested-strainer-and-mixing-bowl-set-6-768x768.webp 768w, https:\/\/www.purecook.com\/wp-content\/uploads\/2025\/11\/stainless-steel-nested-strainer-and-mixing-bowl-set-6-12x12.webp 12w, https:\/\/www.purecook.com\/wp-content\/uploads\/2025\/11\/stainless-steel-nested-strainer-and-mixing-bowl-set-6-600x600.webp 600w, https:\/\/www.purecook.com\/wp-content\/uploads\/2025\/11\/stainless-steel-nested-strainer-and-mixing-bowl-set-6-100x100.webp 100w\" sizes=\"(max-width: 800px) 100vw, 800px\" \/><\/figure>\n<\/div>\n<\/div>","protected":false},"excerpt":{"rendered":"<p>Este conjunto de prepara\u00e7\u00e3o de cozinha 3 em 1 em a\u00e7o inoxid\u00e1vel empilh\u00e1vel de qualidade superior combina as fun\u00e7\u00f5es de lavagem, drenagem e mistura numa unidade compacta, o que o torna na solu\u00e7\u00e3o de cozinha ideal. O seu design aninhado, que poupa espa\u00e7o, tamb\u00e9m minimiza os custos de armazenamento e envio para os retalhistas.<\/p>\n<p>Como <a href=\"https:\/\/www.purecook.com\/pt\/categoria-produto\/kitchen-utensils\/\" target=\"_blank\" rel=\"noopener\"><strong>fabricante de utens\u00edlios de cozinha<\/strong><\/a>, A nossa empresa est\u00e1 empenhada em fornecer produtos de cozinha de alta qualidade, pr\u00e1ticos e inovadores a clientes de todo o mundo. Bem-vindo a contactar-nos!<\/p>\n<h2>Carater\u00edsticas do conjunto de coador e ta\u00e7a misturadora em a\u00e7o inoxid\u00e1vel<\/h2>\n<p><strong>Versatilidade:<\/strong> Este inovador conjunto de prepara\u00e7\u00e3o de alimentos 3 em 1 foi concebido para simplificar v\u00e1rias tarefas de cozinha, integrando as fun\u00e7\u00f5es de lavagem, drenagem e prepara\u00e7\u00e3o de alimentos num design que poupa espa\u00e7o.<\/p>\n<p><strong>Economia de espa\u00e7o:<\/strong> Concebido para cozinhas modernas compactas, este conjunto de prepara\u00e7\u00e3o de alimentos apresenta uma estrutura empilh\u00e1vel e de encaixe para m\u00e1xima efici\u00eancia de armazenamento.<\/p>\n<p><strong>Materiais de qualidade superior:<\/strong> Este conjunto \u00e9 feito de a\u00e7o inoxid\u00e1vel de primeira qualidade para maior durabilidade e qualidade profissional.<\/p>\n<p><strong>Seguran\u00e7a alimentar e n\u00e3o reativo:<\/strong> Adequado para todos os tipos de alimentos, incluindo ingredientes \u00e1cidos ou oleosos, sem afetar o sabor ou a seguran\u00e7a.<\/p>","protected":false},"featured_media":4934,"comment_status":"closed","ping_status":"closed","template":"","meta":{"_acf_changed":false},"product_brand":[],"product_cat":[52,65],"product_tag":[],"class_list":{"0":"post-4932","1":"product","2":"type-product","3":"status-publish","4":"has-post-thumbnail","6":"product_cat-kitchen-utensils","7":"product_cat-kitchen-strainer-and-colander","9":"first","10":"instock","11":"shipping-taxable","12":"product-type-simple"},"acf":[],"_links":{"self":[{"href":"https:\/\/www.purecook.com\/pt\/wp-json\/wp\/v2\/product\/4932","targetHints":{"allow":["GET"]}}],"collection":[{"href":"https:\/\/www.purecook.com\/pt\/wp-json\/wp\/v2\/product"}],"about":[{"href":"https:\/\/www.purecook.com\/pt\/wp-json\/wp\/v2\/types\/product"}],"replies":[{"embeddable":true,"href":"https:\/\/www.purecook.com\/pt\/wp-json\/wp\/v2\/comments?post=4932"}],"wp:featuredmedia":[{"embeddable":true,"href":"https:\/\/www.purecook.com\/pt\/wp-json\/wp\/v2\/media\/4934"}],"wp:attachment":[{"href":"https:\/\/www.purecook.com\/pt\/wp-json\/wp\/v2\/media?parent=4932"}],"wp:term":[{"taxonomy":"product_brand","embeddable":true,"href":"https:\/\/www.purecook.com\/pt\/wp-json\/wp\/v2\/product_brand?post=4932"},{"taxonomy":"product_cat","embeddable":true,"href":"https:\/\/www.purecook.com\/pt\/wp-json\/wp\/v2\/product_cat?post=4932"},{"taxonomy":"product_tag","embeddable":true,"href":"https:\/\/www.purecook.com\/pt\/wp-json\/wp\/v2\/product_tag?post=4932"}],"curies":[{"name":"wp","href":"https:\/\/api.w.org\/{rel}","templated":true}]}}