{"id":5036,"date":"2024-05-01T08:40:00","date_gmt":"2024-05-01T00:40:00","guid":{"rendered":"https:\/\/www.purecook.com\/?post_type=product&#038;p=5036"},"modified":"2025-11-26T09:02:56","modified_gmt":"2025-11-26T01:02:56","slug":"wholesale-food-grade-plastic-tableware-set","status":"publish","type":"product","link":"https:\/\/www.purecook.com\/pt\/product\/wholesale-food-grade-plastic-tableware-set\/","title":{"rendered":"Conjunto de lou\u00e7a de pl\u00e1stico de qualidade alimentar por atacado"},"content":{"rendered":"<div class=\"wp-block-columns is-layout-flex wp-container-core-columns-is-layout-9d6595d7 wp-block-columns-is-layout-flex\">\n<div class=\"wp-block-column is-layout-flow wp-block-column-is-layout-flow\">\n<h3 class=\"wp-block-heading\">Par\u00e2metros do conjunto de utens\u00edlios de mesa de pl\u00e1stico de qualidade alimentar<\/h3>\n\n\n\n<p><strong>Material:<\/strong> PP<br><strong>Cor:<\/strong> Cer\u00e2mica branca<br><strong>incluindo: <\/strong>Ta\u00e7a de servir, prato redondo, pauzinhos, colher<\/p>\n<\/div>\n\n\n\n<div class=\"wp-block-column is-layout-flow wp-block-column-is-layout-flow\">\n<h3 class=\"wp-block-heading\">Op\u00e7\u00f5es personalizadas<\/h3>\n\n\n\n<p><strong>Log\u00f3tipo:<\/strong>\u00a0Personaliz\u00e1vel com o log\u00f3tipo da sua marca<br><strong>Embalagem:<\/strong>\u00a0Caixa de cor\/caixa de cart\u00e3o, etc<\/p>\n<\/div>\n<\/div>\n\n\n\n<div class=\"wp-block-columns is-layout-flex wp-container-core-columns-is-layout-9d6595d7 wp-block-columns-is-layout-flex\">\n<div class=\"wp-block-column is-layout-flow wp-block-column-is-layout-flow\">\n<figure class=\"wp-block-image size-full\"><img decoding=\"async\" width=\"800\" height=\"800\" src=\"https:\/\/www.purecook.com\/wp-content\/uploads\/2025\/11\/wholesale-food-grade-plastic-tableware-set-5.webp\" alt=\"conjunto de loi\u00e7a de pl\u00e1stico de qualidade alimentar por atacado (5)\" class=\"wp-image-5041\" srcset=\"https:\/\/www.purecook.com\/wp-content\/uploads\/2025\/11\/wholesale-food-grade-plastic-tableware-set-5.webp 800w, https:\/\/www.purecook.com\/wp-content\/uploads\/2025\/11\/wholesale-food-grade-plastic-tableware-set-5-300x300.webp 300w, https:\/\/www.purecook.com\/wp-content\/uploads\/2025\/11\/wholesale-food-grade-plastic-tableware-set-5-150x150.webp 150w, https:\/\/www.purecook.com\/wp-content\/uploads\/2025\/11\/wholesale-food-grade-plastic-tableware-set-5-768x768.webp 768w, https:\/\/www.purecook.com\/wp-content\/uploads\/2025\/11\/wholesale-food-grade-plastic-tableware-set-5-12x12.webp 12w, https:\/\/www.purecook.com\/wp-content\/uploads\/2025\/11\/wholesale-food-grade-plastic-tableware-set-5-600x600.webp 600w, https:\/\/www.purecook.com\/wp-content\/uploads\/2025\/11\/wholesale-food-grade-plastic-tableware-set-5-100x100.webp 100w\" sizes=\"(max-width: 800px) 100vw, 800px\" \/><\/figure>\n<\/div>\n\n\n\n<div class=\"wp-block-column is-layout-flow wp-block-column-is-layout-flow\">\n<figure class=\"wp-block-image size-full\"><img decoding=\"async\" width=\"800\" height=\"800\" src=\"https:\/\/www.purecook.com\/wp-content\/uploads\/2025\/11\/wholesale-food-grade-plastic-tableware-set-6.webp\" alt=\"conjunto de loi\u00e7a de pl\u00e1stico de qualidade alimentar por atacado (6)\" class=\"wp-image-5042\" srcset=\"https:\/\/www.purecook.com\/wp-content\/uploads\/2025\/11\/wholesale-food-grade-plastic-tableware-set-6.webp 800w, https:\/\/www.purecook.com\/wp-content\/uploads\/2025\/11\/wholesale-food-grade-plastic-tableware-set-6-300x300.webp 300w, https:\/\/www.purecook.com\/wp-content\/uploads\/2025\/11\/wholesale-food-grade-plastic-tableware-set-6-150x150.webp 150w, https:\/\/www.purecook.com\/wp-content\/uploads\/2025\/11\/wholesale-food-grade-plastic-tableware-set-6-768x768.webp 768w, https:\/\/www.purecook.com\/wp-content\/uploads\/2025\/11\/wholesale-food-grade-plastic-tableware-set-6-12x12.webp 12w, https:\/\/www.purecook.com\/wp-content\/uploads\/2025\/11\/wholesale-food-grade-plastic-tableware-set-6-600x600.webp 600w, https:\/\/www.purecook.com\/wp-content\/uploads\/2025\/11\/wholesale-food-grade-plastic-tableware-set-6-100x100.webp 100w\" sizes=\"(max-width: 800px) 100vw, 800px\" \/><\/figure>\n<\/div>\n<\/div>\n\n\n\n<div class=\"wp-block-columns is-layout-flex wp-container-core-columns-is-layout-9d6595d7 wp-block-columns-is-layout-flex\">\n<div class=\"wp-block-column is-layout-flow wp-block-column-is-layout-flow\"><\/div>\n\n\n\n<div class=\"wp-block-column is-layout-flow wp-block-column-is-layout-flow\"><\/div>\n<\/div>","protected":false},"excerpt":{"rendered":"<p>Conjuntos de loi\u00e7a de pl\u00e1stico de qualidade alimentar por grosso, fornecendo todos os componentes necess\u00e1rios para uma refei\u00e7\u00e3o completa de v\u00e1rios pratos para uma a duas pessoas. A sua forma simples e suave indica que s\u00e3o f\u00e1ceis de lavar \u00e0 m\u00e3o ou na m\u00e1quina de lavar loi\u00e7a. Ideal para supermercados e retalhistas de artigos de mesa. Contacte-nos hoje para um or\u00e7amento.<\/p>\n<h2>Carater\u00edsticas do Conjunto de loi\u00e7a de pl\u00e1stico para uso alimentar<\/h2>\n<p><strong>Estilo moderno e minimalista:<\/strong> Este conjunto de utens\u00edlios de mesa por atacado apresenta um aspeto limpo, moderno e atraente com um acabamento simples em cer\u00e2mica branca e linhas curvas elegantes.<\/p>\n<p><strong>V\u00e1rios tamanhos:<\/strong> Este conjunto inclui utens\u00edlios de mesa de v\u00e1rios tamanhos para se adaptarem a diferentes tipos e tipos de alimentos.<\/p>\n<p><strong>Durabilidade e Resili\u00eancia:<\/strong> Fabricado em pl\u00e1stico PP altamente dur\u00e1vel e inquebr\u00e1vel, n\u00e3o se parte mesmo se cair, o que o torna ideal para fam\u00edlias com crian\u00e7as, refei\u00e7\u00f5es ao ar livre ou utiliza\u00e7\u00e3o di\u00e1ria.<\/p>\n<p><strong>Seguran\u00e7a:<\/strong> Fabricado com materiais de qualidade alimentar, n\u00e3o \u00e9 t\u00f3xico e n\u00e3o cont\u00e9m produtos qu\u00edmicos nocivos como o BPA, o que o torna seguro para o contacto repetido com recipientes de qualidade alimentar.<\/p>","protected":false},"featured_media":5037,"comment_status":"closed","ping_status":"closed","template":"","meta":{"_acf_changed":false},"product_brand":[],"product_cat":[51],"product_tag":[],"class_list":{"0":"post-5036","1":"product","2":"type-product","3":"status-publish","4":"has-post-thumbnail","6":"product_cat-dinnerware","8":"first","9":"instock","10":"shipping-taxable","11":"product-type-simple"},"acf":[],"_links":{"self":[{"href":"https:\/\/www.purecook.com\/pt\/wp-json\/wp\/v2\/product\/5036","targetHints":{"allow":["GET"]}}],"collection":[{"href":"https:\/\/www.purecook.com\/pt\/wp-json\/wp\/v2\/product"}],"about":[{"href":"https:\/\/www.purecook.com\/pt\/wp-json\/wp\/v2\/types\/product"}],"replies":[{"embeddable":true,"href":"https:\/\/www.purecook.com\/pt\/wp-json\/wp\/v2\/comments?post=5036"}],"wp:featuredmedia":[{"embeddable":true,"href":"https:\/\/www.purecook.com\/pt\/wp-json\/wp\/v2\/media\/5037"}],"wp:attachment":[{"href":"https:\/\/www.purecook.com\/pt\/wp-json\/wp\/v2\/media?parent=5036"}],"wp:term":[{"taxonomy":"product_brand","embeddable":true,"href":"https:\/\/www.purecook.com\/pt\/wp-json\/wp\/v2\/product_brand?post=5036"},{"taxonomy":"product_cat","embeddable":true,"href":"https:\/\/www.purecook.com\/pt\/wp-json\/wp\/v2\/product_cat?post=5036"},{"taxonomy":"product_tag","embeddable":true,"href":"https:\/\/www.purecook.com\/pt\/wp-json\/wp\/v2\/product_tag?post=5036"}],"curies":[{"name":"wp","href":"https:\/\/api.w.org\/{rel}","templated":true}]}}