{"id":5043,"date":"2025-11-26T09:04:08","date_gmt":"2025-11-26T01:04:08","guid":{"rendered":"https:\/\/www.purecook.com\/?post_type=product&#038;p=5043"},"modified":"2025-11-26T09:33:54","modified_gmt":"2025-11-26T01:33:54","slug":"wholesale-multi-function-stainless-steel-colander-and-grater-set","status":"publish","type":"product","link":"https:\/\/www.purecook.com\/pt\/product\/wholesale-multi-function-stainless-steel-colander-and-grater-set\/","title":{"rendered":"Conjunto de coador de a\u00e7o inoxid\u00e1vel multifun\u00e7\u00f5es com ralador"},"content":{"rendered":"<div class=\"wp-block-columns is-layout-flex wp-container-core-columns-is-layout-9d6595d7 wp-block-columns-is-layout-flex\">\n<div class=\"wp-block-column is-layout-flow wp-block-column-is-layout-flow\">\n<h3 class=\"wp-block-heading\">Par\u00e2metros do coador de a\u00e7o inoxid\u00e1vel e do conjunto de coadores<\/h3>\n\n\n\n<p><strong>Material:<\/strong> A\u00e7o inoxid\u00e1vel 201\/304<br><strong>Cor:<\/strong> Prata<br><strong>Tamanho:<\/strong> 24 cm<br><strong>Fun\u00e7\u00f5es:<\/strong> Filtrar\/armazenar\/cortar\/triturar<\/p>\n<\/div>\n\n\n\n<div class=\"wp-block-column is-layout-flow wp-block-column-is-layout-flow\">\n<h3 class=\"wp-block-heading\">Op\u00e7\u00f5es personalizadas<\/h3>\n\n\n\n<p><strong>Log\u00f3tipo:<\/strong> Personaliz\u00e1vel com o log\u00f3tipo da sua marca<br><strong>Embalagem:<\/strong>\u00a0Caixa de cor\/caixa de cart\u00e3o, etc<\/p>\n<\/div>\n<\/div>\n\n\n\n<div class=\"wp-block-columns is-layout-flex wp-container-core-columns-is-layout-9d6595d7 wp-block-columns-is-layout-flex\">\n<div class=\"wp-block-column is-layout-flow wp-block-column-is-layout-flow\">\n<figure class=\"wp-block-image size-full\"><img decoding=\"async\" width=\"800\" height=\"800\" src=\"https:\/\/www.purecook.com\/wp-content\/uploads\/2025\/11\/wholesale-stainless-steel-colander-and-grater-lid-set2.webp\" alt=\"conjunto de coador e tampa de ralador em a\u00e7o inoxid\u00e1vel por atacado(2)\" class=\"wp-image-5045\" srcset=\"https:\/\/www.purecook.com\/wp-content\/uploads\/2025\/11\/wholesale-stainless-steel-colander-and-grater-lid-set2.webp 800w, https:\/\/www.purecook.com\/wp-content\/uploads\/2025\/11\/wholesale-stainless-steel-colander-and-grater-lid-set2-300x300.webp 300w, https:\/\/www.purecook.com\/wp-content\/uploads\/2025\/11\/wholesale-stainless-steel-colander-and-grater-lid-set2-150x150.webp 150w, https:\/\/www.purecook.com\/wp-content\/uploads\/2025\/11\/wholesale-stainless-steel-colander-and-grater-lid-set2-768x768.webp 768w, https:\/\/www.purecook.com\/wp-content\/uploads\/2025\/11\/wholesale-stainless-steel-colander-and-grater-lid-set2-12x12.webp 12w, https:\/\/www.purecook.com\/wp-content\/uploads\/2025\/11\/wholesale-stainless-steel-colander-and-grater-lid-set2-600x600.webp 600w, https:\/\/www.purecook.com\/wp-content\/uploads\/2025\/11\/wholesale-stainless-steel-colander-and-grater-lid-set2-100x100.webp 100w\" sizes=\"(max-width: 800px) 100vw, 800px\" \/><\/figure>\n<\/div>\n\n\n\n<div class=\"wp-block-column is-layout-flow wp-block-column-is-layout-flow\">\n<figure class=\"wp-block-image size-full\"><img decoding=\"async\" width=\"800\" height=\"800\" src=\"https:\/\/www.purecook.com\/wp-content\/uploads\/2025\/11\/wholesale-stainless-steel-colander-and-grater-lid-set5.webp\" alt=\"conjunto de coador e tampa de ralador em a\u00e7o inoxid\u00e1vel por atacado(5)\" class=\"wp-image-5048\" srcset=\"https:\/\/www.purecook.com\/wp-content\/uploads\/2025\/11\/wholesale-stainless-steel-colander-and-grater-lid-set5.webp 800w, https:\/\/www.purecook.com\/wp-content\/uploads\/2025\/11\/wholesale-stainless-steel-colander-and-grater-lid-set5-300x300.webp 300w, https:\/\/www.purecook.com\/wp-content\/uploads\/2025\/11\/wholesale-stainless-steel-colander-and-grater-lid-set5-150x150.webp 150w, https:\/\/www.purecook.com\/wp-content\/uploads\/2025\/11\/wholesale-stainless-steel-colander-and-grater-lid-set5-768x768.webp 768w, https:\/\/www.purecook.com\/wp-content\/uploads\/2025\/11\/wholesale-stainless-steel-colander-and-grater-lid-set5-12x12.webp 12w, https:\/\/www.purecook.com\/wp-content\/uploads\/2025\/11\/wholesale-stainless-steel-colander-and-grater-lid-set5-600x600.webp 600w, https:\/\/www.purecook.com\/wp-content\/uploads\/2025\/11\/wholesale-stainless-steel-colander-and-grater-lid-set5-100x100.webp 100w\" sizes=\"(max-width: 800px) 100vw, 800px\" \/><\/figure>\n<\/div>\n<\/div>","protected":false},"excerpt":{"rendered":"<p>Conjunto de coadores de a\u00e7o inoxid\u00e1vel por grosso. Este conjunto dur\u00e1vel e multifuncional simplifica a prepara\u00e7\u00e3o de alimentos. Lave, enxag\u00fae, escorra, rale e corte rapidamente legumes, frutas e muito mais num sistema integrado. Este produto responde \u00e0 crescente procura no mercado de utens\u00edlios de cozinha multifuncionais e economizadores de espa\u00e7o. Contacte-nos hoje para obter uma cota\u00e7\u00e3o por grosso.<\/p>\n<h2>Carater\u00edsticas do conjunto de escorredor e ralador em a\u00e7o inoxid\u00e1vel<\/h2>\n<p><strong>Design multifuncional:<\/strong> A tampa deste coador em a\u00e7o inoxid\u00e1vel funciona como ralador e cortador, permitindo aos utilizadores preparar rapidamente legumes para saladas e salteados.<\/p>\n<p><strong>Design tudo-em-um:<\/strong> Combinando as fun\u00e7\u00f5es de ralador, coador e ta\u00e7a de mistura, este design poupa espa\u00e7o na bancada da cozinha e reduz o n\u00famero de ferramentas necess\u00e1rias para a prepara\u00e7\u00e3o de alimentos.<\/p>\n<p><strong>Constru\u00e7\u00e3o duradoura:<\/strong> Os nossos coadores por atacado s\u00e3o feitos de a\u00e7o inoxid\u00e1vel dur\u00e1vel, oferecendo vantagens como resist\u00eancia \u00e0 ferrugem, higiene, limpeza f\u00e1cil e durabilidade.<\/p>\n<p><strong>F\u00e1cil de limpar:<\/strong> Este conjunto de coadores possui uma superf\u00edcie lisa em a\u00e7o inoxid\u00e1vel que resiste a manchas e odores, tornando-o muito f\u00e1cil de limpar e lav\u00e1vel na m\u00e1quina de lavar lou\u00e7a, ideal para a prepara\u00e7\u00e3o frequente de alimentos.<\/p>","protected":false},"featured_media":5044,"comment_status":"closed","ping_status":"closed","template":"","meta":{"_acf_changed":false},"product_brand":[],"product_cat":[52,65],"product_tag":[],"class_list":{"0":"post-5043","1":"product","2":"type-product","3":"status-publish","4":"has-post-thumbnail","6":"product_cat-kitchen-utensils","7":"product_cat-kitchen-strainer-and-colander","9":"first","10":"instock","11":"shipping-taxable","12":"product-type-simple"},"acf":[],"_links":{"self":[{"href":"https:\/\/www.purecook.com\/pt\/wp-json\/wp\/v2\/product\/5043","targetHints":{"allow":["GET"]}}],"collection":[{"href":"https:\/\/www.purecook.com\/pt\/wp-json\/wp\/v2\/product"}],"about":[{"href":"https:\/\/www.purecook.com\/pt\/wp-json\/wp\/v2\/types\/product"}],"replies":[{"embeddable":true,"href":"https:\/\/www.purecook.com\/pt\/wp-json\/wp\/v2\/comments?post=5043"}],"wp:featuredmedia":[{"embeddable":true,"href":"https:\/\/www.purecook.com\/pt\/wp-json\/wp\/v2\/media\/5044"}],"wp:attachment":[{"href":"https:\/\/www.purecook.com\/pt\/wp-json\/wp\/v2\/media?parent=5043"}],"wp:term":[{"taxonomy":"product_brand","embeddable":true,"href":"https:\/\/www.purecook.com\/pt\/wp-json\/wp\/v2\/product_brand?post=5043"},{"taxonomy":"product_cat","embeddable":true,"href":"https:\/\/www.purecook.com\/pt\/wp-json\/wp\/v2\/product_cat?post=5043"},{"taxonomy":"product_tag","embeddable":true,"href":"https:\/\/www.purecook.com\/pt\/wp-json\/wp\/v2\/product_tag?post=5043"}],"curies":[{"name":"wp","href":"https:\/\/api.w.org\/{rel}","templated":true}]}}