{"id":5049,"date":"2025-11-26T09:37:22","date_gmt":"2025-11-26T01:37:22","guid":{"rendered":"https:\/\/www.purecook.com\/?post_type=product&#038;p=5049"},"modified":"2025-11-26T09:55:58","modified_gmt":"2025-11-26T01:55:58","slug":"wholesale-thickened-stainless-steel-steamer-pot","status":"publish","type":"product","link":"https:\/\/www.purecook.com\/pt\/product\/wholesale-thickened-stainless-steel-steamer-pot\/","title":{"rendered":"Panela para cozer a vapor em a\u00e7o inoxid\u00e1vel espessado por atacado"},"content":{"rendered":"<div class=\"wp-block-columns is-layout-flex wp-container-core-columns-is-layout-9d6595d7 wp-block-columns-is-layout-flex\">\n<div class=\"wp-block-column is-layout-flow wp-block-column-is-layout-flow\">\n<h3 class=\"wp-block-heading\">Par\u00e2metros da panela de a\u00e7o inoxid\u00e1vel para vapor<\/h3>\n\n\n\n<p><strong>Material:<\/strong> A\u00e7o inoxid\u00e1vel 201\/304<br><strong>Espessura normal:<\/strong> 0,5 mm<br><strong>Tamanho:<\/strong> 20-24cm,24-28cm,28-32cm<\/p>\n<\/div>\n\n\n\n<div class=\"wp-block-column is-layout-flow wp-block-column-is-layout-flow\">\n<h3 class=\"wp-block-heading\">Op\u00e7\u00f5es de utens\u00edlios de cozinha personalizados<\/h3>\n\n\n\n<p><strong>Log\u00f3tipo:<\/strong> Personaliz\u00e1vel com o log\u00f3tipo da sua marca<br><strong>Embalagem:<\/strong>&nbsp;Caixa de cor\/caixa de cart\u00e3o, etc<br><strong>Pega: <\/strong>Pega para se adaptar ao seu estilo<\/p>\n<\/div>\n<\/div>\n\n\n\n<div class=\"wp-block-columns is-layout-flex wp-container-core-columns-is-layout-9d6595d7 wp-block-columns-is-layout-flex\">\n<div class=\"wp-block-column is-layout-flow wp-block-column-is-layout-flow\">\n<figure class=\"wp-block-image size-full\"><img decoding=\"async\" width=\"800\" height=\"800\" src=\"https:\/\/www.purecook.com\/wp-content\/uploads\/2025\/11\/wholesale-steamer-pot-2.webp\" alt=\"panela a vapor por atacado (2)\" class=\"wp-image-5051\" srcset=\"https:\/\/www.purecook.com\/wp-content\/uploads\/2025\/11\/wholesale-steamer-pot-2.webp 800w, https:\/\/www.purecook.com\/wp-content\/uploads\/2025\/11\/wholesale-steamer-pot-2-300x300.webp 300w, https:\/\/www.purecook.com\/wp-content\/uploads\/2025\/11\/wholesale-steamer-pot-2-150x150.webp 150w, https:\/\/www.purecook.com\/wp-content\/uploads\/2025\/11\/wholesale-steamer-pot-2-768x768.webp 768w, https:\/\/www.purecook.com\/wp-content\/uploads\/2025\/11\/wholesale-steamer-pot-2-12x12.webp 12w, https:\/\/www.purecook.com\/wp-content\/uploads\/2025\/11\/wholesale-steamer-pot-2-600x600.webp 600w, https:\/\/www.purecook.com\/wp-content\/uploads\/2025\/11\/wholesale-steamer-pot-2-100x100.webp 100w\" sizes=\"(max-width: 800px) 100vw, 800px\" \/><\/figure>\n<\/div>\n\n\n\n<div class=\"wp-block-column is-layout-flow wp-block-column-is-layout-flow\">\n<figure class=\"wp-block-image size-full\"><img decoding=\"async\" width=\"800\" height=\"800\" src=\"https:\/\/www.purecook.com\/wp-content\/uploads\/2025\/11\/wholesale-steamer-pot-3.webp\" alt=\"panela a vapor por atacado (3)\" class=\"wp-image-5052\" srcset=\"https:\/\/www.purecook.com\/wp-content\/uploads\/2025\/11\/wholesale-steamer-pot-3.webp 800w, https:\/\/www.purecook.com\/wp-content\/uploads\/2025\/11\/wholesale-steamer-pot-3-300x300.webp 300w, https:\/\/www.purecook.com\/wp-content\/uploads\/2025\/11\/wholesale-steamer-pot-3-150x150.webp 150w, https:\/\/www.purecook.com\/wp-content\/uploads\/2025\/11\/wholesale-steamer-pot-3-768x768.webp 768w, https:\/\/www.purecook.com\/wp-content\/uploads\/2025\/11\/wholesale-steamer-pot-3-12x12.webp 12w, https:\/\/www.purecook.com\/wp-content\/uploads\/2025\/11\/wholesale-steamer-pot-3-600x600.webp 600w, https:\/\/www.purecook.com\/wp-content\/uploads\/2025\/11\/wholesale-steamer-pot-3-100x100.webp 100w\" sizes=\"(max-width: 800px) 100vw, 800px\" \/><\/figure>\n<\/div>\n<\/div>","protected":false},"excerpt":{"rendered":"<p>Panelas de vapor por atacado, perfeitas para ferver, cozer a vapor e escorrer marisco, legumes e p\u00e3es. O seu design economizador de espa\u00e7o e o acabamento de primeira qualidade garantem a sua atra\u00e7\u00e3o no mercado retalhista. Contacte-nos para um or\u00e7amento.<\/p>\n<p>Como <a href=\"https:\/\/www.purecook.com\/pt\/categoria-produto\/cookware\/\" target=\"_blank\" rel=\"noopener\"><strong>fabricante de utens\u00edlios de cozinha<\/strong><\/a>, A nossa empresa oferece uma gama diversificada de produtos de cozinha. Contacte-nos para or\u00e7amentos e cat\u00e1logos.<\/p>\n<h2>Carater\u00edsticas da panela de a\u00e7o inoxid\u00e1vel para vapor<\/h2>\n<p><strong>Versatilidade na cozinha:<\/strong> Esta panela de vapor por atacado \u00e9 perfeita para a cozinha familiar di\u00e1ria, oferecendo fun\u00e7\u00f5es de vaporiza\u00e7\u00e3o, estufagem, coagem e servi\u00e7o.<\/p>\n<p><strong>A\u00e7o inoxid\u00e1vel duradouro:<\/strong> Tanto a panela de vapor como a tampa s\u00e3o feitas de a\u00e7o inoxid\u00e1vel, oferecendo uma elevada durabilidade, resist\u00eancia \u00e0 ferrugem, higiene e nenhuma rea\u00e7\u00e3o com os alimentos.<\/p>\n<p><strong>Conce\u00e7\u00e3o est\u00e9tica:<\/strong> A combina\u00e7\u00e3o de utens\u00edlios de cozinha neutros de cor creme e a\u00e7o inoxid\u00e1vel liso confere a este conjunto uma est\u00e9tica de cozinha moderna e apelativa.<\/p>\n<p><strong>F\u00e1cil de limpar:<\/strong> A superf\u00edcie lisa da panela de a\u00e7o inoxid\u00e1vel para vapor \u00e9 f\u00e1cil de limpar e pode ser lavada na m\u00e1quina de lavar lou\u00e7a, o que a torna muito pr\u00e1tica.<\/p>","protected":false},"featured_media":5050,"comment_status":"closed","ping_status":"closed","template":"","meta":{"_acf_changed":false},"product_brand":[],"product_cat":[24,79],"product_tag":[98],"class_list":{"0":"post-5049","1":"product","2":"type-product","3":"status-publish","4":"has-post-thumbnail","6":"product_cat-cookware","7":"product_cat-steamer-pot","8":"product_tag-wholesale-home-cookware","10":"first","11":"instock","12":"shipping-taxable","13":"product-type-simple"},"acf":[],"_links":{"self":[{"href":"https:\/\/www.purecook.com\/pt\/wp-json\/wp\/v2\/product\/5049","targetHints":{"allow":["GET"]}}],"collection":[{"href":"https:\/\/www.purecook.com\/pt\/wp-json\/wp\/v2\/product"}],"about":[{"href":"https:\/\/www.purecook.com\/pt\/wp-json\/wp\/v2\/types\/product"}],"replies":[{"embeddable":true,"href":"https:\/\/www.purecook.com\/pt\/wp-json\/wp\/v2\/comments?post=5049"}],"wp:featuredmedia":[{"embeddable":true,"href":"https:\/\/www.purecook.com\/pt\/wp-json\/wp\/v2\/media\/5050"}],"wp:attachment":[{"href":"https:\/\/www.purecook.com\/pt\/wp-json\/wp\/v2\/media?parent=5049"}],"wp:term":[{"taxonomy":"product_brand","embeddable":true,"href":"https:\/\/www.purecook.com\/pt\/wp-json\/wp\/v2\/product_brand?post=5049"},{"taxonomy":"product_cat","embeddable":true,"href":"https:\/\/www.purecook.com\/pt\/wp-json\/wp\/v2\/product_cat?post=5049"},{"taxonomy":"product_tag","embeddable":true,"href":"https:\/\/www.purecook.com\/pt\/wp-json\/wp\/v2\/product_tag?post=5049"}],"curies":[{"name":"wp","href":"https:\/\/api.w.org\/{rel}","templated":true}]}}