{"id":5055,"date":"2025-11-26T10:00:24","date_gmt":"2025-11-26T02:00:24","guid":{"rendered":"https:\/\/www.purecook.com\/?post_type=product&#038;p=5055"},"modified":"2025-11-26T10:23:55","modified_gmt":"2025-11-26T02:23:55","slug":"wholesale-premium-stainless-steel-trash-cans","status":"publish","type":"product","link":"https:\/\/www.purecook.com\/pt\/product\/wholesale-premium-stainless-steel-trash-cans\/","title":{"rendered":"Caixotes do lixo de a\u00e7o inoxid\u00e1vel por atacado - Dur\u00e1veis, f\u00e1ceis de limpar"},"content":{"rendered":"<div class=\"wp-block-columns is-layout-flex wp-container-core-columns-is-layout-9d6595d7 wp-block-columns-is-layout-flex\">\n<div class=\"wp-block-column is-layout-flow wp-block-column-is-layout-flow\">\n<h3 class=\"wp-block-heading\">Par\u00e2metros do caixote do lixo de a\u00e7o inoxid\u00e1vel<\/h3>\n\n\n\n<p><strong>Material:<\/strong> A\u00e7o inoxid\u00e1vel 201\/304<br><strong>Capacidade: <\/strong>3L<br><strong>Espessura normal:<\/strong> 0,5 mm<br><strong>Log\u00f3tipo:<\/strong> Serigrafia\/grava\u00e7\u00e3o a laser\/carimbo em relevo<br><strong>Pega e tampa:<\/strong> A\u00e7o inoxid\u00e1vel<\/p>\n<\/div>\n\n\n\n<div class=\"wp-block-column is-layout-flow wp-block-column-is-layout-flow\">\n<h3 class=\"wp-block-heading\">Op\u00e7\u00f5es de utens\u00edlios de cozinha personalizados<\/h3>\n\n\n\n<p><strong>Log\u00f3tipo:<\/strong> Personaliz\u00e1vel com o log\u00f3tipo da sua marca<br><strong>Embalagem:<\/strong>\u00a0Caixa de cor\/caixa de cart\u00e3o, etc<\/p>\n<\/div>\n<\/div>\n\n\n\n<div class=\"wp-block-columns is-layout-flex wp-container-core-columns-is-layout-9d6595d7 wp-block-columns-is-layout-flex\">\n<div class=\"wp-block-column is-layout-flow wp-block-column-is-layout-flow\">\n<figure class=\"wp-block-image size-full\"><img decoding=\"async\" width=\"800\" height=\"800\" src=\"https:\/\/www.purecook.com\/wp-content\/uploads\/2025\/11\/wholesale-stainless-steel-trash-can-2.webp\" alt=\"caixote do lixo de a\u00e7o inoxid\u00e1vel por atacado (2)\" class=\"wp-image-5057\" srcset=\"https:\/\/www.purecook.com\/wp-content\/uploads\/2025\/11\/wholesale-stainless-steel-trash-can-2.webp 800w, https:\/\/www.purecook.com\/wp-content\/uploads\/2025\/11\/wholesale-stainless-steel-trash-can-2-300x300.webp 300w, https:\/\/www.purecook.com\/wp-content\/uploads\/2025\/11\/wholesale-stainless-steel-trash-can-2-150x150.webp 150w, https:\/\/www.purecook.com\/wp-content\/uploads\/2025\/11\/wholesale-stainless-steel-trash-can-2-768x768.webp 768w, https:\/\/www.purecook.com\/wp-content\/uploads\/2025\/11\/wholesale-stainless-steel-trash-can-2-12x12.webp 12w, https:\/\/www.purecook.com\/wp-content\/uploads\/2025\/11\/wholesale-stainless-steel-trash-can-2-600x600.webp 600w, https:\/\/www.purecook.com\/wp-content\/uploads\/2025\/11\/wholesale-stainless-steel-trash-can-2-100x100.webp 100w\" sizes=\"(max-width: 800px) 100vw, 800px\" \/><\/figure>\n<\/div>\n\n\n\n<div class=\"wp-block-column is-layout-flow wp-block-column-is-layout-flow\">\n<figure class=\"wp-block-image size-full\"><img decoding=\"async\" width=\"800\" height=\"800\" src=\"https:\/\/www.purecook.com\/wp-content\/uploads\/2025\/11\/wholesale-stainless-steel-trash-can-3.webp\" alt=\"caixote do lixo de a\u00e7o inoxid\u00e1vel por atacado (3)\" class=\"wp-image-5058\" srcset=\"https:\/\/www.purecook.com\/wp-content\/uploads\/2025\/11\/wholesale-stainless-steel-trash-can-3.webp 800w, https:\/\/www.purecook.com\/wp-content\/uploads\/2025\/11\/wholesale-stainless-steel-trash-can-3-300x300.webp 300w, https:\/\/www.purecook.com\/wp-content\/uploads\/2025\/11\/wholesale-stainless-steel-trash-can-3-150x150.webp 150w, https:\/\/www.purecook.com\/wp-content\/uploads\/2025\/11\/wholesale-stainless-steel-trash-can-3-768x768.webp 768w, https:\/\/www.purecook.com\/wp-content\/uploads\/2025\/11\/wholesale-stainless-steel-trash-can-3-12x12.webp 12w, https:\/\/www.purecook.com\/wp-content\/uploads\/2025\/11\/wholesale-stainless-steel-trash-can-3-600x600.webp 600w, https:\/\/www.purecook.com\/wp-content\/uploads\/2025\/11\/wholesale-stainless-steel-trash-can-3-100x100.webp 100w\" sizes=\"(max-width: 800px) 100vw, 800px\" \/><\/figure>\n<\/div>\n<\/div>","protected":false},"excerpt":{"rendered":"<p>Este caixote do lixo em a\u00e7o inoxid\u00e1vel, com um design elegante e resistente a impress\u00f5es digitais e uma tampa apertada para controlar os odores, foi concebido para a elimina\u00e7\u00e3o imediata de cascas de fruta, borras de caf\u00e9 e res\u00edduos. \u00c9 uma ferramenta essencial para opera\u00e7\u00f5es de cozinha eficientes. Contacte-nos para obter um or\u00e7amento por grosso.<\/p>\n<p>Como l\u00edder <a href=\"https:\/\/www.purecook.com\/pt\/categoria-produto\/kitchen-utensils\/\" target=\"_blank\" rel=\"noopener\"><strong>fabricante de utens\u00edlios de cozinha<\/strong><\/a> na China, oferecemos uma grande variedade de utens\u00edlios de cozinha em a\u00e7o inoxid\u00e1vel por atacado para satisfazer as diversas necessidades das cozinhas dom\u00e9sticas e da ind\u00fastria da restaura\u00e7\u00e3o. Contacte-nos para obter um cat\u00e1logo e um or\u00e7amento.<\/p>\n<h2>Carater\u00edsticas do Caixote do lixo em a\u00e7o inoxid\u00e1vel<\/h2>\n<p><strong>Alta durabilidade:<\/strong> Estes caixotes do lixo em a\u00e7o inoxid\u00e1vel s\u00e3o fabricados em a\u00e7o espesso e de alta qualidade, o que os torna muito mais duradouros do que os caixotes do lixo em pl\u00e1stico. S\u00e3o menos propensos a amolgadelas e dobras e podem suportar os impactos do dia a dia.<\/p>\n<p><strong>A\u00e7o inoxid\u00e1vel Material:<\/strong> Os caixotes do lixo em a\u00e7o inoxid\u00e1vel s\u00e3o higi\u00e9nicos, resistentes \u00e0 ferrugem e n\u00e3o porosos. Ao contr\u00e1rio do pl\u00e1stico, o a\u00e7o inoxid\u00e1vel n\u00e3o absorve facilmente os odores nem fica manchado pelos restos de comida.<\/p>\n<p><strong>Design compacto:<\/strong> Os nossos caixotes do lixo em a\u00e7o inoxid\u00e1vel t\u00eam um tamanho compacto, perfeito para colocar diretamente nas bancadas da cozinha para facilitar a elimina\u00e7\u00e3o de cascas, restos e migalhas enquanto cozinha.<\/p>\n<p><strong>Est\u00e9tica:<\/strong> Os caixotes do lixo apresentam um aspeto elegante e moderno em a\u00e7o inoxid\u00e1vel escovado, complementando na perfei\u00e7\u00e3o a est\u00e9tica da cozinha contempor\u00e2nea.<\/p>","protected":false},"featured_media":5056,"comment_status":"closed","ping_status":"closed","template":"","meta":{"_acf_changed":false},"product_brand":[],"product_cat":[52,110],"product_tag":[],"class_list":{"0":"post-5055","1":"product","2":"type-product","3":"status-publish","4":"has-post-thumbnail","6":"product_cat-kitchen-utensils","7":"product_cat-stainless-steel-trash-can","9":"first","10":"instock","11":"shipping-taxable","12":"product-type-simple"},"acf":[],"_links":{"self":[{"href":"https:\/\/www.purecook.com\/pt\/wp-json\/wp\/v2\/product\/5055","targetHints":{"allow":["GET"]}}],"collection":[{"href":"https:\/\/www.purecook.com\/pt\/wp-json\/wp\/v2\/product"}],"about":[{"href":"https:\/\/www.purecook.com\/pt\/wp-json\/wp\/v2\/types\/product"}],"replies":[{"embeddable":true,"href":"https:\/\/www.purecook.com\/pt\/wp-json\/wp\/v2\/comments?post=5055"}],"wp:featuredmedia":[{"embeddable":true,"href":"https:\/\/www.purecook.com\/pt\/wp-json\/wp\/v2\/media\/5056"}],"wp:attachment":[{"href":"https:\/\/www.purecook.com\/pt\/wp-json\/wp\/v2\/media?parent=5055"}],"wp:term":[{"taxonomy":"product_brand","embeddable":true,"href":"https:\/\/www.purecook.com\/pt\/wp-json\/wp\/v2\/product_brand?post=5055"},{"taxonomy":"product_cat","embeddable":true,"href":"https:\/\/www.purecook.com\/pt\/wp-json\/wp\/v2\/product_cat?post=5055"},{"taxonomy":"product_tag","embeddable":true,"href":"https:\/\/www.purecook.com\/pt\/wp-json\/wp\/v2\/product_tag?post=5055"}],"curies":[{"name":"wp","href":"https:\/\/api.w.org\/{rel}","templated":true}]}}