{"id":5086,"date":"2025-12-06T11:19:39","date_gmt":"2025-12-06T03:19:39","guid":{"rendered":"https:\/\/www.purecook.com\/?post_type=product&#038;p=5086"},"modified":"2025-12-06T17:02:38","modified_gmt":"2025-12-06T09:02:38","slug":"wholesale-stainless-steel-deep-frying-pot","status":"publish","type":"product","link":"https:\/\/www.purecook.com\/pt\/product\/wholesale-stainless-steel-deep-frying-pot\/","title":{"rendered":"Panela para fritar em a\u00e7o inoxid\u00e1vel por atacado - Cozinhar e fritar"},"content":{"rendered":"<div class=\"wp-block-columns is-layout-flex wp-container-core-columns-is-layout-9d6595d7 wp-block-columns-is-layout-flex\">\n<div class=\"wp-block-column is-layout-flow wp-block-column-is-layout-flow\">\n<h3 class=\"wp-block-heading\">Par\u00e2metros da frigideira funda de a\u00e7o inoxid\u00e1vel<\/h3>\n\n\n\n<p><strong>Material:<\/strong> A\u00e7o inoxid\u00e1vel<br><strong>Espessura normal:<\/strong> 0,65 mm<br><strong>Espessura da tampa: <\/strong>0,5 mm<br><strong>Capacidade:<\/strong> 4.3L <br><strong>Tamanho:<\/strong> 16\u00d722cm<br><strong>Log\u00f3tipo:<\/strong> Serigrafia\/grava\u00e7\u00e3o a laser\/estampagem em relevo<br><strong>Pega e bot\u00e3o da tampa: <\/strong>A\u00e7o inoxid\u00e1vel<\/p>\n<\/div>\n\n\n\n<div class=\"wp-block-column is-layout-flow wp-block-column-is-layout-flow\">\n<h3 class=\"wp-block-heading\">Op\u00e7\u00f5es de utens\u00edlios de cozinha personalizados<\/h3>\n\n\n\n<p><strong>Material: <\/strong>SUS#201\/304<br><strong>Log\u00f3tipo:<\/strong> Personaliz\u00e1vel com o log\u00f3tipo da sua marca<br><strong>Embalagem:<\/strong>&nbsp;Caixa de cor\/caixa de cart\u00e3o, etc<br><strong>Pega para se adaptar ao seu estilo<\/strong><\/p>\n<\/div>\n<\/div>\n\n\n\n<div class=\"wp-block-columns is-layout-flex wp-container-core-columns-is-layout-9d6595d7 wp-block-columns-is-layout-flex\">\n<div class=\"wp-block-column is-layout-flow wp-block-column-is-layout-flow\">\n<figure class=\"wp-block-image size-full\"><img decoding=\"async\" width=\"800\" height=\"800\" src=\"https:\/\/www.purecook.com\/wp-content\/uploads\/2025\/12\/wholesale-stainless-steel-deep-frying-pot-3.webp\" alt=\"panela de a\u00e7o inoxid\u00e1vel para fritar por atacado (3)\" class=\"wp-image-5089\" srcset=\"https:\/\/www.purecook.com\/wp-content\/uploads\/2025\/12\/wholesale-stainless-steel-deep-frying-pot-3.webp 800w, https:\/\/www.purecook.com\/wp-content\/uploads\/2025\/12\/wholesale-stainless-steel-deep-frying-pot-3-300x300.webp 300w, https:\/\/www.purecook.com\/wp-content\/uploads\/2025\/12\/wholesale-stainless-steel-deep-frying-pot-3-150x150.webp 150w, https:\/\/www.purecook.com\/wp-content\/uploads\/2025\/12\/wholesale-stainless-steel-deep-frying-pot-3-768x768.webp 768w, https:\/\/www.purecook.com\/wp-content\/uploads\/2025\/12\/wholesale-stainless-steel-deep-frying-pot-3-12x12.webp 12w, https:\/\/www.purecook.com\/wp-content\/uploads\/2025\/12\/wholesale-stainless-steel-deep-frying-pot-3-600x600.webp 600w, https:\/\/www.purecook.com\/wp-content\/uploads\/2025\/12\/wholesale-stainless-steel-deep-frying-pot-3-100x100.webp 100w\" sizes=\"(max-width: 800px) 100vw, 800px\" \/><\/figure>\n<\/div>\n\n\n\n<div class=\"wp-block-column is-layout-flow wp-block-column-is-layout-flow\">\n<figure class=\"wp-block-image size-full\"><img decoding=\"async\" width=\"800\" height=\"800\" src=\"https:\/\/www.purecook.com\/wp-content\/uploads\/2025\/12\/wholesale-stainless-steel-deep-frying-pot-4.webp\" alt=\"panela para fritar em a\u00e7o inoxid\u00e1vel por atacado (4)\" class=\"wp-image-5090\" srcset=\"https:\/\/www.purecook.com\/wp-content\/uploads\/2025\/12\/wholesale-stainless-steel-deep-frying-pot-4.webp 800w, https:\/\/www.purecook.com\/wp-content\/uploads\/2025\/12\/wholesale-stainless-steel-deep-frying-pot-4-300x300.webp 300w, https:\/\/www.purecook.com\/wp-content\/uploads\/2025\/12\/wholesale-stainless-steel-deep-frying-pot-4-150x150.webp 150w, https:\/\/www.purecook.com\/wp-content\/uploads\/2025\/12\/wholesale-stainless-steel-deep-frying-pot-4-768x768.webp 768w, https:\/\/www.purecook.com\/wp-content\/uploads\/2025\/12\/wholesale-stainless-steel-deep-frying-pot-4-12x12.webp 12w, https:\/\/www.purecook.com\/wp-content\/uploads\/2025\/12\/wholesale-stainless-steel-deep-frying-pot-4-600x600.webp 600w, https:\/\/www.purecook.com\/wp-content\/uploads\/2025\/12\/wholesale-stainless-steel-deep-frying-pot-4-100x100.webp 100w\" sizes=\"(max-width: 800px) 100vw, 800px\" \/><\/figure>\n<\/div>\n<\/div>\n\n\n\n<div class=\"wp-block-columns is-layout-flex wp-container-core-columns-is-layout-9d6595d7 wp-block-columns-is-layout-flex\">\n<div class=\"wp-block-column is-layout-flow wp-block-column-is-layout-flow\"><\/div>\n\n\n\n<div class=\"wp-block-column is-layout-flow wp-block-column-is-layout-flow\"><\/div>\n<\/div>","protected":false},"excerpt":{"rendered":"<p>Panela de fritar em a\u00e7o inoxid\u00e1vel por atacado com um cesto dur\u00e1vel e perfurado para facilitar a drenagem do \u00f3leo. Este produto vers\u00e1til pode ser utilizado para fritar ou como panela de sopa. O seu design de f\u00e1cil utiliza\u00e7\u00e3o permite que os utilizadores dom\u00e9sticos comuns fritem e cozinhem como profissionais.<\/p>\n<p>Purecook \u00e9 um l\u00edder <a href=\"https:\/\/www.purecook.com\/pt\/categoria-produto\/cookware\/\" target=\"_blank\" rel=\"noopener\"><strong>fabricante de utens\u00edlios de cozinha na China<\/strong><\/a>, A nossa empresa \u00e9 uma empresa de venda por grosso de utens\u00edlios de cozinha. Contacte-nos para obter um cat\u00e1logo e um or\u00e7amento.<\/p>\n<h2>Carater\u00edsticas da frigideira funda de a\u00e7o inoxid\u00e1vel<\/h2>\n<p><strong>Versatilidade:<\/strong><\/p>\n<ul>\n<li>\n<p>Fritadeira dedicada: Com a inser\u00e7\u00e3o do cesto, converte-se numa panela dedicada para fritar frango, donuts, an\u00e9is de cebola, etc., permitindo que os alimentos sejam facilmente retirados do \u00f3leo quente.<\/p>\n<\/li>\n<li>\n<p>Uma panela, muitas fun\u00e7\u00f5es: Tamb\u00e9m pode ser utilizada como uma panela normal para cozinhar grandes quantidades de sopa, guisados ou massa\/espiga de milho.<\/p>\n<\/li>\n<\/ul>\n<p><strong>Constru\u00e7\u00e3o duradoura:<\/strong> A constru\u00e7\u00e3o em a\u00e7o inoxid\u00e1vel oferece uma excelente reten\u00e7\u00e3o e condutividade do calor, crucial para manter uma temperatura est\u00e1vel do \u00f3leo durante a fritura.<\/p>\n<p><strong>Funcionamento seguro:<\/strong> Tanto a panela como o cesto possuem pegas laterais rebitadas robustas, permitindo uma eleva\u00e7\u00e3o e desloca\u00e7\u00e3o seguras e confort\u00e1veis, mesmo quando cheios.<\/p>\n<p><strong>Drenagem eficiente do \u00f3leo:<\/strong> O cesto perfurado em a\u00e7o inoxid\u00e1vel levanta-se suavemente e drena rapidamente o excesso de \u00f3leo, mantendo os alimentos fritos estaladi\u00e7os e menos gordurosos.<\/p>\n<p><strong>Adequado para utiliza\u00e7\u00e3o dom\u00e9stica e comercial:<\/strong> Perfeito para fritar frango, peixe, batatas fritas, tempura e muito mais - adequado para restaurantes, bancas de comida e cozinhas dom\u00e9sticas.<\/p>","protected":false},"featured_media":5091,"comment_status":"closed","ping_status":"closed","template":"","meta":{"_acf_changed":false},"product_brand":[],"product_cat":[24,72],"product_tag":[98],"class_list":{"0":"post-5086","1":"product","2":"type-product","3":"status-publish","4":"has-post-thumbnail","6":"product_cat-cookware","7":"product_cat-fryer-pots","8":"product_tag-wholesale-home-cookware","10":"first","11":"instock","12":"shipping-taxable","13":"product-type-simple"},"acf":[],"_links":{"self":[{"href":"https:\/\/www.purecook.com\/pt\/wp-json\/wp\/v2\/product\/5086","targetHints":{"allow":["GET"]}}],"collection":[{"href":"https:\/\/www.purecook.com\/pt\/wp-json\/wp\/v2\/product"}],"about":[{"href":"https:\/\/www.purecook.com\/pt\/wp-json\/wp\/v2\/types\/product"}],"replies":[{"embeddable":true,"href":"https:\/\/www.purecook.com\/pt\/wp-json\/wp\/v2\/comments?post=5086"}],"wp:featuredmedia":[{"embeddable":true,"href":"https:\/\/www.purecook.com\/pt\/wp-json\/wp\/v2\/media\/5091"}],"wp:attachment":[{"href":"https:\/\/www.purecook.com\/pt\/wp-json\/wp\/v2\/media?parent=5086"}],"wp:term":[{"taxonomy":"product_brand","embeddable":true,"href":"https:\/\/www.purecook.com\/pt\/wp-json\/wp\/v2\/product_brand?post=5086"},{"taxonomy":"product_cat","embeddable":true,"href":"https:\/\/www.purecook.com\/pt\/wp-json\/wp\/v2\/product_cat?post=5086"},{"taxonomy":"product_tag","embeddable":true,"href":"https:\/\/www.purecook.com\/pt\/wp-json\/wp\/v2\/product_tag?post=5086"}],"curies":[{"name":"wp","href":"https:\/\/api.w.org\/{rel}","templated":true}]}}