{"id":5094,"date":"2025-12-06T14:42:27","date_gmt":"2025-12-06T06:15:38","guid":{"rendered":"https:\/\/www.purecook.com\/?post_type=product&#038;p=5094"},"modified":"2025-12-06T14:53:06","modified_gmt":"2025-12-06T06:53:06","slug":"wholesale-stainless-steel-ice-packs","status":"publish","type":"product","link":"https:\/\/www.purecook.com\/pt\/product\/wholesale-stainless-steel-ice-packs\/","title":{"rendered":"Embalagens de gelo em a\u00e7o inoxid\u00e1vel para lancheiras - Mant\u00e9m-se frio at\u00e9 6 horas"},"content":{"rendered":"<div class=\"wp-block-columns is-layout-flex wp-container-core-columns-is-layout-9d6595d7 wp-block-columns-is-layout-flex\">\n<div class=\"wp-block-column is-layout-flow wp-block-column-is-layout-flow\">\n<h3 class=\"wp-block-heading\">Par\u00e2metros do saco de gelo de a\u00e7o inoxid\u00e1vel<\/h3>\n\n\n\n<p><strong>Material:<\/strong> A\u00e7o inoxid\u00e1vel 304<br><strong>Tamanho: <\/strong>17,5\u00d711,5\u00d71,2cm<br><strong>Log\u00f3tipo: <\/strong>Serigrafia\/grava\u00e7\u00e3o a laser<\/p>\n<\/div>\n\n\n\n<div class=\"wp-block-column is-layout-flow wp-block-column-is-layout-flow\">\n<h3 class=\"wp-block-heading\">Op\u00e7\u00f5es de utens\u00edlios de cozinha personalizados<\/h3>\n\n\n\n<p><strong>Log\u00f3tipo:<\/strong> Personaliz\u00e1vel com o log\u00f3tipo da sua marca<br><strong>Embalagem:<\/strong>&nbsp;Caixa de cor\/caixa de cart\u00e3o, etc<\/p>\n<\/div>\n<\/div>\n\n\n\n<div class=\"wp-block-columns is-layout-flex wp-container-core-columns-is-layout-9d6595d7 wp-block-columns-is-layout-flex\">\n<div class=\"wp-block-column is-layout-flow wp-block-column-is-layout-flow\">\n<figure class=\"wp-block-image size-full\"><img decoding=\"async\" width=\"800\" height=\"800\" src=\"https:\/\/www.purecook.com\/wp-content\/uploads\/2025\/12\/wholesale-stainless-steel-ice-packs-2.webp\" alt=\"sacos de gelo de a\u00e7o inoxid\u00e1vel por atacado (2)\" class=\"wp-image-5097\" srcset=\"https:\/\/www.purecook.com\/wp-content\/uploads\/2025\/12\/wholesale-stainless-steel-ice-packs-2.webp 800w, https:\/\/www.purecook.com\/wp-content\/uploads\/2025\/12\/wholesale-stainless-steel-ice-packs-2-300x300.webp 300w, https:\/\/www.purecook.com\/wp-content\/uploads\/2025\/12\/wholesale-stainless-steel-ice-packs-2-150x150.webp 150w, https:\/\/www.purecook.com\/wp-content\/uploads\/2025\/12\/wholesale-stainless-steel-ice-packs-2-768x768.webp 768w, https:\/\/www.purecook.com\/wp-content\/uploads\/2025\/12\/wholesale-stainless-steel-ice-packs-2-12x12.webp 12w, https:\/\/www.purecook.com\/wp-content\/uploads\/2025\/12\/wholesale-stainless-steel-ice-packs-2-600x600.webp 600w, https:\/\/www.purecook.com\/wp-content\/uploads\/2025\/12\/wholesale-stainless-steel-ice-packs-2-100x100.webp 100w\" sizes=\"(max-width: 800px) 100vw, 800px\" \/><\/figure>\n<\/div>\n\n\n\n<div class=\"wp-block-column is-layout-flow wp-block-column-is-layout-flow\">\n<figure class=\"wp-block-image size-full\"><img decoding=\"async\" width=\"800\" height=\"800\" src=\"https:\/\/www.purecook.com\/wp-content\/uploads\/2025\/12\/wholesale-stainless-steel-ice-packs-4-2.webp\" alt=\"sacos de gelo de a\u00e7o inoxid\u00e1vel por atacado (4)\" class=\"wp-image-5105\" srcset=\"https:\/\/www.purecook.com\/wp-content\/uploads\/2025\/12\/wholesale-stainless-steel-ice-packs-4-2.webp 800w, https:\/\/www.purecook.com\/wp-content\/uploads\/2025\/12\/wholesale-stainless-steel-ice-packs-4-2-300x300.webp 300w, https:\/\/www.purecook.com\/wp-content\/uploads\/2025\/12\/wholesale-stainless-steel-ice-packs-4-2-150x150.webp 150w, https:\/\/www.purecook.com\/wp-content\/uploads\/2025\/12\/wholesale-stainless-steel-ice-packs-4-2-768x768.webp 768w, https:\/\/www.purecook.com\/wp-content\/uploads\/2025\/12\/wholesale-stainless-steel-ice-packs-4-2-12x12.webp 12w, https:\/\/www.purecook.com\/wp-content\/uploads\/2025\/12\/wholesale-stainless-steel-ice-packs-4-2-600x600.webp 600w, https:\/\/www.purecook.com\/wp-content\/uploads\/2025\/12\/wholesale-stainless-steel-ice-packs-4-2-100x100.webp 100w\" sizes=\"(max-width: 800px) 100vw, 800px\" \/><\/figure>\n<\/div>\n<\/div>\n\n\n\n<div class=\"wp-block-columns is-layout-flex wp-container-core-columns-is-layout-9d6595d7 wp-block-columns-is-layout-flex\">\n<div class=\"wp-block-column is-layout-flow wp-block-column-is-layout-flow\"><\/div>\n\n\n\n<div class=\"wp-block-column is-layout-flow wp-block-column-is-layout-flow\"><\/div>\n<\/div>","protected":false},"excerpt":{"rendered":"<p>Sacos de gelo em a\u00e7o inoxid\u00e1vel por grosso. Mant\u00eam as suas refei\u00e7\u00f5es frescas e as bebidas geladas, perfeitas para os almo\u00e7os do dia a dia, aventuras ao ar livre e todo o tipo de viagens. Estes sacos de gelo em a\u00e7o inoxid\u00e1vel s\u00e3o f\u00e1ceis de limpar, dur\u00e1veis, resistentes a amolgadelas, \u00e0 prova de odores e de fugas, garantindo um desempenho fi\u00e1vel dia ap\u00f3s dia. Contacte-nos para obter pre\u00e7os por grosso.<\/p>\n<h2>Carater\u00edsticas dos sacos de gelo em a\u00e7o inoxid\u00e1vel<\/h2>\n<p><strong>Extremamente dur\u00e1vel:<\/strong> Os sacos de gelo em a\u00e7o inoxid\u00e1vel oferecem uma resist\u00eancia excecional ao impacto, \u00e0 perfura\u00e7\u00e3o e \u00e0 deforma\u00e7\u00e3o, o que os torna adequados para uma vasta gama de aplica\u00e7\u00f5es no exterior.<\/p>\n<p><strong>Desempenho de arrefecimento superior:<\/strong> Estas bolsas de gelo em a\u00e7o inoxid\u00e1vel proporcionam um desempenho de arrefecimento superior, mantendo o conte\u00fado a uma temperatura baixa at\u00e9 6 horas.<\/p>\n<p><strong>A\u00e7o inoxid\u00e1vel de qualidade alimentar:<\/strong> Fabricadas inteiramente em a\u00e7o inoxid\u00e1vel de qualidade alimentar, estas bolsas de gelo s\u00e3o duradouras, seguras e fi\u00e1veis para contacto direto com alimentos e bebidas.<\/p>","protected":false},"featured_media":5096,"comment_status":"closed","ping_status":"closed","template":"","meta":{"_acf_changed":false},"product_brand":[],"product_cat":[52],"product_tag":[],"class_list":{"0":"post-5094","1":"product","2":"type-product","3":"status-publish","4":"has-post-thumbnail","6":"product_cat-kitchen-utensils","8":"first","9":"instock","10":"shipping-taxable","11":"product-type-simple"},"acf":[],"_links":{"self":[{"href":"https:\/\/www.purecook.com\/pt\/wp-json\/wp\/v2\/product\/5094","targetHints":{"allow":["GET"]}}],"collection":[{"href":"https:\/\/www.purecook.com\/pt\/wp-json\/wp\/v2\/product"}],"about":[{"href":"https:\/\/www.purecook.com\/pt\/wp-json\/wp\/v2\/types\/product"}],"replies":[{"embeddable":true,"href":"https:\/\/www.purecook.com\/pt\/wp-json\/wp\/v2\/comments?post=5094"}],"wp:featuredmedia":[{"embeddable":true,"href":"https:\/\/www.purecook.com\/pt\/wp-json\/wp\/v2\/media\/5096"}],"wp:attachment":[{"href":"https:\/\/www.purecook.com\/pt\/wp-json\/wp\/v2\/media?parent=5094"}],"wp:term":[{"taxonomy":"product_brand","embeddable":true,"href":"https:\/\/www.purecook.com\/pt\/wp-json\/wp\/v2\/product_brand?post=5094"},{"taxonomy":"product_cat","embeddable":true,"href":"https:\/\/www.purecook.com\/pt\/wp-json\/wp\/v2\/product_cat?post=5094"},{"taxonomy":"product_tag","embeddable":true,"href":"https:\/\/www.purecook.com\/pt\/wp-json\/wp\/v2\/product_tag?post=5094"}],"curies":[{"name":"wp","href":"https:\/\/api.w.org\/{rel}","templated":true}]}}