{"id":5106,"date":"2025-12-06T15:01:53","date_gmt":"2025-12-06T07:01:53","guid":{"rendered":"https:\/\/www.purecook.com\/?post_type=product&#038;p=5106"},"modified":"2025-12-06T16:59:57","modified_gmt":"2025-12-06T08:59:57","slug":"wholesale-stainless-steel-insulated-water-bottles","status":"publish","type":"product","link":"https:\/\/www.purecook.com\/pt\/product\/wholesale-stainless-steel-insulated-water-bottles\/","title":{"rendered":"Garrafas de \u00e1gua isoladas por atacado, jarros de \u00e1gua t\u00e9rmica"},"content":{"rendered":"<div class=\"wp-block-columns is-layout-flex wp-container-core-columns-is-layout-9d6595d7 wp-block-columns-is-layout-flex\">\n<div class=\"wp-block-column is-layout-flow wp-block-column-is-layout-flow\">\n<h3 class=\"wp-block-heading\">Par\u00e2metros da garrafa de \u00e1gua com isolamento t\u00e9rmico<\/h3>\n\n\n\n<p><strong>Material:<\/strong> A\u00e7o inoxid\u00e1vel 304, silicone<br><strong>Capacidade: <\/strong>1000ML<br><strong>Log\u00f3tipo: <\/strong>Impress\u00e3o em serigrafia\/grava\u00e7\u00e3o a laser<\/p>\n<\/div>\n\n\n\n<div class=\"wp-block-column is-layout-flow wp-block-column-is-layout-flow\">\n<h3 class=\"wp-block-heading\">Op\u00e7\u00f5es de utens\u00edlios de cozinha personalizados<\/h3>\n\n\n\n<p><strong>Log\u00f3tipo:<\/strong> Personaliz\u00e1vel com o log\u00f3tipo da sua marca<br><strong>Embalagem:<\/strong>&nbsp;Caixa de cor\/caixa de cart\u00e3o, etc<br><strong>Pega: <\/strong>Pega para se adaptar ao seu estilo<\/p>\n<\/div>\n<\/div>\n\n\n\n<div class=\"wp-block-columns is-layout-flex wp-container-core-columns-is-layout-9d6595d7 wp-block-columns-is-layout-flex\">\n<div class=\"wp-block-column is-layout-flow wp-block-column-is-layout-flow\">\n<figure class=\"wp-block-image size-full\"><img decoding=\"async\" width=\"800\" height=\"800\" src=\"https:\/\/www.purecook.com\/wp-content\/uploads\/2025\/12\/wholesale-insulated-water-bottles-2.webp\" alt=\"garrafas de \u00e1gua isoladas por atacado (2)\" class=\"wp-image-5108\" srcset=\"https:\/\/www.purecook.com\/wp-content\/uploads\/2025\/12\/wholesale-insulated-water-bottles-2.webp 800w, https:\/\/www.purecook.com\/wp-content\/uploads\/2025\/12\/wholesale-insulated-water-bottles-2-300x300.webp 300w, https:\/\/www.purecook.com\/wp-content\/uploads\/2025\/12\/wholesale-insulated-water-bottles-2-150x150.webp 150w, https:\/\/www.purecook.com\/wp-content\/uploads\/2025\/12\/wholesale-insulated-water-bottles-2-768x768.webp 768w, https:\/\/www.purecook.com\/wp-content\/uploads\/2025\/12\/wholesale-insulated-water-bottles-2-12x12.webp 12w, https:\/\/www.purecook.com\/wp-content\/uploads\/2025\/12\/wholesale-insulated-water-bottles-2-600x600.webp 600w, https:\/\/www.purecook.com\/wp-content\/uploads\/2025\/12\/wholesale-insulated-water-bottles-2-100x100.webp 100w\" sizes=\"(max-width: 800px) 100vw, 800px\" \/><\/figure>\n<\/div>\n\n\n\n<div class=\"wp-block-column is-layout-flow wp-block-column-is-layout-flow\">\n<figure class=\"wp-block-image size-full\"><img decoding=\"async\" width=\"800\" height=\"800\" src=\"https:\/\/www.purecook.com\/wp-content\/uploads\/2025\/12\/wholesale-insulated-water-bottles-3.webp\" alt=\"garrafas de \u00e1gua isoladas por atacado (3)\" class=\"wp-image-5109\" srcset=\"https:\/\/www.purecook.com\/wp-content\/uploads\/2025\/12\/wholesale-insulated-water-bottles-3.webp 800w, https:\/\/www.purecook.com\/wp-content\/uploads\/2025\/12\/wholesale-insulated-water-bottles-3-300x300.webp 300w, https:\/\/www.purecook.com\/wp-content\/uploads\/2025\/12\/wholesale-insulated-water-bottles-3-150x150.webp 150w, https:\/\/www.purecook.com\/wp-content\/uploads\/2025\/12\/wholesale-insulated-water-bottles-3-768x768.webp 768w, https:\/\/www.purecook.com\/wp-content\/uploads\/2025\/12\/wholesale-insulated-water-bottles-3-12x12.webp 12w, https:\/\/www.purecook.com\/wp-content\/uploads\/2025\/12\/wholesale-insulated-water-bottles-3-600x600.webp 600w, https:\/\/www.purecook.com\/wp-content\/uploads\/2025\/12\/wholesale-insulated-water-bottles-3-100x100.webp 100w\" sizes=\"(max-width: 800px) 100vw, 800px\" \/><\/figure>\n<\/div>\n<\/div>\n\n\n\n<div class=\"wp-block-columns is-layout-flex wp-container-core-columns-is-layout-9d6595d7 wp-block-columns-is-layout-flex\">\n<div class=\"wp-block-column is-layout-flow wp-block-column-is-layout-flow\"><\/div>\n\n\n\n<div class=\"wp-block-column is-layout-flow wp-block-column-is-layout-flow\"><\/div>\n<\/div>","protected":false},"excerpt":{"rendered":"<p>Garrafas de \u00e1gua isoladas para venda por grosso, com tecnologia de isolamento a v\u00e1cuo para reten\u00e7\u00e3o de calor e arrefecimento duradouros. Design elegante, perfeito para servir \u00e1gua gelada em jantares ou caf\u00e9 quente durante as reuni\u00f5es.<\/p>\n<p>Como profissional <a href=\"https:\/\/www.purecook.com\/pt\/\" target=\"_blank\" rel=\"noopener\"><strong>fabricante de utens\u00edlios de cozinha<\/strong><\/a>, A nossa empresa oferece pre\u00e7os grossistas de f\u00e1brica e apoio OEM. Contacte-nos agora!<\/p>\n<h2>Carater\u00edsticas das garrafas de \u00e1gua isoladas em a\u00e7o inoxid\u00e1vel<\/h2>\n<p><strong>Isolado:<\/strong> Esta garrafa de \u00e1gua possui tecnologia de isolamento a v\u00e1cuo. Diminui significativamente a transfer\u00eancia de calor, mantendo a \u00e1gua, o caf\u00e9 ou o ch\u00e1 quentes durante horas.<\/p>\n<p><strong>N\u00e3o t\u00f3xico:<\/strong> A nossa garrafa de \u00e1gua em a\u00e7o inoxid\u00e1vel para venda por grosso n\u00e3o tem BPA e n\u00e3o liberta qu\u00edmicos para o seu conte\u00fado, o que a torna mais segura do que alguns recipientes de pl\u00e1stico.<\/p>\n<p><strong>Esteticamente agrad\u00e1vel:<\/strong> O seu design elegante e moderno torna-o adequado para receber convidados em jantares ou reuni\u00f5es, ou para colocar numa mesa de cabeceira ou secret\u00e1ria.<\/p>","protected":false},"featured_media":5107,"comment_status":"closed","ping_status":"closed","template":"","meta":{"_acf_changed":false},"product_brand":[],"product_cat":[111],"product_tag":[],"class_list":{"0":"post-5106","1":"product","2":"type-product","3":"status-publish","4":"has-post-thumbnail","6":"product_cat-insulated-water-bottles","8":"first","9":"instock","10":"shipping-taxable","11":"product-type-simple"},"acf":[],"_links":{"self":[{"href":"https:\/\/www.purecook.com\/pt\/wp-json\/wp\/v2\/product\/5106","targetHints":{"allow":["GET"]}}],"collection":[{"href":"https:\/\/www.purecook.com\/pt\/wp-json\/wp\/v2\/product"}],"about":[{"href":"https:\/\/www.purecook.com\/pt\/wp-json\/wp\/v2\/types\/product"}],"replies":[{"embeddable":true,"href":"https:\/\/www.purecook.com\/pt\/wp-json\/wp\/v2\/comments?post=5106"}],"wp:featuredmedia":[{"embeddable":true,"href":"https:\/\/www.purecook.com\/pt\/wp-json\/wp\/v2\/media\/5107"}],"wp:attachment":[{"href":"https:\/\/www.purecook.com\/pt\/wp-json\/wp\/v2\/media?parent=5106"}],"wp:term":[{"taxonomy":"product_brand","embeddable":true,"href":"https:\/\/www.purecook.com\/pt\/wp-json\/wp\/v2\/product_brand?post=5106"},{"taxonomy":"product_cat","embeddable":true,"href":"https:\/\/www.purecook.com\/pt\/wp-json\/wp\/v2\/product_cat?post=5106"},{"taxonomy":"product_tag","embeddable":true,"href":"https:\/\/www.purecook.com\/pt\/wp-json\/wp\/v2\/product_tag?post=5106"}],"curies":[{"name":"wp","href":"https:\/\/api.w.org\/{rel}","templated":true}]}}